{"id":11020,"date":"2023-12-10T18:44:38","date_gmt":"2023-12-10T18:44:38","guid":{"rendered":"https:\/\/toyzinger.com\/?page_id=11020"},"modified":"2026-01-27T13:42:15","modified_gmt":"2026-01-27T13:42:15","slug":"dino-riders","status":"publish","type":"page","link":"https:\/\/toyzinger.com\/es\/dino-riders\/","title":{"rendered":"Dino-Riders"},"content":{"rendered":"\n<h2 class=\"wp-block-heading\">Colecciones de figuras de Dino-riders<\/h2>\n\n\n\n<p><\/p>\n\n\n\n<a class=\"toy-collection__base\" href=\"https:\/\/toyzinger.com\/es\/dino-riders\/checklist-dinos\/\"><figure class=\"toy-collection__image\"><img decoding=\"async\" src=\"https:\/\/toyzinger.com\/wp-content\/uploads\/2026\/01\/dino-riders-tyrannosaurus-rex-box-250x300.webp\" alt=\"Dino-riders Vintage figure\"\/><\/figure><ul class=\"toy-collection__info\"><li class=\"toy-collection__name\">Dino-Riders (Dinosaurios)<\/li><li class=\"toy-collection__manufacturer\">Tyco &#8211; (1988-1990)<\/li><\/ul><div class=\"toy-collection__arrow\">\u27a4<\/div><\/a>\n\n\n\n<a class=\"toy-collection__base\" href=\"https:\/\/toyzinger.com\/es\/dino-riders\/checklist-figuras\/\"><figure class=\"toy-collection__image\"><img decoding=\"async\" src=\"https:\/\/toyzinger.com\/wp-content\/uploads\/2026\/01\/dino-riders-figures-krulos-questar-carded-250x300.webp\" alt=\"Dino-riders Vintage figure\"\/><\/figure><ul class=\"toy-collection__info\"><li class=\"toy-collection__name\">Dino-Riders (Figuras)<\/li><li class=\"toy-collection__manufacturer\">Tyco &#8211; (1988-1990)<\/li><\/ul><div class=\"toy-collection__arrow\">\u27a4<\/div><\/a>\n\n\n\n<p><\/p>\n\n\n\n<h2 class=\"wp-block-heading\">Sobre la franquicia<\/h2>\n\n\n\n<p><\/p>\n\n\n\n<p>Dino-Riders es una serie de televisi\u00f3n animada que se emiti\u00f3 por primera vez en 1988. La serie era principalmente un programa promocional para lanzar una nueva l\u00ednea de juguetes de TYCO. Aunque solo se produjeron 14 episodios, la l\u00ednea de juguetes fue todo un \u00e9xito en su \u00e9poca.<\/p>\n\n\n\n<p><\/p>\n\n\n\n<p>Hablamos m\u00e1s largo y tendido sobre la franquicia en nuestro <a href=\"https:\/\/toyzinger.com\/blog\/dino-riders\/\">art\u00edculo del blog de los Dino-riders<\/a><\/p>\n\n\n\n<p><\/p>\n","protected":false},"excerpt":{"rendered":"<p>Colecciones de figuras de Dino-riders Sobre la franquicia Dino-Riders es una serie de televisi\u00f3n animada que se emiti\u00f3 por primera vez en 1988. La serie era principalmente un programa promocional para lanzar una nueva l\u00ednea de juguetes de TYCO. Aunque solo se produjeron 14 episodios, la l\u00ednea de juguetes fue todo un \u00e9xito en su [&hellip;]<\/p>\n","protected":false},"author":2,"featured_media":11023,"parent":0,"menu_order":0,"comment_status":"closed","ping_status":"closed","template":"","meta":{"advgb_blocks_editor_width":"","advgb_blocks_columns_visual_guide":"","footnotes":""},"wf_page_folders":[1026],"class_list":["post-11020","page","type-page","status-publish","has-post-thumbnail","hentry"],"yoast_head":"<!-- This site is optimized with the Yoast SEO plugin v27.3 - https:\/\/yoast.com\/product\/yoast-seo-wordpress\/ -->\n<title>Dino-Riders - Toyzinger<\/title>\n<meta name=\"description\" content=\"Repasamos las figuras vintage de la franquicia Dino-riders, producidas por la juguetera TYCO a finales de los a\u00f1os 80&#039;s\" \/>\n<meta name=\"robots\" content=\"index, follow, max-snippet:-1, max-image-preview:large, max-video-preview:-1\" \/>\n<link rel=\"canonical\" href=\"https:\/\/toyzinger.com\/es\/dino-riders\/\" \/>\n<meta property=\"og:locale\" content=\"es_ES\" \/>\n<meta property=\"og:type\" content=\"article\" \/>\n<meta property=\"og:title\" content=\"Dino-Riders - Toyzinger\" \/>\n<meta property=\"og:description\" content=\"Repasamos las figuras vintage de la franquicia Dino-riders, producidas por la juguetera TYCO a finales de los a\u00f1os 80&#039;s\" \/>\n<meta property=\"og:url\" content=\"https:\/\/toyzinger.com\/es\/dino-riders\/\" \/>\n<meta property=\"og:site_name\" content=\"Toyzinger\" \/>\n<meta property=\"article:publisher\" content=\"https:\/\/www.facebook.com\/toyzinger\" \/>\n<meta property=\"article:modified_time\" content=\"2026-01-27T13:42:15+00:00\" \/>\n<meta property=\"og:image\" content=\"https:\/\/toyzinger.com\/wp-content\/uploads\/2023\/12\/dinoriders-toys-90.webp\" \/>\n\t<meta property=\"og:image:width\" content=\"1200\" \/>\n\t<meta property=\"og:image:height\" content=\"300\" \/>\n\t<meta property=\"og:image:type\" content=\"image\/webp\" \/>\n<meta name=\"twitter:card\" content=\"summary_large_image\" \/>\n<meta name=\"twitter:label1\" content=\"Tiempo de lectura\" \/>\n\t<meta name=\"twitter:data1\" content=\"1 minuto\" \/>\n<script type=\"application\/ld+json\" class=\"yoast-schema-graph\">{\"@context\":\"https:\\\/\\\/schema.org\",\"@graph\":[{\"@type\":\"WebPage\",\"@id\":\"https:\\\/\\\/toyzinger.com\\\/es\\\/dino-riders\\\/\",\"url\":\"https:\\\/\\\/toyzinger.com\\\/es\\\/dino-riders\\\/\",\"name\":\"Dino-Riders - Toyzinger\",\"isPartOf\":{\"@id\":\"https:\\\/\\\/toyzinger.com\\\/es\\\/#website\"},\"primaryImageOfPage\":{\"@id\":\"https:\\\/\\\/toyzinger.com\\\/es\\\/dino-riders\\\/#primaryimage\"},\"image\":{\"@id\":\"https:\\\/\\\/toyzinger.com\\\/es\\\/dino-riders\\\/#primaryimage\"},\"thumbnailUrl\":\"https:\\\/\\\/toyzinger.com\\\/wp-content\\\/uploads\\\/2023\\\/12\\\/dinoriders-toys-90.webp\",\"datePublished\":\"2023-12-10T18:44:38+00:00\",\"dateModified\":\"2026-01-27T13:42:15+00:00\",\"description\":\"Repasamos las figuras vintage de la franquicia Dino-riders, producidas por la juguetera TYCO a finales de los a\u00f1os 80's\",\"breadcrumb\":{\"@id\":\"https:\\\/\\\/toyzinger.com\\\/es\\\/dino-riders\\\/#breadcrumb\"},\"inLanguage\":\"es\",\"potentialAction\":[{\"@type\":\"ReadAction\",\"target\":[\"https:\\\/\\\/toyzinger.com\\\/es\\\/dino-riders\\\/\"]}]},{\"@type\":\"ImageObject\",\"inLanguage\":\"es\",\"@id\":\"https:\\\/\\\/toyzinger.com\\\/es\\\/dino-riders\\\/#primaryimage\",\"url\":\"https:\\\/\\\/toyzinger.com\\\/wp-content\\\/uploads\\\/2023\\\/12\\\/dinoriders-toys-90.webp\",\"contentUrl\":\"https:\\\/\\\/toyzinger.com\\\/wp-content\\\/uploads\\\/2023\\\/12\\\/dinoriders-toys-90.webp\",\"width\":1200,\"height\":300,\"caption\":\"Dinoriders figures\"},{\"@type\":\"BreadcrumbList\",\"@id\":\"https:\\\/\\\/toyzinger.com\\\/es\\\/dino-riders\\\/#breadcrumb\",\"itemListElement\":[{\"@type\":\"ListItem\",\"position\":1,\"name\":\"Toyzinger\",\"item\":\"https:\\\/\\\/toyzinger.com\\\/es\\\/\"},{\"@type\":\"ListItem\",\"position\":2,\"name\":\"Dino-Riders\"}]},{\"@type\":\"WebSite\",\"@id\":\"https:\\\/\\\/toyzinger.com\\\/es\\\/#website\",\"url\":\"https:\\\/\\\/toyzinger.com\\\/es\\\/\",\"name\":\"Toyzinger\",\"description\":\"Coleccionismo de figuras y juguetes\",\"publisher\":{\"@id\":\"https:\\\/\\\/toyzinger.com\\\/es\\\/#organization\"},\"potentialAction\":[{\"@type\":\"SearchAction\",\"target\":{\"@type\":\"EntryPoint\",\"urlTemplate\":\"https:\\\/\\\/toyzinger.com\\\/es\\\/?s={search_term_string}\"},\"query-input\":{\"@type\":\"PropertyValueSpecification\",\"valueRequired\":true,\"valueName\":\"search_term_string\"}}],\"inLanguage\":\"es\"},{\"@type\":\"Organization\",\"@id\":\"https:\\\/\\\/toyzinger.com\\\/es\\\/#organization\",\"name\":\"Toyzinger\",\"url\":\"https:\\\/\\\/toyzinger.com\\\/es\\\/\",\"logo\":{\"@type\":\"ImageObject\",\"inLanguage\":\"es\",\"@id\":\"https:\\\/\\\/toyzinger.com\\\/es\\\/#\\\/schema\\\/logo\\\/image\\\/\",\"url\":\"https:\\\/\\\/toyzinger.com\\\/wp-content\\\/uploads\\\/2022\\\/10\\\/toyzinger_logo.png\",\"contentUrl\":\"https:\\\/\\\/toyzinger.com\\\/wp-content\\\/uploads\\\/2022\\\/10\\\/toyzinger_logo.png\",\"width\":561,\"height\":568,\"caption\":\"Toyzinger\"},\"image\":{\"@id\":\"https:\\\/\\\/toyzinger.com\\\/es\\\/#\\\/schema\\\/logo\\\/image\\\/\"},\"sameAs\":[\"https:\\\/\\\/www.facebook.com\\\/toyzinger\",\"https:\\\/\\\/www.instagram.com\\\/toyzinger_com\\\/\"]}]}<\/script>\n<!-- \/ Yoast SEO plugin. -->","yoast_head_json":{"title":"Dino-Riders - Toyzinger","description":"Repasamos las figuras vintage de la franquicia Dino-riders, producidas por la juguetera TYCO a finales de los a\u00f1os 80's","robots":{"index":"index","follow":"follow","max-snippet":"max-snippet:-1","max-image-preview":"max-image-preview:large","max-video-preview":"max-video-preview:-1"},"canonical":"https:\/\/toyzinger.com\/es\/dino-riders\/","og_locale":"es_ES","og_type":"article","og_title":"Dino-Riders - Toyzinger","og_description":"Repasamos las figuras vintage de la franquicia Dino-riders, producidas por la juguetera TYCO a finales de los a\u00f1os 80's","og_url":"https:\/\/toyzinger.com\/es\/dino-riders\/","og_site_name":"Toyzinger","article_publisher":"https:\/\/www.facebook.com\/toyzinger","article_modified_time":"2026-01-27T13:42:15+00:00","og_image":[{"width":1200,"height":300,"url":"https:\/\/toyzinger.com\/wp-content\/uploads\/2023\/12\/dinoriders-toys-90.webp","type":"image\/webp"}],"twitter_card":"summary_large_image","twitter_misc":{"Tiempo de lectura":"1 minuto"},"schema":{"@context":"https:\/\/schema.org","@graph":[{"@type":"WebPage","@id":"https:\/\/toyzinger.com\/es\/dino-riders\/","url":"https:\/\/toyzinger.com\/es\/dino-riders\/","name":"Dino-Riders - Toyzinger","isPartOf":{"@id":"https:\/\/toyzinger.com\/es\/#website"},"primaryImageOfPage":{"@id":"https:\/\/toyzinger.com\/es\/dino-riders\/#primaryimage"},"image":{"@id":"https:\/\/toyzinger.com\/es\/dino-riders\/#primaryimage"},"thumbnailUrl":"https:\/\/toyzinger.com\/wp-content\/uploads\/2023\/12\/dinoriders-toys-90.webp","datePublished":"2023-12-10T18:44:38+00:00","dateModified":"2026-01-27T13:42:15+00:00","description":"Repasamos las figuras vintage de la franquicia Dino-riders, producidas por la juguetera TYCO a finales de los a\u00f1os 80's","breadcrumb":{"@id":"https:\/\/toyzinger.com\/es\/dino-riders\/#breadcrumb"},"inLanguage":"es","potentialAction":[{"@type":"ReadAction","target":["https:\/\/toyzinger.com\/es\/dino-riders\/"]}]},{"@type":"ImageObject","inLanguage":"es","@id":"https:\/\/toyzinger.com\/es\/dino-riders\/#primaryimage","url":"https:\/\/toyzinger.com\/wp-content\/uploads\/2023\/12\/dinoriders-toys-90.webp","contentUrl":"https:\/\/toyzinger.com\/wp-content\/uploads\/2023\/12\/dinoriders-toys-90.webp","width":1200,"height":300,"caption":"Dinoriders figures"},{"@type":"BreadcrumbList","@id":"https:\/\/toyzinger.com\/es\/dino-riders\/#breadcrumb","itemListElement":[{"@type":"ListItem","position":1,"name":"Toyzinger","item":"https:\/\/toyzinger.com\/es\/"},{"@type":"ListItem","position":2,"name":"Dino-Riders"}]},{"@type":"WebSite","@id":"https:\/\/toyzinger.com\/es\/#website","url":"https:\/\/toyzinger.com\/es\/","name":"Toyzinger","description":"Coleccionismo de figuras y juguetes","publisher":{"@id":"https:\/\/toyzinger.com\/es\/#organization"},"potentialAction":[{"@type":"SearchAction","target":{"@type":"EntryPoint","urlTemplate":"https:\/\/toyzinger.com\/es\/?s={search_term_string}"},"query-input":{"@type":"PropertyValueSpecification","valueRequired":true,"valueName":"search_term_string"}}],"inLanguage":"es"},{"@type":"Organization","@id":"https:\/\/toyzinger.com\/es\/#organization","name":"Toyzinger","url":"https:\/\/toyzinger.com\/es\/","logo":{"@type":"ImageObject","inLanguage":"es","@id":"https:\/\/toyzinger.com\/es\/#\/schema\/logo\/image\/","url":"https:\/\/toyzinger.com\/wp-content\/uploads\/2022\/10\/toyzinger_logo.png","contentUrl":"https:\/\/toyzinger.com\/wp-content\/uploads\/2022\/10\/toyzinger_logo.png","width":561,"height":568,"caption":"Toyzinger"},"image":{"@id":"https:\/\/toyzinger.com\/es\/#\/schema\/logo\/image\/"},"sameAs":["https:\/\/www.facebook.com\/toyzinger","https:\/\/www.instagram.com\/toyzinger_com\/"]}]}},"coauthors":[],"author_meta":{"author_link":"https:\/\/toyzinger.com\/es\/blog\/author\/toyzinger\/","display_name":"toyzinger"},"relative_dates":{"created":"Publicado 2 a\u00f1os hace","modified":"Actualizado 3 meses hace"},"absolute_dates":{"created":"Publicado el 10\/12\/2023","modified":"Actualizado el 27\/01\/2026"},"absolute_dates_time":{"created":"Publicado el 10\/12\/2023 18:44","modified":"Actualizado el 27\/01\/2026 13:42"},"featured_img_caption":"","featured_img":"https:\/\/toyzinger.com\/wp-content\/uploads\/2023\/12\/dinoriders-toys-90.webp","series_order":"","toy_product_id":"","_links":{"self":[{"href":"https:\/\/toyzinger.com\/es\/wp-json\/wp\/v2\/pages\/11020","targetHints":{"allow":["GET"]}}],"collection":[{"href":"https:\/\/toyzinger.com\/es\/wp-json\/wp\/v2\/pages"}],"about":[{"href":"https:\/\/toyzinger.com\/es\/wp-json\/wp\/v2\/types\/page"}],"author":[{"embeddable":true,"href":"https:\/\/toyzinger.com\/es\/wp-json\/wp\/v2\/users\/2"}],"replies":[{"embeddable":true,"href":"https:\/\/toyzinger.com\/es\/wp-json\/wp\/v2\/comments?post=11020"}],"version-history":[{"count":1,"href":"https:\/\/toyzinger.com\/es\/wp-json\/wp\/v2\/pages\/11020\/revisions"}],"predecessor-version":[{"id":32985,"href":"https:\/\/toyzinger.com\/es\/wp-json\/wp\/v2\/pages\/11020\/revisions\/32985"}],"wp:featuredmedia":[{"embeddable":true,"href":"https:\/\/toyzinger.com\/es\/wp-json\/wp\/v2\/media\/11023"}],"wp:attachment":[{"href":"https:\/\/toyzinger.com\/es\/wp-json\/wp\/v2\/media?parent=11020"}],"wp:term":[{"taxonomy":"wf_page_folders","embeddable":true,"href":"https:\/\/toyzinger.com\/es\/wp-json\/wp\/v2\/wf_page_folders?post=11020"}],"curies":[{"name":"wp","href":"https:\/\/api.w.org\/{rel}","templated":true}]}}