{"id":11624,"date":"2024-01-18T10:14:44","date_gmt":"2024-01-18T10:14:44","guid":{"rendered":"https:\/\/toyzinger.com\/?page_id=11624"},"modified":"2026-02-23T11:57:02","modified_gmt":"2026-02-23T11:57:02","slug":"wrestling","status":"publish","type":"page","link":"https:\/\/toyzinger.com\/es\/wrestling\/","title":{"rendered":"Wrestling"},"content":{"rendered":"\n<h2 class=\"wp-block-heading\"><strong>Colecciones de figuras<\/strong> de Wrestling:<\/h2>\n\n\n\n<p><\/p>\n\n\n\n<a class=\"toy-collection__base\" href=\"https:\/\/toyzinger.com\/es\/wrestling\/checklist-wwf-hasbro-figures\/\"><figure class=\"toy-collection__image\"><img decoding=\"async\" src=\"https:\/\/toyzinger.com\/wp-content\/uploads\/2026\/02\/wwf-vintage-hasbro-hulk-hogan-1-carded-250x300.webp\" alt=\"WWF Hasbro Figures\"\/><\/figure><ul class=\"toy-collection__info\"><li class=\"toy-collection__name\">WWF<\/li><li class=\"toy-collection__manufacturer\">Hasbro &#8211; (1990-1994)<\/li><\/ul><div class=\"toy-collection__arrow\">\u27a4<\/div><\/a>\n\n\n\n<p><\/p>\n\n\n\n<h2 class=\"wp-block-heading\">Sobre el Wrestling:<\/h2>\n\n\n\n<p><\/p>\n\n\n\n<p>La lucha libre es un deporte de entretenimiento que combina elementos atl\u00e9ticos y teatrales. La World Wrestling Federation (WWF) fue una empresa de lucha libre profesional fundada en 1979, pero en 2002 cambi\u00f3 su nombre a World Wrestling Entertainment (WWE) debido a problemas legales con el acr\u00f3nimo WWF.<\/p>\n\n\n\n<p><\/p>\n\n\n\n<p>La WWE es la principal empresa de lucha libre a nivel mundial y presenta eventos de alto perfil como WrestleMania. Los luchadores de la WWE participan en combates coreografiados, donde utilizan una combinaci\u00f3n de habilidades atl\u00e9ticas y actuaci\u00f3n para entretener al p\u00fablico. La WWE ha alcanzado una amplia audiencia a nivel global, convirti\u00e9ndose en una parte importante de la cultura popular.<\/p>\n\n\n\n<p><\/p>\n\n\n\n<p>Debido a la popularidad del Wrestling entre los ni\u00f1os, varias jugueteras se han aventurado a lanzar lineas de juguetes y figuras de acci\u00f3n basadas en los personajes de este espectaculo.<\/p>\n","protected":false},"excerpt":{"rendered":"<p>Colecciones de figuras de Wrestling: Sobre el Wrestling: La lucha libre es un deporte de entretenimiento que combina elementos atl\u00e9ticos y teatrales. La World Wrestling Federation (WWF) fue una empresa de lucha libre profesional fundada en 1979, pero en 2002 cambi\u00f3 su nombre a World Wrestling Entertainment (WWE) debido a problemas legales con el acr\u00f3nimo [&hellip;]<\/p>\n","protected":false},"author":2,"featured_media":11629,"parent":0,"menu_order":0,"comment_status":"closed","ping_status":"closed","template":"","meta":{"advgb_blocks_editor_width":"","advgb_blocks_columns_visual_guide":"","footnotes":""},"wf_page_folders":[1055],"class_list":["post-11624","page","type-page","status-publish","has-post-thumbnail","hentry"],"yoast_head":"<!-- This site is optimized with the Yoast SEO plugin v27.3 - https:\/\/yoast.com\/product\/yoast-seo-wordpress\/ -->\n<title>Wrestling - Colecciones de figuras<\/title>\n<meta name=\"description\" content=\"Listados de colecciones de figuras vintage de Wrestling de los a\u00f1os 90&#039;s\" \/>\n<meta name=\"robots\" content=\"index, follow, max-snippet:-1, max-image-preview:large, max-video-preview:-1\" \/>\n<link rel=\"canonical\" href=\"https:\/\/toyzinger.com\/es\/wrestling\/\" \/>\n<meta property=\"og:locale\" content=\"es_ES\" \/>\n<meta property=\"og:type\" content=\"article\" \/>\n<meta property=\"og:title\" content=\"Wrestling - Colecciones de figuras\" \/>\n<meta property=\"og:description\" content=\"Listados de colecciones de figuras vintage de Wrestling de los a\u00f1os 90&#039;s\" \/>\n<meta property=\"og:url\" content=\"https:\/\/toyzinger.com\/es\/wrestling\/\" \/>\n<meta property=\"og:site_name\" content=\"Toyzinger\" \/>\n<meta property=\"article:publisher\" content=\"https:\/\/www.facebook.com\/toyzinger\" \/>\n<meta property=\"article:modified_time\" content=\"2026-02-23T11:57:02+00:00\" \/>\n<meta property=\"og:image\" content=\"https:\/\/toyzinger.com\/wp-content\/uploads\/2024\/01\/wrestling-toys-vintage-05.webp\" \/>\n\t<meta property=\"og:image:width\" content=\"1200\" \/>\n\t<meta property=\"og:image:height\" content=\"300\" \/>\n\t<meta property=\"og:image:type\" content=\"image\/webp\" \/>\n<meta name=\"twitter:card\" content=\"summary_large_image\" \/>\n<meta name=\"twitter:label1\" content=\"Tiempo de lectura\" \/>\n\t<meta name=\"twitter:data1\" content=\"2 minutos\" \/>\n<script type=\"application\/ld+json\" class=\"yoast-schema-graph\">{\"@context\":\"https:\\\/\\\/schema.org\",\"@graph\":[{\"@type\":\"WebPage\",\"@id\":\"https:\\\/\\\/toyzinger.com\\\/es\\\/wrestling\\\/\",\"url\":\"https:\\\/\\\/toyzinger.com\\\/es\\\/wrestling\\\/\",\"name\":\"Wrestling - Colecciones de figuras\",\"isPartOf\":{\"@id\":\"https:\\\/\\\/toyzinger.com\\\/es\\\/#website\"},\"primaryImageOfPage\":{\"@id\":\"https:\\\/\\\/toyzinger.com\\\/es\\\/wrestling\\\/#primaryimage\"},\"image\":{\"@id\":\"https:\\\/\\\/toyzinger.com\\\/es\\\/wrestling\\\/#primaryimage\"},\"thumbnailUrl\":\"https:\\\/\\\/toyzinger.com\\\/wp-content\\\/uploads\\\/2024\\\/01\\\/wrestling-toys-vintage-05.webp\",\"datePublished\":\"2024-01-18T10:14:44+00:00\",\"dateModified\":\"2026-02-23T11:57:02+00:00\",\"description\":\"Listados de colecciones de figuras vintage de Wrestling de los a\u00f1os 90's\",\"breadcrumb\":{\"@id\":\"https:\\\/\\\/toyzinger.com\\\/es\\\/wrestling\\\/#breadcrumb\"},\"inLanguage\":\"es\",\"potentialAction\":[{\"@type\":\"ReadAction\",\"target\":[\"https:\\\/\\\/toyzinger.com\\\/es\\\/wrestling\\\/\"]}]},{\"@type\":\"ImageObject\",\"inLanguage\":\"es\",\"@id\":\"https:\\\/\\\/toyzinger.com\\\/es\\\/wrestling\\\/#primaryimage\",\"url\":\"https:\\\/\\\/toyzinger.com\\\/wp-content\\\/uploads\\\/2024\\\/01\\\/wrestling-toys-vintage-05.webp\",\"contentUrl\":\"https:\\\/\\\/toyzinger.com\\\/wp-content\\\/uploads\\\/2024\\\/01\\\/wrestling-toys-vintage-05.webp\",\"width\":1200,\"height\":300,\"caption\":\"WWF\"},{\"@type\":\"BreadcrumbList\",\"@id\":\"https:\\\/\\\/toyzinger.com\\\/es\\\/wrestling\\\/#breadcrumb\",\"itemListElement\":[{\"@type\":\"ListItem\",\"position\":1,\"name\":\"Toyzinger\",\"item\":\"https:\\\/\\\/toyzinger.com\\\/es\\\/\"},{\"@type\":\"ListItem\",\"position\":2,\"name\":\"Wrestling\"}]},{\"@type\":\"WebSite\",\"@id\":\"https:\\\/\\\/toyzinger.com\\\/es\\\/#website\",\"url\":\"https:\\\/\\\/toyzinger.com\\\/es\\\/\",\"name\":\"Toyzinger\",\"description\":\"Coleccionismo de figuras y juguetes\",\"publisher\":{\"@id\":\"https:\\\/\\\/toyzinger.com\\\/es\\\/#organization\"},\"potentialAction\":[{\"@type\":\"SearchAction\",\"target\":{\"@type\":\"EntryPoint\",\"urlTemplate\":\"https:\\\/\\\/toyzinger.com\\\/es\\\/?s={search_term_string}\"},\"query-input\":{\"@type\":\"PropertyValueSpecification\",\"valueRequired\":true,\"valueName\":\"search_term_string\"}}],\"inLanguage\":\"es\"},{\"@type\":\"Organization\",\"@id\":\"https:\\\/\\\/toyzinger.com\\\/es\\\/#organization\",\"name\":\"Toyzinger\",\"url\":\"https:\\\/\\\/toyzinger.com\\\/es\\\/\",\"logo\":{\"@type\":\"ImageObject\",\"inLanguage\":\"es\",\"@id\":\"https:\\\/\\\/toyzinger.com\\\/es\\\/#\\\/schema\\\/logo\\\/image\\\/\",\"url\":\"https:\\\/\\\/toyzinger.com\\\/wp-content\\\/uploads\\\/2022\\\/10\\\/toyzinger_logo.png\",\"contentUrl\":\"https:\\\/\\\/toyzinger.com\\\/wp-content\\\/uploads\\\/2022\\\/10\\\/toyzinger_logo.png\",\"width\":561,\"height\":568,\"caption\":\"Toyzinger\"},\"image\":{\"@id\":\"https:\\\/\\\/toyzinger.com\\\/es\\\/#\\\/schema\\\/logo\\\/image\\\/\"},\"sameAs\":[\"https:\\\/\\\/www.facebook.com\\\/toyzinger\",\"https:\\\/\\\/www.instagram.com\\\/toyzinger_com\\\/\"]}]}<\/script>\n<!-- \/ Yoast SEO plugin. -->","yoast_head_json":{"title":"Wrestling - Colecciones de figuras","description":"Listados de colecciones de figuras vintage de Wrestling de los a\u00f1os 90's","robots":{"index":"index","follow":"follow","max-snippet":"max-snippet:-1","max-image-preview":"max-image-preview:large","max-video-preview":"max-video-preview:-1"},"canonical":"https:\/\/toyzinger.com\/es\/wrestling\/","og_locale":"es_ES","og_type":"article","og_title":"Wrestling - Colecciones de figuras","og_description":"Listados de colecciones de figuras vintage de Wrestling de los a\u00f1os 90's","og_url":"https:\/\/toyzinger.com\/es\/wrestling\/","og_site_name":"Toyzinger","article_publisher":"https:\/\/www.facebook.com\/toyzinger","article_modified_time":"2026-02-23T11:57:02+00:00","og_image":[{"width":1200,"height":300,"url":"https:\/\/toyzinger.com\/wp-content\/uploads\/2024\/01\/wrestling-toys-vintage-05.webp","type":"image\/webp"}],"twitter_card":"summary_large_image","twitter_misc":{"Tiempo de lectura":"2 minutos"},"schema":{"@context":"https:\/\/schema.org","@graph":[{"@type":"WebPage","@id":"https:\/\/toyzinger.com\/es\/wrestling\/","url":"https:\/\/toyzinger.com\/es\/wrestling\/","name":"Wrestling - Colecciones de figuras","isPartOf":{"@id":"https:\/\/toyzinger.com\/es\/#website"},"primaryImageOfPage":{"@id":"https:\/\/toyzinger.com\/es\/wrestling\/#primaryimage"},"image":{"@id":"https:\/\/toyzinger.com\/es\/wrestling\/#primaryimage"},"thumbnailUrl":"https:\/\/toyzinger.com\/wp-content\/uploads\/2024\/01\/wrestling-toys-vintage-05.webp","datePublished":"2024-01-18T10:14:44+00:00","dateModified":"2026-02-23T11:57:02+00:00","description":"Listados de colecciones de figuras vintage de Wrestling de los a\u00f1os 90's","breadcrumb":{"@id":"https:\/\/toyzinger.com\/es\/wrestling\/#breadcrumb"},"inLanguage":"es","potentialAction":[{"@type":"ReadAction","target":["https:\/\/toyzinger.com\/es\/wrestling\/"]}]},{"@type":"ImageObject","inLanguage":"es","@id":"https:\/\/toyzinger.com\/es\/wrestling\/#primaryimage","url":"https:\/\/toyzinger.com\/wp-content\/uploads\/2024\/01\/wrestling-toys-vintage-05.webp","contentUrl":"https:\/\/toyzinger.com\/wp-content\/uploads\/2024\/01\/wrestling-toys-vintage-05.webp","width":1200,"height":300,"caption":"WWF"},{"@type":"BreadcrumbList","@id":"https:\/\/toyzinger.com\/es\/wrestling\/#breadcrumb","itemListElement":[{"@type":"ListItem","position":1,"name":"Toyzinger","item":"https:\/\/toyzinger.com\/es\/"},{"@type":"ListItem","position":2,"name":"Wrestling"}]},{"@type":"WebSite","@id":"https:\/\/toyzinger.com\/es\/#website","url":"https:\/\/toyzinger.com\/es\/","name":"Toyzinger","description":"Coleccionismo de figuras y juguetes","publisher":{"@id":"https:\/\/toyzinger.com\/es\/#organization"},"potentialAction":[{"@type":"SearchAction","target":{"@type":"EntryPoint","urlTemplate":"https:\/\/toyzinger.com\/es\/?s={search_term_string}"},"query-input":{"@type":"PropertyValueSpecification","valueRequired":true,"valueName":"search_term_string"}}],"inLanguage":"es"},{"@type":"Organization","@id":"https:\/\/toyzinger.com\/es\/#organization","name":"Toyzinger","url":"https:\/\/toyzinger.com\/es\/","logo":{"@type":"ImageObject","inLanguage":"es","@id":"https:\/\/toyzinger.com\/es\/#\/schema\/logo\/image\/","url":"https:\/\/toyzinger.com\/wp-content\/uploads\/2022\/10\/toyzinger_logo.png","contentUrl":"https:\/\/toyzinger.com\/wp-content\/uploads\/2022\/10\/toyzinger_logo.png","width":561,"height":568,"caption":"Toyzinger"},"image":{"@id":"https:\/\/toyzinger.com\/es\/#\/schema\/logo\/image\/"},"sameAs":["https:\/\/www.facebook.com\/toyzinger","https:\/\/www.instagram.com\/toyzinger_com\/"]}]}},"coauthors":[],"author_meta":{"author_link":"https:\/\/toyzinger.com\/es\/blog\/author\/toyzinger\/","display_name":"toyzinger"},"relative_dates":{"created":"Publicado 2 a\u00f1os hace","modified":"Actualizado 2 meses hace"},"absolute_dates":{"created":"Publicado el 18\/01\/2024","modified":"Actualizado el 23\/02\/2026"},"absolute_dates_time":{"created":"Publicado el 18\/01\/2024 10:14","modified":"Actualizado el 23\/02\/2026 11:57"},"featured_img_caption":"","featured_img":"https:\/\/toyzinger.com\/wp-content\/uploads\/2024\/01\/wrestling-toys-vintage-05.webp","series_order":"","toy_product_id":"","_links":{"self":[{"href":"https:\/\/toyzinger.com\/es\/wp-json\/wp\/v2\/pages\/11624","targetHints":{"allow":["GET"]}}],"collection":[{"href":"https:\/\/toyzinger.com\/es\/wp-json\/wp\/v2\/pages"}],"about":[{"href":"https:\/\/toyzinger.com\/es\/wp-json\/wp\/v2\/types\/page"}],"author":[{"embeddable":true,"href":"https:\/\/toyzinger.com\/es\/wp-json\/wp\/v2\/users\/2"}],"replies":[{"embeddable":true,"href":"https:\/\/toyzinger.com\/es\/wp-json\/wp\/v2\/comments?post=11624"}],"version-history":[{"count":1,"href":"https:\/\/toyzinger.com\/es\/wp-json\/wp\/v2\/pages\/11624\/revisions"}],"predecessor-version":[{"id":33141,"href":"https:\/\/toyzinger.com\/es\/wp-json\/wp\/v2\/pages\/11624\/revisions\/33141"}],"wp:featuredmedia":[{"embeddable":true,"href":"https:\/\/toyzinger.com\/es\/wp-json\/wp\/v2\/media\/11629"}],"wp:attachment":[{"href":"https:\/\/toyzinger.com\/es\/wp-json\/wp\/v2\/media?parent=11624"}],"wp:term":[{"taxonomy":"wf_page_folders","embeddable":true,"href":"https:\/\/toyzinger.com\/es\/wp-json\/wp\/v2\/wf_page_folders?post=11624"}],"curies":[{"name":"wp","href":"https:\/\/api.w.org\/{rel}","templated":true}]}}