{"id":122,"date":"2022-10-22T10:43:45","date_gmt":"2022-10-22T10:43:45","guid":{"rendered":"https:\/\/toyzinger.com\/?page_id=122"},"modified":"2026-02-26T11:12:32","modified_gmt":"2026-02-26T11:12:32","slug":"toxic-crusaders","status":"publish","type":"page","link":"https:\/\/toyzinger.com\/es\/toxic-crusaders\/","title":{"rendered":"Toxic Crusaders"},"content":{"rendered":"\n<h2 class=\"wp-block-heading\"><strong>Colecciones de figuras<\/strong> de Toxic Crusaders:<\/h2>\n\n\n\n<p><\/p>\n\n\n\n<a class=\"toy-collection__base\" href=\"https:\/\/toyzinger.com\/es\/toxic-crusaders\/checklist-toxic-crusader-playmates-1991\/\"><figure class=\"toy-collection__image\"><img decoding=\"async\" src=\"https:\/\/toyzinger.com\/wp-content\/uploads\/2026\/02\/toxic-crusaders-playmates-figuraes-1991-toxie-moc-250x300.jpg\" alt=\"Toxic Crusaders Vintage Figure\"\/><\/figure><ul class=\"toy-collection__info\"><li class=\"toy-collection__name\">Toxic Crusaders<\/li><li class=\"toy-collection__manufacturer\">Playmates &#8211; (1991)<\/li><\/ul><div class=\"toy-collection__arrow\">\u27a4<\/div><\/a>\n\n\n\n<a class=\"toy-collection__base\" href=\"https:\/\/toyzinger.com\/es\/toxic-crusaders\/checklist-toxic-crusader-yolanda\/\"><figure class=\"toy-collection__image\"><img decoding=\"async\" src=\"https:\/\/toyzinger.com\/wp-content\/uploads\/2026\/02\/toxic-crusaders-yolanda-toxie-front-250x300.webp\" alt=\"Toxic Crusaders PVC Figure\"\/><\/figure><ul class=\"toy-collection__info\"><li class=\"toy-collection__name\">Toxic Crusaders<\/li><li class=\"toy-collection__manufacturer\">Yolanda &#8211; (1991)<\/li><\/ul><div class=\"toy-collection__arrow\">\u27a4<\/div><\/a>\n\n\n\n<a class=\"toy-collection__base\" href=\"https:\/\/toyzinger.com\/es\/toxic-crusaders\/checklist-toxic-crusader-reaction\/\"><figure class=\"toy-collection__image\"><img decoding=\"async\" src=\"https:\/\/toyzinger.com\/wp-content\/uploads\/2026\/02\/toxic-crusaders-reaction-figures-toxie-250x300.jpg\" alt=\"Toxic Crusaders Reaction Figure\"\/><\/figure><ul class=\"toy-collection__info\"><li class=\"toy-collection__name\">ReAction<\/li><li class=\"toy-collection__manufacturer\">Super7 &#8211; (2021-2023)<\/li><\/ul><div class=\"toy-collection__arrow\">\u27a4<\/div><\/a>\n\n\n\n<p><\/p>\n\n\n\n<h2 class=\"wp-block-heading\">Sobre la franquicia:<\/h2>\n\n\n\n<p><\/p>\n\n\n\n<p><strong>Toxic Crusaders<\/strong> fue una serie de animaci\u00f3n del a\u00f1o 1991, basada en las pel\u00edculas de serie B de la productora Troma:&nbsp; <strong>El Vengador T\u00f3xico<\/strong>. Protagonizada por <strong>Toxie<\/strong> el l\u00edder de un grupo de super-heroes inadaptados que combaten contra la poluci\u00f3n.<\/p>\n\n\n\n<p>La serie segu\u00eda la moda de la \u00e9poca de series y comics con denuncia medio-ambiental, igual que hac\u00edan: <strong>El Capitan Planeta<\/strong>, <strong>La cosa del pantano<\/strong> o incluso <strong>Las tortugas ninja.<\/strong><\/p>\n\n\n\n<p>Solo 13 episodios fueron creados de la serie, pero gracias tambi\u00e9n en estar basada en una saga de pel\u00edculas de culto tuvo algo de \u00e9xito, puede que m\u00e1s entre los mayores, fans de las pel\u00edculas, que entre los ni\u00f1os.<\/p>\n\n\n\n<p>Que la serie fuese corta no fue excusa para no sacar todo tipo de merchandising, colecci\u00f3n de cromos, videojuegos y por supuesto juguetes.<\/p>\n\n\n\n<p>En lo que figuras se refiere, varias jugueteras a lo largo del tiempo han conseguido los derechos para hacer su propia l\u00ednea de figuras.<\/p>\n","protected":false},"excerpt":{"rendered":"<p>Colecciones de figuras de Toxic Crusaders: Sobre la franquicia: Toxic Crusaders fue una serie de animaci\u00f3n del a\u00f1o 1991, basada en las pel\u00edculas de serie B de la productora Troma:&nbsp; El Vengador T\u00f3xico. Protagonizada por Toxie el l\u00edder de un grupo de super-heroes inadaptados que combaten contra la poluci\u00f3n. La serie segu\u00eda la moda de [&hellip;]<\/p>\n","protected":false},"author":2,"featured_media":127,"parent":0,"menu_order":0,"comment_status":"closed","ping_status":"closed","template":"","meta":{"advgb_blocks_editor_width":"","advgb_blocks_columns_visual_guide":"","footnotes":""},"wf_page_folders":[19],"class_list":["post-122","page","type-page","status-publish","has-post-thumbnail","hentry"],"yoast_head":"<!-- This site is optimized with the Yoast SEO plugin v27.3 - https:\/\/yoast.com\/product\/yoast-seo-wordpress\/ -->\n<title>Toxic Crusaders - Colecci\u00f3n de figuras<\/title>\n<meta name=\"description\" content=\"Repasamos la franquicia Toxic Crusaders, y miramos el listado de distintas colecciones de figuras de esta.\" \/>\n<meta name=\"robots\" content=\"index, follow, max-snippet:-1, max-image-preview:large, max-video-preview:-1\" \/>\n<link rel=\"canonical\" href=\"https:\/\/toyzinger.com\/es\/toxic-crusaders\/\" \/>\n<meta property=\"og:locale\" content=\"es_ES\" \/>\n<meta property=\"og:type\" content=\"article\" \/>\n<meta property=\"og:title\" content=\"Toxic Crusaders - Colecci\u00f3n de figuras\" \/>\n<meta property=\"og:description\" content=\"Repasamos la franquicia Toxic Crusaders, y miramos el listado de distintas colecciones de figuras de esta.\" \/>\n<meta property=\"og:url\" content=\"https:\/\/toyzinger.com\/es\/toxic-crusaders\/\" \/>\n<meta property=\"og:site_name\" content=\"Toyzinger\" \/>\n<meta property=\"article:publisher\" content=\"https:\/\/www.facebook.com\/toyzinger\" \/>\n<meta property=\"article:modified_time\" content=\"2026-02-26T11:12:32+00:00\" \/>\n<meta property=\"og:image\" content=\"https:\/\/toyzinger.com\/wp-content\/uploads\/2022\/10\/toxic-crusader-figure-collection.jpg\" \/>\n\t<meta property=\"og:image:width\" content=\"1200\" \/>\n\t<meta property=\"og:image:height\" content=\"300\" \/>\n\t<meta property=\"og:image:type\" content=\"image\/jpeg\" \/>\n<meta name=\"twitter:card\" content=\"summary_large_image\" \/>\n<meta name=\"twitter:label1\" content=\"Tiempo de lectura\" \/>\n\t<meta name=\"twitter:data1\" content=\"2 minutos\" \/>\n<script type=\"application\/ld+json\" class=\"yoast-schema-graph\">{\"@context\":\"https:\\\/\\\/schema.org\",\"@graph\":[{\"@type\":\"WebPage\",\"@id\":\"https:\\\/\\\/toyzinger.com\\\/es\\\/toxic-crusaders\\\/\",\"url\":\"https:\\\/\\\/toyzinger.com\\\/es\\\/toxic-crusaders\\\/\",\"name\":\"Toxic Crusaders - Colecci\u00f3n de figuras\",\"isPartOf\":{\"@id\":\"https:\\\/\\\/toyzinger.com\\\/es\\\/#website\"},\"primaryImageOfPage\":{\"@id\":\"https:\\\/\\\/toyzinger.com\\\/es\\\/toxic-crusaders\\\/#primaryimage\"},\"image\":{\"@id\":\"https:\\\/\\\/toyzinger.com\\\/es\\\/toxic-crusaders\\\/#primaryimage\"},\"thumbnailUrl\":\"https:\\\/\\\/toyzinger.com\\\/wp-content\\\/uploads\\\/2022\\\/10\\\/toxic-crusader-figure-collection.jpg\",\"datePublished\":\"2022-10-22T10:43:45+00:00\",\"dateModified\":\"2026-02-26T11:12:32+00:00\",\"description\":\"Repasamos la franquicia Toxic Crusaders, y miramos el listado de distintas colecciones de figuras de esta.\",\"breadcrumb\":{\"@id\":\"https:\\\/\\\/toyzinger.com\\\/es\\\/toxic-crusaders\\\/#breadcrumb\"},\"inLanguage\":\"es\",\"potentialAction\":[{\"@type\":\"ReadAction\",\"target\":[\"https:\\\/\\\/toyzinger.com\\\/es\\\/toxic-crusaders\\\/\"]}]},{\"@type\":\"ImageObject\",\"inLanguage\":\"es\",\"@id\":\"https:\\\/\\\/toyzinger.com\\\/es\\\/toxic-crusaders\\\/#primaryimage\",\"url\":\"https:\\\/\\\/toyzinger.com\\\/wp-content\\\/uploads\\\/2022\\\/10\\\/toxic-crusader-figure-collection.jpg\",\"contentUrl\":\"https:\\\/\\\/toyzinger.com\\\/wp-content\\\/uploads\\\/2022\\\/10\\\/toxic-crusader-figure-collection.jpg\",\"width\":1200,\"height\":300,\"caption\":\"Toxic Crusaders figuras coleccionables\"},{\"@type\":\"BreadcrumbList\",\"@id\":\"https:\\\/\\\/toyzinger.com\\\/es\\\/toxic-crusaders\\\/#breadcrumb\",\"itemListElement\":[{\"@type\":\"ListItem\",\"position\":1,\"name\":\"Toyzinger\",\"item\":\"https:\\\/\\\/toyzinger.com\\\/es\\\/\"},{\"@type\":\"ListItem\",\"position\":2,\"name\":\"Toxic Crusaders\"}]},{\"@type\":\"WebSite\",\"@id\":\"https:\\\/\\\/toyzinger.com\\\/es\\\/#website\",\"url\":\"https:\\\/\\\/toyzinger.com\\\/es\\\/\",\"name\":\"Toyzinger\",\"description\":\"Coleccionismo de figuras y juguetes\",\"publisher\":{\"@id\":\"https:\\\/\\\/toyzinger.com\\\/es\\\/#organization\"},\"potentialAction\":[{\"@type\":\"SearchAction\",\"target\":{\"@type\":\"EntryPoint\",\"urlTemplate\":\"https:\\\/\\\/toyzinger.com\\\/es\\\/?s={search_term_string}\"},\"query-input\":{\"@type\":\"PropertyValueSpecification\",\"valueRequired\":true,\"valueName\":\"search_term_string\"}}],\"inLanguage\":\"es\"},{\"@type\":\"Organization\",\"@id\":\"https:\\\/\\\/toyzinger.com\\\/es\\\/#organization\",\"name\":\"Toyzinger\",\"url\":\"https:\\\/\\\/toyzinger.com\\\/es\\\/\",\"logo\":{\"@type\":\"ImageObject\",\"inLanguage\":\"es\",\"@id\":\"https:\\\/\\\/toyzinger.com\\\/es\\\/#\\\/schema\\\/logo\\\/image\\\/\",\"url\":\"https:\\\/\\\/toyzinger.com\\\/wp-content\\\/uploads\\\/2022\\\/10\\\/toyzinger_logo.png\",\"contentUrl\":\"https:\\\/\\\/toyzinger.com\\\/wp-content\\\/uploads\\\/2022\\\/10\\\/toyzinger_logo.png\",\"width\":561,\"height\":568,\"caption\":\"Toyzinger\"},\"image\":{\"@id\":\"https:\\\/\\\/toyzinger.com\\\/es\\\/#\\\/schema\\\/logo\\\/image\\\/\"},\"sameAs\":[\"https:\\\/\\\/www.facebook.com\\\/toyzinger\",\"https:\\\/\\\/www.instagram.com\\\/toyzinger_com\\\/\"]}]}<\/script>\n<!-- \/ Yoast SEO plugin. -->","yoast_head_json":{"title":"Toxic Crusaders - Colecci\u00f3n de figuras","description":"Repasamos la franquicia Toxic Crusaders, y miramos el listado de distintas colecciones de figuras de esta.","robots":{"index":"index","follow":"follow","max-snippet":"max-snippet:-1","max-image-preview":"max-image-preview:large","max-video-preview":"max-video-preview:-1"},"canonical":"https:\/\/toyzinger.com\/es\/toxic-crusaders\/","og_locale":"es_ES","og_type":"article","og_title":"Toxic Crusaders - Colecci\u00f3n de figuras","og_description":"Repasamos la franquicia Toxic Crusaders, y miramos el listado de distintas colecciones de figuras de esta.","og_url":"https:\/\/toyzinger.com\/es\/toxic-crusaders\/","og_site_name":"Toyzinger","article_publisher":"https:\/\/www.facebook.com\/toyzinger","article_modified_time":"2026-02-26T11:12:32+00:00","og_image":[{"width":1200,"height":300,"url":"https:\/\/toyzinger.com\/wp-content\/uploads\/2022\/10\/toxic-crusader-figure-collection.jpg","type":"image\/jpeg"}],"twitter_card":"summary_large_image","twitter_misc":{"Tiempo de lectura":"2 minutos"},"schema":{"@context":"https:\/\/schema.org","@graph":[{"@type":"WebPage","@id":"https:\/\/toyzinger.com\/es\/toxic-crusaders\/","url":"https:\/\/toyzinger.com\/es\/toxic-crusaders\/","name":"Toxic Crusaders - Colecci\u00f3n de figuras","isPartOf":{"@id":"https:\/\/toyzinger.com\/es\/#website"},"primaryImageOfPage":{"@id":"https:\/\/toyzinger.com\/es\/toxic-crusaders\/#primaryimage"},"image":{"@id":"https:\/\/toyzinger.com\/es\/toxic-crusaders\/#primaryimage"},"thumbnailUrl":"https:\/\/toyzinger.com\/wp-content\/uploads\/2022\/10\/toxic-crusader-figure-collection.jpg","datePublished":"2022-10-22T10:43:45+00:00","dateModified":"2026-02-26T11:12:32+00:00","description":"Repasamos la franquicia Toxic Crusaders, y miramos el listado de distintas colecciones de figuras de esta.","breadcrumb":{"@id":"https:\/\/toyzinger.com\/es\/toxic-crusaders\/#breadcrumb"},"inLanguage":"es","potentialAction":[{"@type":"ReadAction","target":["https:\/\/toyzinger.com\/es\/toxic-crusaders\/"]}]},{"@type":"ImageObject","inLanguage":"es","@id":"https:\/\/toyzinger.com\/es\/toxic-crusaders\/#primaryimage","url":"https:\/\/toyzinger.com\/wp-content\/uploads\/2022\/10\/toxic-crusader-figure-collection.jpg","contentUrl":"https:\/\/toyzinger.com\/wp-content\/uploads\/2022\/10\/toxic-crusader-figure-collection.jpg","width":1200,"height":300,"caption":"Toxic Crusaders figuras coleccionables"},{"@type":"BreadcrumbList","@id":"https:\/\/toyzinger.com\/es\/toxic-crusaders\/#breadcrumb","itemListElement":[{"@type":"ListItem","position":1,"name":"Toyzinger","item":"https:\/\/toyzinger.com\/es\/"},{"@type":"ListItem","position":2,"name":"Toxic Crusaders"}]},{"@type":"WebSite","@id":"https:\/\/toyzinger.com\/es\/#website","url":"https:\/\/toyzinger.com\/es\/","name":"Toyzinger","description":"Coleccionismo de figuras y juguetes","publisher":{"@id":"https:\/\/toyzinger.com\/es\/#organization"},"potentialAction":[{"@type":"SearchAction","target":{"@type":"EntryPoint","urlTemplate":"https:\/\/toyzinger.com\/es\/?s={search_term_string}"},"query-input":{"@type":"PropertyValueSpecification","valueRequired":true,"valueName":"search_term_string"}}],"inLanguage":"es"},{"@type":"Organization","@id":"https:\/\/toyzinger.com\/es\/#organization","name":"Toyzinger","url":"https:\/\/toyzinger.com\/es\/","logo":{"@type":"ImageObject","inLanguage":"es","@id":"https:\/\/toyzinger.com\/es\/#\/schema\/logo\/image\/","url":"https:\/\/toyzinger.com\/wp-content\/uploads\/2022\/10\/toyzinger_logo.png","contentUrl":"https:\/\/toyzinger.com\/wp-content\/uploads\/2022\/10\/toyzinger_logo.png","width":561,"height":568,"caption":"Toyzinger"},"image":{"@id":"https:\/\/toyzinger.com\/es\/#\/schema\/logo\/image\/"},"sameAs":["https:\/\/www.facebook.com\/toyzinger","https:\/\/www.instagram.com\/toyzinger_com\/"]}]}},"coauthors":[],"author_meta":{"author_link":"https:\/\/toyzinger.com\/es\/blog\/author\/toyzinger\/","display_name":"toyzinger"},"relative_dates":{"created":"Publicado 3 a\u00f1os hace","modified":"Actualizado 1 mes hace"},"absolute_dates":{"created":"Publicado el 22\/10\/2022","modified":"Actualizado el 26\/02\/2026"},"absolute_dates_time":{"created":"Publicado el 22\/10\/2022 10:43","modified":"Actualizado el 26\/02\/2026 11:12"},"featured_img_caption":"","featured_img":"https:\/\/toyzinger.com\/wp-content\/uploads\/2022\/10\/toxic-crusader-figure-collection.jpg","series_order":"","toy_product_id":"","_links":{"self":[{"href":"https:\/\/toyzinger.com\/es\/wp-json\/wp\/v2\/pages\/122","targetHints":{"allow":["GET"]}}],"collection":[{"href":"https:\/\/toyzinger.com\/es\/wp-json\/wp\/v2\/pages"}],"about":[{"href":"https:\/\/toyzinger.com\/es\/wp-json\/wp\/v2\/types\/page"}],"author":[{"embeddable":true,"href":"https:\/\/toyzinger.com\/es\/wp-json\/wp\/v2\/users\/2"}],"replies":[{"embeddable":true,"href":"https:\/\/toyzinger.com\/es\/wp-json\/wp\/v2\/comments?post=122"}],"version-history":[{"count":2,"href":"https:\/\/toyzinger.com\/es\/wp-json\/wp\/v2\/pages\/122\/revisions"}],"predecessor-version":[{"id":33217,"href":"https:\/\/toyzinger.com\/es\/wp-json\/wp\/v2\/pages\/122\/revisions\/33217"}],"wp:featuredmedia":[{"embeddable":true,"href":"https:\/\/toyzinger.com\/es\/wp-json\/wp\/v2\/media\/127"}],"wp:attachment":[{"href":"https:\/\/toyzinger.com\/es\/wp-json\/wp\/v2\/media?parent=122"}],"wp:term":[{"taxonomy":"wf_page_folders","embeddable":true,"href":"https:\/\/toyzinger.com\/es\/wp-json\/wp\/v2\/wf_page_folders?post=122"}],"curies":[{"name":"wp","href":"https:\/\/api.w.org\/{rel}","templated":true}]}}