{"id":12272,"date":"2024-02-12T13:25:56","date_gmt":"2024-02-12T13:25:56","guid":{"rendered":"https:\/\/toyzinger.com\/?page_id=12272"},"modified":"2026-03-08T12:50:14","modified_gmt":"2026-03-08T12:50:14","slug":"power-rangers","status":"publish","type":"page","link":"https:\/\/toyzinger.com\/es\/power-rangers\/","title":{"rendered":"Power Rangers"},"content":{"rendered":"\n<h2 class=\"wp-block-heading\">Colecciones de figuras:<\/h2>\n\n\n\n<p><\/p>\n\n\n\n<a class=\"toy-collection__base\" href=\"https:\/\/toyzinger.com\/es\/power-rangers\/mighty-morphin-power-rangers-checklist\/\"><figure class=\"toy-collection__image\"><img decoding=\"async\" src=\"https:\/\/toyzinger.com\/wp-content\/uploads\/2026\/03\/power-rangers-auto-morphin-red-carded-250x300.webp\" alt=\"Power ranger vintage figures\"\/><\/figure><ul class=\"toy-collection__info\"><li class=\"toy-collection__name\">Mighty Morphin (5&#8243;)<\/li><li class=\"toy-collection__manufacturer\">Bandai &#8211; (1993 &#8211; 1995)<\/li><\/ul><div class=\"toy-collection__arrow\">\u27a4<\/div><\/a>\n\n\n\n<a class=\"toy-collection__base\" href=\"https:\/\/toyzinger.com\/es\/power-rangers\/mighty-morphin-zords-checklist\/\"><figure class=\"toy-collection__image\"><img decoding=\"async\" src=\"https:\/\/toyzinger.com\/wp-content\/uploads\/2026\/03\/power-rangers-deluxe-megazord-box-250x300.webp\" alt=\"Power ranger vintage robots\"\/><\/figure><ul class=\"toy-collection__info\"><li class=\"toy-collection__name\">Mighty Morphin (Zords)<\/li><li class=\"toy-collection__manufacturer\">Bandai &#8211; (1993-1995)<\/li><\/ul><div class=\"toy-collection__arrow\">\u27a4<\/div><\/a>\n\n\n\n<p><\/p>\n\n\n\n<h2 class=\"wp-block-heading\">Info de la franquicia:<\/h2>\n\n\n\n<p><\/p>\n\n\n\n<p><em>Power Rangers<\/em> es una franquicia de entretenimiento que comenz\u00f3 en 1993 con la serie de televisi\u00f3n <strong>Mighty Morphin Power Rangers<\/strong>, inspirada en la serie japonesa <em>Super Sentai<\/em>.<\/p>\n\n\n\n<p><\/p>\n\n\n\n<p>La historia sigue a un grupo de j\u00f3venes reclutados para defender la Tierra de amenazas extraterrestres usando poderes especiales, trajes de combate y mechas gigantes llamados Zords.<\/p>\n\n\n\n<p><\/p>\n\n\n\n<p>Cada temporada presenta nuevos equipos de Rangers, villanos y temas, pero siempre gira en torno a la lucha entre el bien y el mal.<\/p>\n\n\n\n<p><\/p>\n\n\n\n<p>La franquicia ha abarcado m\u00e1s de 20 temporadas, m\u00faltiples pel\u00edculas y series derivadas, y es conocida por su acci\u00f3n, sus mensajes de trabajo en equipo y amistad, y sus ic\u00f3nicos trajes y escenas de combate.<\/p>\n\n\n\n<p><\/p>\n\n\n\n<p><strong>Power Rangers<\/strong> ha dejado un impacto cultural duradero, con una base de fans leal y una gran cantidad de productos, como figuras de acci\u00f3n, c\u00f3mics y videojuegos.<\/p>\n","protected":false},"excerpt":{"rendered":"<p>Colecciones de figuras: Info de la franquicia: Power Rangers es una franquicia de entretenimiento que comenz\u00f3 en 1993 con la serie de televisi\u00f3n Mighty Morphin Power Rangers, inspirada en la serie japonesa Super Sentai. La historia sigue a un grupo de j\u00f3venes reclutados para defender la Tierra de amenazas extraterrestres usando poderes especiales, trajes de [&hellip;]<\/p>\n","protected":false},"author":2,"featured_media":23396,"parent":0,"menu_order":0,"comment_status":"closed","ping_status":"closed","template":"","meta":{"advgb_blocks_editor_width":"","advgb_blocks_columns_visual_guide":"","footnotes":""},"wf_page_folders":[1103],"class_list":["post-12272","page","type-page","status-publish","has-post-thumbnail","hentry"],"yoast_head":"<!-- This site is optimized with the Yoast SEO plugin v27.3 - https:\/\/yoast.com\/product\/yoast-seo-wordpress\/ -->\n<title>Power Rangers - Toyzinger<\/title>\n<meta name=\"description\" content=\"Listado de las colecciones de figuras de la franquicia &quot;Power Rangers&quot;\" \/>\n<meta name=\"robots\" content=\"index, follow, max-snippet:-1, max-image-preview:large, max-video-preview:-1\" \/>\n<link rel=\"canonical\" href=\"https:\/\/toyzinger.com\/es\/power-rangers\/\" \/>\n<meta property=\"og:locale\" content=\"es_ES\" \/>\n<meta property=\"og:type\" content=\"article\" \/>\n<meta property=\"og:title\" content=\"Power Rangers - Toyzinger\" \/>\n<meta property=\"og:description\" content=\"Listado de las colecciones de figuras de la franquicia &quot;Power Rangers&quot;\" \/>\n<meta property=\"og:url\" content=\"https:\/\/toyzinger.com\/es\/power-rangers\/\" \/>\n<meta property=\"og:site_name\" content=\"Toyzinger\" \/>\n<meta property=\"article:publisher\" content=\"https:\/\/www.facebook.com\/toyzinger\" \/>\n<meta property=\"article:modified_time\" content=\"2026-03-08T12:50:14+00:00\" \/>\n<meta property=\"og:image\" content=\"https:\/\/toyzinger.com\/wp-content\/uploads\/2024\/11\/power-rangers-vintage-collection.webp\" \/>\n\t<meta property=\"og:image:width\" content=\"1200\" \/>\n\t<meta property=\"og:image:height\" content=\"300\" \/>\n\t<meta property=\"og:image:type\" content=\"image\/webp\" \/>\n<meta name=\"twitter:card\" content=\"summary_large_image\" \/>\n<meta name=\"twitter:label1\" content=\"Tiempo de lectura\" \/>\n\t<meta name=\"twitter:data1\" content=\"2 minutos\" \/>\n<script type=\"application\/ld+json\" class=\"yoast-schema-graph\">{\"@context\":\"https:\\\/\\\/schema.org\",\"@graph\":[{\"@type\":\"WebPage\",\"@id\":\"https:\\\/\\\/toyzinger.com\\\/es\\\/power-rangers\\\/\",\"url\":\"https:\\\/\\\/toyzinger.com\\\/es\\\/power-rangers\\\/\",\"name\":\"Power Rangers - Toyzinger\",\"isPartOf\":{\"@id\":\"https:\\\/\\\/toyzinger.com\\\/es\\\/#website\"},\"primaryImageOfPage\":{\"@id\":\"https:\\\/\\\/toyzinger.com\\\/es\\\/power-rangers\\\/#primaryimage\"},\"image\":{\"@id\":\"https:\\\/\\\/toyzinger.com\\\/es\\\/power-rangers\\\/#primaryimage\"},\"thumbnailUrl\":\"https:\\\/\\\/toyzinger.com\\\/wp-content\\\/uploads\\\/2024\\\/11\\\/power-rangers-vintage-collection.webp\",\"datePublished\":\"2024-02-12T13:25:56+00:00\",\"dateModified\":\"2026-03-08T12:50:14+00:00\",\"description\":\"Listado de las colecciones de figuras de la franquicia \\\"Power Rangers\\\"\",\"breadcrumb\":{\"@id\":\"https:\\\/\\\/toyzinger.com\\\/es\\\/power-rangers\\\/#breadcrumb\"},\"inLanguage\":\"es\",\"potentialAction\":[{\"@type\":\"ReadAction\",\"target\":[\"https:\\\/\\\/toyzinger.com\\\/es\\\/power-rangers\\\/\"]}]},{\"@type\":\"ImageObject\",\"inLanguage\":\"es\",\"@id\":\"https:\\\/\\\/toyzinger.com\\\/es\\\/power-rangers\\\/#primaryimage\",\"url\":\"https:\\\/\\\/toyzinger.com\\\/wp-content\\\/uploads\\\/2024\\\/11\\\/power-rangers-vintage-collection.webp\",\"contentUrl\":\"https:\\\/\\\/toyzinger.com\\\/wp-content\\\/uploads\\\/2024\\\/11\\\/power-rangers-vintage-collection.webp\",\"width\":1200,\"height\":300,\"caption\":\"Power Ranger Action figures\"},{\"@type\":\"BreadcrumbList\",\"@id\":\"https:\\\/\\\/toyzinger.com\\\/es\\\/power-rangers\\\/#breadcrumb\",\"itemListElement\":[{\"@type\":\"ListItem\",\"position\":1,\"name\":\"Toyzinger\",\"item\":\"https:\\\/\\\/toyzinger.com\\\/es\\\/\"},{\"@type\":\"ListItem\",\"position\":2,\"name\":\"Power Rangers\"}]},{\"@type\":\"WebSite\",\"@id\":\"https:\\\/\\\/toyzinger.com\\\/es\\\/#website\",\"url\":\"https:\\\/\\\/toyzinger.com\\\/es\\\/\",\"name\":\"Toyzinger\",\"description\":\"Coleccionismo de figuras y juguetes\",\"publisher\":{\"@id\":\"https:\\\/\\\/toyzinger.com\\\/es\\\/#organization\"},\"potentialAction\":[{\"@type\":\"SearchAction\",\"target\":{\"@type\":\"EntryPoint\",\"urlTemplate\":\"https:\\\/\\\/toyzinger.com\\\/es\\\/?s={search_term_string}\"},\"query-input\":{\"@type\":\"PropertyValueSpecification\",\"valueRequired\":true,\"valueName\":\"search_term_string\"}}],\"inLanguage\":\"es\"},{\"@type\":\"Organization\",\"@id\":\"https:\\\/\\\/toyzinger.com\\\/es\\\/#organization\",\"name\":\"Toyzinger\",\"url\":\"https:\\\/\\\/toyzinger.com\\\/es\\\/\",\"logo\":{\"@type\":\"ImageObject\",\"inLanguage\":\"es\",\"@id\":\"https:\\\/\\\/toyzinger.com\\\/es\\\/#\\\/schema\\\/logo\\\/image\\\/\",\"url\":\"https:\\\/\\\/toyzinger.com\\\/wp-content\\\/uploads\\\/2022\\\/10\\\/toyzinger_logo.png\",\"contentUrl\":\"https:\\\/\\\/toyzinger.com\\\/wp-content\\\/uploads\\\/2022\\\/10\\\/toyzinger_logo.png\",\"width\":561,\"height\":568,\"caption\":\"Toyzinger\"},\"image\":{\"@id\":\"https:\\\/\\\/toyzinger.com\\\/es\\\/#\\\/schema\\\/logo\\\/image\\\/\"},\"sameAs\":[\"https:\\\/\\\/www.facebook.com\\\/toyzinger\",\"https:\\\/\\\/www.instagram.com\\\/toyzinger_com\\\/\"]}]}<\/script>\n<!-- \/ Yoast SEO plugin. -->","yoast_head_json":{"title":"Power Rangers - Toyzinger","description":"Listado de las colecciones de figuras de la franquicia \"Power Rangers\"","robots":{"index":"index","follow":"follow","max-snippet":"max-snippet:-1","max-image-preview":"max-image-preview:large","max-video-preview":"max-video-preview:-1"},"canonical":"https:\/\/toyzinger.com\/es\/power-rangers\/","og_locale":"es_ES","og_type":"article","og_title":"Power Rangers - Toyzinger","og_description":"Listado de las colecciones de figuras de la franquicia \"Power Rangers\"","og_url":"https:\/\/toyzinger.com\/es\/power-rangers\/","og_site_name":"Toyzinger","article_publisher":"https:\/\/www.facebook.com\/toyzinger","article_modified_time":"2026-03-08T12:50:14+00:00","og_image":[{"width":1200,"height":300,"url":"https:\/\/toyzinger.com\/wp-content\/uploads\/2024\/11\/power-rangers-vintage-collection.webp","type":"image\/webp"}],"twitter_card":"summary_large_image","twitter_misc":{"Tiempo de lectura":"2 minutos"},"schema":{"@context":"https:\/\/schema.org","@graph":[{"@type":"WebPage","@id":"https:\/\/toyzinger.com\/es\/power-rangers\/","url":"https:\/\/toyzinger.com\/es\/power-rangers\/","name":"Power Rangers - Toyzinger","isPartOf":{"@id":"https:\/\/toyzinger.com\/es\/#website"},"primaryImageOfPage":{"@id":"https:\/\/toyzinger.com\/es\/power-rangers\/#primaryimage"},"image":{"@id":"https:\/\/toyzinger.com\/es\/power-rangers\/#primaryimage"},"thumbnailUrl":"https:\/\/toyzinger.com\/wp-content\/uploads\/2024\/11\/power-rangers-vintage-collection.webp","datePublished":"2024-02-12T13:25:56+00:00","dateModified":"2026-03-08T12:50:14+00:00","description":"Listado de las colecciones de figuras de la franquicia \"Power Rangers\"","breadcrumb":{"@id":"https:\/\/toyzinger.com\/es\/power-rangers\/#breadcrumb"},"inLanguage":"es","potentialAction":[{"@type":"ReadAction","target":["https:\/\/toyzinger.com\/es\/power-rangers\/"]}]},{"@type":"ImageObject","inLanguage":"es","@id":"https:\/\/toyzinger.com\/es\/power-rangers\/#primaryimage","url":"https:\/\/toyzinger.com\/wp-content\/uploads\/2024\/11\/power-rangers-vintage-collection.webp","contentUrl":"https:\/\/toyzinger.com\/wp-content\/uploads\/2024\/11\/power-rangers-vintage-collection.webp","width":1200,"height":300,"caption":"Power Ranger Action figures"},{"@type":"BreadcrumbList","@id":"https:\/\/toyzinger.com\/es\/power-rangers\/#breadcrumb","itemListElement":[{"@type":"ListItem","position":1,"name":"Toyzinger","item":"https:\/\/toyzinger.com\/es\/"},{"@type":"ListItem","position":2,"name":"Power Rangers"}]},{"@type":"WebSite","@id":"https:\/\/toyzinger.com\/es\/#website","url":"https:\/\/toyzinger.com\/es\/","name":"Toyzinger","description":"Coleccionismo de figuras y juguetes","publisher":{"@id":"https:\/\/toyzinger.com\/es\/#organization"},"potentialAction":[{"@type":"SearchAction","target":{"@type":"EntryPoint","urlTemplate":"https:\/\/toyzinger.com\/es\/?s={search_term_string}"},"query-input":{"@type":"PropertyValueSpecification","valueRequired":true,"valueName":"search_term_string"}}],"inLanguage":"es"},{"@type":"Organization","@id":"https:\/\/toyzinger.com\/es\/#organization","name":"Toyzinger","url":"https:\/\/toyzinger.com\/es\/","logo":{"@type":"ImageObject","inLanguage":"es","@id":"https:\/\/toyzinger.com\/es\/#\/schema\/logo\/image\/","url":"https:\/\/toyzinger.com\/wp-content\/uploads\/2022\/10\/toyzinger_logo.png","contentUrl":"https:\/\/toyzinger.com\/wp-content\/uploads\/2022\/10\/toyzinger_logo.png","width":561,"height":568,"caption":"Toyzinger"},"image":{"@id":"https:\/\/toyzinger.com\/es\/#\/schema\/logo\/image\/"},"sameAs":["https:\/\/www.facebook.com\/toyzinger","https:\/\/www.instagram.com\/toyzinger_com\/"]}]}},"coauthors":[],"author_meta":{"author_link":"https:\/\/toyzinger.com\/es\/blog\/author\/toyzinger\/","display_name":"toyzinger"},"relative_dates":{"created":"Publicado 2 a\u00f1os hace","modified":"Actualizado 1 mes hace"},"absolute_dates":{"created":"Publicado el 12\/02\/2024","modified":"Actualizado el 08\/03\/2026"},"absolute_dates_time":{"created":"Publicado el 12\/02\/2024 13:25","modified":"Actualizado el 08\/03\/2026 12:50"},"featured_img_caption":"","featured_img":"https:\/\/toyzinger.com\/wp-content\/uploads\/2024\/11\/power-rangers-vintage-collection.webp","series_order":"","toy_product_id":"","_links":{"self":[{"href":"https:\/\/toyzinger.com\/es\/wp-json\/wp\/v2\/pages\/12272","targetHints":{"allow":["GET"]}}],"collection":[{"href":"https:\/\/toyzinger.com\/es\/wp-json\/wp\/v2\/pages"}],"about":[{"href":"https:\/\/toyzinger.com\/es\/wp-json\/wp\/v2\/types\/page"}],"author":[{"embeddable":true,"href":"https:\/\/toyzinger.com\/es\/wp-json\/wp\/v2\/users\/2"}],"replies":[{"embeddable":true,"href":"https:\/\/toyzinger.com\/es\/wp-json\/wp\/v2\/comments?post=12272"}],"version-history":[{"count":3,"href":"https:\/\/toyzinger.com\/es\/wp-json\/wp\/v2\/pages\/12272\/revisions"}],"predecessor-version":[{"id":33739,"href":"https:\/\/toyzinger.com\/es\/wp-json\/wp\/v2\/pages\/12272\/revisions\/33739"}],"wp:featuredmedia":[{"embeddable":true,"href":"https:\/\/toyzinger.com\/es\/wp-json\/wp\/v2\/media\/23396"}],"wp:attachment":[{"href":"https:\/\/toyzinger.com\/es\/wp-json\/wp\/v2\/media?parent=12272"}],"wp:term":[{"taxonomy":"wf_page_folders","embeddable":true,"href":"https:\/\/toyzinger.com\/es\/wp-json\/wp\/v2\/wf_page_folders?post=12272"}],"curies":[{"name":"wp","href":"https:\/\/api.w.org\/{rel}","templated":true}]}}