{"id":19480,"date":"2024-06-01T10:23:06","date_gmt":"2024-06-01T10:23:06","guid":{"rendered":"https:\/\/toyzinger.com\/?page_id=19480"},"modified":"2026-01-12T18:07:38","modified_gmt":"2026-01-12T18:07:38","slug":"biker-mice-from-mars","status":"publish","type":"page","link":"https:\/\/toyzinger.com\/es\/biker-mice-from-mars\/","title":{"rendered":"Biker Mice from Mars"},"content":{"rendered":"\n<h2 class=\"wp-block-heading\">Colecciones de figuras de Biker Mice from Mars:<\/h2>\n\n\n\n<p><\/p>\n\n\n\n<a class=\"toy-collection__base\" href=\"https:\/\/toyzinger.com\/es\/biker-mice-from-mars\/checklist-biker-mice-galoob-90\/\"><figure class=\"toy-collection__image\"><img decoding=\"async\" src=\"https:\/\/toyzinger.com\/wp-content\/uploads\/2026\/01\/biker-mice-from-mars-motorratones-throttle-moc-250x300.webp\" alt=\"Biker Mice Gallob Vintage\"\/><\/figure><ul class=\"toy-collection__info\"><li class=\"toy-collection__name\">Vintage<\/li><li class=\"toy-collection__manufacturer\">Galoob &#8211; (1993-1996)<\/li><\/ul><div class=\"toy-collection__arrow\">\u27a4<\/div><\/a>\n\n\n\n<p><\/p>\n\n\n\n<h2 class=\"wp-block-heading\">Sobre la Franquicia:<\/h2>\n\n\n\n<p><\/p>\n\n\n\n<p>Biker Mice from Mars, conocida como \u00abMotorratones de Marte\u00bb en Espa\u00f1a, es una serie animada de los a\u00f1os 90 que sigue a tres ratones motociclistas antropom\u00f3rficos de Marte: Throttle, Modo y Vinnie. <\/p>\n\n\n\n<p><\/p>\n\n\n\n<p>Huyendo de los Plutarkianos, una raza alien\u00edgena que devast\u00f3 su planeta, llegan a la Tierra, espec\u00edficamente a Chicago. All\u00ed descubren que los Plutarkianos, liderados por Lawrence Limburger, planean explotar los recursos terrestres.<\/p>\n\n\n\n<p><\/p>\n\n\n\n<p>Con la ayuda de Charley Davidson, una mec\u00e1nica local, los Motorratones luchan contra los villanos para proteger la Tierra.<\/p>\n\n\n\n<p><\/p>\n\n\n\n<p>La serie es conocida por su mezcla de acci\u00f3n, ciencia ficci\u00f3n y comedia, y dej\u00f3 una huella duradera en la cultura pop de los 90, a\u00f1os m\u00e1s tarde han seguido saliendo reediciones de la serie.<\/p>\n\n\n\n<p><\/p>\n\n\n\n<p>Obviamente, junto a las series de animaci\u00f3n, varias lines de figuras y merchandising salieron al mercado.<\/p>\n","protected":false},"excerpt":{"rendered":"<p>Colecciones de figuras de Biker Mice from Mars: Sobre la Franquicia: Biker Mice from Mars, conocida como \u00abMotorratones de Marte\u00bb en Espa\u00f1a, es una serie animada de los a\u00f1os 90 que sigue a tres ratones motociclistas antropom\u00f3rficos de Marte: Throttle, Modo y Vinnie. Huyendo de los Plutarkianos, una raza alien\u00edgena que devast\u00f3 su planeta, llegan [&hellip;]<\/p>\n","protected":false},"author":2,"featured_media":19484,"parent":0,"menu_order":0,"comment_status":"closed","ping_status":"closed","template":"","meta":{"advgb_blocks_editor_width":"","advgb_blocks_columns_visual_guide":"","footnotes":""},"wf_page_folders":[1163],"class_list":["post-19480","page","type-page","status-publish","has-post-thumbnail","hentry"],"yoast_head":"<!-- This site is optimized with the Yoast SEO plugin v27.3 - https:\/\/yoast.com\/product\/yoast-seo-wordpress\/ -->\n<title>Biker Mice from Mars - Toyzinger<\/title>\n<meta name=\"robots\" content=\"index, follow, max-snippet:-1, max-image-preview:large, max-video-preview:-1\" \/>\n<link rel=\"canonical\" href=\"https:\/\/toyzinger.com\/es\/biker-mice-from-mars\/\" \/>\n<meta property=\"og:locale\" content=\"es_ES\" \/>\n<meta property=\"og:type\" content=\"article\" \/>\n<meta property=\"og:title\" content=\"Biker Mice from Mars - Toyzinger\" \/>\n<meta property=\"og:description\" content=\"Colecciones de figuras de Biker Mice from Mars: Sobre la Franquicia: Biker Mice from Mars, conocida como \u00abMotorratones de Marte\u00bb en Espa\u00f1a, es una serie animada de los a\u00f1os 90 que sigue a tres ratones motociclistas antropom\u00f3rficos de Marte: Throttle, Modo y Vinnie. Huyendo de los Plutarkianos, una raza alien\u00edgena que devast\u00f3 su planeta, llegan [&hellip;]\" \/>\n<meta property=\"og:url\" content=\"https:\/\/toyzinger.com\/es\/biker-mice-from-mars\/\" \/>\n<meta property=\"og:site_name\" content=\"Toyzinger\" \/>\n<meta property=\"article:publisher\" content=\"https:\/\/www.facebook.com\/toyzinger\" \/>\n<meta property=\"article:modified_time\" content=\"2026-01-12T18:07:38+00:00\" \/>\n<meta property=\"og:image\" content=\"https:\/\/toyzinger.com\/wp-content\/uploads\/2024\/06\/biker-mice-mars-art.webp\" \/>\n\t<meta property=\"og:image:width\" content=\"1200\" \/>\n\t<meta property=\"og:image:height\" content=\"300\" \/>\n\t<meta property=\"og:image:type\" content=\"image\/webp\" \/>\n<meta name=\"twitter:card\" content=\"summary_large_image\" \/>\n<meta name=\"twitter:label1\" content=\"Tiempo de lectura\" \/>\n\t<meta name=\"twitter:data1\" content=\"2 minutos\" \/>\n<script type=\"application\/ld+json\" class=\"yoast-schema-graph\">{\"@context\":\"https:\\\/\\\/schema.org\",\"@graph\":[{\"@type\":\"WebPage\",\"@id\":\"https:\\\/\\\/toyzinger.com\\\/es\\\/biker-mice-from-mars\\\/\",\"url\":\"https:\\\/\\\/toyzinger.com\\\/es\\\/biker-mice-from-mars\\\/\",\"name\":\"Biker Mice from Mars - Toyzinger\",\"isPartOf\":{\"@id\":\"https:\\\/\\\/toyzinger.com\\\/es\\\/#website\"},\"primaryImageOfPage\":{\"@id\":\"https:\\\/\\\/toyzinger.com\\\/es\\\/biker-mice-from-mars\\\/#primaryimage\"},\"image\":{\"@id\":\"https:\\\/\\\/toyzinger.com\\\/es\\\/biker-mice-from-mars\\\/#primaryimage\"},\"thumbnailUrl\":\"https:\\\/\\\/toyzinger.com\\\/wp-content\\\/uploads\\\/2024\\\/06\\\/biker-mice-mars-art.webp\",\"datePublished\":\"2024-06-01T10:23:06+00:00\",\"dateModified\":\"2026-01-12T18:07:38+00:00\",\"breadcrumb\":{\"@id\":\"https:\\\/\\\/toyzinger.com\\\/es\\\/biker-mice-from-mars\\\/#breadcrumb\"},\"inLanguage\":\"es\",\"potentialAction\":[{\"@type\":\"ReadAction\",\"target\":[\"https:\\\/\\\/toyzinger.com\\\/es\\\/biker-mice-from-mars\\\/\"]}]},{\"@type\":\"ImageObject\",\"inLanguage\":\"es\",\"@id\":\"https:\\\/\\\/toyzinger.com\\\/es\\\/biker-mice-from-mars\\\/#primaryimage\",\"url\":\"https:\\\/\\\/toyzinger.com\\\/wp-content\\\/uploads\\\/2024\\\/06\\\/biker-mice-mars-art.webp\",\"contentUrl\":\"https:\\\/\\\/toyzinger.com\\\/wp-content\\\/uploads\\\/2024\\\/06\\\/biker-mice-mars-art.webp\",\"width\":1200,\"height\":300,\"caption\":\"Biker Mice from Mars - action figures\"},{\"@type\":\"BreadcrumbList\",\"@id\":\"https:\\\/\\\/toyzinger.com\\\/es\\\/biker-mice-from-mars\\\/#breadcrumb\",\"itemListElement\":[{\"@type\":\"ListItem\",\"position\":1,\"name\":\"Toyzinger\",\"item\":\"https:\\\/\\\/toyzinger.com\\\/es\\\/\"},{\"@type\":\"ListItem\",\"position\":2,\"name\":\"Biker Mice from Mars\"}]},{\"@type\":\"WebSite\",\"@id\":\"https:\\\/\\\/toyzinger.com\\\/es\\\/#website\",\"url\":\"https:\\\/\\\/toyzinger.com\\\/es\\\/\",\"name\":\"Toyzinger\",\"description\":\"Coleccionismo de figuras y juguetes\",\"publisher\":{\"@id\":\"https:\\\/\\\/toyzinger.com\\\/es\\\/#organization\"},\"potentialAction\":[{\"@type\":\"SearchAction\",\"target\":{\"@type\":\"EntryPoint\",\"urlTemplate\":\"https:\\\/\\\/toyzinger.com\\\/es\\\/?s={search_term_string}\"},\"query-input\":{\"@type\":\"PropertyValueSpecification\",\"valueRequired\":true,\"valueName\":\"search_term_string\"}}],\"inLanguage\":\"es\"},{\"@type\":\"Organization\",\"@id\":\"https:\\\/\\\/toyzinger.com\\\/es\\\/#organization\",\"name\":\"Toyzinger\",\"url\":\"https:\\\/\\\/toyzinger.com\\\/es\\\/\",\"logo\":{\"@type\":\"ImageObject\",\"inLanguage\":\"es\",\"@id\":\"https:\\\/\\\/toyzinger.com\\\/es\\\/#\\\/schema\\\/logo\\\/image\\\/\",\"url\":\"https:\\\/\\\/toyzinger.com\\\/wp-content\\\/uploads\\\/2022\\\/10\\\/toyzinger_logo.png\",\"contentUrl\":\"https:\\\/\\\/toyzinger.com\\\/wp-content\\\/uploads\\\/2022\\\/10\\\/toyzinger_logo.png\",\"width\":561,\"height\":568,\"caption\":\"Toyzinger\"},\"image\":{\"@id\":\"https:\\\/\\\/toyzinger.com\\\/es\\\/#\\\/schema\\\/logo\\\/image\\\/\"},\"sameAs\":[\"https:\\\/\\\/www.facebook.com\\\/toyzinger\",\"https:\\\/\\\/www.instagram.com\\\/toyzinger_com\\\/\"]}]}<\/script>\n<!-- \/ Yoast SEO plugin. -->","yoast_head_json":{"title":"Biker Mice from Mars - Toyzinger","robots":{"index":"index","follow":"follow","max-snippet":"max-snippet:-1","max-image-preview":"max-image-preview:large","max-video-preview":"max-video-preview:-1"},"canonical":"https:\/\/toyzinger.com\/es\/biker-mice-from-mars\/","og_locale":"es_ES","og_type":"article","og_title":"Biker Mice from Mars - Toyzinger","og_description":"Colecciones de figuras de Biker Mice from Mars: Sobre la Franquicia: Biker Mice from Mars, conocida como \u00abMotorratones de Marte\u00bb en Espa\u00f1a, es una serie animada de los a\u00f1os 90 que sigue a tres ratones motociclistas antropom\u00f3rficos de Marte: Throttle, Modo y Vinnie. Huyendo de los Plutarkianos, una raza alien\u00edgena que devast\u00f3 su planeta, llegan [&hellip;]","og_url":"https:\/\/toyzinger.com\/es\/biker-mice-from-mars\/","og_site_name":"Toyzinger","article_publisher":"https:\/\/www.facebook.com\/toyzinger","article_modified_time":"2026-01-12T18:07:38+00:00","og_image":[{"width":1200,"height":300,"url":"https:\/\/toyzinger.com\/wp-content\/uploads\/2024\/06\/biker-mice-mars-art.webp","type":"image\/webp"}],"twitter_card":"summary_large_image","twitter_misc":{"Tiempo de lectura":"2 minutos"},"schema":{"@context":"https:\/\/schema.org","@graph":[{"@type":"WebPage","@id":"https:\/\/toyzinger.com\/es\/biker-mice-from-mars\/","url":"https:\/\/toyzinger.com\/es\/biker-mice-from-mars\/","name":"Biker Mice from Mars - Toyzinger","isPartOf":{"@id":"https:\/\/toyzinger.com\/es\/#website"},"primaryImageOfPage":{"@id":"https:\/\/toyzinger.com\/es\/biker-mice-from-mars\/#primaryimage"},"image":{"@id":"https:\/\/toyzinger.com\/es\/biker-mice-from-mars\/#primaryimage"},"thumbnailUrl":"https:\/\/toyzinger.com\/wp-content\/uploads\/2024\/06\/biker-mice-mars-art.webp","datePublished":"2024-06-01T10:23:06+00:00","dateModified":"2026-01-12T18:07:38+00:00","breadcrumb":{"@id":"https:\/\/toyzinger.com\/es\/biker-mice-from-mars\/#breadcrumb"},"inLanguage":"es","potentialAction":[{"@type":"ReadAction","target":["https:\/\/toyzinger.com\/es\/biker-mice-from-mars\/"]}]},{"@type":"ImageObject","inLanguage":"es","@id":"https:\/\/toyzinger.com\/es\/biker-mice-from-mars\/#primaryimage","url":"https:\/\/toyzinger.com\/wp-content\/uploads\/2024\/06\/biker-mice-mars-art.webp","contentUrl":"https:\/\/toyzinger.com\/wp-content\/uploads\/2024\/06\/biker-mice-mars-art.webp","width":1200,"height":300,"caption":"Biker Mice from Mars - action figures"},{"@type":"BreadcrumbList","@id":"https:\/\/toyzinger.com\/es\/biker-mice-from-mars\/#breadcrumb","itemListElement":[{"@type":"ListItem","position":1,"name":"Toyzinger","item":"https:\/\/toyzinger.com\/es\/"},{"@type":"ListItem","position":2,"name":"Biker Mice from Mars"}]},{"@type":"WebSite","@id":"https:\/\/toyzinger.com\/es\/#website","url":"https:\/\/toyzinger.com\/es\/","name":"Toyzinger","description":"Coleccionismo de figuras y juguetes","publisher":{"@id":"https:\/\/toyzinger.com\/es\/#organization"},"potentialAction":[{"@type":"SearchAction","target":{"@type":"EntryPoint","urlTemplate":"https:\/\/toyzinger.com\/es\/?s={search_term_string}"},"query-input":{"@type":"PropertyValueSpecification","valueRequired":true,"valueName":"search_term_string"}}],"inLanguage":"es"},{"@type":"Organization","@id":"https:\/\/toyzinger.com\/es\/#organization","name":"Toyzinger","url":"https:\/\/toyzinger.com\/es\/","logo":{"@type":"ImageObject","inLanguage":"es","@id":"https:\/\/toyzinger.com\/es\/#\/schema\/logo\/image\/","url":"https:\/\/toyzinger.com\/wp-content\/uploads\/2022\/10\/toyzinger_logo.png","contentUrl":"https:\/\/toyzinger.com\/wp-content\/uploads\/2022\/10\/toyzinger_logo.png","width":561,"height":568,"caption":"Toyzinger"},"image":{"@id":"https:\/\/toyzinger.com\/es\/#\/schema\/logo\/image\/"},"sameAs":["https:\/\/www.facebook.com\/toyzinger","https:\/\/www.instagram.com\/toyzinger_com\/"]}]}},"coauthors":[],"author_meta":{"author_link":"https:\/\/toyzinger.com\/es\/blog\/author\/toyzinger\/","display_name":"toyzinger"},"relative_dates":{"created":"Publicado 2 a\u00f1os hace","modified":"Actualizado 3 meses hace"},"absolute_dates":{"created":"Publicado el 01\/06\/2024","modified":"Actualizado el 12\/01\/2026"},"absolute_dates_time":{"created":"Publicado el 01\/06\/2024 10:23","modified":"Actualizado el 12\/01\/2026 18:07"},"featured_img_caption":"","featured_img":"https:\/\/toyzinger.com\/wp-content\/uploads\/2024\/06\/biker-mice-mars-art.webp","series_order":"","toy_product_id":"","_links":{"self":[{"href":"https:\/\/toyzinger.com\/es\/wp-json\/wp\/v2\/pages\/19480","targetHints":{"allow":["GET"]}}],"collection":[{"href":"https:\/\/toyzinger.com\/es\/wp-json\/wp\/v2\/pages"}],"about":[{"href":"https:\/\/toyzinger.com\/es\/wp-json\/wp\/v2\/types\/page"}],"author":[{"embeddable":true,"href":"https:\/\/toyzinger.com\/es\/wp-json\/wp\/v2\/users\/2"}],"replies":[{"embeddable":true,"href":"https:\/\/toyzinger.com\/es\/wp-json\/wp\/v2\/comments?post=19480"}],"version-history":[{"count":1,"href":"https:\/\/toyzinger.com\/es\/wp-json\/wp\/v2\/pages\/19480\/revisions"}],"predecessor-version":[{"id":32725,"href":"https:\/\/toyzinger.com\/es\/wp-json\/wp\/v2\/pages\/19480\/revisions\/32725"}],"wp:featuredmedia":[{"embeddable":true,"href":"https:\/\/toyzinger.com\/es\/wp-json\/wp\/v2\/media\/19484"}],"wp:attachment":[{"href":"https:\/\/toyzinger.com\/es\/wp-json\/wp\/v2\/media?parent=19480"}],"wp:term":[{"taxonomy":"wf_page_folders","embeddable":true,"href":"https:\/\/toyzinger.com\/es\/wp-json\/wp\/v2\/wf_page_folders?post=19480"}],"curies":[{"name":"wp","href":"https:\/\/api.w.org\/{rel}","templated":true}]}}