{"id":2,"date":"2022-08-19T22:18:29","date_gmt":"2022-08-19T22:18:29","guid":{"rendered":"https:\/\/toyzinger.com\/?page_id=2"},"modified":"2026-02-25T10:10:50","modified_gmt":"2026-02-25T10:10:50","slug":"masters-of-the-universe","status":"publish","type":"page","link":"https:\/\/toyzinger.com\/es\/masters-of-the-universe\/","title":{"rendered":"M\u00e1sters del universo"},"content":{"rendered":"\n<h2 class=\"wp-block-heading\">Colecciones de figuras de MOTU:<\/h2>\n\n\n\n<p><\/p>\n\n\n\n<a class=\"toy-collection__base\" href=\"https:\/\/toyzinger.com\/es\/masters-of-the-universe\/checklist-motu-vintage\/\"><figure class=\"toy-collection__image\"><img decoding=\"async\" src=\"https:\/\/toyzinger.com\/wp-content\/uploads\/2026\/02\/motu-masters-del-universo-vintage-he-man-blister-front-250x300.webp\" alt=\"MOTU vintage figures\"\/><\/figure><ul class=\"toy-collection__info\"><li class=\"toy-collection__name\">MOTU Vintage<\/li><li class=\"toy-collection__manufacturer\">Mattel &#8211; (1982-1988)<\/li><\/ul><div class=\"toy-collection__arrow\">\u27a4<\/div><\/a>\n\n\n\n<a class=\"toy-collection__base\" href=\"https:\/\/toyzinger.com\/es\/masters-of-the-universe\/checklist-meteorbs\/\"><figure class=\"toy-collection__image\"><img decoding=\"async\" src=\"https:\/\/toyzinger.com\/wp-content\/uploads\/2026\/02\/motu-meteorbs-astro-lion-moc-250x300.webp\" alt=\"Meteorbs MOTU Figures\"\/><\/figure><ul class=\"toy-collection__info\"><li class=\"toy-collection__name\">Meteorbs<\/li><li class=\"toy-collection__manufacturer\">Mattel &#8211; (1986)<\/li><\/ul><div class=\"toy-collection__arrow\">\u27a4<\/div><\/a>\n\n\n\n<a class=\"toy-collection__base\" href=\"https:\/\/toyzinger.com\/es\/masters-of-the-universe\/checklist-motu-new-adventures\/\"><figure class=\"toy-collection__image\"><img decoding=\"async\" src=\"https:\/\/toyzinger.com\/wp-content\/uploads\/2026\/02\/he-mna-las-nuevas-aventuras-figura-heman-moc-250x300.jpg\" alt=\"He-man New Adventures figures\"\/><\/figure><ul class=\"toy-collection__info\"><li class=\"toy-collection__name\">He-man &#8211; New Adventures<\/li><li class=\"toy-collection__manufacturer\">Mattel &#8211; (1989-1992)<\/li><\/ul><div class=\"toy-collection__arrow\">\u27a4<\/div><\/a>\n\n\n\n<a class=\"toy-collection__base\" href=\"https:\/\/toyzinger.com\/es\/masters-of-the-universe\/checklist-masterverse-revelation\/\"><figure class=\"toy-collection__image\"><img decoding=\"async\" src=\"https:\/\/toyzinger.com\/wp-content\/uploads\/2026\/02\/masterverse-revelation-figura-heman-moc-250x300.jpg\" alt=\"MOTU Revelation Figures\"\/><\/figure><ul class=\"toy-collection__info\"><li class=\"toy-collection__name\">Masterverse &#8211; Revelation<\/li><li class=\"toy-collection__manufacturer\">Mattel &#8211; (2020-2024)<\/li><\/ul><div class=\"toy-collection__arrow\">\u27a4<\/div><\/a>\n\n\n\n<p><\/p>\n\n\n\n<h2 class=\"wp-block-heading\">Sobre la franquicia:<\/h2>\n\n\n\n<p><\/p>\n\n\n\n<p><strong>\u00abMasters del Universo\u00bb (MOTU)<\/strong> es una franquicia de entretenimiento que comenz\u00f3 en la d\u00e9cada de 1980 y es conocida principalmente por su l\u00ednea de juguetes, serie animada y c\u00f3mics.<\/p>\n\n\n\n<p><\/p>\n\n\n\n<p>Fue creada por la compa\u00f1\u00eda de juguetes Mattel y debut\u00f3 en 1981 con una serie de figuras de acci\u00f3n. La historia central gira en torno al conflicto en el planeta Eternia entre He-Man, el h\u00e9roe principal, y Skeletor, su archienemigo.<\/p>\n\n\n\n<p><\/p>\n\n\n\n<p>He-Man, cuyo nombre real es el Pr\u00edncipe Adam, posee una espada m\u00e1gica que le otorga fuerza sobrehumana cuando dice las palabras \u00abPor el poder de Grayskull\u2026 \u00a1Yo tengo el poder!\u00bb.<\/p>\n\n\n\n<p><\/p>\n\n\n\n<p>Su misi\u00f3n es proteger el Castillo Grayskull y sus secretos de las fuerzas malignas de Skeletor. La serie animada, que se estren\u00f3 en 1983, fue un \u00e9xito rotundo y se convirti\u00f3 en un icono cultural de los a\u00f1os 80.<\/p>\n\n\n\n<p><\/p>\n\n\n\n<p> Adem\u00e1s de la serie de televisi\u00f3n, la franquicia ha incluido c\u00f3mics, pel\u00edculas y una variedad de productos de merchandising.<\/p>\n\n\n\n<p><\/p>\n\n\n\n<p>En los a\u00f1os recientes, <strong>\u00abMasters del Universo\u00bb<\/strong> ha experimentado un resurgimiento con nuevas series animadas y colecciones de figuras, atrayendo tanto a nuevos fans como a aquellos que crecieron con la serie original.<\/p>\n","protected":false},"excerpt":{"rendered":"<p>Colecciones de figuras de MOTU: Sobre la franquicia: \u00abMasters del Universo\u00bb (MOTU) es una franquicia de entretenimiento que comenz\u00f3 en la d\u00e9cada de 1980 y es conocida principalmente por su l\u00ednea de juguetes, serie animada y c\u00f3mics. Fue creada por la compa\u00f1\u00eda de juguetes Mattel y debut\u00f3 en 1981 con una serie de figuras de [&hellip;]<\/p>\n","protected":false},"author":2,"featured_media":41,"parent":0,"menu_order":1,"comment_status":"closed","ping_status":"closed","template":"","meta":{"advgb_blocks_editor_width":"","advgb_blocks_columns_visual_guide":"","footnotes":""},"wf_page_folders":[10],"class_list":["post-2","page","type-page","status-publish","has-post-thumbnail","hentry"],"yoast_head":"<!-- This site is optimized with the Yoast SEO plugin v27.3 - https:\/\/yoast.com\/product\/yoast-seo-wordpress\/ -->\n<title>Figuras de M\u00e1sters del universo<\/title>\n<meta name=\"description\" content=\"Listado de las distintas colecciones de figuras de la franquicia Masters del Universo. Repasando su historia.\" \/>\n<meta name=\"robots\" content=\"index, follow, max-snippet:-1, max-image-preview:large, max-video-preview:-1\" \/>\n<link rel=\"canonical\" href=\"https:\/\/toyzinger.com\/es\/masters-of-the-universe\/\" \/>\n<meta property=\"og:locale\" content=\"es_ES\" \/>\n<meta property=\"og:type\" content=\"article\" \/>\n<meta property=\"og:title\" content=\"Figuras de M\u00e1sters del universo\" \/>\n<meta property=\"og:description\" content=\"Listado de las distintas colecciones de figuras de la franquicia Masters del Universo. Repasando su historia.\" \/>\n<meta property=\"og:url\" content=\"https:\/\/toyzinger.com\/es\/masters-of-the-universe\/\" \/>\n<meta property=\"og:site_name\" content=\"Toyzinger\" \/>\n<meta property=\"article:publisher\" content=\"https:\/\/www.facebook.com\/toyzinger\" \/>\n<meta property=\"article:modified_time\" content=\"2026-02-25T10:10:50+00:00\" \/>\n<meta property=\"og:image\" content=\"https:\/\/toyzinger.com\/wp-content\/uploads\/2022\/08\/Masters-of-the-Universe-Revelation-Poster-Header.jpg\" \/>\n\t<meta property=\"og:image:width\" content=\"1400\" \/>\n\t<meta property=\"og:image:height\" content=\"700\" \/>\n\t<meta property=\"og:image:type\" content=\"image\/jpeg\" \/>\n<meta name=\"twitter:card\" content=\"summary_large_image\" \/>\n<meta name=\"twitter:label1\" content=\"Tiempo de lectura\" \/>\n\t<meta name=\"twitter:data1\" content=\"2 minutos\" \/>\n<script type=\"application\/ld+json\" class=\"yoast-schema-graph\">{\"@context\":\"https:\\\/\\\/schema.org\",\"@graph\":[{\"@type\":\"WebPage\",\"@id\":\"https:\\\/\\\/toyzinger.com\\\/es\\\/masters-of-the-universe\\\/\",\"url\":\"https:\\\/\\\/toyzinger.com\\\/es\\\/masters-of-the-universe\\\/\",\"name\":\"Figuras de M\u00e1sters del universo\",\"isPartOf\":{\"@id\":\"https:\\\/\\\/toyzinger.com\\\/es\\\/#website\"},\"primaryImageOfPage\":{\"@id\":\"https:\\\/\\\/toyzinger.com\\\/es\\\/masters-of-the-universe\\\/#primaryimage\"},\"image\":{\"@id\":\"https:\\\/\\\/toyzinger.com\\\/es\\\/masters-of-the-universe\\\/#primaryimage\"},\"thumbnailUrl\":\"https:\\\/\\\/toyzinger.com\\\/wp-content\\\/uploads\\\/2022\\\/08\\\/Masters-of-the-Universe-Revelation-Poster-Header.jpg\",\"datePublished\":\"2022-08-19T22:18:29+00:00\",\"dateModified\":\"2026-02-25T10:10:50+00:00\",\"description\":\"Listado de las distintas colecciones de figuras de la franquicia Masters del Universo. Repasando su historia.\",\"breadcrumb\":{\"@id\":\"https:\\\/\\\/toyzinger.com\\\/es\\\/masters-of-the-universe\\\/#breadcrumb\"},\"inLanguage\":\"es\",\"potentialAction\":[{\"@type\":\"ReadAction\",\"target\":[\"https:\\\/\\\/toyzinger.com\\\/es\\\/masters-of-the-universe\\\/\"]}]},{\"@type\":\"ImageObject\",\"inLanguage\":\"es\",\"@id\":\"https:\\\/\\\/toyzinger.com\\\/es\\\/masters-of-the-universe\\\/#primaryimage\",\"url\":\"https:\\\/\\\/toyzinger.com\\\/wp-content\\\/uploads\\\/2022\\\/08\\\/Masters-of-the-Universe-Revelation-Poster-Header.jpg\",\"contentUrl\":\"https:\\\/\\\/toyzinger.com\\\/wp-content\\\/uploads\\\/2022\\\/08\\\/Masters-of-the-Universe-Revelation-Poster-Header.jpg\",\"width\":1400,\"height\":700,\"caption\":\"Figuras Colecci\u00f3n Masters del Universo - He-man\"},{\"@type\":\"BreadcrumbList\",\"@id\":\"https:\\\/\\\/toyzinger.com\\\/es\\\/masters-of-the-universe\\\/#breadcrumb\",\"itemListElement\":[{\"@type\":\"ListItem\",\"position\":1,\"name\":\"Toyzinger\",\"item\":\"https:\\\/\\\/toyzinger.com\\\/es\\\/\"},{\"@type\":\"ListItem\",\"position\":2,\"name\":\"M\u00e1sters del universo\"}]},{\"@type\":\"WebSite\",\"@id\":\"https:\\\/\\\/toyzinger.com\\\/es\\\/#website\",\"url\":\"https:\\\/\\\/toyzinger.com\\\/es\\\/\",\"name\":\"Toyzinger\",\"description\":\"Coleccionismo de figuras y juguetes\",\"publisher\":{\"@id\":\"https:\\\/\\\/toyzinger.com\\\/es\\\/#organization\"},\"potentialAction\":[{\"@type\":\"SearchAction\",\"target\":{\"@type\":\"EntryPoint\",\"urlTemplate\":\"https:\\\/\\\/toyzinger.com\\\/es\\\/?s={search_term_string}\"},\"query-input\":{\"@type\":\"PropertyValueSpecification\",\"valueRequired\":true,\"valueName\":\"search_term_string\"}}],\"inLanguage\":\"es\"},{\"@type\":\"Organization\",\"@id\":\"https:\\\/\\\/toyzinger.com\\\/es\\\/#organization\",\"name\":\"Toyzinger\",\"url\":\"https:\\\/\\\/toyzinger.com\\\/es\\\/\",\"logo\":{\"@type\":\"ImageObject\",\"inLanguage\":\"es\",\"@id\":\"https:\\\/\\\/toyzinger.com\\\/es\\\/#\\\/schema\\\/logo\\\/image\\\/\",\"url\":\"https:\\\/\\\/toyzinger.com\\\/wp-content\\\/uploads\\\/2022\\\/10\\\/toyzinger_logo.png\",\"contentUrl\":\"https:\\\/\\\/toyzinger.com\\\/wp-content\\\/uploads\\\/2022\\\/10\\\/toyzinger_logo.png\",\"width\":561,\"height\":568,\"caption\":\"Toyzinger\"},\"image\":{\"@id\":\"https:\\\/\\\/toyzinger.com\\\/es\\\/#\\\/schema\\\/logo\\\/image\\\/\"},\"sameAs\":[\"https:\\\/\\\/www.facebook.com\\\/toyzinger\",\"https:\\\/\\\/www.instagram.com\\\/toyzinger_com\\\/\"]}]}<\/script>\n<!-- \/ Yoast SEO plugin. -->","yoast_head_json":{"title":"Figuras de M\u00e1sters del universo","description":"Listado de las distintas colecciones de figuras de la franquicia Masters del Universo. Repasando su historia.","robots":{"index":"index","follow":"follow","max-snippet":"max-snippet:-1","max-image-preview":"max-image-preview:large","max-video-preview":"max-video-preview:-1"},"canonical":"https:\/\/toyzinger.com\/es\/masters-of-the-universe\/","og_locale":"es_ES","og_type":"article","og_title":"Figuras de M\u00e1sters del universo","og_description":"Listado de las distintas colecciones de figuras de la franquicia Masters del Universo. Repasando su historia.","og_url":"https:\/\/toyzinger.com\/es\/masters-of-the-universe\/","og_site_name":"Toyzinger","article_publisher":"https:\/\/www.facebook.com\/toyzinger","article_modified_time":"2026-02-25T10:10:50+00:00","og_image":[{"width":1400,"height":700,"url":"https:\/\/toyzinger.com\/wp-content\/uploads\/2022\/08\/Masters-of-the-Universe-Revelation-Poster-Header.jpg","type":"image\/jpeg"}],"twitter_card":"summary_large_image","twitter_misc":{"Tiempo de lectura":"2 minutos"},"schema":{"@context":"https:\/\/schema.org","@graph":[{"@type":"WebPage","@id":"https:\/\/toyzinger.com\/es\/masters-of-the-universe\/","url":"https:\/\/toyzinger.com\/es\/masters-of-the-universe\/","name":"Figuras de M\u00e1sters del universo","isPartOf":{"@id":"https:\/\/toyzinger.com\/es\/#website"},"primaryImageOfPage":{"@id":"https:\/\/toyzinger.com\/es\/masters-of-the-universe\/#primaryimage"},"image":{"@id":"https:\/\/toyzinger.com\/es\/masters-of-the-universe\/#primaryimage"},"thumbnailUrl":"https:\/\/toyzinger.com\/wp-content\/uploads\/2022\/08\/Masters-of-the-Universe-Revelation-Poster-Header.jpg","datePublished":"2022-08-19T22:18:29+00:00","dateModified":"2026-02-25T10:10:50+00:00","description":"Listado de las distintas colecciones de figuras de la franquicia Masters del Universo. Repasando su historia.","breadcrumb":{"@id":"https:\/\/toyzinger.com\/es\/masters-of-the-universe\/#breadcrumb"},"inLanguage":"es","potentialAction":[{"@type":"ReadAction","target":["https:\/\/toyzinger.com\/es\/masters-of-the-universe\/"]}]},{"@type":"ImageObject","inLanguage":"es","@id":"https:\/\/toyzinger.com\/es\/masters-of-the-universe\/#primaryimage","url":"https:\/\/toyzinger.com\/wp-content\/uploads\/2022\/08\/Masters-of-the-Universe-Revelation-Poster-Header.jpg","contentUrl":"https:\/\/toyzinger.com\/wp-content\/uploads\/2022\/08\/Masters-of-the-Universe-Revelation-Poster-Header.jpg","width":1400,"height":700,"caption":"Figuras Colecci\u00f3n Masters del Universo - He-man"},{"@type":"BreadcrumbList","@id":"https:\/\/toyzinger.com\/es\/masters-of-the-universe\/#breadcrumb","itemListElement":[{"@type":"ListItem","position":1,"name":"Toyzinger","item":"https:\/\/toyzinger.com\/es\/"},{"@type":"ListItem","position":2,"name":"M\u00e1sters del universo"}]},{"@type":"WebSite","@id":"https:\/\/toyzinger.com\/es\/#website","url":"https:\/\/toyzinger.com\/es\/","name":"Toyzinger","description":"Coleccionismo de figuras y juguetes","publisher":{"@id":"https:\/\/toyzinger.com\/es\/#organization"},"potentialAction":[{"@type":"SearchAction","target":{"@type":"EntryPoint","urlTemplate":"https:\/\/toyzinger.com\/es\/?s={search_term_string}"},"query-input":{"@type":"PropertyValueSpecification","valueRequired":true,"valueName":"search_term_string"}}],"inLanguage":"es"},{"@type":"Organization","@id":"https:\/\/toyzinger.com\/es\/#organization","name":"Toyzinger","url":"https:\/\/toyzinger.com\/es\/","logo":{"@type":"ImageObject","inLanguage":"es","@id":"https:\/\/toyzinger.com\/es\/#\/schema\/logo\/image\/","url":"https:\/\/toyzinger.com\/wp-content\/uploads\/2022\/10\/toyzinger_logo.png","contentUrl":"https:\/\/toyzinger.com\/wp-content\/uploads\/2022\/10\/toyzinger_logo.png","width":561,"height":568,"caption":"Toyzinger"},"image":{"@id":"https:\/\/toyzinger.com\/es\/#\/schema\/logo\/image\/"},"sameAs":["https:\/\/www.facebook.com\/toyzinger","https:\/\/www.instagram.com\/toyzinger_com\/"]}]}},"coauthors":[],"author_meta":{"author_link":"https:\/\/toyzinger.com\/es\/blog\/author\/toyzinger\/","display_name":"toyzinger"},"relative_dates":{"created":"Publicado 4 a\u00f1os hace","modified":"Actualizado 1 mes hace"},"absolute_dates":{"created":"Publicado el 19\/08\/2022","modified":"Actualizado el 25\/02\/2026"},"absolute_dates_time":{"created":"Publicado el 19\/08\/2022 22:18","modified":"Actualizado el 25\/02\/2026 10:10"},"featured_img_caption":"Figuras Colecci\u00f3n Masters del Universo - He-man","featured_img":"https:\/\/toyzinger.com\/wp-content\/uploads\/2022\/08\/Masters-of-the-Universe-Revelation-Poster-Header.jpg","series_order":"","toy_product_id":"","_links":{"self":[{"href":"https:\/\/toyzinger.com\/es\/wp-json\/wp\/v2\/pages\/2","targetHints":{"allow":["GET"]}}],"collection":[{"href":"https:\/\/toyzinger.com\/es\/wp-json\/wp\/v2\/pages"}],"about":[{"href":"https:\/\/toyzinger.com\/es\/wp-json\/wp\/v2\/types\/page"}],"author":[{"embeddable":true,"href":"https:\/\/toyzinger.com\/es\/wp-json\/wp\/v2\/users\/2"}],"replies":[{"embeddable":true,"href":"https:\/\/toyzinger.com\/es\/wp-json\/wp\/v2\/comments?post=2"}],"version-history":[{"count":7,"href":"https:\/\/toyzinger.com\/es\/wp-json\/wp\/v2\/pages\/2\/revisions"}],"predecessor-version":[{"id":33180,"href":"https:\/\/toyzinger.com\/es\/wp-json\/wp\/v2\/pages\/2\/revisions\/33180"}],"wp:featuredmedia":[{"embeddable":true,"href":"https:\/\/toyzinger.com\/es\/wp-json\/wp\/v2\/media\/41"}],"wp:attachment":[{"href":"https:\/\/toyzinger.com\/es\/wp-json\/wp\/v2\/media?parent=2"}],"wp:term":[{"taxonomy":"wf_page_folders","embeddable":true,"href":"https:\/\/toyzinger.com\/es\/wp-json\/wp\/v2\/wf_page_folders?post=2"}],"curies":[{"name":"wp","href":"https:\/\/api.w.org\/{rel}","templated":true}]}}