{"id":2015,"date":"2022-12-09T10:33:13","date_gmt":"2022-12-09T10:33:13","guid":{"rendered":"https:\/\/toyzinger.com\/?page_id=2015"},"modified":"2022-12-09T11:04:03","modified_gmt":"2022-12-09T11:04:03","slug":"politica-de-cookies-gdpr","status":"publish","type":"page","link":"https:\/\/toyzinger.com\/es\/politica-de-cookies-gdpr\/","title":{"rendered":"Pol\u00edtica de Cookies &#8211; GDPR"},"content":{"rendered":"\n<h2 class=\"wp-block-heading\">Pol\u00edtica de cookies<\/h2>\n\n\n\n<p><\/p>\n\n\n\n<p>En cumplimiento con el deber de informaci\u00f3n recogido en el apartado 2\u00ba del art\u00edculo 22 de la Ley 34\/2002, de 11 de Julio, de Servicios de la Sociedad de la Informaci\u00f3n y del Comercio Electr\u00f3nico, la presente pol\u00edtica de cookies tiene por finalidad informarle de manera clara y precisa sobre las cookies que se utilizan en la p\u00e1gina web de&nbsp;<strong>\u00abTOYZINGER\u00bb.<\/strong><\/p>\n\n\n\n<p><\/p>\n\n\n\n<h3 class=\"wp-block-heading\">\u00bfQu\u00e9 son las cookies?<\/h3>\n\n\n\n<p><\/p>\n\n\n\n<p>Una cookie es un fichero de peque\u00f1o tama\u00f1o que los sitios web env\u00edan al navegador y se descargan en su ordenador. Las cookies permiten que la p\u00e1gina web almacene y recupere la informaci\u00f3n sobre su visita, como su idioma preferido y otras opciones, con el fin de mejorar los servicios que se ofrecen y contribuir a tener una mejor experiencia de navegaci\u00f3n para el usuario.<\/p>\n\n\n\n<p><\/p>\n\n\n\n<h3 class=\"wp-block-heading\">Tipos de cookies<\/h3>\n\n\n\n<p><\/p>\n\n\n\n<p>En funci\u00f3n de qui\u00e9n gestione el dominio desde donde se env\u00edan las cookies y se traten los datos, se distinguir\u00e1 entre cookies propias y cookies de terceros.<\/p>\n\n\n\n<p>Las cookies tambi\u00e9n pueden clasificarse seg\u00fan el plazo de tiempo que permanezcan almacenadas en el navegador del usuario, distingui\u00e9ndose entre cookies de sesi\u00f3n o cookies persistentes.<\/p>\n\n\n\n<p>Finalmente, en funci\u00f3n de la finalidad para la que se trate la informaci\u00f3n recopilada, las cookies se pueden clasificar en las siguientes categor\u00edas:<\/p>\n\n\n\n<ul class=\"wp-block-list\">\n<li><strong>Cookies propias:<\/strong>&nbsp;Son aquellas cookies que son enviadas a su ordenador y gestionadas exclusivamente por nosotros para el mejor funcionamiento del Sitio Web. La informaci\u00f3n que recabamos se emplea para mejorar la calidad de nuestro servicio y su experiencia como usuario. Estas cookies permanecen en su navegador m\u00e1s tiempo, permiti\u00e9ndonos reconocerle como visitante recurrente del Sitio Web y adaptar el contenido para ofrecerle contenidos que se ajusten a sus preferencias.<\/li>\n\n\n\n<li><strong>Cookies t\u00e9cnicas:<\/strong>&nbsp;permiten al usuario navegar por un sitio web y utilizar algunos de los servicios ofrecidos por el mismo (como, por ejemplo, las que sirven para recordar los elementos integrantes de un carrito de compra).<\/li>\n\n\n\n<li><strong>Cookies de personalizaci\u00f3n:<\/strong>&nbsp;permiten que el usuario acceda al sitio web con unas caracter\u00edsticas determinadas, como puede ser el idioma.<\/li>\n\n\n\n<li><strong>Cookies de seguridad:<\/strong>&nbsp;sirven para impedir o dificultar los ataques contra el sitio web.<\/li>\n\n\n\n<li><strong>Cookies de complemento para intercambiar contenidos sociales:<\/strong>&nbsp;los llamados plug- in, que permiten compartir contenidos en redes sociales.<\/li>\n\n\n\n<li><strong>Cookies de an\u00e1lisis:<\/strong>&nbsp;permiten al responsable el seguimiento del comportamiento del usuario.<\/li>\n\n\n\n<li><strong>Cookies publicitarias:<\/strong>&nbsp;permiten gestionar los espacios de publicidad del sitio web.<\/li>\n\n\n\n<li><strong>Cookies de publicidad comportamental:<\/strong>&nbsp;como las anteriores, sirven para gestionar los espacios de publicidad del sitio web en funci\u00f3n de la informaci\u00f3n recogida sobre el comportamiento del usuario y sus h\u00e1bitos, adaptando la publicidad al perfil del usuario. Cookies de geolocalizaci\u00f3n: utilizadas para averiguar el pa\u00eds d\u00f3nde se encuentra el usuario.<\/li>\n<\/ul>\n\n\n\n<p><\/p>\n\n\n\n<h3 class=\"wp-block-heading\">Autorizaci\u00f3n para el uso de cookies<\/h3>\n\n\n\n<p><\/p>\n\n\n\n<p>De conformidad con el aviso de cookies que aparece en el sitio web, el usuario puede consentir expresamente el uso de cookies que requieran consentimiento; sin embargo, el uso de cookies t\u00e9cnicas o necesarias no requiere de consentimiento. Sin perjuicio de todo ello, el usuario puede modificar la configuraci\u00f3n de su navegador para rechazar el uso de las cookies.<\/p>\n\n\n\n<p><\/p>\n\n\n\n<h3 class=\"wp-block-heading\">C\u00f3mo modificar la configuraci\u00f3n de las cookies<\/h3>\n\n\n\n<p><\/p>\n\n\n\n<p>Usted puede restringir, bloquear o borrar las cookies de&nbsp;<strong>\u00abTOYZINGER\u00bb<\/strong>&nbsp;o cualquier otra p\u00e1gina web utilizando su navegador. En cada navegador la operativa es diferente, puede encontrar c\u00f3mo hacerlo en el men\u00fa de ayuda de su navegador d\u00f3nde se establece el procedimiento para su eliminaci\u00f3n. Para m\u00e1s informaci\u00f3n:<\/p>\n\n\n\n<ul class=\"wp-block-list\">\n<li>Google Chrome:&nbsp;<a href=\"https:\/\/support.google.com\/chrome\/answer\/95647?co=GENIE.Platform%3DDesktop&amp;hl=es\" target=\"_blank\" rel=\"noreferrer noopener\">M\u00e1s informaci\u00f3n en soporte de Google Chrome<\/a><\/li>\n\n\n\n<li>Mozilla Firefox:&nbsp;<a href=\"https:\/\/support.mozilla.org\/es\/kb\/habilitar-y-deshabilitar-cookies-sitios-web-rastrear-preferencias\" target=\"_blank\" rel=\"noreferrer noopener\">M\u00e1s informaci\u00f3n en soporte de Mozilla Firefox<\/a><\/li>\n\n\n\n<li>Safari:&nbsp;<a href=\"https:\/\/support.apple.com\/es-es\/guide\/safari\/sfri11471\/mac\" target=\"_blank\" rel=\"noreferrer noopener\">M\u00e1s informaci\u00f3n en soporte de Safari<\/a><\/li>\n\n\n\n<li>Internet Explorer:&nbsp;<a href=\"https:\/\/support.microsoft.com\/es-es\/help\/278835\/how-to-delete-cookie-files-in-internet-explorer\" target=\"_blank\" rel=\"noreferrer noopener\">M\u00e1s informaci\u00f3n en soporte de Internet Explorer<\/a><\/li>\n<\/ul>\n\n\n\n<p>Es posible que al deshabilitar las cookies la p\u00e1gina web no funcione correctamente o no pueda acceder a determinadas funciones de esta.<\/p>\n\n\n\n<p><\/p>\n\n\n\n<h3 class=\"wp-block-heading\">Cookies utilizadas en la web<\/h3>\n\n\n\n<p><\/p>\n\n\n\n<p>En el portal web se utilizan diferentes tipos de cookies con distintas finalidades, a continuaci\u00f3n, se enumeran las cookies empleadas:<\/p>\n\n\n\n<p>Dominio: toyzinger.com<\/p>\n\n\n\n<p><\/p>\n\n\n\n<p>_ga: Cookie anal\u00edtica. Se usa para diferenciar entre usuarios y sesiones. La cookie se crea al cargar la librer\u00eda javascript y no existe una versi\u00f3n previa de la cookie _ga. La cookie se actualiza cada vez que env\u00eda los datos a Google Analytics. Duraci\u00f3n: 2 a\u00f1os.<\/p>\n\n\n\n<p>_gat_gtag_UA_39551886_1: Cookie anal\u00edtica. Se usa para diferenciar entre los diferentes objetos de seguimiento creados en la sesi\u00f3n. La cookie se crea al cargar la librer\u00eda javascript y no existe una versi\u00f3n previa de la cookie _gat. La cookie se actualiza cada vez que env\u00eda los datos a Google Analytics. Duraci\u00f3n: 1 minuto.<\/p>\n\n\n\n<p>_gid: Se utiliza para distinguir a los usuarios. Duraci\u00f3n: 1 d\u00eda.<\/p>\n\n\n\n<p>BVBRANDID:Es una cookie persistente que permite a Bazaarvoice hacer el seguimiento de los datos anal\u00edticos del sitio web, como la frecuencia de visita del sitio, y asignarlos al mismo visitante del sitio web. Duraci\u00f3n: 1 a\u00f1o.<\/p>\n\n\n\n<p>BVBRANDSID: Es una cookie persistente que permite a Bazaarvoice hacer el seguimiento de los datos anal\u00edticos del sitio web, como la frecuencia de visita del sitio, y asignarlos al mismo visitante del sitio web. Duraci\u00f3n: 30 minutos.<\/p>\n\n\n\n<p>_fbp: Utilizada por Facebook para proporcionar una serie de productos publicitarios como pujas en tiempo real de terceros anunciantes. Duraci\u00f3n: 3 meses.<\/p>\n\n\n\n<p>_glc_au:Utilizada por Google AdSense para experimentar con la eficiencia publicitaria a trav\u00e9s de las webs usando sus servicios. Duraci\u00f3n: 3 meses.<\/p>\n\n\n\n<p>_ga: Cookie anal\u00edtica. Se usa para diferenciar entre usuarios y sesiones. La cookie se crea al cargar la librer\u00eda javascript y no existe una versi\u00f3n previa de la cookie _ga. La cookie se actualiza cada vez que env\u00eda los datos a Google Analytics. Duraci\u00f3n: 2 a\u00f1os.<\/p>\n\n\n\n<p>_gat: Cookie anal\u00edtica. Se usa para diferenciar entre los diferentes objetos de seguimiento creados en la sesi\u00f3n. La cookie se crea al cargar la librer\u00eda javascript y no existe una versi\u00f3n previa de la cookie _gat. La cookie se actualiza cada vez que env\u00eda los datos a Google Analytics. Duraci\u00f3n: 1 minuto.<\/p>\n\n\n\n<p>_gid: Se utiliza para distinguir a los usuarios. Duraci\u00f3n: 1 d\u00eda.<\/p>\n\n\n\n<p>co_active: Indica si el usuario ha aceptado la pol\u00edtica de cookies con el fin de mostrar o no el mensaje de aceptaci\u00f3n. Duraci\u00f3n: 3 meses.<\/p>\n\n\n\n<p><\/p>\n\n\n\n<h3 class=\"wp-block-heading\">Modificaci\u00f3n de las condiciones<\/h3>\n\n\n\n<p><\/p>\n\n\n\n<p><strong>\u00abTOYZINGER\u00bb<\/strong>&nbsp;se reserva expresamente el derecho a modificar unilateralmente, total o parcialmente, sin necesidad de previo aviso, la presente Pol\u00edtica de Cookies. El usuario reconoce y acepta que es su responsabilidad revisar la presente Pol\u00edtica de Cookies.<\/p>\n","protected":false},"excerpt":{"rendered":"<p>Pol\u00edtica de cookies En cumplimiento con el deber de informaci\u00f3n recogido en el apartado 2\u00ba del art\u00edculo 22 de la Ley 34\/2002, de 11 de Julio, de Servicios de la Sociedad de la Informaci\u00f3n y del Comercio Electr\u00f3nico, la presente pol\u00edtica de cookies tiene por finalidad informarle de manera clara y precisa sobre las cookies [&hellip;]<\/p>\n","protected":false},"author":2,"featured_media":530,"parent":0,"menu_order":0,"comment_status":"closed","ping_status":"closed","template":"","meta":{"advgb_blocks_editor_width":"","advgb_blocks_columns_visual_guide":"","footnotes":""},"wf_page_folders":[126],"class_list":["post-2015","page","type-page","status-publish","has-post-thumbnail","hentry"],"yoast_head":"<!-- This site is optimized with the Yoast SEO plugin v27.3 - https:\/\/yoast.com\/product\/yoast-seo-wordpress\/ -->\n<title>Pol\u00edtica de Cookies - GDPR - Toyzinger<\/title>\n<meta name=\"description\" content=\"Politica de Cookies - En cumplimiento con el deber de informaci\u00f3n recogido en el apartado 2\u00ba del art\u00edculo 22 de la Ley 34\/2002, de 11 de Julio, de Servicios de la Sociedad de la Informaci\u00f3n y del Comercio Electr\u00f3nico\" \/>\n<meta name=\"robots\" content=\"index, follow, max-snippet:-1, max-image-preview:large, max-video-preview:-1\" \/>\n<link rel=\"canonical\" href=\"https:\/\/toyzinger.com\/es\/politica-de-cookies-gdpr\/\" \/>\n<meta property=\"og:locale\" content=\"es_ES\" \/>\n<meta property=\"og:type\" content=\"article\" \/>\n<meta property=\"og:title\" content=\"Pol\u00edtica de Cookies - GDPR - Toyzinger\" \/>\n<meta property=\"og:description\" content=\"Politica de Cookies - En cumplimiento con el deber de informaci\u00f3n recogido en el apartado 2\u00ba del art\u00edculo 22 de la Ley 34\/2002, de 11 de Julio, de Servicios de la Sociedad de la Informaci\u00f3n y del Comercio Electr\u00f3nico\" \/>\n<meta property=\"og:url\" content=\"https:\/\/toyzinger.com\/es\/politica-de-cookies-gdpr\/\" \/>\n<meta property=\"og:site_name\" content=\"Toyzinger\" \/>\n<meta property=\"article:publisher\" content=\"https:\/\/www.facebook.com\/toyzinger\" \/>\n<meta property=\"article:modified_time\" content=\"2022-12-09T11:04:03+00:00\" \/>\n<meta property=\"og:image\" content=\"https:\/\/toyzinger.com\/wp-content\/uploads\/2022\/11\/toyzinger-juguetes-colleccionables.jpg\" \/>\n\t<meta property=\"og:image:width\" content=\"600\" \/>\n\t<meta property=\"og:image:height\" content=\"400\" \/>\n\t<meta property=\"og:image:type\" content=\"image\/jpeg\" \/>\n<meta name=\"twitter:card\" content=\"summary_large_image\" \/>\n<meta name=\"twitter:label1\" content=\"Tiempo de lectura\" \/>\n\t<meta name=\"twitter:data1\" content=\"5 minutos\" \/>\n<script type=\"application\/ld+json\" class=\"yoast-schema-graph\">{\"@context\":\"https:\\\/\\\/schema.org\",\"@graph\":[{\"@type\":\"WebPage\",\"@id\":\"https:\\\/\\\/toyzinger.com\\\/es\\\/politica-de-cookies-gdpr\\\/\",\"url\":\"https:\\\/\\\/toyzinger.com\\\/es\\\/politica-de-cookies-gdpr\\\/\",\"name\":\"Pol\u00edtica de Cookies - GDPR - Toyzinger\",\"isPartOf\":{\"@id\":\"https:\\\/\\\/toyzinger.com\\\/es\\\/#website\"},\"primaryImageOfPage\":{\"@id\":\"https:\\\/\\\/toyzinger.com\\\/es\\\/politica-de-cookies-gdpr\\\/#primaryimage\"},\"image\":{\"@id\":\"https:\\\/\\\/toyzinger.com\\\/es\\\/politica-de-cookies-gdpr\\\/#primaryimage\"},\"thumbnailUrl\":\"https:\\\/\\\/toyzinger.com\\\/wp-content\\\/uploads\\\/2022\\\/11\\\/toyzinger-juguetes-colleccionables.jpg\",\"datePublished\":\"2022-12-09T10:33:13+00:00\",\"dateModified\":\"2022-12-09T11:04:03+00:00\",\"description\":\"Politica de Cookies - En cumplimiento con el deber de informaci\u00f3n recogido en el apartado 2\u00ba del art\u00edculo 22 de la Ley 34\\\/2002, de 11 de Julio, de Servicios de la Sociedad de la Informaci\u00f3n y del Comercio Electr\u00f3nico\",\"breadcrumb\":{\"@id\":\"https:\\\/\\\/toyzinger.com\\\/es\\\/politica-de-cookies-gdpr\\\/#breadcrumb\"},\"inLanguage\":\"es\",\"potentialAction\":[{\"@type\":\"ReadAction\",\"target\":[\"https:\\\/\\\/toyzinger.com\\\/es\\\/politica-de-cookies-gdpr\\\/\"]}]},{\"@type\":\"ImageObject\",\"inLanguage\":\"es\",\"@id\":\"https:\\\/\\\/toyzinger.com\\\/es\\\/politica-de-cookies-gdpr\\\/#primaryimage\",\"url\":\"https:\\\/\\\/toyzinger.com\\\/wp-content\\\/uploads\\\/2022\\\/11\\\/toyzinger-juguetes-colleccionables.jpg\",\"contentUrl\":\"https:\\\/\\\/toyzinger.com\\\/wp-content\\\/uploads\\\/2022\\\/11\\\/toyzinger-juguetes-colleccionables.jpg\",\"width\":600,\"height\":400},{\"@type\":\"BreadcrumbList\",\"@id\":\"https:\\\/\\\/toyzinger.com\\\/es\\\/politica-de-cookies-gdpr\\\/#breadcrumb\",\"itemListElement\":[{\"@type\":\"ListItem\",\"position\":1,\"name\":\"Toyzinger\",\"item\":\"https:\\\/\\\/toyzinger.com\\\/es\\\/\"},{\"@type\":\"ListItem\",\"position\":2,\"name\":\"Pol\u00edtica de Cookies &#8211; GDPR\"}]},{\"@type\":\"WebSite\",\"@id\":\"https:\\\/\\\/toyzinger.com\\\/es\\\/#website\",\"url\":\"https:\\\/\\\/toyzinger.com\\\/es\\\/\",\"name\":\"Toyzinger\",\"description\":\"Coleccionismo de figuras y juguetes\",\"publisher\":{\"@id\":\"https:\\\/\\\/toyzinger.com\\\/es\\\/#organization\"},\"potentialAction\":[{\"@type\":\"SearchAction\",\"target\":{\"@type\":\"EntryPoint\",\"urlTemplate\":\"https:\\\/\\\/toyzinger.com\\\/es\\\/?s={search_term_string}\"},\"query-input\":{\"@type\":\"PropertyValueSpecification\",\"valueRequired\":true,\"valueName\":\"search_term_string\"}}],\"inLanguage\":\"es\"},{\"@type\":\"Organization\",\"@id\":\"https:\\\/\\\/toyzinger.com\\\/es\\\/#organization\",\"name\":\"Toyzinger\",\"url\":\"https:\\\/\\\/toyzinger.com\\\/es\\\/\",\"logo\":{\"@type\":\"ImageObject\",\"inLanguage\":\"es\",\"@id\":\"https:\\\/\\\/toyzinger.com\\\/es\\\/#\\\/schema\\\/logo\\\/image\\\/\",\"url\":\"https:\\\/\\\/toyzinger.com\\\/wp-content\\\/uploads\\\/2022\\\/10\\\/toyzinger_logo.png\",\"contentUrl\":\"https:\\\/\\\/toyzinger.com\\\/wp-content\\\/uploads\\\/2022\\\/10\\\/toyzinger_logo.png\",\"width\":561,\"height\":568,\"caption\":\"Toyzinger\"},\"image\":{\"@id\":\"https:\\\/\\\/toyzinger.com\\\/es\\\/#\\\/schema\\\/logo\\\/image\\\/\"},\"sameAs\":[\"https:\\\/\\\/www.facebook.com\\\/toyzinger\",\"https:\\\/\\\/www.instagram.com\\\/toyzinger_com\\\/\"]}]}<\/script>\n<!-- \/ Yoast SEO plugin. -->","yoast_head_json":{"title":"Pol\u00edtica de Cookies - GDPR - Toyzinger","description":"Politica de Cookies - En cumplimiento con el deber de informaci\u00f3n recogido en el apartado 2\u00ba del art\u00edculo 22 de la Ley 34\/2002, de 11 de Julio, de Servicios de la Sociedad de la Informaci\u00f3n y del Comercio Electr\u00f3nico","robots":{"index":"index","follow":"follow","max-snippet":"max-snippet:-1","max-image-preview":"max-image-preview:large","max-video-preview":"max-video-preview:-1"},"canonical":"https:\/\/toyzinger.com\/es\/politica-de-cookies-gdpr\/","og_locale":"es_ES","og_type":"article","og_title":"Pol\u00edtica de Cookies - GDPR - Toyzinger","og_description":"Politica de Cookies - En cumplimiento con el deber de informaci\u00f3n recogido en el apartado 2\u00ba del art\u00edculo 22 de la Ley 34\/2002, de 11 de Julio, de Servicios de la Sociedad de la Informaci\u00f3n y del Comercio Electr\u00f3nico","og_url":"https:\/\/toyzinger.com\/es\/politica-de-cookies-gdpr\/","og_site_name":"Toyzinger","article_publisher":"https:\/\/www.facebook.com\/toyzinger","article_modified_time":"2022-12-09T11:04:03+00:00","og_image":[{"width":600,"height":400,"url":"https:\/\/toyzinger.com\/wp-content\/uploads\/2022\/11\/toyzinger-juguetes-colleccionables.jpg","type":"image\/jpeg"}],"twitter_card":"summary_large_image","twitter_misc":{"Tiempo de lectura":"5 minutos"},"schema":{"@context":"https:\/\/schema.org","@graph":[{"@type":"WebPage","@id":"https:\/\/toyzinger.com\/es\/politica-de-cookies-gdpr\/","url":"https:\/\/toyzinger.com\/es\/politica-de-cookies-gdpr\/","name":"Pol\u00edtica de Cookies - GDPR - Toyzinger","isPartOf":{"@id":"https:\/\/toyzinger.com\/es\/#website"},"primaryImageOfPage":{"@id":"https:\/\/toyzinger.com\/es\/politica-de-cookies-gdpr\/#primaryimage"},"image":{"@id":"https:\/\/toyzinger.com\/es\/politica-de-cookies-gdpr\/#primaryimage"},"thumbnailUrl":"https:\/\/toyzinger.com\/wp-content\/uploads\/2022\/11\/toyzinger-juguetes-colleccionables.jpg","datePublished":"2022-12-09T10:33:13+00:00","dateModified":"2022-12-09T11:04:03+00:00","description":"Politica de Cookies - En cumplimiento con el deber de informaci\u00f3n recogido en el apartado 2\u00ba del art\u00edculo 22 de la Ley 34\/2002, de 11 de Julio, de Servicios de la Sociedad de la Informaci\u00f3n y del Comercio Electr\u00f3nico","breadcrumb":{"@id":"https:\/\/toyzinger.com\/es\/politica-de-cookies-gdpr\/#breadcrumb"},"inLanguage":"es","potentialAction":[{"@type":"ReadAction","target":["https:\/\/toyzinger.com\/es\/politica-de-cookies-gdpr\/"]}]},{"@type":"ImageObject","inLanguage":"es","@id":"https:\/\/toyzinger.com\/es\/politica-de-cookies-gdpr\/#primaryimage","url":"https:\/\/toyzinger.com\/wp-content\/uploads\/2022\/11\/toyzinger-juguetes-colleccionables.jpg","contentUrl":"https:\/\/toyzinger.com\/wp-content\/uploads\/2022\/11\/toyzinger-juguetes-colleccionables.jpg","width":600,"height":400},{"@type":"BreadcrumbList","@id":"https:\/\/toyzinger.com\/es\/politica-de-cookies-gdpr\/#breadcrumb","itemListElement":[{"@type":"ListItem","position":1,"name":"Toyzinger","item":"https:\/\/toyzinger.com\/es\/"},{"@type":"ListItem","position":2,"name":"Pol\u00edtica de Cookies &#8211; GDPR"}]},{"@type":"WebSite","@id":"https:\/\/toyzinger.com\/es\/#website","url":"https:\/\/toyzinger.com\/es\/","name":"Toyzinger","description":"Coleccionismo de figuras y juguetes","publisher":{"@id":"https:\/\/toyzinger.com\/es\/#organization"},"potentialAction":[{"@type":"SearchAction","target":{"@type":"EntryPoint","urlTemplate":"https:\/\/toyzinger.com\/es\/?s={search_term_string}"},"query-input":{"@type":"PropertyValueSpecification","valueRequired":true,"valueName":"search_term_string"}}],"inLanguage":"es"},{"@type":"Organization","@id":"https:\/\/toyzinger.com\/es\/#organization","name":"Toyzinger","url":"https:\/\/toyzinger.com\/es\/","logo":{"@type":"ImageObject","inLanguage":"es","@id":"https:\/\/toyzinger.com\/es\/#\/schema\/logo\/image\/","url":"https:\/\/toyzinger.com\/wp-content\/uploads\/2022\/10\/toyzinger_logo.png","contentUrl":"https:\/\/toyzinger.com\/wp-content\/uploads\/2022\/10\/toyzinger_logo.png","width":561,"height":568,"caption":"Toyzinger"},"image":{"@id":"https:\/\/toyzinger.com\/es\/#\/schema\/logo\/image\/"},"sameAs":["https:\/\/www.facebook.com\/toyzinger","https:\/\/www.instagram.com\/toyzinger_com\/"]}]}},"coauthors":[],"author_meta":{"author_link":"https:\/\/toyzinger.com\/es\/blog\/author\/toyzinger\/","display_name":"toyzinger"},"relative_dates":{"created":"Publicado 3 a\u00f1os hace","modified":"Actualizado 3 a\u00f1os hace"},"absolute_dates":{"created":"Publicado el 09\/12\/2022","modified":"Actualizado el 09\/12\/2022"},"absolute_dates_time":{"created":"Publicado el 09\/12\/2022 10:33","modified":"Actualizado el 09\/12\/2022 11:04"},"featured_img_caption":"","featured_img":"https:\/\/toyzinger.com\/wp-content\/uploads\/2022\/11\/toyzinger-juguetes-colleccionables.jpg","series_order":"","toy_product_id":"","_links":{"self":[{"href":"https:\/\/toyzinger.com\/es\/wp-json\/wp\/v2\/pages\/2015","targetHints":{"allow":["GET"]}}],"collection":[{"href":"https:\/\/toyzinger.com\/es\/wp-json\/wp\/v2\/pages"}],"about":[{"href":"https:\/\/toyzinger.com\/es\/wp-json\/wp\/v2\/types\/page"}],"author":[{"embeddable":true,"href":"https:\/\/toyzinger.com\/es\/wp-json\/wp\/v2\/users\/2"}],"replies":[{"embeddable":true,"href":"https:\/\/toyzinger.com\/es\/wp-json\/wp\/v2\/comments?post=2015"}],"version-history":[{"count":0,"href":"https:\/\/toyzinger.com\/es\/wp-json\/wp\/v2\/pages\/2015\/revisions"}],"wp:featuredmedia":[{"embeddable":true,"href":"https:\/\/toyzinger.com\/es\/wp-json\/wp\/v2\/media\/530"}],"wp:attachment":[{"href":"https:\/\/toyzinger.com\/es\/wp-json\/wp\/v2\/media?parent=2015"}],"wp:term":[{"taxonomy":"wf_page_folders","embeddable":true,"href":"https:\/\/toyzinger.com\/es\/wp-json\/wp\/v2\/wf_page_folders?post=2015"}],"curies":[{"name":"wp","href":"https:\/\/api.w.org\/{rel}","templated":true}]}}