{"id":2033,"date":"2022-12-09T14:27:14","date_gmt":"2022-12-09T14:27:14","guid":{"rendered":"https:\/\/toyzinger.com\/?page_id=2033"},"modified":"2026-04-04T22:01:29","modified_gmt":"2026-04-04T22:01:29","slug":"dragon-ball","status":"publish","type":"page","link":"https:\/\/toyzinger.com\/es\/dragon-ball\/","title":{"rendered":"Dragon Ball"},"content":{"rendered":"\n<h2 class=\"wp-block-heading\">Colecciones de figuras de Dragon Ball:<\/h2>\n\n\n\n<p><\/p>\n\n\n\n<a class=\"toy-collection__base\" href=\"https:\/\/toyzinger.com\/es\/dragon-ball\/checklist-dragon-ball-epoch\/\"><figure class=\"toy-collection__image\"><img decoding=\"async\" src=\"https:\/\/toyzinger.com\/wp-content\/uploads\/2026\/02\/dragon-ball-epoch-muscle-tower-3F-box-250x300.webp\" alt=\"Dragon ball Epoch vintage figures\"\/><\/figure><ul class=\"toy-collection__info\"><li class=\"toy-collection__name\">Dragon Ball<\/li><li class=\"toy-collection__manufacturer\">Epoch &#8211; (1986)<\/li><\/ul><div class=\"toy-collection__arrow\">\u27a4<\/div><\/a>\n\n\n\n<a class=\"toy-collection__base\" href=\"https:\/\/toyzinger.com\/es\/dragon-ball\/super-collection\/\"><figure class=\"toy-collection__image\"><img decoding=\"async\" src=\"https:\/\/toyzinger.com\/wp-content\/uploads\/2026\/02\/dragon-ball-super-collection-figuras-coleccion-bandai-1-son-gokou-250x300.jpg\" alt=\"Super Collection - DB Vintage figures\"\/><\/figure><ul class=\"toy-collection__info\"><li class=\"toy-collection__name\">Super Collection<\/li><li class=\"toy-collection__manufacturer\">Bandai &#8211; (1991-1993)<\/li><\/ul><div class=\"toy-collection__arrow\">\u27a4<\/div><\/a>\n\n\n\n<a class=\"toy-collection__base\" href=\"https:\/\/toyzinger.com\/es\/dragon-ball\/super-battle-collection\/\"><figure class=\"toy-collection__image\"><img decoding=\"async\" src=\"https:\/\/toyzinger.com\/wp-content\/uploads\/2026\/02\/dragon-ball-figura-super-battle-collection-1-son-gokou-box-250x300.jpg\" alt=\"DB Super Battle Collection Figures\"\/><\/figure><ul class=\"toy-collection__info\"><li class=\"toy-collection__name\">Super Battle Collection<\/li><li class=\"toy-collection__manufacturer\">Bandai &#8211; (1992-1998)<\/li><\/ul><div class=\"toy-collection__arrow\">\u27a4<\/div><\/a>\n\n\n\n<a class=\"toy-collection__base\" href=\"https:\/\/toyzinger.com\/es\/dragon-ball\/checklist-sh-figuarts\/\"><figure class=\"toy-collection__image\"><img decoding=\"async\" src=\"https:\/\/toyzinger.com\/wp-content\/uploads\/2022\/12\/dragon-ball-figuras-coleccion-goku-piccolo-300x75.jpg\" alt=\"Figuras coleccionables Dragon ball\"\/><\/figure><ul class=\"toy-collection__info\"><li class=\"toy-collection__name\">S.H. Figuarts<\/li><li class=\"toy-collection__manufacturer\">Tamashii Nations &#8211; (2009-2026)<\/li><\/ul><div class=\"toy-collection__arrow\">\u27a4<\/div><\/a>\n\n\n\n<p><\/p>\n\n\n\n<h2 class=\"wp-block-heading\">Sobre la Franquicia:<\/h2>\n\n\n\n<p><\/p>\n\n\n\n<p>Dragon Ball es un manga escrito e ilustrado por Akira Toriyama. Fue publicado originalmente en la revista Sh\u014dnen Jump en el a\u00f1o 1984, y se ha convertido con el tiempo en uno de los mangas\/animes m\u00e1s exitosos de la historia. Hasta la fecha, se siguen publicando comics, series animadas, pel\u00edculas, videojuegos\u2026 y por supuesto figuras \ud83d\ude09<\/p>\n\n\n\n<p><\/p>\n\n\n\n<p>La historia explica las aventuras de Goku y sus amigos, y como tratan de conseguir las 7 Bolas de Drag\u00f3n (dragon balls), las cuales est\u00e1n desperdigadas por todo el planeta, si se consigue encontrarlas todas, tienen el poder de invocar a Sheron, un drag\u00f3n m\u00e1gico que concede deseos. Durante sus aventuras se encuentran con m\u00faltiples enemigos que intentan conseguir el mismo objetivo. Poco a poco la serie se va centrando m\u00e1s en las batallas y como Goku lucha para proteger el planeta Tierra de todos los enemigos que amenazan en conquistarlo y exterminar la humanidad.<\/p>\n\n\n\n<p><\/p>\n\n\n\n<p>Obviamente, igual que toda serie de \u00e9xito como Dragon ball existen varias l\u00edneas de figuras coleccionables con los personajes de la serie.<\/p>\n","protected":false},"excerpt":{"rendered":"<p>Colecciones de figuras de Dragon Ball: Sobre la Franquicia: Dragon Ball es un manga escrito e ilustrado por Akira Toriyama. Fue publicado originalmente en la revista Sh\u014dnen Jump en el a\u00f1o 1984, y se ha convertido con el tiempo en uno de los mangas\/animes m\u00e1s exitosos de la historia. Hasta la fecha, se siguen publicando [&hellip;]<\/p>\n","protected":false},"author":2,"featured_media":2036,"parent":0,"menu_order":0,"comment_status":"closed","ping_status":"closed","template":"","meta":{"advgb_blocks_editor_width":"","advgb_blocks_columns_visual_guide":"","footnotes":""},"wf_page_folders":[29],"class_list":["post-2033","page","type-page","status-publish","has-post-thumbnail","hentry"],"yoast_head":"<!-- This site is optimized with the Yoast SEO plugin v27.3 - https:\/\/yoast.com\/product\/yoast-seo-wordpress\/ -->\n<title>Dragon Ball - Toyzinger<\/title>\n<meta name=\"description\" content=\"Listado de figuras coleccionables de Dragon ball\" \/>\n<meta name=\"robots\" content=\"index, follow, max-snippet:-1, max-image-preview:large, max-video-preview:-1\" \/>\n<link rel=\"canonical\" href=\"https:\/\/toyzinger.com\/es\/dragon-ball\/\" \/>\n<meta property=\"og:locale\" content=\"es_ES\" \/>\n<meta property=\"og:type\" content=\"article\" \/>\n<meta property=\"og:title\" content=\"Dragon Ball - Toyzinger\" \/>\n<meta property=\"og:description\" content=\"Listado de figuras coleccionables de Dragon ball\" \/>\n<meta property=\"og:url\" content=\"https:\/\/toyzinger.com\/es\/dragon-ball\/\" \/>\n<meta property=\"og:site_name\" content=\"Toyzinger\" \/>\n<meta property=\"article:publisher\" content=\"https:\/\/www.facebook.com\/toyzinger\" \/>\n<meta property=\"article:modified_time\" content=\"2026-04-04T22:01:29+00:00\" \/>\n<meta property=\"og:image\" content=\"https:\/\/toyzinger.com\/wp-content\/uploads\/2022\/12\/dragon-ball-figuras-coleccionables.jpg\" \/>\n\t<meta property=\"og:image:width\" content=\"1200\" \/>\n\t<meta property=\"og:image:height\" content=\"300\" \/>\n\t<meta property=\"og:image:type\" content=\"image\/jpeg\" \/>\n<meta name=\"twitter:card\" content=\"summary_large_image\" \/>\n<meta name=\"twitter:label1\" content=\"Tiempo de lectura\" \/>\n\t<meta name=\"twitter:data1\" content=\"2 minutos\" \/>\n<script type=\"application\/ld+json\" class=\"yoast-schema-graph\">{\"@context\":\"https:\\\/\\\/schema.org\",\"@graph\":[{\"@type\":\"WebPage\",\"@id\":\"https:\\\/\\\/toyzinger.com\\\/es\\\/dragon-ball\\\/\",\"url\":\"https:\\\/\\\/toyzinger.com\\\/es\\\/dragon-ball\\\/\",\"name\":\"Dragon Ball - Toyzinger\",\"isPartOf\":{\"@id\":\"https:\\\/\\\/toyzinger.com\\\/es\\\/#website\"},\"primaryImageOfPage\":{\"@id\":\"https:\\\/\\\/toyzinger.com\\\/es\\\/dragon-ball\\\/#primaryimage\"},\"image\":{\"@id\":\"https:\\\/\\\/toyzinger.com\\\/es\\\/dragon-ball\\\/#primaryimage\"},\"thumbnailUrl\":\"https:\\\/\\\/toyzinger.com\\\/wp-content\\\/uploads\\\/2022\\\/12\\\/dragon-ball-figuras-coleccionables.jpg\",\"datePublished\":\"2022-12-09T14:27:14+00:00\",\"dateModified\":\"2026-04-04T22:01:29+00:00\",\"description\":\"Listado de figuras coleccionables de Dragon ball\",\"breadcrumb\":{\"@id\":\"https:\\\/\\\/toyzinger.com\\\/es\\\/dragon-ball\\\/#breadcrumb\"},\"inLanguage\":\"es\",\"potentialAction\":[{\"@type\":\"ReadAction\",\"target\":[\"https:\\\/\\\/toyzinger.com\\\/es\\\/dragon-ball\\\/\"]}]},{\"@type\":\"ImageObject\",\"inLanguage\":\"es\",\"@id\":\"https:\\\/\\\/toyzinger.com\\\/es\\\/dragon-ball\\\/#primaryimage\",\"url\":\"https:\\\/\\\/toyzinger.com\\\/wp-content\\\/uploads\\\/2022\\\/12\\\/dragon-ball-figuras-coleccionables.jpg\",\"contentUrl\":\"https:\\\/\\\/toyzinger.com\\\/wp-content\\\/uploads\\\/2022\\\/12\\\/dragon-ball-figuras-coleccionables.jpg\",\"width\":1200,\"height\":300,\"caption\":\"Dragon Ball colecci\u00f3n de figuras\"},{\"@type\":\"BreadcrumbList\",\"@id\":\"https:\\\/\\\/toyzinger.com\\\/es\\\/dragon-ball\\\/#breadcrumb\",\"itemListElement\":[{\"@type\":\"ListItem\",\"position\":1,\"name\":\"Toyzinger\",\"item\":\"https:\\\/\\\/toyzinger.com\\\/es\\\/\"},{\"@type\":\"ListItem\",\"position\":2,\"name\":\"Dragon Ball\"}]},{\"@type\":\"WebSite\",\"@id\":\"https:\\\/\\\/toyzinger.com\\\/es\\\/#website\",\"url\":\"https:\\\/\\\/toyzinger.com\\\/es\\\/\",\"name\":\"Toyzinger\",\"description\":\"Coleccionismo de figuras y juguetes\",\"publisher\":{\"@id\":\"https:\\\/\\\/toyzinger.com\\\/es\\\/#organization\"},\"potentialAction\":[{\"@type\":\"SearchAction\",\"target\":{\"@type\":\"EntryPoint\",\"urlTemplate\":\"https:\\\/\\\/toyzinger.com\\\/es\\\/?s={search_term_string}\"},\"query-input\":{\"@type\":\"PropertyValueSpecification\",\"valueRequired\":true,\"valueName\":\"search_term_string\"}}],\"inLanguage\":\"es\"},{\"@type\":\"Organization\",\"@id\":\"https:\\\/\\\/toyzinger.com\\\/es\\\/#organization\",\"name\":\"Toyzinger\",\"url\":\"https:\\\/\\\/toyzinger.com\\\/es\\\/\",\"logo\":{\"@type\":\"ImageObject\",\"inLanguage\":\"es\",\"@id\":\"https:\\\/\\\/toyzinger.com\\\/es\\\/#\\\/schema\\\/logo\\\/image\\\/\",\"url\":\"https:\\\/\\\/toyzinger.com\\\/wp-content\\\/uploads\\\/2022\\\/10\\\/toyzinger_logo.png\",\"contentUrl\":\"https:\\\/\\\/toyzinger.com\\\/wp-content\\\/uploads\\\/2022\\\/10\\\/toyzinger_logo.png\",\"width\":561,\"height\":568,\"caption\":\"Toyzinger\"},\"image\":{\"@id\":\"https:\\\/\\\/toyzinger.com\\\/es\\\/#\\\/schema\\\/logo\\\/image\\\/\"},\"sameAs\":[\"https:\\\/\\\/www.facebook.com\\\/toyzinger\",\"https:\\\/\\\/www.instagram.com\\\/toyzinger_com\\\/\"]}]}<\/script>\n<!-- \/ Yoast SEO plugin. -->","yoast_head_json":{"title":"Dragon Ball - Toyzinger","description":"Listado de figuras coleccionables de Dragon ball","robots":{"index":"index","follow":"follow","max-snippet":"max-snippet:-1","max-image-preview":"max-image-preview:large","max-video-preview":"max-video-preview:-1"},"canonical":"https:\/\/toyzinger.com\/es\/dragon-ball\/","og_locale":"es_ES","og_type":"article","og_title":"Dragon Ball - Toyzinger","og_description":"Listado de figuras coleccionables de Dragon ball","og_url":"https:\/\/toyzinger.com\/es\/dragon-ball\/","og_site_name":"Toyzinger","article_publisher":"https:\/\/www.facebook.com\/toyzinger","article_modified_time":"2026-04-04T22:01:29+00:00","og_image":[{"width":1200,"height":300,"url":"https:\/\/toyzinger.com\/wp-content\/uploads\/2022\/12\/dragon-ball-figuras-coleccionables.jpg","type":"image\/jpeg"}],"twitter_card":"summary_large_image","twitter_misc":{"Tiempo de lectura":"2 minutos"},"schema":{"@context":"https:\/\/schema.org","@graph":[{"@type":"WebPage","@id":"https:\/\/toyzinger.com\/es\/dragon-ball\/","url":"https:\/\/toyzinger.com\/es\/dragon-ball\/","name":"Dragon Ball - Toyzinger","isPartOf":{"@id":"https:\/\/toyzinger.com\/es\/#website"},"primaryImageOfPage":{"@id":"https:\/\/toyzinger.com\/es\/dragon-ball\/#primaryimage"},"image":{"@id":"https:\/\/toyzinger.com\/es\/dragon-ball\/#primaryimage"},"thumbnailUrl":"https:\/\/toyzinger.com\/wp-content\/uploads\/2022\/12\/dragon-ball-figuras-coleccionables.jpg","datePublished":"2022-12-09T14:27:14+00:00","dateModified":"2026-04-04T22:01:29+00:00","description":"Listado de figuras coleccionables de Dragon ball","breadcrumb":{"@id":"https:\/\/toyzinger.com\/es\/dragon-ball\/#breadcrumb"},"inLanguage":"es","potentialAction":[{"@type":"ReadAction","target":["https:\/\/toyzinger.com\/es\/dragon-ball\/"]}]},{"@type":"ImageObject","inLanguage":"es","@id":"https:\/\/toyzinger.com\/es\/dragon-ball\/#primaryimage","url":"https:\/\/toyzinger.com\/wp-content\/uploads\/2022\/12\/dragon-ball-figuras-coleccionables.jpg","contentUrl":"https:\/\/toyzinger.com\/wp-content\/uploads\/2022\/12\/dragon-ball-figuras-coleccionables.jpg","width":1200,"height":300,"caption":"Dragon Ball colecci\u00f3n de figuras"},{"@type":"BreadcrumbList","@id":"https:\/\/toyzinger.com\/es\/dragon-ball\/#breadcrumb","itemListElement":[{"@type":"ListItem","position":1,"name":"Toyzinger","item":"https:\/\/toyzinger.com\/es\/"},{"@type":"ListItem","position":2,"name":"Dragon Ball"}]},{"@type":"WebSite","@id":"https:\/\/toyzinger.com\/es\/#website","url":"https:\/\/toyzinger.com\/es\/","name":"Toyzinger","description":"Coleccionismo de figuras y juguetes","publisher":{"@id":"https:\/\/toyzinger.com\/es\/#organization"},"potentialAction":[{"@type":"SearchAction","target":{"@type":"EntryPoint","urlTemplate":"https:\/\/toyzinger.com\/es\/?s={search_term_string}"},"query-input":{"@type":"PropertyValueSpecification","valueRequired":true,"valueName":"search_term_string"}}],"inLanguage":"es"},{"@type":"Organization","@id":"https:\/\/toyzinger.com\/es\/#organization","name":"Toyzinger","url":"https:\/\/toyzinger.com\/es\/","logo":{"@type":"ImageObject","inLanguage":"es","@id":"https:\/\/toyzinger.com\/es\/#\/schema\/logo\/image\/","url":"https:\/\/toyzinger.com\/wp-content\/uploads\/2022\/10\/toyzinger_logo.png","contentUrl":"https:\/\/toyzinger.com\/wp-content\/uploads\/2022\/10\/toyzinger_logo.png","width":561,"height":568,"caption":"Toyzinger"},"image":{"@id":"https:\/\/toyzinger.com\/es\/#\/schema\/logo\/image\/"},"sameAs":["https:\/\/www.facebook.com\/toyzinger","https:\/\/www.instagram.com\/toyzinger_com\/"]}]}},"coauthors":[],"author_meta":{"author_link":"https:\/\/toyzinger.com\/es\/blog\/author\/toyzinger\/","display_name":"toyzinger"},"relative_dates":{"created":"Publicado 3 a\u00f1os hace","modified":"Actualizado 4 d\u00edas hace"},"absolute_dates":{"created":"Publicado el 09\/12\/2022","modified":"Actualizado el 04\/04\/2026"},"absolute_dates_time":{"created":"Publicado el 09\/12\/2022 14:27","modified":"Actualizado el 04\/04\/2026 22:01"},"featured_img_caption":"","featured_img":"https:\/\/toyzinger.com\/wp-content\/uploads\/2022\/12\/dragon-ball-figuras-coleccionables.jpg","series_order":"","toy_product_id":"","_links":{"self":[{"href":"https:\/\/toyzinger.com\/es\/wp-json\/wp\/v2\/pages\/2033","targetHints":{"allow":["GET"]}}],"collection":[{"href":"https:\/\/toyzinger.com\/es\/wp-json\/wp\/v2\/pages"}],"about":[{"href":"https:\/\/toyzinger.com\/es\/wp-json\/wp\/v2\/types\/page"}],"author":[{"embeddable":true,"href":"https:\/\/toyzinger.com\/es\/wp-json\/wp\/v2\/users\/2"}],"replies":[{"embeddable":true,"href":"https:\/\/toyzinger.com\/es\/wp-json\/wp\/v2\/comments?post=2033"}],"version-history":[{"count":6,"href":"https:\/\/toyzinger.com\/es\/wp-json\/wp\/v2\/pages\/2033\/revisions"}],"predecessor-version":[{"id":34150,"href":"https:\/\/toyzinger.com\/es\/wp-json\/wp\/v2\/pages\/2033\/revisions\/34150"}],"wp:featuredmedia":[{"embeddable":true,"href":"https:\/\/toyzinger.com\/es\/wp-json\/wp\/v2\/media\/2036"}],"wp:attachment":[{"href":"https:\/\/toyzinger.com\/es\/wp-json\/wp\/v2\/media?parent=2033"}],"wp:term":[{"taxonomy":"wf_page_folders","embeddable":true,"href":"https:\/\/toyzinger.com\/es\/wp-json\/wp\/v2\/wf_page_folders?post=2033"}],"curies":[{"name":"wp","href":"https:\/\/api.w.org\/{rel}","templated":true}]}}