{"id":20395,"date":"2024-07-21T09:24:28","date_gmt":"2024-07-21T09:24:28","guid":{"rendered":"https:\/\/toyzinger.com\/?page_id=20395"},"modified":"2024-08-01T16:47:08","modified_gmt":"2024-08-01T16:47:08","slug":"skywarp","status":"publish","type":"page","link":"https:\/\/toyzinger.com\/es\/transformers\/checklist-transformers-g1\/skywarp\/","title":{"rendered":"Skywarp"},"content":{"rendered":"\n<div class=\"wp-block-columns is-layout-flex wp-container-core-columns-is-layout-9d6595d7 wp-block-columns-is-layout-flex\">\n<div class=\"wp-block-column is-layout-flow wp-block-column-is-layout-flow\">\n<div class=\"toy-gallery__base\" data-component=\"toyGalleryV2Component\"><div class=\"toy-gallery__box\"><div class=\"toy-gallery__list\"><img decoding=\"async\" src=\"https:\/\/toyzinger.com\/wp-content\/uploads\/2024\/08\/transformers-g1-skywarp-box-250x300.webp\" alt=\"Transformers G1 - Skywarp\" id=\"20678\" data-full=\"https:\/\/toyzinger.com\/wp-content\/uploads\/2024\/08\/transformers-g1-skywarp-box.webp\"\/><img decoding=\"async\" src=\"https:\/\/toyzinger.com\/wp-content\/uploads\/2024\/08\/transformers-g1-skywarp-box-back-250x300.webp\" alt=\"Transformers G1 - Skywarp\" id=\"20676\" data-full=\"https:\/\/toyzinger.com\/wp-content\/uploads\/2024\/08\/transformers-g1-skywarp-box-back.webp\"\/><img decoding=\"async\" src=\"https:\/\/toyzinger.com\/wp-content\/uploads\/2024\/08\/transformers-g1-skywarp-complete-250x300.webp\" alt=\"Transformers G1 - Skywarp\" id=\"20680\" data-full=\"https:\/\/toyzinger.com\/wp-content\/uploads\/2024\/08\/transformers-g1-skywarp-complete.webp\"\/><img decoding=\"async\" src=\"https:\/\/toyzinger.com\/wp-content\/uploads\/2024\/08\/transformers-g1-skywarp-plane-250x300.webp\" alt=\"Transformers G1 - Skywarp\" id=\"20682\" data-full=\"https:\/\/toyzinger.com\/wp-content\/uploads\/2024\/08\/transformers-g1-skywarp-plane.webp\"\/><img decoding=\"async\" src=\"https:\/\/toyzinger.com\/wp-content\/uploads\/2024\/08\/transformers-g1-skywarp-robot-250x300.webp\" alt=\"Transformers G1 - Skywarp\" id=\"20684\" data-full=\"https:\/\/toyzinger.com\/wp-content\/uploads\/2024\/08\/transformers-g1-skywarp-robot.webp\"\/><\/div><div class=\"toy-gallery__main\"><img decoding=\"async\" src=\"https:\/\/toyzinger.com\/wp-content\/uploads\/2024\/08\/transformers-g1-skywarp-box.webp\" alt=\"Transformers G1 - Skywarp\"\/><\/div><\/div><\/div>\n<\/div>\n\n\n\n<div class=\"wp-block-column is-layout-flow wp-block-column-is-layout-flow\">\n<div class=\"wp-block-toyzinger-toy-data-sheet toy-data-sheet__base\" itemscope itemtype=\"http:\/\/schema.org\/Product\"><h2 class=\"toy-data-sheet__title\" itemprop=\"name\">Skywarp<\/h2><ul class=\"toy-data-sheet__list\"><li class=\"toy-data-sheet__item\"><span class=\"toy-data-sheet__label\">Franquicia:<\/span><span class=\"toy-data-sheet__value\" itemprop=\"disambiguatingDescription\">Transformers<\/span><\/li><li class=\"toy-data-sheet__item\"><span class=\"toy-data-sheet__label\">Colecci\u00f3n:<\/span><span class=\"toy-data-sheet__value\">Generation 1<\/span><\/li><li class=\"toy-data-sheet__item\"><span class=\"toy-data-sheet__label\">Fabricante:<\/span><span class=\"toy-data-sheet__value\" itemprop=\"brand\">Takara &#8211; Hasbro<\/span><\/li><li class=\"toy-data-sheet__item\"><span class=\"toy-data-sheet__label\">A\u00f1o de lanzamiento:<\/span><span class=\"toy-data-sheet__value\" itemprop=\"releaseDate\">1984<\/span><\/li><\/ul><\/div>\n\n\n\n<p><\/p>\n\n\n\n<h2 class=\"wp-block-heading\">Accesorios<\/h2>\n\n\n\n<p><\/p>\n\n\n\n<p><strong>Skywarp<\/strong> de la colecci\u00f3n vintage \u00abTransformers G1\u00bb incluye las siguientes piezas:<\/p>\n\n\n\n<div class=\"wp-block-advgb-list\"><ul class=\"advgblist-b08f508d-ef46-4511-8847-dde6f5dbcd92 advgb-list advgb-list-minus\">\n<li>Aleta de cola x2 (izquierda-derecha)<\/li>\n\n\n\n<li>Ala x2 (izquierda-derecha)<\/li>\n\n\n\n<li>Ala peque\u00f1a \/ Tim\u00f3n x2 (izquierda-derecha)<\/li>\n\n\n\n<li>Lanzamisiles x2<\/li>\n\n\n\n<li>Misiles x2<\/li>\n\n\n\n<li>Metralleta x2<\/li>\n\n\n\n<li>Pu\u00f1os x2 (izquierda-derecha)<\/li>\n\n\n\n<li>Rueda Aterrizaje<\/li>\n\n\n\n<li>Cristal cabina<\/li>\n<\/ul><\/div>\n<\/div>\n<\/div>\n\n\n\n<h3 class=\"wp-block-heading\">Curiosidades de la figura:<\/h3>\n\n\n\n<p><\/p>\n\n\n\n<p>Esta figura forma parte de la primera oleada de la colecci\u00f3n <strong>Transformers G1<\/strong>, lanzada por la juguetera Hasbro en el a\u00f1o 1984.<\/p>\n\n\n\n<p><\/p>\n\n\n\n<p>Esta figura fue comercializada en distintos pa\u00edses, as\u00ed que podemos encontr\u00e1rnosla con distintas cajas dependiendo del pa\u00eds.<\/p>\n\n\n\n<p><\/p>\n\n\n\n<h3 class=\"wp-block-heading\">Personaje:<\/h3>\n\n\n\n<p><\/p>\n\n\n\n<p><strong>Skywarp<\/strong> es un Decepticon en la franquicia Transformers. Se transforma en un jet de combate, t\u00edpicamente un avi\u00f3n de estilo F-15 o similar.<\/p>\n\n\n\n<p><\/p>\n\n\n\n<p>Conocido por su habilidad para teletransportarse, <strong>Skywarp<\/strong> puede aparecer y desaparecer en el campo de batalla, lo que le permite realizar ataques sorpresa y evadir a sus enemigos con facilidad.<\/p>\n\n\n\n<p><\/p>\n\n\n\n<p>Su personalidad suele ser juguetona y desafiante, a menudo disfrutando de causar caos. Es uno de los principales secuaces de <strong>Megatron<\/strong> y un miembro clave de la tr\u00edada de Seekers junto con <strong>Starscream<\/strong> y <strong>Thundercracker<\/strong>.<\/p>\n\n\n\n<p><\/p>\n<style class=\"advgb-styles-renderer\">.wp-block-advgb-list ul.advgblist-b08f508d-ef46-4511-8847-dde6f5dbcd92 > li{font-size:16px;}.wp-block-advgb-list ul.advgblist-b08f508d-ef46-4511-8847-dde6f5dbcd92 > li{padding-left:18px;margin-left:0;}.wp-block-advgb-list ul.advgblist-b08f508d-ef46-4511-8847-dde6f5dbcd92 > li:before{font-size:16px;color:#000;line-height:18px;margin:2px;padding:2px;margin-left:-20px}.wp-block-advgb-list ul.advgblist-b08f508d-ef46-4511-8847-dde6f5dbcd92 > li{font-size:16px;}.wp-block-advgb-list ul.advgblist-b08f508d-ef46-4511-8847-dde6f5dbcd92 > li{padding-left:18px;margin-left:0;}.wp-block-advgb-list ul.advgblist-b08f508d-ef46-4511-8847-dde6f5dbcd92 > li:before{font-size:16px;color:#000;line-height:18px;margin:2px;padding:2px;margin-left:-20px}.wp-block-advgb-list ul.advgblist-b08f508d-ef46-4511-8847-dde6f5dbcd92 > li{font-size:16px;}.wp-block-advgb-list ul.advgblist-b08f508d-ef46-4511-8847-dde6f5dbcd92 > li{padding-left:18px;margin-left:0;}.wp-block-advgb-list ul.advgblist-b08f508d-ef46-4511-8847-dde6f5dbcd92 > li:before{font-size:16px;color:#000;line-height:18px;margin:2px;padding:2px;margin-left:-20px}<\/style>","protected":false},"excerpt":{"rendered":"<p>Accesorios Skywarp de la colecci\u00f3n vintage \u00abTransformers G1\u00bb incluye las siguientes piezas: Curiosidades de la figura: Esta figura forma parte de la primera oleada de la colecci\u00f3n Transformers G1, lanzada por la juguetera Hasbro en el a\u00f1o 1984. Esta figura fue comercializada en distintos pa\u00edses, as\u00ed que podemos encontr\u00e1rnosla con distintas cajas dependiendo del pa\u00eds. [&hellip;]<\/p>\n","protected":false},"author":2,"featured_media":12189,"parent":20365,"menu_order":207,"comment_status":"closed","ping_status":"closed","template":"page_figure.php","meta":{"advgb_blocks_editor_width":"","advgb_blocks_columns_visual_guide":"","footnotes":""},"wf_page_folders":[1194],"class_list":["post-20395","page","type-page","status-publish","has-post-thumbnail","hentry"],"yoast_head":"<!-- This site is optimized with the Yoast SEO plugin v27.3 - https:\/\/yoast.com\/product\/yoast-seo-wordpress\/ -->\n<title>Skywarp - Transformers G1<\/title>\n<meta name=\"description\" content=\"Figura vintage &quot;Skywarp&quot; de la colecci\u00f3n &quot;Transformers G1&quot;, creadas por las jugueteras Takara y Hasbro en los a\u00f1os 80&#039;s\" \/>\n<meta name=\"robots\" content=\"index, follow, max-snippet:-1, max-image-preview:large, max-video-preview:-1\" \/>\n<link rel=\"canonical\" href=\"https:\/\/toyzinger.com\/es\/transformers\/checklist-transformers-g1\/skywarp\/\" \/>\n<meta property=\"og:locale\" content=\"es_ES\" \/>\n<meta property=\"og:type\" content=\"article\" \/>\n<meta property=\"og:title\" content=\"Skywarp - Transformers G1\" \/>\n<meta property=\"og:description\" content=\"Figura vintage &quot;Skywarp&quot; de la colecci\u00f3n &quot;Transformers G1&quot;, creadas por las jugueteras Takara y Hasbro en los a\u00f1os 80&#039;s\" \/>\n<meta property=\"og:url\" content=\"https:\/\/toyzinger.com\/es\/transformers\/checklist-transformers-g1\/skywarp\/\" \/>\n<meta property=\"og:site_name\" content=\"Toyzinger\" \/>\n<meta property=\"article:publisher\" content=\"https:\/\/www.facebook.com\/toyzinger\" \/>\n<meta property=\"article:modified_time\" content=\"2024-08-01T16:47:08+00:00\" \/>\n<meta property=\"og:image\" content=\"https:\/\/toyzinger.com\/wp-content\/uploads\/2024\/02\/transformers-figures-colection-database-5.webp\" \/>\n\t<meta property=\"og:image:width\" content=\"1200\" \/>\n\t<meta property=\"og:image:height\" content=\"300\" \/>\n\t<meta property=\"og:image:type\" content=\"image\/webp\" \/>\n<meta name=\"twitter:card\" content=\"summary_large_image\" \/>\n<meta name=\"twitter:label1\" content=\"Tiempo de lectura\" \/>\n\t<meta name=\"twitter:data1\" content=\"3 minutos\" \/>\n<script type=\"application\/ld+json\" class=\"yoast-schema-graph\">{\"@context\":\"https:\\\/\\\/schema.org\",\"@graph\":[{\"@type\":\"WebPage\",\"@id\":\"https:\\\/\\\/toyzinger.com\\\/es\\\/transformers\\\/checklist-transformers-g1\\\/skywarp\\\/\",\"url\":\"https:\\\/\\\/toyzinger.com\\\/es\\\/transformers\\\/checklist-transformers-g1\\\/skywarp\\\/\",\"name\":\"Skywarp - Transformers G1\",\"isPartOf\":{\"@id\":\"https:\\\/\\\/toyzinger.com\\\/es\\\/#website\"},\"primaryImageOfPage\":{\"@id\":\"https:\\\/\\\/toyzinger.com\\\/es\\\/transformers\\\/checklist-transformers-g1\\\/skywarp\\\/#primaryimage\"},\"image\":{\"@id\":\"https:\\\/\\\/toyzinger.com\\\/es\\\/transformers\\\/checklist-transformers-g1\\\/skywarp\\\/#primaryimage\"},\"thumbnailUrl\":\"https:\\\/\\\/toyzinger.com\\\/wp-content\\\/uploads\\\/2024\\\/02\\\/transformers-figures-colection-database-5.webp\",\"datePublished\":\"2024-07-21T09:24:28+00:00\",\"dateModified\":\"2024-08-01T16:47:08+00:00\",\"description\":\"Figura vintage \\\"Skywarp\\\" de la colecci\u00f3n \\\"Transformers G1\\\", creadas por las jugueteras Takara y Hasbro en los a\u00f1os 80's\",\"breadcrumb\":{\"@id\":\"https:\\\/\\\/toyzinger.com\\\/es\\\/transformers\\\/checklist-transformers-g1\\\/skywarp\\\/#breadcrumb\"},\"inLanguage\":\"es\",\"potentialAction\":[{\"@type\":\"ReadAction\",\"target\":[\"https:\\\/\\\/toyzinger.com\\\/es\\\/transformers\\\/checklist-transformers-g1\\\/skywarp\\\/\"]}]},{\"@type\":\"ImageObject\",\"inLanguage\":\"es\",\"@id\":\"https:\\\/\\\/toyzinger.com\\\/es\\\/transformers\\\/checklist-transformers-g1\\\/skywarp\\\/#primaryimage\",\"url\":\"https:\\\/\\\/toyzinger.com\\\/wp-content\\\/uploads\\\/2024\\\/02\\\/transformers-figures-colection-database-5.webp\",\"contentUrl\":\"https:\\\/\\\/toyzinger.com\\\/wp-content\\\/uploads\\\/2024\\\/02\\\/transformers-figures-colection-database-5.webp\",\"width\":1200,\"height\":300,\"caption\":\"Transformers figures\"},{\"@type\":\"BreadcrumbList\",\"@id\":\"https:\\\/\\\/toyzinger.com\\\/es\\\/transformers\\\/checklist-transformers-g1\\\/skywarp\\\/#breadcrumb\",\"itemListElement\":[{\"@type\":\"ListItem\",\"position\":1,\"name\":\"Toyzinger\",\"item\":\"https:\\\/\\\/toyzinger.com\\\/es\\\/\"},{\"@type\":\"ListItem\",\"position\":2,\"name\":\"Transformers\",\"item\":\"https:\\\/\\\/toyzinger.com\\\/es\\\/transformers\\\/\"},{\"@type\":\"ListItem\",\"position\":3,\"name\":\"Checklist &#8211; Transformers G1\",\"item\":\"https:\\\/\\\/toyzinger.com\\\/es\\\/transformers\\\/checklist-transformers-g1\\\/\"},{\"@type\":\"ListItem\",\"position\":4,\"name\":\"Skywarp\"}]},{\"@type\":\"WebSite\",\"@id\":\"https:\\\/\\\/toyzinger.com\\\/es\\\/#website\",\"url\":\"https:\\\/\\\/toyzinger.com\\\/es\\\/\",\"name\":\"Toyzinger\",\"description\":\"Coleccionismo de figuras y juguetes\",\"publisher\":{\"@id\":\"https:\\\/\\\/toyzinger.com\\\/es\\\/#organization\"},\"potentialAction\":[{\"@type\":\"SearchAction\",\"target\":{\"@type\":\"EntryPoint\",\"urlTemplate\":\"https:\\\/\\\/toyzinger.com\\\/es\\\/?s={search_term_string}\"},\"query-input\":{\"@type\":\"PropertyValueSpecification\",\"valueRequired\":true,\"valueName\":\"search_term_string\"}}],\"inLanguage\":\"es\"},{\"@type\":\"Organization\",\"@id\":\"https:\\\/\\\/toyzinger.com\\\/es\\\/#organization\",\"name\":\"Toyzinger\",\"url\":\"https:\\\/\\\/toyzinger.com\\\/es\\\/\",\"logo\":{\"@type\":\"ImageObject\",\"inLanguage\":\"es\",\"@id\":\"https:\\\/\\\/toyzinger.com\\\/es\\\/#\\\/schema\\\/logo\\\/image\\\/\",\"url\":\"https:\\\/\\\/toyzinger.com\\\/wp-content\\\/uploads\\\/2022\\\/10\\\/toyzinger_logo.png\",\"contentUrl\":\"https:\\\/\\\/toyzinger.com\\\/wp-content\\\/uploads\\\/2022\\\/10\\\/toyzinger_logo.png\",\"width\":561,\"height\":568,\"caption\":\"Toyzinger\"},\"image\":{\"@id\":\"https:\\\/\\\/toyzinger.com\\\/es\\\/#\\\/schema\\\/logo\\\/image\\\/\"},\"sameAs\":[\"https:\\\/\\\/www.facebook.com\\\/toyzinger\",\"https:\\\/\\\/www.instagram.com\\\/toyzinger_com\\\/\"]}]}<\/script>\n<!-- \/ Yoast SEO plugin. -->","yoast_head_json":{"title":"Skywarp - Transformers G1","description":"Figura vintage \"Skywarp\" de la colecci\u00f3n \"Transformers G1\", creadas por las jugueteras Takara y Hasbro en los a\u00f1os 80's","robots":{"index":"index","follow":"follow","max-snippet":"max-snippet:-1","max-image-preview":"max-image-preview:large","max-video-preview":"max-video-preview:-1"},"canonical":"https:\/\/toyzinger.com\/es\/transformers\/checklist-transformers-g1\/skywarp\/","og_locale":"es_ES","og_type":"article","og_title":"Skywarp - Transformers G1","og_description":"Figura vintage \"Skywarp\" de la colecci\u00f3n \"Transformers G1\", creadas por las jugueteras Takara y Hasbro en los a\u00f1os 80's","og_url":"https:\/\/toyzinger.com\/es\/transformers\/checklist-transformers-g1\/skywarp\/","og_site_name":"Toyzinger","article_publisher":"https:\/\/www.facebook.com\/toyzinger","article_modified_time":"2024-08-01T16:47:08+00:00","og_image":[{"width":1200,"height":300,"url":"https:\/\/toyzinger.com\/wp-content\/uploads\/2024\/02\/transformers-figures-colection-database-5.webp","type":"image\/webp"}],"twitter_card":"summary_large_image","twitter_misc":{"Tiempo de lectura":"3 minutos"},"schema":{"@context":"https:\/\/schema.org","@graph":[{"@type":"WebPage","@id":"https:\/\/toyzinger.com\/es\/transformers\/checklist-transformers-g1\/skywarp\/","url":"https:\/\/toyzinger.com\/es\/transformers\/checklist-transformers-g1\/skywarp\/","name":"Skywarp - Transformers G1","isPartOf":{"@id":"https:\/\/toyzinger.com\/es\/#website"},"primaryImageOfPage":{"@id":"https:\/\/toyzinger.com\/es\/transformers\/checklist-transformers-g1\/skywarp\/#primaryimage"},"image":{"@id":"https:\/\/toyzinger.com\/es\/transformers\/checklist-transformers-g1\/skywarp\/#primaryimage"},"thumbnailUrl":"https:\/\/toyzinger.com\/wp-content\/uploads\/2024\/02\/transformers-figures-colection-database-5.webp","datePublished":"2024-07-21T09:24:28+00:00","dateModified":"2024-08-01T16:47:08+00:00","description":"Figura vintage \"Skywarp\" de la colecci\u00f3n \"Transformers G1\", creadas por las jugueteras Takara y Hasbro en los a\u00f1os 80's","breadcrumb":{"@id":"https:\/\/toyzinger.com\/es\/transformers\/checklist-transformers-g1\/skywarp\/#breadcrumb"},"inLanguage":"es","potentialAction":[{"@type":"ReadAction","target":["https:\/\/toyzinger.com\/es\/transformers\/checklist-transformers-g1\/skywarp\/"]}]},{"@type":"ImageObject","inLanguage":"es","@id":"https:\/\/toyzinger.com\/es\/transformers\/checklist-transformers-g1\/skywarp\/#primaryimage","url":"https:\/\/toyzinger.com\/wp-content\/uploads\/2024\/02\/transformers-figures-colection-database-5.webp","contentUrl":"https:\/\/toyzinger.com\/wp-content\/uploads\/2024\/02\/transformers-figures-colection-database-5.webp","width":1200,"height":300,"caption":"Transformers figures"},{"@type":"BreadcrumbList","@id":"https:\/\/toyzinger.com\/es\/transformers\/checklist-transformers-g1\/skywarp\/#breadcrumb","itemListElement":[{"@type":"ListItem","position":1,"name":"Toyzinger","item":"https:\/\/toyzinger.com\/es\/"},{"@type":"ListItem","position":2,"name":"Transformers","item":"https:\/\/toyzinger.com\/es\/transformers\/"},{"@type":"ListItem","position":3,"name":"Checklist &#8211; Transformers G1","item":"https:\/\/toyzinger.com\/es\/transformers\/checklist-transformers-g1\/"},{"@type":"ListItem","position":4,"name":"Skywarp"}]},{"@type":"WebSite","@id":"https:\/\/toyzinger.com\/es\/#website","url":"https:\/\/toyzinger.com\/es\/","name":"Toyzinger","description":"Coleccionismo de figuras y juguetes","publisher":{"@id":"https:\/\/toyzinger.com\/es\/#organization"},"potentialAction":[{"@type":"SearchAction","target":{"@type":"EntryPoint","urlTemplate":"https:\/\/toyzinger.com\/es\/?s={search_term_string}"},"query-input":{"@type":"PropertyValueSpecification","valueRequired":true,"valueName":"search_term_string"}}],"inLanguage":"es"},{"@type":"Organization","@id":"https:\/\/toyzinger.com\/es\/#organization","name":"Toyzinger","url":"https:\/\/toyzinger.com\/es\/","logo":{"@type":"ImageObject","inLanguage":"es","@id":"https:\/\/toyzinger.com\/es\/#\/schema\/logo\/image\/","url":"https:\/\/toyzinger.com\/wp-content\/uploads\/2022\/10\/toyzinger_logo.png","contentUrl":"https:\/\/toyzinger.com\/wp-content\/uploads\/2022\/10\/toyzinger_logo.png","width":561,"height":568,"caption":"Toyzinger"},"image":{"@id":"https:\/\/toyzinger.com\/es\/#\/schema\/logo\/image\/"},"sameAs":["https:\/\/www.facebook.com\/toyzinger","https:\/\/www.instagram.com\/toyzinger_com\/"]}]}},"coauthors":[],"author_meta":{"author_link":"https:\/\/toyzinger.com\/es\/blog\/author\/toyzinger\/","display_name":"toyzinger"},"relative_dates":{"created":"Publicado 2 a\u00f1os hace","modified":"Actualizado 2 a\u00f1os hace"},"absolute_dates":{"created":"Publicado el 21\/07\/2024","modified":"Actualizado el 01\/08\/2024"},"absolute_dates_time":{"created":"Publicado el 21\/07\/2024 09:24","modified":"Actualizado el 01\/08\/2024 16:47"},"featured_img_caption":"","featured_img":"https:\/\/toyzinger.com\/wp-content\/uploads\/2024\/02\/transformers-figures-colection-database-5.webp","series_order":"","toy_product_id":"","_links":{"self":[{"href":"https:\/\/toyzinger.com\/es\/wp-json\/wp\/v2\/pages\/20395","targetHints":{"allow":["GET"]}}],"collection":[{"href":"https:\/\/toyzinger.com\/es\/wp-json\/wp\/v2\/pages"}],"about":[{"href":"https:\/\/toyzinger.com\/es\/wp-json\/wp\/v2\/types\/page"}],"author":[{"embeddable":true,"href":"https:\/\/toyzinger.com\/es\/wp-json\/wp\/v2\/users\/2"}],"replies":[{"embeddable":true,"href":"https:\/\/toyzinger.com\/es\/wp-json\/wp\/v2\/comments?post=20395"}],"version-history":[{"count":0,"href":"https:\/\/toyzinger.com\/es\/wp-json\/wp\/v2\/pages\/20395\/revisions"}],"up":[{"embeddable":true,"href":"https:\/\/toyzinger.com\/es\/wp-json\/wp\/v2\/pages\/20365"}],"wp:featuredmedia":[{"embeddable":true,"href":"https:\/\/toyzinger.com\/es\/wp-json\/wp\/v2\/media\/12189"}],"wp:attachment":[{"href":"https:\/\/toyzinger.com\/es\/wp-json\/wp\/v2\/media?parent=20395"}],"wp:term":[{"taxonomy":"wf_page_folders","embeddable":true,"href":"https:\/\/toyzinger.com\/es\/wp-json\/wp\/v2\/wf_page_folders?post=20395"}],"curies":[{"name":"wp","href":"https:\/\/api.w.org\/{rel}","templated":true}]}}