{"id":20743,"date":"2024-08-07T08:40:33","date_gmt":"2024-08-07T08:40:33","guid":{"rendered":"https:\/\/toyzinger.com\/?page_id=20743"},"modified":"2026-02-18T14:48:01","modified_gmt":"2026-02-18T14:48:01","slug":"marvel-comics","status":"publish","type":"page","link":"https:\/\/toyzinger.com\/es\/marvel-comics\/","title":{"rendered":"Marvel Comics"},"content":{"rendered":"\n<h2 class=\"wp-block-heading\">Colecciones de figuras de Marvel Comics<\/h2>\n\n\n\n<p><\/p>\n\n\n\n<a class=\"toy-collection__base\" href=\"https:\/\/toyzinger.com\/es\/marvel-comics\/marvel-super-heroes-secret-wars\/\"><figure class=\"toy-collection__image\"><img decoding=\"async\" src=\"https:\/\/toyzinger.com\/wp-content\/uploads\/2026\/02\/marvel-secret-wars-ironman-carded-250x300.webp\" alt=\"Marvel Secret Wars Vintage figure\"\/><\/figure><ul class=\"toy-collection__info\"><li class=\"toy-collection__name\">Secret Wars<\/li><li class=\"toy-collection__manufacturer\">Mattel &#8211; (1984-1986)<\/li><\/ul><div class=\"toy-collection__arrow\">\u27a4<\/div><\/a>\n\n\n\n<a class=\"toy-collection__base\" href=\"https:\/\/toyzinger.com\/es\/marvel-comics\/checklist-spiderman-animated-series\/\"><figure class=\"toy-collection__image\"><img decoding=\"async\" src=\"https:\/\/toyzinger.com\/wp-content\/uploads\/2026\/02\/spiderman-animated-series-web-shooter-carded-250x300.webp\" alt=\"Spider-man animated Series figure\"\/><\/figure><ul class=\"toy-collection__info\"><li class=\"toy-collection__name\">Spider-Man: Animated Series<\/li><li class=\"toy-collection__manufacturer\">Toybiz &#8211; (1994-1997)<\/li><\/ul><div class=\"toy-collection__arrow\">\u27a4<\/div><\/a>\n\n\n\n<p><\/p>\n\n\n\n<h2 class=\"wp-block-heading\">Sobre Marvel Comics:<\/h2>\n\n\n\n<p><\/p>\n\n\n\n<p><strong>Marvel Comics<\/strong> es una de las editoriales de c\u00f3mics m\u00e1s influyentes y reconocidas en el mundo, fundada en 1939 por Martin Goodman. En sus primeros a\u00f1os, la editorial present\u00f3 personajes ic\u00f3nicos como el Capit\u00e1n Am\u00e9rica.<\/p>\n\n\n\n<p><\/p>\n\n\n\n<p>Sin embargo, no fue hasta la d\u00e9cada de 1960, bajo el liderazgo creativo de Stan Lee, Jack Kirby y Steve Ditko, que Marvel revolucion\u00f3 el mundo del c\u00f3mic con la creaci\u00f3n de superh\u00e9roes m\u00e1s humanizados y complejos. Durante este per\u00edodo, surgieron figuras emblem\u00e1ticas como Spider-Man, los X-Men, los Cuatro Fant\u00e1sticos y los Vengadores.<\/p>\n\n\n\n<p><\/p>\n\n\n\n<p>Los c\u00f3mics de Marvel se distinguen por sus historias interconectadas que transcurren en un universo compartido, conocido como el Universo Marvel. Este enfoque ha permitido narrativas m\u00e1s ricas y una continuidad cohesiva que sigue atrayendo a lectores de todas las edades.<\/p>\n\n\n\n<p><\/p>\n\n\n\n<p>En las \u00faltimas d\u00e9cadas, Marvel ha expandido su influencia m\u00e1s all\u00e1 del papel, incursionando exitosamente en el cine y la televisi\u00f3n. El Universo Cinematogr\u00e1fico de Marvel (UCM), iniciado con \u00abIron Man\u00bb en 2008, ha establecido un nuevo est\u00e1ndar para las franquicias de superh\u00e9roes en el cine, consolidando a\u00fan m\u00e1s la marca Marvel como un tit\u00e1n del entretenimiento global.<\/p>\n\n\n\n<p><\/p>\n\n\n\n<p>Sus famosas franquicia han dado a pie a la venta de infinidad de merchandising y obviamente varias l\u00edneas de figuras coleccionables.<\/p>\n","protected":false},"excerpt":{"rendered":"<p>Colecciones de figuras de Marvel Comics Sobre Marvel Comics: Marvel Comics es una de las editoriales de c\u00f3mics m\u00e1s influyentes y reconocidas en el mundo, fundada en 1939 por Martin Goodman. En sus primeros a\u00f1os, la editorial present\u00f3 personajes ic\u00f3nicos como el Capit\u00e1n Am\u00e9rica. Sin embargo, no fue hasta la d\u00e9cada de 1960, bajo el [&hellip;]<\/p>\n","protected":false},"author":2,"featured_media":20758,"parent":0,"menu_order":0,"comment_status":"closed","ping_status":"closed","template":"","meta":{"advgb_blocks_editor_width":"","advgb_blocks_columns_visual_guide":"","footnotes":""},"wf_page_folders":[611],"class_list":["post-20743","page","type-page","status-publish","has-post-thumbnail","hentry"],"yoast_head":"<!-- This site is optimized with the Yoast SEO plugin v27.3 - https:\/\/yoast.com\/product\/yoast-seo-wordpress\/ -->\n<title>Marvel Comics - Toyzinger<\/title>\n<meta name=\"description\" content=\"Repasamos que es Marvel comics, as\u00ed como las colecciones de figuras vintage m\u00e1s famosas de sus franquicias.\" \/>\n<meta name=\"robots\" content=\"index, follow, max-snippet:-1, max-image-preview:large, max-video-preview:-1\" \/>\n<link rel=\"canonical\" href=\"https:\/\/toyzinger.com\/es\/marvel-comics\/\" \/>\n<meta property=\"og:locale\" content=\"es_ES\" \/>\n<meta property=\"og:type\" content=\"article\" \/>\n<meta property=\"og:title\" content=\"Marvel Comics - Toyzinger\" \/>\n<meta property=\"og:description\" content=\"Repasamos que es Marvel comics, as\u00ed como las colecciones de figuras vintage m\u00e1s famosas de sus franquicias.\" \/>\n<meta property=\"og:url\" content=\"https:\/\/toyzinger.com\/es\/marvel-comics\/\" \/>\n<meta property=\"og:site_name\" content=\"Toyzinger\" \/>\n<meta property=\"article:publisher\" content=\"https:\/\/www.facebook.com\/toyzinger\" \/>\n<meta property=\"article:modified_time\" content=\"2026-02-18T14:48:01+00:00\" \/>\n<meta property=\"og:image\" content=\"https:\/\/toyzinger.com\/wp-content\/uploads\/2024\/08\/marvel-comics-heroes.webp\" \/>\n\t<meta property=\"og:image:width\" content=\"1200\" \/>\n\t<meta property=\"og:image:height\" content=\"300\" \/>\n\t<meta property=\"og:image:type\" content=\"image\/webp\" \/>\n<meta name=\"twitter:card\" content=\"summary_large_image\" \/>\n<meta name=\"twitter:label1\" content=\"Tiempo de lectura\" \/>\n\t<meta name=\"twitter:data1\" content=\"2 minutos\" \/>\n<script type=\"application\/ld+json\" class=\"yoast-schema-graph\">{\"@context\":\"https:\\\/\\\/schema.org\",\"@graph\":[{\"@type\":\"WebPage\",\"@id\":\"https:\\\/\\\/toyzinger.com\\\/es\\\/marvel-comics\\\/\",\"url\":\"https:\\\/\\\/toyzinger.com\\\/es\\\/marvel-comics\\\/\",\"name\":\"Marvel Comics - Toyzinger\",\"isPartOf\":{\"@id\":\"https:\\\/\\\/toyzinger.com\\\/es\\\/#website\"},\"primaryImageOfPage\":{\"@id\":\"https:\\\/\\\/toyzinger.com\\\/es\\\/marvel-comics\\\/#primaryimage\"},\"image\":{\"@id\":\"https:\\\/\\\/toyzinger.com\\\/es\\\/marvel-comics\\\/#primaryimage\"},\"thumbnailUrl\":\"https:\\\/\\\/toyzinger.com\\\/wp-content\\\/uploads\\\/2024\\\/08\\\/marvel-comics-heroes.webp\",\"datePublished\":\"2024-08-07T08:40:33+00:00\",\"dateModified\":\"2026-02-18T14:48:01+00:00\",\"description\":\"Repasamos que es Marvel comics, as\u00ed como las colecciones de figuras vintage m\u00e1s famosas de sus franquicias.\",\"breadcrumb\":{\"@id\":\"https:\\\/\\\/toyzinger.com\\\/es\\\/marvel-comics\\\/#breadcrumb\"},\"inLanguage\":\"es\",\"potentialAction\":[{\"@type\":\"ReadAction\",\"target\":[\"https:\\\/\\\/toyzinger.com\\\/es\\\/marvel-comics\\\/\"]}]},{\"@type\":\"ImageObject\",\"inLanguage\":\"es\",\"@id\":\"https:\\\/\\\/toyzinger.com\\\/es\\\/marvel-comics\\\/#primaryimage\",\"url\":\"https:\\\/\\\/toyzinger.com\\\/wp-content\\\/uploads\\\/2024\\\/08\\\/marvel-comics-heroes.webp\",\"contentUrl\":\"https:\\\/\\\/toyzinger.com\\\/wp-content\\\/uploads\\\/2024\\\/08\\\/marvel-comics-heroes.webp\",\"width\":1200,\"height\":300,\"caption\":\"Marvel Comics\"},{\"@type\":\"BreadcrumbList\",\"@id\":\"https:\\\/\\\/toyzinger.com\\\/es\\\/marvel-comics\\\/#breadcrumb\",\"itemListElement\":[{\"@type\":\"ListItem\",\"position\":1,\"name\":\"Toyzinger\",\"item\":\"https:\\\/\\\/toyzinger.com\\\/es\\\/\"},{\"@type\":\"ListItem\",\"position\":2,\"name\":\"Marvel Comics\"}]},{\"@type\":\"WebSite\",\"@id\":\"https:\\\/\\\/toyzinger.com\\\/es\\\/#website\",\"url\":\"https:\\\/\\\/toyzinger.com\\\/es\\\/\",\"name\":\"Toyzinger\",\"description\":\"Coleccionismo de figuras y juguetes\",\"publisher\":{\"@id\":\"https:\\\/\\\/toyzinger.com\\\/es\\\/#organization\"},\"potentialAction\":[{\"@type\":\"SearchAction\",\"target\":{\"@type\":\"EntryPoint\",\"urlTemplate\":\"https:\\\/\\\/toyzinger.com\\\/es\\\/?s={search_term_string}\"},\"query-input\":{\"@type\":\"PropertyValueSpecification\",\"valueRequired\":true,\"valueName\":\"search_term_string\"}}],\"inLanguage\":\"es\"},{\"@type\":\"Organization\",\"@id\":\"https:\\\/\\\/toyzinger.com\\\/es\\\/#organization\",\"name\":\"Toyzinger\",\"url\":\"https:\\\/\\\/toyzinger.com\\\/es\\\/\",\"logo\":{\"@type\":\"ImageObject\",\"inLanguage\":\"es\",\"@id\":\"https:\\\/\\\/toyzinger.com\\\/es\\\/#\\\/schema\\\/logo\\\/image\\\/\",\"url\":\"https:\\\/\\\/toyzinger.com\\\/wp-content\\\/uploads\\\/2022\\\/10\\\/toyzinger_logo.png\",\"contentUrl\":\"https:\\\/\\\/toyzinger.com\\\/wp-content\\\/uploads\\\/2022\\\/10\\\/toyzinger_logo.png\",\"width\":561,\"height\":568,\"caption\":\"Toyzinger\"},\"image\":{\"@id\":\"https:\\\/\\\/toyzinger.com\\\/es\\\/#\\\/schema\\\/logo\\\/image\\\/\"},\"sameAs\":[\"https:\\\/\\\/www.facebook.com\\\/toyzinger\",\"https:\\\/\\\/www.instagram.com\\\/toyzinger_com\\\/\"]}]}<\/script>\n<!-- \/ Yoast SEO plugin. -->","yoast_head_json":{"title":"Marvel Comics - Toyzinger","description":"Repasamos que es Marvel comics, as\u00ed como las colecciones de figuras vintage m\u00e1s famosas de sus franquicias.","robots":{"index":"index","follow":"follow","max-snippet":"max-snippet:-1","max-image-preview":"max-image-preview:large","max-video-preview":"max-video-preview:-1"},"canonical":"https:\/\/toyzinger.com\/es\/marvel-comics\/","og_locale":"es_ES","og_type":"article","og_title":"Marvel Comics - Toyzinger","og_description":"Repasamos que es Marvel comics, as\u00ed como las colecciones de figuras vintage m\u00e1s famosas de sus franquicias.","og_url":"https:\/\/toyzinger.com\/es\/marvel-comics\/","og_site_name":"Toyzinger","article_publisher":"https:\/\/www.facebook.com\/toyzinger","article_modified_time":"2026-02-18T14:48:01+00:00","og_image":[{"width":1200,"height":300,"url":"https:\/\/toyzinger.com\/wp-content\/uploads\/2024\/08\/marvel-comics-heroes.webp","type":"image\/webp"}],"twitter_card":"summary_large_image","twitter_misc":{"Tiempo de lectura":"2 minutos"},"schema":{"@context":"https:\/\/schema.org","@graph":[{"@type":"WebPage","@id":"https:\/\/toyzinger.com\/es\/marvel-comics\/","url":"https:\/\/toyzinger.com\/es\/marvel-comics\/","name":"Marvel Comics - Toyzinger","isPartOf":{"@id":"https:\/\/toyzinger.com\/es\/#website"},"primaryImageOfPage":{"@id":"https:\/\/toyzinger.com\/es\/marvel-comics\/#primaryimage"},"image":{"@id":"https:\/\/toyzinger.com\/es\/marvel-comics\/#primaryimage"},"thumbnailUrl":"https:\/\/toyzinger.com\/wp-content\/uploads\/2024\/08\/marvel-comics-heroes.webp","datePublished":"2024-08-07T08:40:33+00:00","dateModified":"2026-02-18T14:48:01+00:00","description":"Repasamos que es Marvel comics, as\u00ed como las colecciones de figuras vintage m\u00e1s famosas de sus franquicias.","breadcrumb":{"@id":"https:\/\/toyzinger.com\/es\/marvel-comics\/#breadcrumb"},"inLanguage":"es","potentialAction":[{"@type":"ReadAction","target":["https:\/\/toyzinger.com\/es\/marvel-comics\/"]}]},{"@type":"ImageObject","inLanguage":"es","@id":"https:\/\/toyzinger.com\/es\/marvel-comics\/#primaryimage","url":"https:\/\/toyzinger.com\/wp-content\/uploads\/2024\/08\/marvel-comics-heroes.webp","contentUrl":"https:\/\/toyzinger.com\/wp-content\/uploads\/2024\/08\/marvel-comics-heroes.webp","width":1200,"height":300,"caption":"Marvel Comics"},{"@type":"BreadcrumbList","@id":"https:\/\/toyzinger.com\/es\/marvel-comics\/#breadcrumb","itemListElement":[{"@type":"ListItem","position":1,"name":"Toyzinger","item":"https:\/\/toyzinger.com\/es\/"},{"@type":"ListItem","position":2,"name":"Marvel Comics"}]},{"@type":"WebSite","@id":"https:\/\/toyzinger.com\/es\/#website","url":"https:\/\/toyzinger.com\/es\/","name":"Toyzinger","description":"Coleccionismo de figuras y juguetes","publisher":{"@id":"https:\/\/toyzinger.com\/es\/#organization"},"potentialAction":[{"@type":"SearchAction","target":{"@type":"EntryPoint","urlTemplate":"https:\/\/toyzinger.com\/es\/?s={search_term_string}"},"query-input":{"@type":"PropertyValueSpecification","valueRequired":true,"valueName":"search_term_string"}}],"inLanguage":"es"},{"@type":"Organization","@id":"https:\/\/toyzinger.com\/es\/#organization","name":"Toyzinger","url":"https:\/\/toyzinger.com\/es\/","logo":{"@type":"ImageObject","inLanguage":"es","@id":"https:\/\/toyzinger.com\/es\/#\/schema\/logo\/image\/","url":"https:\/\/toyzinger.com\/wp-content\/uploads\/2022\/10\/toyzinger_logo.png","contentUrl":"https:\/\/toyzinger.com\/wp-content\/uploads\/2022\/10\/toyzinger_logo.png","width":561,"height":568,"caption":"Toyzinger"},"image":{"@id":"https:\/\/toyzinger.com\/es\/#\/schema\/logo\/image\/"},"sameAs":["https:\/\/www.facebook.com\/toyzinger","https:\/\/www.instagram.com\/toyzinger_com\/"]}]}},"coauthors":[],"author_meta":{"author_link":"https:\/\/toyzinger.com\/es\/blog\/author\/toyzinger\/","display_name":"toyzinger"},"relative_dates":{"created":"Publicado 2 a\u00f1os hace","modified":"Actualizado 2 meses hace"},"absolute_dates":{"created":"Publicado el 07\/08\/2024","modified":"Actualizado el 18\/02\/2026"},"absolute_dates_time":{"created":"Publicado el 07\/08\/2024 08:40","modified":"Actualizado el 18\/02\/2026 14:48"},"featured_img_caption":"","featured_img":"https:\/\/toyzinger.com\/wp-content\/uploads\/2024\/08\/marvel-comics-heroes.webp","series_order":"","toy_product_id":"","_links":{"self":[{"href":"https:\/\/toyzinger.com\/es\/wp-json\/wp\/v2\/pages\/20743","targetHints":{"allow":["GET"]}}],"collection":[{"href":"https:\/\/toyzinger.com\/es\/wp-json\/wp\/v2\/pages"}],"about":[{"href":"https:\/\/toyzinger.com\/es\/wp-json\/wp\/v2\/types\/page"}],"author":[{"embeddable":true,"href":"https:\/\/toyzinger.com\/es\/wp-json\/wp\/v2\/users\/2"}],"replies":[{"embeddable":true,"href":"https:\/\/toyzinger.com\/es\/wp-json\/wp\/v2\/comments?post=20743"}],"version-history":[{"count":2,"href":"https:\/\/toyzinger.com\/es\/wp-json\/wp\/v2\/pages\/20743\/revisions"}],"predecessor-version":[{"id":33126,"href":"https:\/\/toyzinger.com\/es\/wp-json\/wp\/v2\/pages\/20743\/revisions\/33126"}],"wp:featuredmedia":[{"embeddable":true,"href":"https:\/\/toyzinger.com\/es\/wp-json\/wp\/v2\/media\/20758"}],"wp:attachment":[{"href":"https:\/\/toyzinger.com\/es\/wp-json\/wp\/v2\/media?parent=20743"}],"wp:term":[{"taxonomy":"wf_page_folders","embeddable":true,"href":"https:\/\/toyzinger.com\/es\/wp-json\/wp\/v2\/wf_page_folders?post=20743"}],"curies":[{"name":"wp","href":"https:\/\/api.w.org\/{rel}","templated":true}]}}