{"id":22669,"date":"2024-10-08T08:42:06","date_gmt":"2024-10-08T08:42:06","guid":{"rendered":"https:\/\/toyzinger.com\/?page_id=22669"},"modified":"2026-02-17T19:08:14","modified_gmt":"2026-02-17T19:08:14","slug":"bravestarr","status":"publish","type":"page","link":"https:\/\/toyzinger.com\/es\/bravestarr\/","title":{"rendered":"Bravestarr"},"content":{"rendered":"\n<h2 class=\"wp-block-heading\">Colecciones de figuras de Bravestarr:<\/h2>\n\n\n\n<p><\/p>\n\n\n\n<a class=\"toy-collection__base\" href=\"https:\/\/toyzinger.com\/es\/bravestarr\/checklist-bravestarr\/\"><figure class=\"toy-collection__image\"><img decoding=\"async\" src=\"https:\/\/toyzinger.com\/wp-content\/uploads\/2026\/02\/bravestarr-marshal-vintage-collection-box-250x300.webp\" alt=\"Bravestarr Vintage figure\"\/><\/figure><ul class=\"toy-collection__info\"><li class=\"toy-collection__name\">Bravestarr<\/li><li class=\"toy-collection__manufacturer\">Mattel &#8211; (1986)<\/li><\/ul><div class=\"toy-collection__arrow\">\u27a4<\/div><\/a>\n\n\n\n<p><\/p>\n\n\n\n<h2 class=\"wp-block-heading\">Sobre la Franquicia:<\/h2>\n\n\n\n<p><\/p>\n\n\n\n<p><strong>BraveStarr<\/strong> es una serie animada de ciencia ficci\u00f3n y western futurista que sigue las aventuras de <strong>Marshal Bravestarr<\/strong>, un sheriff intergal\u00e1ctico que protege el planeta Nuevo Texas en un futuro distante.<\/p>\n\n\n\n<p><\/p>\n\n\n\n<p>Nuevo Texas es un mundo des\u00e9rtico rico en el valioso mineral <strong>kerium<\/strong>, lo que atrae a forajidos y villanos, liderados por el malvado <strong>Tex Hex<\/strong> y su banda.<\/p>\n\n\n\n<p><strong>Bravestarr<\/strong>, con la ayuda de sus poderes m\u00edsticos basados en animales (fuerza de un oso, vista de un halc\u00f3n, velocidad de un puma y o\u00eddo de un lobo), su fiel compa\u00f1ero cibern\u00e9tico <em>Thirty\/Thirty<\/em>, y la jueza J.B., defiende la justicia y el equilibrio en este entorno salvaje y futurista, enfrent\u00e1ndose a las amenazas del mal y protegiendo a los colonos del planeta.<\/p>\n\n\n\n<p><\/p>\n\n\n\n<p>La serie combina elementos de western cl\u00e1sico con ciencia ficci\u00f3n, explorando temas de valent\u00eda, justicia y responsabilidad.<\/p>\n","protected":false},"excerpt":{"rendered":"<p>Colecciones de figuras de Bravestarr: Sobre la Franquicia: BraveStarr es una serie animada de ciencia ficci\u00f3n y western futurista que sigue las aventuras de Marshal Bravestarr, un sheriff intergal\u00e1ctico que protege el planeta Nuevo Texas en un futuro distante. Nuevo Texas es un mundo des\u00e9rtico rico en el valioso mineral kerium, lo que atrae a [&hellip;]<\/p>\n","protected":false},"author":2,"featured_media":22675,"parent":0,"menu_order":0,"comment_status":"closed","ping_status":"closed","template":"","meta":{"advgb_blocks_editor_width":"","advgb_blocks_columns_visual_guide":"","footnotes":""},"wf_page_folders":[1270],"class_list":["post-22669","page","type-page","status-publish","has-post-thumbnail","hentry"],"yoast_head":"<!-- This site is optimized with the Yoast SEO plugin v27.3 - https:\/\/yoast.com\/product\/yoast-seo-wordpress\/ -->\n<title>Bravestarr - Toyzinger<\/title>\n<meta name=\"description\" content=\"Repasamos la franquicia Bravestarr, as\u00ed como de algunas de sus colecciones de juguetes y figuras de acci\u00f3n.\" \/>\n<meta name=\"robots\" content=\"index, follow, max-snippet:-1, max-image-preview:large, max-video-preview:-1\" \/>\n<link rel=\"canonical\" href=\"https:\/\/toyzinger.com\/es\/bravestarr\/\" \/>\n<meta property=\"og:locale\" content=\"es_ES\" \/>\n<meta property=\"og:type\" content=\"article\" \/>\n<meta property=\"og:title\" content=\"Bravestarr - Toyzinger\" \/>\n<meta property=\"og:description\" content=\"Repasamos la franquicia Bravestarr, as\u00ed como de algunas de sus colecciones de juguetes y figuras de acci\u00f3n.\" \/>\n<meta property=\"og:url\" content=\"https:\/\/toyzinger.com\/es\/bravestarr\/\" \/>\n<meta property=\"og:site_name\" content=\"Toyzinger\" \/>\n<meta property=\"article:publisher\" content=\"https:\/\/www.facebook.com\/toyzinger\" \/>\n<meta property=\"article:modified_time\" content=\"2026-02-17T19:08:14+00:00\" \/>\n<meta property=\"og:image\" content=\"https:\/\/toyzinger.com\/wp-content\/uploads\/2024\/10\/bravestarr-figuras-de-accion.webp\" \/>\n\t<meta property=\"og:image:width\" content=\"1200\" \/>\n\t<meta property=\"og:image:height\" content=\"300\" \/>\n\t<meta property=\"og:image:type\" content=\"image\/webp\" \/>\n<meta name=\"twitter:card\" content=\"summary_large_image\" \/>\n<meta name=\"twitter:label1\" content=\"Tiempo de lectura\" \/>\n\t<meta name=\"twitter:data1\" content=\"2 minutos\" \/>\n<script type=\"application\/ld+json\" class=\"yoast-schema-graph\">{\"@context\":\"https:\\\/\\\/schema.org\",\"@graph\":[{\"@type\":\"WebPage\",\"@id\":\"https:\\\/\\\/toyzinger.com\\\/es\\\/bravestarr\\\/\",\"url\":\"https:\\\/\\\/toyzinger.com\\\/es\\\/bravestarr\\\/\",\"name\":\"Bravestarr - Toyzinger\",\"isPartOf\":{\"@id\":\"https:\\\/\\\/toyzinger.com\\\/es\\\/#website\"},\"primaryImageOfPage\":{\"@id\":\"https:\\\/\\\/toyzinger.com\\\/es\\\/bravestarr\\\/#primaryimage\"},\"image\":{\"@id\":\"https:\\\/\\\/toyzinger.com\\\/es\\\/bravestarr\\\/#primaryimage\"},\"thumbnailUrl\":\"https:\\\/\\\/toyzinger.com\\\/wp-content\\\/uploads\\\/2024\\\/10\\\/bravestarr-figuras-de-accion.webp\",\"datePublished\":\"2024-10-08T08:42:06+00:00\",\"dateModified\":\"2026-02-17T19:08:14+00:00\",\"description\":\"Repasamos la franquicia Bravestarr, as\u00ed como de algunas de sus colecciones de juguetes y figuras de acci\u00f3n.\",\"breadcrumb\":{\"@id\":\"https:\\\/\\\/toyzinger.com\\\/es\\\/bravestarr\\\/#breadcrumb\"},\"inLanguage\":\"es\",\"potentialAction\":[{\"@type\":\"ReadAction\",\"target\":[\"https:\\\/\\\/toyzinger.com\\\/es\\\/bravestarr\\\/\"]}]},{\"@type\":\"ImageObject\",\"inLanguage\":\"es\",\"@id\":\"https:\\\/\\\/toyzinger.com\\\/es\\\/bravestarr\\\/#primaryimage\",\"url\":\"https:\\\/\\\/toyzinger.com\\\/wp-content\\\/uploads\\\/2024\\\/10\\\/bravestarr-figuras-de-accion.webp\",\"contentUrl\":\"https:\\\/\\\/toyzinger.com\\\/wp-content\\\/uploads\\\/2024\\\/10\\\/bravestarr-figuras-de-accion.webp\",\"width\":1200,\"height\":300,\"caption\":\"Bravestarr\"},{\"@type\":\"BreadcrumbList\",\"@id\":\"https:\\\/\\\/toyzinger.com\\\/es\\\/bravestarr\\\/#breadcrumb\",\"itemListElement\":[{\"@type\":\"ListItem\",\"position\":1,\"name\":\"Toyzinger\",\"item\":\"https:\\\/\\\/toyzinger.com\\\/es\\\/\"},{\"@type\":\"ListItem\",\"position\":2,\"name\":\"Bravestarr\"}]},{\"@type\":\"WebSite\",\"@id\":\"https:\\\/\\\/toyzinger.com\\\/es\\\/#website\",\"url\":\"https:\\\/\\\/toyzinger.com\\\/es\\\/\",\"name\":\"Toyzinger\",\"description\":\"Coleccionismo de figuras y juguetes\",\"publisher\":{\"@id\":\"https:\\\/\\\/toyzinger.com\\\/es\\\/#organization\"},\"potentialAction\":[{\"@type\":\"SearchAction\",\"target\":{\"@type\":\"EntryPoint\",\"urlTemplate\":\"https:\\\/\\\/toyzinger.com\\\/es\\\/?s={search_term_string}\"},\"query-input\":{\"@type\":\"PropertyValueSpecification\",\"valueRequired\":true,\"valueName\":\"search_term_string\"}}],\"inLanguage\":\"es\"},{\"@type\":\"Organization\",\"@id\":\"https:\\\/\\\/toyzinger.com\\\/es\\\/#organization\",\"name\":\"Toyzinger\",\"url\":\"https:\\\/\\\/toyzinger.com\\\/es\\\/\",\"logo\":{\"@type\":\"ImageObject\",\"inLanguage\":\"es\",\"@id\":\"https:\\\/\\\/toyzinger.com\\\/es\\\/#\\\/schema\\\/logo\\\/image\\\/\",\"url\":\"https:\\\/\\\/toyzinger.com\\\/wp-content\\\/uploads\\\/2022\\\/10\\\/toyzinger_logo.png\",\"contentUrl\":\"https:\\\/\\\/toyzinger.com\\\/wp-content\\\/uploads\\\/2022\\\/10\\\/toyzinger_logo.png\",\"width\":561,\"height\":568,\"caption\":\"Toyzinger\"},\"image\":{\"@id\":\"https:\\\/\\\/toyzinger.com\\\/es\\\/#\\\/schema\\\/logo\\\/image\\\/\"},\"sameAs\":[\"https:\\\/\\\/www.facebook.com\\\/toyzinger\",\"https:\\\/\\\/www.instagram.com\\\/toyzinger_com\\\/\"]}]}<\/script>\n<!-- \/ Yoast SEO plugin. -->","yoast_head_json":{"title":"Bravestarr - Toyzinger","description":"Repasamos la franquicia Bravestarr, as\u00ed como de algunas de sus colecciones de juguetes y figuras de acci\u00f3n.","robots":{"index":"index","follow":"follow","max-snippet":"max-snippet:-1","max-image-preview":"max-image-preview:large","max-video-preview":"max-video-preview:-1"},"canonical":"https:\/\/toyzinger.com\/es\/bravestarr\/","og_locale":"es_ES","og_type":"article","og_title":"Bravestarr - Toyzinger","og_description":"Repasamos la franquicia Bravestarr, as\u00ed como de algunas de sus colecciones de juguetes y figuras de acci\u00f3n.","og_url":"https:\/\/toyzinger.com\/es\/bravestarr\/","og_site_name":"Toyzinger","article_publisher":"https:\/\/www.facebook.com\/toyzinger","article_modified_time":"2026-02-17T19:08:14+00:00","og_image":[{"width":1200,"height":300,"url":"https:\/\/toyzinger.com\/wp-content\/uploads\/2024\/10\/bravestarr-figuras-de-accion.webp","type":"image\/webp"}],"twitter_card":"summary_large_image","twitter_misc":{"Tiempo de lectura":"2 minutos"},"schema":{"@context":"https:\/\/schema.org","@graph":[{"@type":"WebPage","@id":"https:\/\/toyzinger.com\/es\/bravestarr\/","url":"https:\/\/toyzinger.com\/es\/bravestarr\/","name":"Bravestarr - Toyzinger","isPartOf":{"@id":"https:\/\/toyzinger.com\/es\/#website"},"primaryImageOfPage":{"@id":"https:\/\/toyzinger.com\/es\/bravestarr\/#primaryimage"},"image":{"@id":"https:\/\/toyzinger.com\/es\/bravestarr\/#primaryimage"},"thumbnailUrl":"https:\/\/toyzinger.com\/wp-content\/uploads\/2024\/10\/bravestarr-figuras-de-accion.webp","datePublished":"2024-10-08T08:42:06+00:00","dateModified":"2026-02-17T19:08:14+00:00","description":"Repasamos la franquicia Bravestarr, as\u00ed como de algunas de sus colecciones de juguetes y figuras de acci\u00f3n.","breadcrumb":{"@id":"https:\/\/toyzinger.com\/es\/bravestarr\/#breadcrumb"},"inLanguage":"es","potentialAction":[{"@type":"ReadAction","target":["https:\/\/toyzinger.com\/es\/bravestarr\/"]}]},{"@type":"ImageObject","inLanguage":"es","@id":"https:\/\/toyzinger.com\/es\/bravestarr\/#primaryimage","url":"https:\/\/toyzinger.com\/wp-content\/uploads\/2024\/10\/bravestarr-figuras-de-accion.webp","contentUrl":"https:\/\/toyzinger.com\/wp-content\/uploads\/2024\/10\/bravestarr-figuras-de-accion.webp","width":1200,"height":300,"caption":"Bravestarr"},{"@type":"BreadcrumbList","@id":"https:\/\/toyzinger.com\/es\/bravestarr\/#breadcrumb","itemListElement":[{"@type":"ListItem","position":1,"name":"Toyzinger","item":"https:\/\/toyzinger.com\/es\/"},{"@type":"ListItem","position":2,"name":"Bravestarr"}]},{"@type":"WebSite","@id":"https:\/\/toyzinger.com\/es\/#website","url":"https:\/\/toyzinger.com\/es\/","name":"Toyzinger","description":"Coleccionismo de figuras y juguetes","publisher":{"@id":"https:\/\/toyzinger.com\/es\/#organization"},"potentialAction":[{"@type":"SearchAction","target":{"@type":"EntryPoint","urlTemplate":"https:\/\/toyzinger.com\/es\/?s={search_term_string}"},"query-input":{"@type":"PropertyValueSpecification","valueRequired":true,"valueName":"search_term_string"}}],"inLanguage":"es"},{"@type":"Organization","@id":"https:\/\/toyzinger.com\/es\/#organization","name":"Toyzinger","url":"https:\/\/toyzinger.com\/es\/","logo":{"@type":"ImageObject","inLanguage":"es","@id":"https:\/\/toyzinger.com\/es\/#\/schema\/logo\/image\/","url":"https:\/\/toyzinger.com\/wp-content\/uploads\/2022\/10\/toyzinger_logo.png","contentUrl":"https:\/\/toyzinger.com\/wp-content\/uploads\/2022\/10\/toyzinger_logo.png","width":561,"height":568,"caption":"Toyzinger"},"image":{"@id":"https:\/\/toyzinger.com\/es\/#\/schema\/logo\/image\/"},"sameAs":["https:\/\/www.facebook.com\/toyzinger","https:\/\/www.instagram.com\/toyzinger_com\/"]}]}},"coauthors":[],"author_meta":{"author_link":"https:\/\/toyzinger.com\/es\/blog\/author\/toyzinger\/","display_name":"toyzinger"},"relative_dates":{"created":"Publicado 2 a\u00f1os hace","modified":"Actualizado 2 meses hace"},"absolute_dates":{"created":"Publicado el 08\/10\/2024","modified":"Actualizado el 17\/02\/2026"},"absolute_dates_time":{"created":"Publicado el 08\/10\/2024 08:42","modified":"Actualizado el 17\/02\/2026 19:08"},"featured_img_caption":"","featured_img":"https:\/\/toyzinger.com\/wp-content\/uploads\/2024\/10\/bravestarr-figuras-de-accion.webp","series_order":"","toy_product_id":"","_links":{"self":[{"href":"https:\/\/toyzinger.com\/es\/wp-json\/wp\/v2\/pages\/22669","targetHints":{"allow":["GET"]}}],"collection":[{"href":"https:\/\/toyzinger.com\/es\/wp-json\/wp\/v2\/pages"}],"about":[{"href":"https:\/\/toyzinger.com\/es\/wp-json\/wp\/v2\/types\/page"}],"author":[{"embeddable":true,"href":"https:\/\/toyzinger.com\/es\/wp-json\/wp\/v2\/users\/2"}],"replies":[{"embeddable":true,"href":"https:\/\/toyzinger.com\/es\/wp-json\/wp\/v2\/comments?post=22669"}],"version-history":[{"count":2,"href":"https:\/\/toyzinger.com\/es\/wp-json\/wp\/v2\/pages\/22669\/revisions"}],"predecessor-version":[{"id":33122,"href":"https:\/\/toyzinger.com\/es\/wp-json\/wp\/v2\/pages\/22669\/revisions\/33122"}],"wp:featuredmedia":[{"embeddable":true,"href":"https:\/\/toyzinger.com\/es\/wp-json\/wp\/v2\/media\/22675"}],"wp:attachment":[{"href":"https:\/\/toyzinger.com\/es\/wp-json\/wp\/v2\/media?parent=22669"}],"wp:term":[{"taxonomy":"wf_page_folders","embeddable":true,"href":"https:\/\/toyzinger.com\/es\/wp-json\/wp\/v2\/wf_page_folders?post=22669"}],"curies":[{"name":"wp","href":"https:\/\/api.w.org\/{rel}","templated":true}]}}