{"id":25076,"date":"2024-12-12T16:55:59","date_gmt":"2024-12-12T16:55:59","guid":{"rendered":"https:\/\/toyzinger.com\/?page_id=25076"},"modified":"2025-02-05T10:04:29","modified_gmt":"2025-02-05T10:04:29","slug":"undercover-donatello","status":"publish","type":"page","link":"https:\/\/toyzinger.com\/es\/teenage-mutant-ninja-turtles\/checklist-tmnt-vintage-sublines\/undercover-donatello\/","title":{"rendered":"Undercover Donatello"},"content":{"rendered":"\n<div class=\"wp-block-columns is-layout-flex wp-container-core-columns-is-layout-9d6595d7 wp-block-columns-is-layout-flex\">\n<div class=\"wp-block-column is-layout-flow wp-block-column-is-layout-flow\">\n<div class=\"toy-gallery__base\" data-component=\"toyGalleryV2Component\"><div class=\"toy-gallery__box\"><div class=\"toy-gallery__list\"><img decoding=\"async\" src=\"https:\/\/toyzinger.com\/wp-content\/uploads\/2024\/12\/tmnt-undercover-donatello-card-250x300.webp\" alt=\"TMNT Undercover - Don\" id=\"25043\" data-full=\"https:\/\/toyzinger.com\/wp-content\/uploads\/2024\/12\/tmnt-undercover-donatello-card.webp\"\/><img decoding=\"async\" src=\"https:\/\/toyzinger.com\/wp-content\/uploads\/2024\/12\/tmnt-undercover-donatello-cardback-250x300.webp\" alt=\"TMNT Undercover - Don\" id=\"25045\" data-full=\"https:\/\/toyzinger.com\/wp-content\/uploads\/2024\/12\/tmnt-undercover-donatello-cardback.webp\"\/><img decoding=\"async\" src=\"https:\/\/toyzinger.com\/wp-content\/uploads\/2024\/12\/tmnt-undercover-donatello-figure-250x300.webp\" alt=\"TMNT Undercover - Don\" id=\"25047\" data-full=\"https:\/\/toyzinger.com\/wp-content\/uploads\/2024\/12\/tmnt-undercover-donatello-figure.webp\"\/><img decoding=\"async\" src=\"https:\/\/toyzinger.com\/wp-content\/uploads\/2024\/12\/tmnt-undercover-donatello-back-250x300.webp\" alt=\"TMNT Undercover - Don\" id=\"25041\" data-full=\"https:\/\/toyzinger.com\/wp-content\/uploads\/2024\/12\/tmnt-undercover-donatello-back.webp\"\/><img decoding=\"async\" src=\"https:\/\/toyzinger.com\/wp-content\/uploads\/2024\/12\/tmnt-undercover-donatello-accesories-250x300.webp\" alt=\"TMNT Undercover - Don\" id=\"25039\" data-full=\"https:\/\/toyzinger.com\/wp-content\/uploads\/2024\/12\/tmnt-undercover-donatello-accesories.webp\"\/><img decoding=\"async\" src=\"https:\/\/toyzinger.com\/wp-content\/uploads\/2024\/12\/tmnt-undercover-donatello-graded-250x300.webp\" alt=\"TMNT Undercover - Don\" id=\"25049\" data-full=\"https:\/\/toyzinger.com\/wp-content\/uploads\/2024\/12\/tmnt-undercover-donatello-graded.webp\"\/><\/div><div class=\"toy-gallery__main\"><img decoding=\"async\" src=\"https:\/\/toyzinger.com\/wp-content\/uploads\/2024\/12\/tmnt-undercover-donatello-card.webp\" alt=\"TMNT Undercover - Don\"\/><\/div><\/div><\/div>\n<\/div>\n\n\n\n<div class=\"wp-block-column is-layout-flow wp-block-column-is-layout-flow\">\n<div class=\"wp-block-toyzinger-toy-data-sheet toy-data-sheet__base\" itemscope itemtype=\"http:\/\/schema.org\/Product\"><h2 class=\"toy-data-sheet__title\" itemprop=\"name\">Undercover Donatello<\/h2><ul class=\"toy-data-sheet__list\"><li class=\"toy-data-sheet__item\"><span class=\"toy-data-sheet__label\">Franquicia:<\/span><span class=\"toy-data-sheet__value\" itemprop=\"disambiguatingDescription\">Tortugas Ninja<\/span><\/li><li class=\"toy-data-sheet__item\"><span class=\"toy-data-sheet__label\">Colecci\u00f3n:<\/span><span class=\"toy-data-sheet__value\">Vintage<\/span><\/li><li class=\"toy-data-sheet__item\"><span class=\"toy-data-sheet__label\">Fabricante:<\/span><span class=\"toy-data-sheet__value\" itemprop=\"brand\">Playmates<\/span><\/li><li class=\"toy-data-sheet__item\"><span class=\"toy-data-sheet__label\">A\u00f1o de lanzamiento:<\/span><span class=\"toy-data-sheet__value\" itemprop=\"releaseDate\">1994<\/span><\/li><li class=\"toy-data-sheet__item\"><span class=\"toy-data-sheet__label\">Tama\u00f1o:<\/span><span class=\"toy-data-sheet__value\" itemprop=\"size\">14 cm \/ 4.5 inches<\/span><\/li><\/ul><\/div>\n\n\n\n<p><\/p>\n\n\n\n<h3 class=\"wp-block-heading\">Accesorios<\/h3>\n\n\n\n<p><\/p>\n\n\n\n<p><strong><strong>Undercover Donatello<\/strong><\/strong>, de la colecci\u00f3n TMNT Vintage incluye los siguientes accesorios:<\/p>\n\n\n\n<p><\/p>\n\n\n\n<div class=\"wp-block-advgb-list\"><ul class=\"advgblist-ce322607-a0c5-4b7b-beab-70c26aa9d116 advgb-list advgb-list-minus\">\n<li>Gabardina<\/li>\n\n\n\n<li>Bastones x2<\/li>\n\n\n\n<li>Gafas de esp\u00eda<\/li>\n\n\n\n<li>Pistola<\/li>\n\n\n\n<li>Tel\u00e9fono<\/li>\n\n\n\n<li>Comunicador<\/li>\n\n\n\n<li>Ordenador Portatil<\/li>\n<\/ul><\/div>\n<\/div>\n<\/div>\n\n\n\n<p><\/p>\n\n\n\n<h3 class=\"wp-block-heading\">Curiosidades y variantes<\/h3>\n\n\n\n<p><\/p>\n\n\n\n<p>La subl\u00ednea <strong>Undercover<\/strong> presenta a las Tortugas disfrazadas para llevar a cabo misiones encubiertas. Estas figuras se caracterizaban por incluir ropa y accesorios que simulaban disfraces. Esta colecci\u00f3n jugaba con la idea de las Tortugas intentando pasar desapercibidas en p\u00fablico, tal como ocurr\u00eda en algunas escenas de la serie de animaci\u00f3n.<\/p>\n\n\n\n<p><\/p>\n\n\n\n<p>Las cuatro figuras de la wave <strong>Undercover<\/strong> se cuentan entre las m\u00e1s dif\u00edciles de conseguir y las m\u00e1s caras de toda la colecci\u00f3n vintage de TMNT.<\/p>\n\n\n\n<p><\/p>\n\n\n\n<p>Las figuras de la l\u00ednea <strong>Undercover<\/strong> inclu\u00edan una tarjeta con la imagen del personaje.<\/p>\n\n\n\n<p><\/p>\n\n\n\n<p>En el caso de <strong>Undercover Donatello<\/strong>, se conocen dos variantes en las que cambia el color de sus armas, pudiendo encontrarse en <strong>Amarillo<\/strong> o <strong>Azul<\/strong>.<\/p>\n\n\n\n<p><\/p>\n\n\n\n<p><\/p>\n<style class=\"advgb-styles-renderer\">.wp-block-advgb-list ul.advgblist-ce322607-a0c5-4b7b-beab-70c26aa9d116 > li{font-size:16px;}.wp-block-advgb-list ul.advgblist-ce322607-a0c5-4b7b-beab-70c26aa9d116 > li{padding-left:18px;margin-left:0;}.wp-block-advgb-list ul.advgblist-ce322607-a0c5-4b7b-beab-70c26aa9d116 > li:before{font-size:16px;color:#000;line-height:18px;margin:2px;padding:2px;margin-left:-20px}.wp-block-advgb-list ul.advgblist-ce322607-a0c5-4b7b-beab-70c26aa9d116 > li{font-size:16px;}.wp-block-advgb-list ul.advgblist-ce322607-a0c5-4b7b-beab-70c26aa9d116 > li{padding-left:18px;margin-left:0;}.wp-block-advgb-list ul.advgblist-ce322607-a0c5-4b7b-beab-70c26aa9d116 > li:before{font-size:16px;color:#000;line-height:18px;margin:2px;padding:2px;margin-left:-20px}.wp-block-advgb-list ul.advgblist-ce322607-a0c5-4b7b-beab-70c26aa9d116 > li{font-size:16px;}.wp-block-advgb-list ul.advgblist-ce322607-a0c5-4b7b-beab-70c26aa9d116 > li{padding-left:18px;margin-left:0;}.wp-block-advgb-list ul.advgblist-ce322607-a0c5-4b7b-beab-70c26aa9d116 > li:before{font-size:16px;color:#000;line-height:18px;margin:2px;padding:2px;margin-left:-20px}<\/style>","protected":false},"excerpt":{"rendered":"<p>Accesorios Undercover Donatello, de la colecci\u00f3n TMNT Vintage incluye los siguientes accesorios: Curiosidades y variantes La subl\u00ednea Undercover presenta a las Tortugas disfrazadas para llevar a cabo misiones encubiertas. Estas figuras se caracterizaban por incluir ropa y accesorios que simulaban disfraces. Esta colecci\u00f3n jugaba con la idea de las Tortugas intentando pasar desapercibidas en p\u00fablico, [&hellip;]<\/p>\n","protected":false},"author":2,"featured_media":2659,"parent":26271,"menu_order":2403,"comment_status":"closed","ping_status":"closed","template":"page_figure.php","meta":{"advgb_blocks_editor_width":"","advgb_blocks_columns_visual_guide":"","footnotes":""},"wf_page_folders":[1326],"class_list":["post-25076","page","type-page","status-publish","has-post-thumbnail","hentry"],"yoast_head":"<!-- This site is optimized with the Yoast SEO plugin v27.3 - https:\/\/yoast.com\/product\/yoast-seo-wordpress\/ -->\n<title>Undercover Donatello - TMNT Vintage<\/title>\n<meta name=\"description\" content=\"Figura &quot;Undercover Donatello&quot; de la colecci\u00f3n vintage de Tortugas ninja (TMNT), creada por Playmates en los 80&#039;s y 90&#039;s\" \/>\n<meta name=\"robots\" content=\"index, follow, max-snippet:-1, max-image-preview:large, max-video-preview:-1\" \/>\n<link rel=\"canonical\" href=\"https:\/\/toyzinger.com\/es\/teenage-mutant-ninja-turtles\/checklist-tmnt-vintage-sublines\/undercover-donatello\/\" \/>\n<meta property=\"og:locale\" content=\"es_ES\" \/>\n<meta property=\"og:type\" content=\"article\" \/>\n<meta property=\"og:title\" content=\"Undercover Donatello - TMNT Vintage\" \/>\n<meta property=\"og:description\" content=\"Figura &quot;Undercover Donatello&quot; de la colecci\u00f3n vintage de Tortugas ninja (TMNT), creada por Playmates en los 80&#039;s y 90&#039;s\" \/>\n<meta property=\"og:url\" content=\"https:\/\/toyzinger.com\/es\/teenage-mutant-ninja-turtles\/checklist-tmnt-vintage-sublines\/undercover-donatello\/\" \/>\n<meta property=\"og:site_name\" content=\"Toyzinger\" \/>\n<meta property=\"article:publisher\" content=\"https:\/\/www.facebook.com\/toyzinger\" \/>\n<meta property=\"article:modified_time\" content=\"2025-02-05T10:04:29+00:00\" \/>\n<meta property=\"og:image\" content=\"https:\/\/toyzinger.com\/wp-content\/uploads\/2022\/12\/tmnt-tortugas-ninja-coleccion-figuras.jpg\" \/>\n\t<meta property=\"og:image:width\" content=\"1200\" \/>\n\t<meta property=\"og:image:height\" content=\"300\" \/>\n\t<meta property=\"og:image:type\" content=\"image\/jpeg\" \/>\n<meta name=\"twitter:card\" content=\"summary_large_image\" \/>\n<meta name=\"twitter:label1\" content=\"Tiempo de lectura\" \/>\n\t<meta name=\"twitter:data1\" content=\"3 minutos\" \/>\n<script type=\"application\/ld+json\" class=\"yoast-schema-graph\">{\"@context\":\"https:\\\/\\\/schema.org\",\"@graph\":[{\"@type\":\"WebPage\",\"@id\":\"https:\\\/\\\/toyzinger.com\\\/es\\\/teenage-mutant-ninja-turtles\\\/checklist-tmnt-vintage-sublines\\\/undercover-donatello\\\/\",\"url\":\"https:\\\/\\\/toyzinger.com\\\/es\\\/teenage-mutant-ninja-turtles\\\/checklist-tmnt-vintage-sublines\\\/undercover-donatello\\\/\",\"name\":\"Undercover Donatello - TMNT Vintage\",\"isPartOf\":{\"@id\":\"https:\\\/\\\/toyzinger.com\\\/es\\\/#website\"},\"primaryImageOfPage\":{\"@id\":\"https:\\\/\\\/toyzinger.com\\\/es\\\/teenage-mutant-ninja-turtles\\\/checklist-tmnt-vintage-sublines\\\/undercover-donatello\\\/#primaryimage\"},\"image\":{\"@id\":\"https:\\\/\\\/toyzinger.com\\\/es\\\/teenage-mutant-ninja-turtles\\\/checklist-tmnt-vintage-sublines\\\/undercover-donatello\\\/#primaryimage\"},\"thumbnailUrl\":\"https:\\\/\\\/toyzinger.com\\\/wp-content\\\/uploads\\\/2022\\\/12\\\/tmnt-tortugas-ninja-coleccion-figuras.jpg\",\"datePublished\":\"2024-12-12T16:55:59+00:00\",\"dateModified\":\"2025-02-05T10:04:29+00:00\",\"description\":\"Figura \\\"Undercover Donatello\\\" de la colecci\u00f3n vintage de Tortugas ninja (TMNT), creada por Playmates en los 80's y 90's\",\"breadcrumb\":{\"@id\":\"https:\\\/\\\/toyzinger.com\\\/es\\\/teenage-mutant-ninja-turtles\\\/checklist-tmnt-vintage-sublines\\\/undercover-donatello\\\/#breadcrumb\"},\"inLanguage\":\"es\",\"potentialAction\":[{\"@type\":\"ReadAction\",\"target\":[\"https:\\\/\\\/toyzinger.com\\\/es\\\/teenage-mutant-ninja-turtles\\\/checklist-tmnt-vintage-sublines\\\/undercover-donatello\\\/\"]}]},{\"@type\":\"ImageObject\",\"inLanguage\":\"es\",\"@id\":\"https:\\\/\\\/toyzinger.com\\\/es\\\/teenage-mutant-ninja-turtles\\\/checklist-tmnt-vintage-sublines\\\/undercover-donatello\\\/#primaryimage\",\"url\":\"https:\\\/\\\/toyzinger.com\\\/wp-content\\\/uploads\\\/2022\\\/12\\\/tmnt-tortugas-ninja-coleccion-figuras.jpg\",\"contentUrl\":\"https:\\\/\\\/toyzinger.com\\\/wp-content\\\/uploads\\\/2022\\\/12\\\/tmnt-tortugas-ninja-coleccion-figuras.jpg\",\"width\":1200,\"height\":300,\"caption\":\"TMNT Tortugas Ninja Coleccionde figuras\"},{\"@type\":\"BreadcrumbList\",\"@id\":\"https:\\\/\\\/toyzinger.com\\\/es\\\/teenage-mutant-ninja-turtles\\\/checklist-tmnt-vintage-sublines\\\/undercover-donatello\\\/#breadcrumb\",\"itemListElement\":[{\"@type\":\"ListItem\",\"position\":1,\"name\":\"Toyzinger\",\"item\":\"https:\\\/\\\/toyzinger.com\\\/es\\\/\"},{\"@type\":\"ListItem\",\"position\":2,\"name\":\"TMNT\",\"item\":\"https:\\\/\\\/toyzinger.com\\\/es\\\/teenage-mutant-ninja-turtles\\\/\"},{\"@type\":\"ListItem\",\"position\":3,\"name\":\"Checklist &#8211; TMNT Vintage &#8211; Sublines\",\"item\":\"https:\\\/\\\/toyzinger.com\\\/es\\\/teenage-mutant-ninja-turtles\\\/checklist-tmnt-vintage-sublines\\\/\"},{\"@type\":\"ListItem\",\"position\":4,\"name\":\"Undercover Donatello\"}]},{\"@type\":\"WebSite\",\"@id\":\"https:\\\/\\\/toyzinger.com\\\/es\\\/#website\",\"url\":\"https:\\\/\\\/toyzinger.com\\\/es\\\/\",\"name\":\"Toyzinger\",\"description\":\"Coleccionismo de figuras y juguetes\",\"publisher\":{\"@id\":\"https:\\\/\\\/toyzinger.com\\\/es\\\/#organization\"},\"potentialAction\":[{\"@type\":\"SearchAction\",\"target\":{\"@type\":\"EntryPoint\",\"urlTemplate\":\"https:\\\/\\\/toyzinger.com\\\/es\\\/?s={search_term_string}\"},\"query-input\":{\"@type\":\"PropertyValueSpecification\",\"valueRequired\":true,\"valueName\":\"search_term_string\"}}],\"inLanguage\":\"es\"},{\"@type\":\"Organization\",\"@id\":\"https:\\\/\\\/toyzinger.com\\\/es\\\/#organization\",\"name\":\"Toyzinger\",\"url\":\"https:\\\/\\\/toyzinger.com\\\/es\\\/\",\"logo\":{\"@type\":\"ImageObject\",\"inLanguage\":\"es\",\"@id\":\"https:\\\/\\\/toyzinger.com\\\/es\\\/#\\\/schema\\\/logo\\\/image\\\/\",\"url\":\"https:\\\/\\\/toyzinger.com\\\/wp-content\\\/uploads\\\/2022\\\/10\\\/toyzinger_logo.png\",\"contentUrl\":\"https:\\\/\\\/toyzinger.com\\\/wp-content\\\/uploads\\\/2022\\\/10\\\/toyzinger_logo.png\",\"width\":561,\"height\":568,\"caption\":\"Toyzinger\"},\"image\":{\"@id\":\"https:\\\/\\\/toyzinger.com\\\/es\\\/#\\\/schema\\\/logo\\\/image\\\/\"},\"sameAs\":[\"https:\\\/\\\/www.facebook.com\\\/toyzinger\",\"https:\\\/\\\/www.instagram.com\\\/toyzinger_com\\\/\"]}]}<\/script>\n<!-- \/ Yoast SEO plugin. -->","yoast_head_json":{"title":"Undercover Donatello - TMNT Vintage","description":"Figura \"Undercover Donatello\" de la colecci\u00f3n vintage de Tortugas ninja (TMNT), creada por Playmates en los 80's y 90's","robots":{"index":"index","follow":"follow","max-snippet":"max-snippet:-1","max-image-preview":"max-image-preview:large","max-video-preview":"max-video-preview:-1"},"canonical":"https:\/\/toyzinger.com\/es\/teenage-mutant-ninja-turtles\/checklist-tmnt-vintage-sublines\/undercover-donatello\/","og_locale":"es_ES","og_type":"article","og_title":"Undercover Donatello - TMNT Vintage","og_description":"Figura \"Undercover Donatello\" de la colecci\u00f3n vintage de Tortugas ninja (TMNT), creada por Playmates en los 80's y 90's","og_url":"https:\/\/toyzinger.com\/es\/teenage-mutant-ninja-turtles\/checklist-tmnt-vintage-sublines\/undercover-donatello\/","og_site_name":"Toyzinger","article_publisher":"https:\/\/www.facebook.com\/toyzinger","article_modified_time":"2025-02-05T10:04:29+00:00","og_image":[{"width":1200,"height":300,"url":"https:\/\/toyzinger.com\/wp-content\/uploads\/2022\/12\/tmnt-tortugas-ninja-coleccion-figuras.jpg","type":"image\/jpeg"}],"twitter_card":"summary_large_image","twitter_misc":{"Tiempo de lectura":"3 minutos"},"schema":{"@context":"https:\/\/schema.org","@graph":[{"@type":"WebPage","@id":"https:\/\/toyzinger.com\/es\/teenage-mutant-ninja-turtles\/checklist-tmnt-vintage-sublines\/undercover-donatello\/","url":"https:\/\/toyzinger.com\/es\/teenage-mutant-ninja-turtles\/checklist-tmnt-vintage-sublines\/undercover-donatello\/","name":"Undercover Donatello - TMNT Vintage","isPartOf":{"@id":"https:\/\/toyzinger.com\/es\/#website"},"primaryImageOfPage":{"@id":"https:\/\/toyzinger.com\/es\/teenage-mutant-ninja-turtles\/checklist-tmnt-vintage-sublines\/undercover-donatello\/#primaryimage"},"image":{"@id":"https:\/\/toyzinger.com\/es\/teenage-mutant-ninja-turtles\/checklist-tmnt-vintage-sublines\/undercover-donatello\/#primaryimage"},"thumbnailUrl":"https:\/\/toyzinger.com\/wp-content\/uploads\/2022\/12\/tmnt-tortugas-ninja-coleccion-figuras.jpg","datePublished":"2024-12-12T16:55:59+00:00","dateModified":"2025-02-05T10:04:29+00:00","description":"Figura \"Undercover Donatello\" de la colecci\u00f3n vintage de Tortugas ninja (TMNT), creada por Playmates en los 80's y 90's","breadcrumb":{"@id":"https:\/\/toyzinger.com\/es\/teenage-mutant-ninja-turtles\/checklist-tmnt-vintage-sublines\/undercover-donatello\/#breadcrumb"},"inLanguage":"es","potentialAction":[{"@type":"ReadAction","target":["https:\/\/toyzinger.com\/es\/teenage-mutant-ninja-turtles\/checklist-tmnt-vintage-sublines\/undercover-donatello\/"]}]},{"@type":"ImageObject","inLanguage":"es","@id":"https:\/\/toyzinger.com\/es\/teenage-mutant-ninja-turtles\/checklist-tmnt-vintage-sublines\/undercover-donatello\/#primaryimage","url":"https:\/\/toyzinger.com\/wp-content\/uploads\/2022\/12\/tmnt-tortugas-ninja-coleccion-figuras.jpg","contentUrl":"https:\/\/toyzinger.com\/wp-content\/uploads\/2022\/12\/tmnt-tortugas-ninja-coleccion-figuras.jpg","width":1200,"height":300,"caption":"TMNT Tortugas Ninja Coleccionde figuras"},{"@type":"BreadcrumbList","@id":"https:\/\/toyzinger.com\/es\/teenage-mutant-ninja-turtles\/checklist-tmnt-vintage-sublines\/undercover-donatello\/#breadcrumb","itemListElement":[{"@type":"ListItem","position":1,"name":"Toyzinger","item":"https:\/\/toyzinger.com\/es\/"},{"@type":"ListItem","position":2,"name":"TMNT","item":"https:\/\/toyzinger.com\/es\/teenage-mutant-ninja-turtles\/"},{"@type":"ListItem","position":3,"name":"Checklist &#8211; TMNT Vintage &#8211; Sublines","item":"https:\/\/toyzinger.com\/es\/teenage-mutant-ninja-turtles\/checklist-tmnt-vintage-sublines\/"},{"@type":"ListItem","position":4,"name":"Undercover Donatello"}]},{"@type":"WebSite","@id":"https:\/\/toyzinger.com\/es\/#website","url":"https:\/\/toyzinger.com\/es\/","name":"Toyzinger","description":"Coleccionismo de figuras y juguetes","publisher":{"@id":"https:\/\/toyzinger.com\/es\/#organization"},"potentialAction":[{"@type":"SearchAction","target":{"@type":"EntryPoint","urlTemplate":"https:\/\/toyzinger.com\/es\/?s={search_term_string}"},"query-input":{"@type":"PropertyValueSpecification","valueRequired":true,"valueName":"search_term_string"}}],"inLanguage":"es"},{"@type":"Organization","@id":"https:\/\/toyzinger.com\/es\/#organization","name":"Toyzinger","url":"https:\/\/toyzinger.com\/es\/","logo":{"@type":"ImageObject","inLanguage":"es","@id":"https:\/\/toyzinger.com\/es\/#\/schema\/logo\/image\/","url":"https:\/\/toyzinger.com\/wp-content\/uploads\/2022\/10\/toyzinger_logo.png","contentUrl":"https:\/\/toyzinger.com\/wp-content\/uploads\/2022\/10\/toyzinger_logo.png","width":561,"height":568,"caption":"Toyzinger"},"image":{"@id":"https:\/\/toyzinger.com\/es\/#\/schema\/logo\/image\/"},"sameAs":["https:\/\/www.facebook.com\/toyzinger","https:\/\/www.instagram.com\/toyzinger_com\/"]}]}},"coauthors":[],"author_meta":{"author_link":"https:\/\/toyzinger.com\/es\/blog\/author\/toyzinger\/","display_name":"toyzinger"},"relative_dates":{"created":"Publicado 1 a\u00f1o hace","modified":"Actualizado 1 a\u00f1o hace"},"absolute_dates":{"created":"Publicado el 12\/12\/2024","modified":"Actualizado el 05\/02\/2025"},"absolute_dates_time":{"created":"Publicado el 12\/12\/2024 16:55","modified":"Actualizado el 05\/02\/2025 10:04"},"featured_img_caption":"","featured_img":"https:\/\/toyzinger.com\/wp-content\/uploads\/2022\/12\/tmnt-tortugas-ninja-coleccion-figuras.jpg","series_order":"","toy_product_id":"","_links":{"self":[{"href":"https:\/\/toyzinger.com\/es\/wp-json\/wp\/v2\/pages\/25076","targetHints":{"allow":["GET"]}}],"collection":[{"href":"https:\/\/toyzinger.com\/es\/wp-json\/wp\/v2\/pages"}],"about":[{"href":"https:\/\/toyzinger.com\/es\/wp-json\/wp\/v2\/types\/page"}],"author":[{"embeddable":true,"href":"https:\/\/toyzinger.com\/es\/wp-json\/wp\/v2\/users\/2"}],"replies":[{"embeddable":true,"href":"https:\/\/toyzinger.com\/es\/wp-json\/wp\/v2\/comments?post=25076"}],"version-history":[{"count":2,"href":"https:\/\/toyzinger.com\/es\/wp-json\/wp\/v2\/pages\/25076\/revisions"}],"predecessor-version":[{"id":25084,"href":"https:\/\/toyzinger.com\/es\/wp-json\/wp\/v2\/pages\/25076\/revisions\/25084"}],"up":[{"embeddable":true,"href":"https:\/\/toyzinger.com\/es\/wp-json\/wp\/v2\/pages\/26271"}],"wp:featuredmedia":[{"embeddable":true,"href":"https:\/\/toyzinger.com\/es\/wp-json\/wp\/v2\/media\/2659"}],"wp:attachment":[{"href":"https:\/\/toyzinger.com\/es\/wp-json\/wp\/v2\/media?parent=25076"}],"wp:term":[{"taxonomy":"wf_page_folders","embeddable":true,"href":"https:\/\/toyzinger.com\/es\/wp-json\/wp\/v2\/wf_page_folders?post=25076"}],"curies":[{"name":"wp","href":"https:\/\/api.w.org\/{rel}","templated":true}]}}