{"id":25634,"date":"2025-01-28T16:06:39","date_gmt":"2025-01-28T16:06:39","guid":{"rendered":"https:\/\/toyzinger.com\/?page_id=25634"},"modified":"2025-02-04T16:41:44","modified_gmt":"2025-02-04T16:41:44","slug":"dark-devil-shredder","status":"publish","type":"page","link":"https:\/\/toyzinger.com\/es\/teenage-mutant-ninja-turtles\/checklist-tmnt-vintage-sublines\/dark-devil-shredder\/","title":{"rendered":"Dark Devil Shredder"},"content":{"rendered":"\n<div class=\"wp-block-columns is-layout-flex wp-container-core-columns-is-layout-9d6595d7 wp-block-columns-is-layout-flex\">\n<div class=\"wp-block-column is-layout-flow wp-block-column-is-layout-flow\">\n<div class=\"toy-gallery__base\" data-component=\"toyGalleryV2Component\"><div class=\"toy-gallery__box\"><div class=\"toy-gallery__list\"><img decoding=\"async\" src=\"https:\/\/toyzinger.com\/wp-content\/uploads\/2025\/01\/tmnt-super-turtles-dark-devil-sheredder-box-250x300.webp\" alt=\"Super Turtles - Dark Devil Sheredder\" id=\"25646\" data-full=\"https:\/\/toyzinger.com\/wp-content\/uploads\/2025\/01\/tmnt-super-turtles-dark-devil-sheredder-box.webp\"\/><img decoding=\"async\" src=\"https:\/\/toyzinger.com\/wp-content\/uploads\/2025\/01\/tmnt-super-turtles-dark-devil-sheredder-box-back-250x300.webp\" alt=\"Super Turtles - Dark Devil Sheredder\" id=\"25644\" data-full=\"https:\/\/toyzinger.com\/wp-content\/uploads\/2025\/01\/tmnt-super-turtles-dark-devil-sheredder-box-back.webp\"\/><img decoding=\"async\" src=\"https:\/\/toyzinger.com\/wp-content\/uploads\/2025\/01\/tmnt-super-turtles-dark-devil-sheredder-complete-250x300.webp\" alt=\"Super Turtles - Dark Devil Sheredder\" id=\"25648\" data-full=\"https:\/\/toyzinger.com\/wp-content\/uploads\/2025\/01\/tmnt-super-turtles-dark-devil-sheredder-complete.webp\"\/><img decoding=\"async\" src=\"https:\/\/toyzinger.com\/wp-content\/uploads\/2025\/01\/tmnt-super-turtles-dark-devil-sheredder-figure-250x300.webp\" alt=\"Super Turtles - Dark Devil Sheredder\" id=\"25650\" data-full=\"https:\/\/toyzinger.com\/wp-content\/uploads\/2025\/01\/tmnt-super-turtles-dark-devil-sheredder-figure.webp\"\/><img decoding=\"async\" src=\"https:\/\/toyzinger.com\/wp-content\/uploads\/2025\/01\/tmnt-super-turtles-dark-devil-sheredder-back-250x300.webp\" alt=\"Super Turtles - Dark Devil Sheredder\" id=\"25642\" data-full=\"https:\/\/toyzinger.com\/wp-content\/uploads\/2025\/01\/tmnt-super-turtles-dark-devil-sheredder-back.webp\"\/><\/div><div class=\"toy-gallery__main\"><img decoding=\"async\" src=\"https:\/\/toyzinger.com\/wp-content\/uploads\/2025\/01\/tmnt-super-turtles-dark-devil-sheredder-box.webp\" alt=\"Super Turtles - Dark Devil Sheredder\"\/><\/div><\/div><\/div>\n<\/div>\n\n\n\n<div class=\"wp-block-column is-layout-flow wp-block-column-is-layout-flow\">\n<div class=\"wp-block-toyzinger-toy-data-sheet toy-data-sheet__base\" itemscope itemtype=\"http:\/\/schema.org\/Product\"><h2 class=\"toy-data-sheet__title\" itemprop=\"name\">Dark Devil Shredder<\/h2><ul class=\"toy-data-sheet__list\"><li class=\"toy-data-sheet__item\"><span class=\"toy-data-sheet__label\">Franquicia:<\/span><span class=\"toy-data-sheet__value\" itemprop=\"disambiguatingDescription\">Tortugas Ninja<\/span><\/li><li class=\"toy-data-sheet__item\"><span class=\"toy-data-sheet__label\">Colecci\u00f3n:<\/span><span class=\"toy-data-sheet__value\">TMNT Vintage<\/span><\/li><li class=\"toy-data-sheet__item\"><span class=\"toy-data-sheet__label\">Fabricante:<\/span><span class=\"toy-data-sheet__value\" itemprop=\"brand\">Playmates<\/span><\/li><li class=\"toy-data-sheet__item\"><span class=\"toy-data-sheet__label\">A\u00f1o de lanzamiento:<\/span><span class=\"toy-data-sheet__value\" itemprop=\"releaseDate\">1995<\/span><\/li><li class=\"toy-data-sheet__item\"><span class=\"toy-data-sheet__label\">Tama\u00f1o:<\/span><span class=\"toy-data-sheet__value\" itemprop=\"size\">14 cm \/ 4.5 inches<\/span><\/li><\/ul><\/div>\n\n\n\n<p><\/p>\n\n\n\n<h3 class=\"wp-block-heading\">Accesorios<\/h3>\n\n\n\n<p><\/p>\n\n\n\n<p><strong><strong>Dark Devil Shredder<\/strong><\/strong>, de la colecci\u00f3n TMNT Vintage incluye los siguientes accesorios:<\/p>\n\n\n\n<p><\/p>\n\n\n\n<div class=\"wp-block-advgb-list\"><ul class=\"advgblist-b790cdb8-bba5-460e-b68e-c3643b33b905 advgb-list advgb-list-minus\">\n<li>Alas 2<\/li>\n\n\n\n<li>Armadura (2 piezas)<\/li>\n\n\n\n<li>Cola<\/li>\n\n\n\n<li>Espada<\/li>\n\n\n\n<li>Ooze<\/li>\n\n\n\n<li>Taladro<\/li>\n<\/ul><\/div>\n<\/div>\n<\/div>\n\n\n\n<p><\/p>\n\n\n\n<h3 class=\"wp-block-heading\">Curiosidades y variantes<\/h3>\n\n\n\n<p><\/p>\n\n\n\n<p>La subl\u00ednea <strong>Super Turtles<\/strong> se lanz\u00f3 en 1995 exclusivamente en el mercado japon\u00e9s. Esta colecci\u00f3n es muy similar a la l\u00ednea <strong>Supermutants<\/strong>, ya que las figuras presentan un estilo mucho m\u00e1s estilizado que recuerda a los animes.<\/p>\n\n\n\n<p><\/p>\n\n\n\n<p>De hecho, las figuras de las cuatro tortugas comparten el mismo molde que las de <strong>Supermutants<\/strong>, pero incluyen accesorios adicionales que permiten transformar el dise\u00f1o moderno de las tortugas en uno m\u00e1s cl\u00e1sico. Adem\u00e1s, esta l\u00ednea cuenta con tres figuras exclusivas que no se encuentran en ninguna otra colecci\u00f3n.<\/p>\n\n\n\n<p><\/p>\n\n\n\n<p>El empaque de las figuras es especialmente destacable, ya que vienen en una caja con una ilustraci\u00f3n del personaje y una ventana que permite ver la figura en su interior.<\/p>\n\n\n\n<p><\/p>\n\n\n\n<p><\/p>\n\n\n\n<p><\/p>\n\n\n\n<p><\/p>\n\n\n\n<p><\/p>\n\n\n\n<p><\/p>\n<style class=\"advgb-styles-renderer\">.wp-block-advgb-list ul.advgblist-b790cdb8-bba5-460e-b68e-c3643b33b905 > li{font-size:16px;}.wp-block-advgb-list ul.advgblist-b790cdb8-bba5-460e-b68e-c3643b33b905 > li{padding-left:18px;margin-left:0;}.wp-block-advgb-list ul.advgblist-b790cdb8-bba5-460e-b68e-c3643b33b905 > li:before{font-size:16px;color:#000;line-height:18px;margin:2px;padding:2px;margin-left:-20px}.wp-block-advgb-list ul.advgblist-b790cdb8-bba5-460e-b68e-c3643b33b905 > li{font-size:16px;}.wp-block-advgb-list ul.advgblist-b790cdb8-bba5-460e-b68e-c3643b33b905 > li{padding-left:18px;margin-left:0;}.wp-block-advgb-list ul.advgblist-b790cdb8-bba5-460e-b68e-c3643b33b905 > li:before{font-size:16px;color:#000;line-height:18px;margin:2px;padding:2px;margin-left:-20px}.wp-block-advgb-list ul.advgblist-b790cdb8-bba5-460e-b68e-c3643b33b905 > li{font-size:16px;}.wp-block-advgb-list ul.advgblist-b790cdb8-bba5-460e-b68e-c3643b33b905 > li{padding-left:18px;margin-left:0;}.wp-block-advgb-list ul.advgblist-b790cdb8-bba5-460e-b68e-c3643b33b905 > li:before{font-size:16px;color:#000;line-height:18px;margin:2px;padding:2px;margin-left:-20px}<\/style>","protected":false},"excerpt":{"rendered":"<p>Accesorios Dark Devil Shredder, de la colecci\u00f3n TMNT Vintage incluye los siguientes accesorios: Curiosidades y variantes La subl\u00ednea Super Turtles se lanz\u00f3 en 1995 exclusivamente en el mercado japon\u00e9s. Esta colecci\u00f3n es muy similar a la l\u00ednea Supermutants, ya que las figuras presentan un estilo mucho m\u00e1s estilizado que recuerda a los animes. De hecho, [&hellip;]<\/p>\n","protected":false},"author":2,"featured_media":2653,"parent":26271,"menu_order":3606,"comment_status":"closed","ping_status":"closed","template":"page_figure.php","meta":{"advgb_blocks_editor_width":"","advgb_blocks_columns_visual_guide":"","footnotes":""},"wf_page_folders":[1338],"class_list":["post-25634","page","type-page","status-publish","has-post-thumbnail","hentry"],"yoast_head":"<!-- This site is optimized with the Yoast SEO plugin v27.3 - https:\/\/yoast.com\/product\/yoast-seo-wordpress\/ -->\n<title>Dark Devil Shredder - TMNT Vintage<\/title>\n<meta name=\"description\" content=\"Figura &quot;Dark Devil Shredder&quot; de la colecci\u00f3n vintage de Tortugas ninja (TMNT), creada por Playmates en los 80&#039;s y 90&#039;s\" \/>\n<meta name=\"robots\" content=\"index, follow, max-snippet:-1, max-image-preview:large, max-video-preview:-1\" \/>\n<link rel=\"canonical\" href=\"https:\/\/toyzinger.com\/es\/teenage-mutant-ninja-turtles\/checklist-tmnt-vintage-sublines\/dark-devil-shredder\/\" \/>\n<meta property=\"og:locale\" content=\"es_ES\" \/>\n<meta property=\"og:type\" content=\"article\" \/>\n<meta property=\"og:title\" content=\"Dark Devil Shredder - TMNT Vintage\" \/>\n<meta property=\"og:description\" content=\"Figura &quot;Dark Devil Shredder&quot; de la colecci\u00f3n vintage de Tortugas ninja (TMNT), creada por Playmates en los 80&#039;s y 90&#039;s\" \/>\n<meta property=\"og:url\" content=\"https:\/\/toyzinger.com\/es\/teenage-mutant-ninja-turtles\/checklist-tmnt-vintage-sublines\/dark-devil-shredder\/\" \/>\n<meta property=\"og:site_name\" content=\"Toyzinger\" \/>\n<meta property=\"article:publisher\" content=\"https:\/\/www.facebook.com\/toyzinger\" \/>\n<meta property=\"article:modified_time\" content=\"2025-02-04T16:41:44+00:00\" \/>\n<meta property=\"og:image\" content=\"https:\/\/toyzinger.com\/wp-content\/uploads\/2022\/12\/tmnt-tortugas-ninja-coleccion-figuras-movie.jpg\" \/>\n\t<meta property=\"og:image:width\" content=\"1200\" \/>\n\t<meta property=\"og:image:height\" content=\"300\" \/>\n\t<meta property=\"og:image:type\" content=\"image\/jpeg\" \/>\n<meta name=\"twitter:card\" content=\"summary_large_image\" \/>\n<meta name=\"twitter:label1\" content=\"Tiempo de lectura\" \/>\n\t<meta name=\"twitter:data1\" content=\"3 minutos\" \/>\n<script type=\"application\/ld+json\" class=\"yoast-schema-graph\">{\"@context\":\"https:\\\/\\\/schema.org\",\"@graph\":[{\"@type\":\"WebPage\",\"@id\":\"https:\\\/\\\/toyzinger.com\\\/es\\\/teenage-mutant-ninja-turtles\\\/checklist-tmnt-vintage-sublines\\\/dark-devil-shredder\\\/\",\"url\":\"https:\\\/\\\/toyzinger.com\\\/es\\\/teenage-mutant-ninja-turtles\\\/checklist-tmnt-vintage-sublines\\\/dark-devil-shredder\\\/\",\"name\":\"Dark Devil Shredder - TMNT Vintage\",\"isPartOf\":{\"@id\":\"https:\\\/\\\/toyzinger.com\\\/es\\\/#website\"},\"primaryImageOfPage\":{\"@id\":\"https:\\\/\\\/toyzinger.com\\\/es\\\/teenage-mutant-ninja-turtles\\\/checklist-tmnt-vintage-sublines\\\/dark-devil-shredder\\\/#primaryimage\"},\"image\":{\"@id\":\"https:\\\/\\\/toyzinger.com\\\/es\\\/teenage-mutant-ninja-turtles\\\/checklist-tmnt-vintage-sublines\\\/dark-devil-shredder\\\/#primaryimage\"},\"thumbnailUrl\":\"https:\\\/\\\/toyzinger.com\\\/wp-content\\\/uploads\\\/2022\\\/12\\\/tmnt-tortugas-ninja-coleccion-figuras-movie.jpg\",\"datePublished\":\"2025-01-28T16:06:39+00:00\",\"dateModified\":\"2025-02-04T16:41:44+00:00\",\"description\":\"Figura \\\"Dark Devil Shredder\\\" de la colecci\u00f3n vintage de Tortugas ninja (TMNT), creada por Playmates en los 80's y 90's\",\"breadcrumb\":{\"@id\":\"https:\\\/\\\/toyzinger.com\\\/es\\\/teenage-mutant-ninja-turtles\\\/checklist-tmnt-vintage-sublines\\\/dark-devil-shredder\\\/#breadcrumb\"},\"inLanguage\":\"es\",\"potentialAction\":[{\"@type\":\"ReadAction\",\"target\":[\"https:\\\/\\\/toyzinger.com\\\/es\\\/teenage-mutant-ninja-turtles\\\/checklist-tmnt-vintage-sublines\\\/dark-devil-shredder\\\/\"]}]},{\"@type\":\"ImageObject\",\"inLanguage\":\"es\",\"@id\":\"https:\\\/\\\/toyzinger.com\\\/es\\\/teenage-mutant-ninja-turtles\\\/checklist-tmnt-vintage-sublines\\\/dark-devil-shredder\\\/#primaryimage\",\"url\":\"https:\\\/\\\/toyzinger.com\\\/wp-content\\\/uploads\\\/2022\\\/12\\\/tmnt-tortugas-ninja-coleccion-figuras-movie.jpg\",\"contentUrl\":\"https:\\\/\\\/toyzinger.com\\\/wp-content\\\/uploads\\\/2022\\\/12\\\/tmnt-tortugas-ninja-coleccion-figuras-movie.jpg\",\"width\":1200,\"height\":300,\"caption\":\"TMNT Tortugas Ninja Coleccionde figuras\"},{\"@type\":\"BreadcrumbList\",\"@id\":\"https:\\\/\\\/toyzinger.com\\\/es\\\/teenage-mutant-ninja-turtles\\\/checklist-tmnt-vintage-sublines\\\/dark-devil-shredder\\\/#breadcrumb\",\"itemListElement\":[{\"@type\":\"ListItem\",\"position\":1,\"name\":\"Toyzinger\",\"item\":\"https:\\\/\\\/toyzinger.com\\\/es\\\/\"},{\"@type\":\"ListItem\",\"position\":2,\"name\":\"TMNT\",\"item\":\"https:\\\/\\\/toyzinger.com\\\/es\\\/teenage-mutant-ninja-turtles\\\/\"},{\"@type\":\"ListItem\",\"position\":3,\"name\":\"Checklist &#8211; TMNT Vintage &#8211; Sublines\",\"item\":\"https:\\\/\\\/toyzinger.com\\\/es\\\/teenage-mutant-ninja-turtles\\\/checklist-tmnt-vintage-sublines\\\/\"},{\"@type\":\"ListItem\",\"position\":4,\"name\":\"Dark Devil Shredder\"}]},{\"@type\":\"WebSite\",\"@id\":\"https:\\\/\\\/toyzinger.com\\\/es\\\/#website\",\"url\":\"https:\\\/\\\/toyzinger.com\\\/es\\\/\",\"name\":\"Toyzinger\",\"description\":\"Coleccionismo de figuras y juguetes\",\"publisher\":{\"@id\":\"https:\\\/\\\/toyzinger.com\\\/es\\\/#organization\"},\"potentialAction\":[{\"@type\":\"SearchAction\",\"target\":{\"@type\":\"EntryPoint\",\"urlTemplate\":\"https:\\\/\\\/toyzinger.com\\\/es\\\/?s={search_term_string}\"},\"query-input\":{\"@type\":\"PropertyValueSpecification\",\"valueRequired\":true,\"valueName\":\"search_term_string\"}}],\"inLanguage\":\"es\"},{\"@type\":\"Organization\",\"@id\":\"https:\\\/\\\/toyzinger.com\\\/es\\\/#organization\",\"name\":\"Toyzinger\",\"url\":\"https:\\\/\\\/toyzinger.com\\\/es\\\/\",\"logo\":{\"@type\":\"ImageObject\",\"inLanguage\":\"es\",\"@id\":\"https:\\\/\\\/toyzinger.com\\\/es\\\/#\\\/schema\\\/logo\\\/image\\\/\",\"url\":\"https:\\\/\\\/toyzinger.com\\\/wp-content\\\/uploads\\\/2022\\\/10\\\/toyzinger_logo.png\",\"contentUrl\":\"https:\\\/\\\/toyzinger.com\\\/wp-content\\\/uploads\\\/2022\\\/10\\\/toyzinger_logo.png\",\"width\":561,\"height\":568,\"caption\":\"Toyzinger\"},\"image\":{\"@id\":\"https:\\\/\\\/toyzinger.com\\\/es\\\/#\\\/schema\\\/logo\\\/image\\\/\"},\"sameAs\":[\"https:\\\/\\\/www.facebook.com\\\/toyzinger\",\"https:\\\/\\\/www.instagram.com\\\/toyzinger_com\\\/\"]}]}<\/script>\n<!-- \/ Yoast SEO plugin. -->","yoast_head_json":{"title":"Dark Devil Shredder - TMNT Vintage","description":"Figura \"Dark Devil Shredder\" de la colecci\u00f3n vintage de Tortugas ninja (TMNT), creada por Playmates en los 80's y 90's","robots":{"index":"index","follow":"follow","max-snippet":"max-snippet:-1","max-image-preview":"max-image-preview:large","max-video-preview":"max-video-preview:-1"},"canonical":"https:\/\/toyzinger.com\/es\/teenage-mutant-ninja-turtles\/checklist-tmnt-vintage-sublines\/dark-devil-shredder\/","og_locale":"es_ES","og_type":"article","og_title":"Dark Devil Shredder - TMNT Vintage","og_description":"Figura \"Dark Devil Shredder\" de la colecci\u00f3n vintage de Tortugas ninja (TMNT), creada por Playmates en los 80's y 90's","og_url":"https:\/\/toyzinger.com\/es\/teenage-mutant-ninja-turtles\/checklist-tmnt-vintage-sublines\/dark-devil-shredder\/","og_site_name":"Toyzinger","article_publisher":"https:\/\/www.facebook.com\/toyzinger","article_modified_time":"2025-02-04T16:41:44+00:00","og_image":[{"width":1200,"height":300,"url":"https:\/\/toyzinger.com\/wp-content\/uploads\/2022\/12\/tmnt-tortugas-ninja-coleccion-figuras-movie.jpg","type":"image\/jpeg"}],"twitter_card":"summary_large_image","twitter_misc":{"Tiempo de lectura":"3 minutos"},"schema":{"@context":"https:\/\/schema.org","@graph":[{"@type":"WebPage","@id":"https:\/\/toyzinger.com\/es\/teenage-mutant-ninja-turtles\/checklist-tmnt-vintage-sublines\/dark-devil-shredder\/","url":"https:\/\/toyzinger.com\/es\/teenage-mutant-ninja-turtles\/checklist-tmnt-vintage-sublines\/dark-devil-shredder\/","name":"Dark Devil Shredder - TMNT Vintage","isPartOf":{"@id":"https:\/\/toyzinger.com\/es\/#website"},"primaryImageOfPage":{"@id":"https:\/\/toyzinger.com\/es\/teenage-mutant-ninja-turtles\/checklist-tmnt-vintage-sublines\/dark-devil-shredder\/#primaryimage"},"image":{"@id":"https:\/\/toyzinger.com\/es\/teenage-mutant-ninja-turtles\/checklist-tmnt-vintage-sublines\/dark-devil-shredder\/#primaryimage"},"thumbnailUrl":"https:\/\/toyzinger.com\/wp-content\/uploads\/2022\/12\/tmnt-tortugas-ninja-coleccion-figuras-movie.jpg","datePublished":"2025-01-28T16:06:39+00:00","dateModified":"2025-02-04T16:41:44+00:00","description":"Figura \"Dark Devil Shredder\" de la colecci\u00f3n vintage de Tortugas ninja (TMNT), creada por Playmates en los 80's y 90's","breadcrumb":{"@id":"https:\/\/toyzinger.com\/es\/teenage-mutant-ninja-turtles\/checklist-tmnt-vintage-sublines\/dark-devil-shredder\/#breadcrumb"},"inLanguage":"es","potentialAction":[{"@type":"ReadAction","target":["https:\/\/toyzinger.com\/es\/teenage-mutant-ninja-turtles\/checklist-tmnt-vintage-sublines\/dark-devil-shredder\/"]}]},{"@type":"ImageObject","inLanguage":"es","@id":"https:\/\/toyzinger.com\/es\/teenage-mutant-ninja-turtles\/checklist-tmnt-vintage-sublines\/dark-devil-shredder\/#primaryimage","url":"https:\/\/toyzinger.com\/wp-content\/uploads\/2022\/12\/tmnt-tortugas-ninja-coleccion-figuras-movie.jpg","contentUrl":"https:\/\/toyzinger.com\/wp-content\/uploads\/2022\/12\/tmnt-tortugas-ninja-coleccion-figuras-movie.jpg","width":1200,"height":300,"caption":"TMNT Tortugas Ninja Coleccionde figuras"},{"@type":"BreadcrumbList","@id":"https:\/\/toyzinger.com\/es\/teenage-mutant-ninja-turtles\/checklist-tmnt-vintage-sublines\/dark-devil-shredder\/#breadcrumb","itemListElement":[{"@type":"ListItem","position":1,"name":"Toyzinger","item":"https:\/\/toyzinger.com\/es\/"},{"@type":"ListItem","position":2,"name":"TMNT","item":"https:\/\/toyzinger.com\/es\/teenage-mutant-ninja-turtles\/"},{"@type":"ListItem","position":3,"name":"Checklist &#8211; TMNT Vintage &#8211; Sublines","item":"https:\/\/toyzinger.com\/es\/teenage-mutant-ninja-turtles\/checklist-tmnt-vintage-sublines\/"},{"@type":"ListItem","position":4,"name":"Dark Devil Shredder"}]},{"@type":"WebSite","@id":"https:\/\/toyzinger.com\/es\/#website","url":"https:\/\/toyzinger.com\/es\/","name":"Toyzinger","description":"Coleccionismo de figuras y juguetes","publisher":{"@id":"https:\/\/toyzinger.com\/es\/#organization"},"potentialAction":[{"@type":"SearchAction","target":{"@type":"EntryPoint","urlTemplate":"https:\/\/toyzinger.com\/es\/?s={search_term_string}"},"query-input":{"@type":"PropertyValueSpecification","valueRequired":true,"valueName":"search_term_string"}}],"inLanguage":"es"},{"@type":"Organization","@id":"https:\/\/toyzinger.com\/es\/#organization","name":"Toyzinger","url":"https:\/\/toyzinger.com\/es\/","logo":{"@type":"ImageObject","inLanguage":"es","@id":"https:\/\/toyzinger.com\/es\/#\/schema\/logo\/image\/","url":"https:\/\/toyzinger.com\/wp-content\/uploads\/2022\/10\/toyzinger_logo.png","contentUrl":"https:\/\/toyzinger.com\/wp-content\/uploads\/2022\/10\/toyzinger_logo.png","width":561,"height":568,"caption":"Toyzinger"},"image":{"@id":"https:\/\/toyzinger.com\/es\/#\/schema\/logo\/image\/"},"sameAs":["https:\/\/www.facebook.com\/toyzinger","https:\/\/www.instagram.com\/toyzinger_com\/"]}]}},"coauthors":[],"author_meta":{"author_link":"https:\/\/toyzinger.com\/es\/blog\/author\/toyzinger\/","display_name":"toyzinger"},"relative_dates":{"created":"Publicado 1 a\u00f1o hace","modified":"Actualizado 1 a\u00f1o hace"},"absolute_dates":{"created":"Publicado el 28\/01\/2025","modified":"Actualizado el 04\/02\/2025"},"absolute_dates_time":{"created":"Publicado el 28\/01\/2025 16:06","modified":"Actualizado el 04\/02\/2025 16:41"},"featured_img_caption":"","featured_img":"https:\/\/toyzinger.com\/wp-content\/uploads\/2022\/12\/tmnt-tortugas-ninja-coleccion-figuras-movie.jpg","series_order":"","toy_product_id":"","_links":{"self":[{"href":"https:\/\/toyzinger.com\/es\/wp-json\/wp\/v2\/pages\/25634","targetHints":{"allow":["GET"]}}],"collection":[{"href":"https:\/\/toyzinger.com\/es\/wp-json\/wp\/v2\/pages"}],"about":[{"href":"https:\/\/toyzinger.com\/es\/wp-json\/wp\/v2\/types\/page"}],"author":[{"embeddable":true,"href":"https:\/\/toyzinger.com\/es\/wp-json\/wp\/v2\/users\/2"}],"replies":[{"embeddable":true,"href":"https:\/\/toyzinger.com\/es\/wp-json\/wp\/v2\/comments?post=25634"}],"version-history":[{"count":2,"href":"https:\/\/toyzinger.com\/es\/wp-json\/wp\/v2\/pages\/25634\/revisions"}],"predecessor-version":[{"id":25720,"href":"https:\/\/toyzinger.com\/es\/wp-json\/wp\/v2\/pages\/25634\/revisions\/25720"}],"up":[{"embeddable":true,"href":"https:\/\/toyzinger.com\/es\/wp-json\/wp\/v2\/pages\/26271"}],"wp:featuredmedia":[{"embeddable":true,"href":"https:\/\/toyzinger.com\/es\/wp-json\/wp\/v2\/media\/2653"}],"wp:attachment":[{"href":"https:\/\/toyzinger.com\/es\/wp-json\/wp\/v2\/media?parent=25634"}],"wp:term":[{"taxonomy":"wf_page_folders","embeddable":true,"href":"https:\/\/toyzinger.com\/es\/wp-json\/wp\/v2\/wf_page_folders?post=25634"}],"curies":[{"name":"wp","href":"https:\/\/api.w.org\/{rel}","templated":true}]}}