{"id":25801,"date":"2025-01-30T12:29:55","date_gmt":"2025-01-30T12:29:55","guid":{"rendered":"https:\/\/toyzinger.com\/?page_id=25801"},"modified":"2025-02-04T16:25:18","modified_gmt":"2025-02-04T16:25:18","slug":"rapid-recoilin-raphael","status":"publish","type":"page","link":"https:\/\/toyzinger.com\/es\/teenage-mutant-ninja-turtles\/checklist-tmnt-vintage-sublines\/rapid-recoilin-raphael\/","title":{"rendered":"Rapid Recoilin&#8217; Raphael"},"content":{"rendered":"\n<div class=\"wp-block-columns is-layout-flex wp-container-core-columns-is-layout-9d6595d7 wp-block-columns-is-layout-flex\">\n<div class=\"wp-block-column is-layout-flow wp-block-column-is-layout-flow\">\n<div class=\"toy-gallery__base\" data-component=\"toyGalleryV2Component\"><div class=\"toy-gallery__box\"><div class=\"toy-gallery__list\"><img decoding=\"async\" src=\"https:\/\/toyzinger.com\/wp-content\/uploads\/2025\/01\/tmnt-coil-force-rapid-recoilin-raphael-moc-250x300.webp\" alt=\"Coil Force - Raph\" id=\"25829\" data-full=\"https:\/\/toyzinger.com\/wp-content\/uploads\/2025\/01\/tmnt-coil-force-rapid-recoilin-raphael-moc.webp\"\/><img decoding=\"async\" src=\"https:\/\/toyzinger.com\/wp-content\/uploads\/2025\/01\/tmnt-coil-force-rapid-recoilin-raphael-cardback-250x300.webp\" alt=\"Coil Force - Raph\" id=\"25825\" data-full=\"https:\/\/toyzinger.com\/wp-content\/uploads\/2025\/01\/tmnt-coil-force-rapid-recoilin-raphael-cardback.webp\"\/><img decoding=\"async\" src=\"https:\/\/toyzinger.com\/wp-content\/uploads\/2025\/01\/tmnt-coil-force-rapid-recoilin-raphael-figure-250x300.webp\" alt=\"Coil Force - Raph\" id=\"25827\" data-full=\"https:\/\/toyzinger.com\/wp-content\/uploads\/2025\/01\/tmnt-coil-force-rapid-recoilin-raphael-figure.webp\"\/><\/div><div class=\"toy-gallery__main\"><img decoding=\"async\" src=\"https:\/\/toyzinger.com\/wp-content\/uploads\/2025\/01\/tmnt-coil-force-rapid-recoilin-raphael-moc.webp\" alt=\"Coil Force - Raph\"\/><\/div><\/div><\/div>\n<\/div>\n\n\n\n<div class=\"wp-block-column is-layout-flow wp-block-column-is-layout-flow\">\n<div class=\"wp-block-toyzinger-toy-data-sheet toy-data-sheet__base\" itemscope itemtype=\"http:\/\/schema.org\/Product\"><h2 class=\"toy-data-sheet__title\" itemprop=\"name\">Rapid Recoilin&#8217; Raphael<\/h2><ul class=\"toy-data-sheet__list\"><li class=\"toy-data-sheet__item\"><span class=\"toy-data-sheet__label\">Franquicia:<\/span><span class=\"toy-data-sheet__value\" itemprop=\"disambiguatingDescription\">Tortugas Ninja<\/span><\/li><li class=\"toy-data-sheet__item\"><span class=\"toy-data-sheet__label\">Colecci\u00f3n:<\/span><span class=\"toy-data-sheet__value\">TMNT Vintage<\/span><\/li><li class=\"toy-data-sheet__item\"><span class=\"toy-data-sheet__label\">Fabricante:<\/span><span class=\"toy-data-sheet__value\" itemprop=\"brand\">Playmates<\/span><\/li><li class=\"toy-data-sheet__item\"><span class=\"toy-data-sheet__label\">A\u00f1o de lanzamiento:<\/span><span class=\"toy-data-sheet__value\" itemprop=\"releaseDate\">1996<\/span><\/li><li class=\"toy-data-sheet__item\"><span class=\"toy-data-sheet__label\">Tama\u00f1o:<\/span><span class=\"toy-data-sheet__value\" itemprop=\"size\">14 cm \/ 4.5 inches<\/span><\/li><\/ul><\/div>\n\n\n\n<p><\/p>\n\n\n\n<h3 class=\"wp-block-heading\">Accesorios<\/h3>\n\n\n\n<p><\/p>\n\n\n\n<p><strong><strong>Rapid Recoilin&#8217; Raphael<\/strong><\/strong>, de la colecci\u00f3n TMNT Vintage incluye los siguientes accesorios:<\/p>\n\n\n\n<p><\/p>\n\n\n\n<div class=\"wp-block-advgb-list\"><ul class=\"advgblist-5a7441e2-fa45-45d3-a59d-3d4d9bb1e2e9 advgb-list advgb-list-minus\">\n<li>Sai x2<\/li>\n\n\n\n<li>Hacha<\/li>\n\n\n\n<li>Cuchillo circular<\/li>\n<\/ul><\/div>\n<\/div>\n<\/div>\n\n\n\n<p><\/p>\n\n\n\n<h3 class=\"wp-block-heading\">Curiosidades y variantes<\/h3>\n\n\n\n<p><\/p>\n\n\n\n<p>La sub l\u00ednea <strong>Coil Force<\/strong>, lanzada en 1996, consiste en una mini colecci\u00f3n de cuatro figuras que presentan a las Tortugas con un aspecto m\u00e1s musculado.<\/p>\n\n\n\n<p><\/p>\n\n\n\n<p>Su rasgo m\u00e1s distintivo es un sistema de articulaciones unidas por muelles, lo que permite que, al estirar una extremidad y soltarla, la fuerza del resorte la haga regresar con un movimiento que simula un golpe.<\/p>\n\n\n\n<p><\/p>\n\n\n\n<p>Este mecanismo de acci\u00f3n con muelles fue inspirado por la l\u00ednea de figuras <strong>Ronin Warrior<\/strong> de Takara, tambi\u00e9n distribuida en Am\u00e9rica por Playmates.<\/p>\n\n\n\n<p><\/p>\n\n\n\n<p>Las <strong>Coil Force<\/strong> forman parte de las \u00faltimas oleadas de figuras lanzadas dentro de la colecci\u00f3n vintage de <strong>Teenage Mutant Ninja Turtles<\/strong>.<\/p>\n\n\n\n<p><\/p>\n\n\n\n<p>Esta figura tiene dos versiones, una con los accesorios de color <strong>Azul<\/strong> y otra de color <strong>Lila<\/strong>.<\/p>\n\n\n\n<p><\/p>\n\n\n\n<p><\/p>\n\n\n\n<p><\/p>\n\n\n\n<p><\/p>\n\n\n\n<p><\/p>\n\n\n\n<p><\/p>\n<style class=\"advgb-styles-renderer\">.wp-block-advgb-list ul.advgblist-5a7441e2-fa45-45d3-a59d-3d4d9bb1e2e9 > li{font-size:16px;}.wp-block-advgb-list ul.advgblist-5a7441e2-fa45-45d3-a59d-3d4d9bb1e2e9 > li{padding-left:18px;margin-left:0;}.wp-block-advgb-list ul.advgblist-5a7441e2-fa45-45d3-a59d-3d4d9bb1e2e9 > li:before{font-size:16px;color:#000;line-height:18px;margin:2px;padding:2px;margin-left:-20px}.wp-block-advgb-list ul.advgblist-5a7441e2-fa45-45d3-a59d-3d4d9bb1e2e9 > li{font-size:16px;}.wp-block-advgb-list ul.advgblist-5a7441e2-fa45-45d3-a59d-3d4d9bb1e2e9 > li{padding-left:18px;margin-left:0;}.wp-block-advgb-list ul.advgblist-5a7441e2-fa45-45d3-a59d-3d4d9bb1e2e9 > li:before{font-size:16px;color:#000;line-height:18px;margin:2px;padding:2px;margin-left:-20px}.wp-block-advgb-list ul.advgblist-5a7441e2-fa45-45d3-a59d-3d4d9bb1e2e9 > li{font-size:16px;}.wp-block-advgb-list ul.advgblist-5a7441e2-fa45-45d3-a59d-3d4d9bb1e2e9 > li{padding-left:18px;margin-left:0;}.wp-block-advgb-list ul.advgblist-5a7441e2-fa45-45d3-a59d-3d4d9bb1e2e9 > li:before{font-size:16px;color:#000;line-height:18px;margin:2px;padding:2px;margin-left:-20px}<\/style>","protected":false},"excerpt":{"rendered":"<p>Accesorios Rapid Recoilin&#8217; Raphael, de la colecci\u00f3n TMNT Vintage incluye los siguientes accesorios: Curiosidades y variantes La sub l\u00ednea Coil Force, lanzada en 1996, consiste en una mini colecci\u00f3n de cuatro figuras que presentan a las Tortugas con un aspecto m\u00e1s musculado. Su rasgo m\u00e1s distintivo es un sistema de articulaciones unidas por muelles, lo [&hellip;]<\/p>\n","protected":false},"author":2,"featured_media":2655,"parent":26271,"menu_order":3702,"comment_status":"closed","ping_status":"closed","template":"page_figure.php","meta":{"advgb_blocks_editor_width":"","advgb_blocks_columns_visual_guide":"","footnotes":""},"wf_page_folders":[1339],"class_list":["post-25801","page","type-page","status-publish","has-post-thumbnail","hentry"],"yoast_head":"<!-- This site is optimized with the Yoast SEO plugin v27.3 - https:\/\/yoast.com\/product\/yoast-seo-wordpress\/ -->\n<title>Rapid Recoilin&#039; Raphael - TMNT Vintage<\/title>\n<meta name=\"description\" content=\"Figura &quot;Rapid Recoilin&#039; Raphael&quot; de la colecci\u00f3n vintage de Tortugas ninja (TMNT), creada por Playmates en los 80&#039;s y 90&#039;s\" \/>\n<meta name=\"robots\" content=\"index, follow, max-snippet:-1, max-image-preview:large, max-video-preview:-1\" \/>\n<link rel=\"canonical\" href=\"https:\/\/toyzinger.com\/es\/teenage-mutant-ninja-turtles\/checklist-tmnt-vintage-sublines\/rapid-recoilin-raphael\/\" \/>\n<meta property=\"og:locale\" content=\"es_ES\" \/>\n<meta property=\"og:type\" content=\"article\" \/>\n<meta property=\"og:title\" content=\"Rapid Recoilin&#039; Raphael - TMNT Vintage\" \/>\n<meta property=\"og:description\" content=\"Figura &quot;Rapid Recoilin&#039; Raphael&quot; de la colecci\u00f3n vintage de Tortugas ninja (TMNT), creada por Playmates en los 80&#039;s y 90&#039;s\" \/>\n<meta property=\"og:url\" content=\"https:\/\/toyzinger.com\/es\/teenage-mutant-ninja-turtles\/checklist-tmnt-vintage-sublines\/rapid-recoilin-raphael\/\" \/>\n<meta property=\"og:site_name\" content=\"Toyzinger\" \/>\n<meta property=\"article:publisher\" content=\"https:\/\/www.facebook.com\/toyzinger\" \/>\n<meta property=\"article:modified_time\" content=\"2025-02-04T16:25:18+00:00\" \/>\n<meta property=\"og:image\" content=\"https:\/\/toyzinger.com\/wp-content\/uploads\/2022\/12\/tmnt-tortugas-ninja-coleccion-figuras-raphael.jpg\" \/>\n\t<meta property=\"og:image:width\" content=\"1200\" \/>\n\t<meta property=\"og:image:height\" content=\"300\" \/>\n\t<meta property=\"og:image:type\" content=\"image\/jpeg\" \/>\n<meta name=\"twitter:card\" content=\"summary_large_image\" \/>\n<meta name=\"twitter:label1\" content=\"Tiempo de lectura\" \/>\n\t<meta name=\"twitter:data1\" content=\"2 minutos\" \/>\n<script type=\"application\/ld+json\" class=\"yoast-schema-graph\">{\"@context\":\"https:\\\/\\\/schema.org\",\"@graph\":[{\"@type\":\"WebPage\",\"@id\":\"https:\\\/\\\/toyzinger.com\\\/es\\\/teenage-mutant-ninja-turtles\\\/checklist-tmnt-vintage-sublines\\\/rapid-recoilin-raphael\\\/\",\"url\":\"https:\\\/\\\/toyzinger.com\\\/es\\\/teenage-mutant-ninja-turtles\\\/checklist-tmnt-vintage-sublines\\\/rapid-recoilin-raphael\\\/\",\"name\":\"Rapid Recoilin' Raphael - TMNT Vintage\",\"isPartOf\":{\"@id\":\"https:\\\/\\\/toyzinger.com\\\/es\\\/#website\"},\"primaryImageOfPage\":{\"@id\":\"https:\\\/\\\/toyzinger.com\\\/es\\\/teenage-mutant-ninja-turtles\\\/checklist-tmnt-vintage-sublines\\\/rapid-recoilin-raphael\\\/#primaryimage\"},\"image\":{\"@id\":\"https:\\\/\\\/toyzinger.com\\\/es\\\/teenage-mutant-ninja-turtles\\\/checklist-tmnt-vintage-sublines\\\/rapid-recoilin-raphael\\\/#primaryimage\"},\"thumbnailUrl\":\"https:\\\/\\\/toyzinger.com\\\/wp-content\\\/uploads\\\/2022\\\/12\\\/tmnt-tortugas-ninja-coleccion-figuras-raphael.jpg\",\"datePublished\":\"2025-01-30T12:29:55+00:00\",\"dateModified\":\"2025-02-04T16:25:18+00:00\",\"description\":\"Figura \\\"Rapid Recoilin' Raphael\\\" de la colecci\u00f3n vintage de Tortugas ninja (TMNT), creada por Playmates en los 80's y 90's\",\"breadcrumb\":{\"@id\":\"https:\\\/\\\/toyzinger.com\\\/es\\\/teenage-mutant-ninja-turtles\\\/checklist-tmnt-vintage-sublines\\\/rapid-recoilin-raphael\\\/#breadcrumb\"},\"inLanguage\":\"es\",\"potentialAction\":[{\"@type\":\"ReadAction\",\"target\":[\"https:\\\/\\\/toyzinger.com\\\/es\\\/teenage-mutant-ninja-turtles\\\/checklist-tmnt-vintage-sublines\\\/rapid-recoilin-raphael\\\/\"]}]},{\"@type\":\"ImageObject\",\"inLanguage\":\"es\",\"@id\":\"https:\\\/\\\/toyzinger.com\\\/es\\\/teenage-mutant-ninja-turtles\\\/checklist-tmnt-vintage-sublines\\\/rapid-recoilin-raphael\\\/#primaryimage\",\"url\":\"https:\\\/\\\/toyzinger.com\\\/wp-content\\\/uploads\\\/2022\\\/12\\\/tmnt-tortugas-ninja-coleccion-figuras-raphael.jpg\",\"contentUrl\":\"https:\\\/\\\/toyzinger.com\\\/wp-content\\\/uploads\\\/2022\\\/12\\\/tmnt-tortugas-ninja-coleccion-figuras-raphael.jpg\",\"width\":1200,\"height\":300,\"caption\":\"TMNT Tortugas Ninja Coleccionde figuras\"},{\"@type\":\"BreadcrumbList\",\"@id\":\"https:\\\/\\\/toyzinger.com\\\/es\\\/teenage-mutant-ninja-turtles\\\/checklist-tmnt-vintage-sublines\\\/rapid-recoilin-raphael\\\/#breadcrumb\",\"itemListElement\":[{\"@type\":\"ListItem\",\"position\":1,\"name\":\"Toyzinger\",\"item\":\"https:\\\/\\\/toyzinger.com\\\/es\\\/\"},{\"@type\":\"ListItem\",\"position\":2,\"name\":\"TMNT\",\"item\":\"https:\\\/\\\/toyzinger.com\\\/es\\\/teenage-mutant-ninja-turtles\\\/\"},{\"@type\":\"ListItem\",\"position\":3,\"name\":\"Checklist &#8211; TMNT Vintage &#8211; Sublines\",\"item\":\"https:\\\/\\\/toyzinger.com\\\/es\\\/teenage-mutant-ninja-turtles\\\/checklist-tmnt-vintage-sublines\\\/\"},{\"@type\":\"ListItem\",\"position\":4,\"name\":\"Rapid Recoilin&#8217; Raphael\"}]},{\"@type\":\"WebSite\",\"@id\":\"https:\\\/\\\/toyzinger.com\\\/es\\\/#website\",\"url\":\"https:\\\/\\\/toyzinger.com\\\/es\\\/\",\"name\":\"Toyzinger\",\"description\":\"Coleccionismo de figuras y juguetes\",\"publisher\":{\"@id\":\"https:\\\/\\\/toyzinger.com\\\/es\\\/#organization\"},\"potentialAction\":[{\"@type\":\"SearchAction\",\"target\":{\"@type\":\"EntryPoint\",\"urlTemplate\":\"https:\\\/\\\/toyzinger.com\\\/es\\\/?s={search_term_string}\"},\"query-input\":{\"@type\":\"PropertyValueSpecification\",\"valueRequired\":true,\"valueName\":\"search_term_string\"}}],\"inLanguage\":\"es\"},{\"@type\":\"Organization\",\"@id\":\"https:\\\/\\\/toyzinger.com\\\/es\\\/#organization\",\"name\":\"Toyzinger\",\"url\":\"https:\\\/\\\/toyzinger.com\\\/es\\\/\",\"logo\":{\"@type\":\"ImageObject\",\"inLanguage\":\"es\",\"@id\":\"https:\\\/\\\/toyzinger.com\\\/es\\\/#\\\/schema\\\/logo\\\/image\\\/\",\"url\":\"https:\\\/\\\/toyzinger.com\\\/wp-content\\\/uploads\\\/2022\\\/10\\\/toyzinger_logo.png\",\"contentUrl\":\"https:\\\/\\\/toyzinger.com\\\/wp-content\\\/uploads\\\/2022\\\/10\\\/toyzinger_logo.png\",\"width\":561,\"height\":568,\"caption\":\"Toyzinger\"},\"image\":{\"@id\":\"https:\\\/\\\/toyzinger.com\\\/es\\\/#\\\/schema\\\/logo\\\/image\\\/\"},\"sameAs\":[\"https:\\\/\\\/www.facebook.com\\\/toyzinger\",\"https:\\\/\\\/www.instagram.com\\\/toyzinger_com\\\/\"]}]}<\/script>\n<!-- \/ Yoast SEO plugin. -->","yoast_head_json":{"title":"Rapid Recoilin' Raphael - TMNT Vintage","description":"Figura \"Rapid Recoilin' Raphael\" de la colecci\u00f3n vintage de Tortugas ninja (TMNT), creada por Playmates en los 80's y 90's","robots":{"index":"index","follow":"follow","max-snippet":"max-snippet:-1","max-image-preview":"max-image-preview:large","max-video-preview":"max-video-preview:-1"},"canonical":"https:\/\/toyzinger.com\/es\/teenage-mutant-ninja-turtles\/checklist-tmnt-vintage-sublines\/rapid-recoilin-raphael\/","og_locale":"es_ES","og_type":"article","og_title":"Rapid Recoilin' Raphael - TMNT Vintage","og_description":"Figura \"Rapid Recoilin' Raphael\" de la colecci\u00f3n vintage de Tortugas ninja (TMNT), creada por Playmates en los 80's y 90's","og_url":"https:\/\/toyzinger.com\/es\/teenage-mutant-ninja-turtles\/checklist-tmnt-vintage-sublines\/rapid-recoilin-raphael\/","og_site_name":"Toyzinger","article_publisher":"https:\/\/www.facebook.com\/toyzinger","article_modified_time":"2025-02-04T16:25:18+00:00","og_image":[{"width":1200,"height":300,"url":"https:\/\/toyzinger.com\/wp-content\/uploads\/2022\/12\/tmnt-tortugas-ninja-coleccion-figuras-raphael.jpg","type":"image\/jpeg"}],"twitter_card":"summary_large_image","twitter_misc":{"Tiempo de lectura":"2 minutos"},"schema":{"@context":"https:\/\/schema.org","@graph":[{"@type":"WebPage","@id":"https:\/\/toyzinger.com\/es\/teenage-mutant-ninja-turtles\/checklist-tmnt-vintage-sublines\/rapid-recoilin-raphael\/","url":"https:\/\/toyzinger.com\/es\/teenage-mutant-ninja-turtles\/checklist-tmnt-vintage-sublines\/rapid-recoilin-raphael\/","name":"Rapid Recoilin' Raphael - TMNT Vintage","isPartOf":{"@id":"https:\/\/toyzinger.com\/es\/#website"},"primaryImageOfPage":{"@id":"https:\/\/toyzinger.com\/es\/teenage-mutant-ninja-turtles\/checklist-tmnt-vintage-sublines\/rapid-recoilin-raphael\/#primaryimage"},"image":{"@id":"https:\/\/toyzinger.com\/es\/teenage-mutant-ninja-turtles\/checklist-tmnt-vintage-sublines\/rapid-recoilin-raphael\/#primaryimage"},"thumbnailUrl":"https:\/\/toyzinger.com\/wp-content\/uploads\/2022\/12\/tmnt-tortugas-ninja-coleccion-figuras-raphael.jpg","datePublished":"2025-01-30T12:29:55+00:00","dateModified":"2025-02-04T16:25:18+00:00","description":"Figura \"Rapid Recoilin' Raphael\" de la colecci\u00f3n vintage de Tortugas ninja (TMNT), creada por Playmates en los 80's y 90's","breadcrumb":{"@id":"https:\/\/toyzinger.com\/es\/teenage-mutant-ninja-turtles\/checklist-tmnt-vintage-sublines\/rapid-recoilin-raphael\/#breadcrumb"},"inLanguage":"es","potentialAction":[{"@type":"ReadAction","target":["https:\/\/toyzinger.com\/es\/teenage-mutant-ninja-turtles\/checklist-tmnt-vintage-sublines\/rapid-recoilin-raphael\/"]}]},{"@type":"ImageObject","inLanguage":"es","@id":"https:\/\/toyzinger.com\/es\/teenage-mutant-ninja-turtles\/checklist-tmnt-vintage-sublines\/rapid-recoilin-raphael\/#primaryimage","url":"https:\/\/toyzinger.com\/wp-content\/uploads\/2022\/12\/tmnt-tortugas-ninja-coleccion-figuras-raphael.jpg","contentUrl":"https:\/\/toyzinger.com\/wp-content\/uploads\/2022\/12\/tmnt-tortugas-ninja-coleccion-figuras-raphael.jpg","width":1200,"height":300,"caption":"TMNT Tortugas Ninja Coleccionde figuras"},{"@type":"BreadcrumbList","@id":"https:\/\/toyzinger.com\/es\/teenage-mutant-ninja-turtles\/checklist-tmnt-vintage-sublines\/rapid-recoilin-raphael\/#breadcrumb","itemListElement":[{"@type":"ListItem","position":1,"name":"Toyzinger","item":"https:\/\/toyzinger.com\/es\/"},{"@type":"ListItem","position":2,"name":"TMNT","item":"https:\/\/toyzinger.com\/es\/teenage-mutant-ninja-turtles\/"},{"@type":"ListItem","position":3,"name":"Checklist &#8211; TMNT Vintage &#8211; Sublines","item":"https:\/\/toyzinger.com\/es\/teenage-mutant-ninja-turtles\/checklist-tmnt-vintage-sublines\/"},{"@type":"ListItem","position":4,"name":"Rapid Recoilin&#8217; Raphael"}]},{"@type":"WebSite","@id":"https:\/\/toyzinger.com\/es\/#website","url":"https:\/\/toyzinger.com\/es\/","name":"Toyzinger","description":"Coleccionismo de figuras y juguetes","publisher":{"@id":"https:\/\/toyzinger.com\/es\/#organization"},"potentialAction":[{"@type":"SearchAction","target":{"@type":"EntryPoint","urlTemplate":"https:\/\/toyzinger.com\/es\/?s={search_term_string}"},"query-input":{"@type":"PropertyValueSpecification","valueRequired":true,"valueName":"search_term_string"}}],"inLanguage":"es"},{"@type":"Organization","@id":"https:\/\/toyzinger.com\/es\/#organization","name":"Toyzinger","url":"https:\/\/toyzinger.com\/es\/","logo":{"@type":"ImageObject","inLanguage":"es","@id":"https:\/\/toyzinger.com\/es\/#\/schema\/logo\/image\/","url":"https:\/\/toyzinger.com\/wp-content\/uploads\/2022\/10\/toyzinger_logo.png","contentUrl":"https:\/\/toyzinger.com\/wp-content\/uploads\/2022\/10\/toyzinger_logo.png","width":561,"height":568,"caption":"Toyzinger"},"image":{"@id":"https:\/\/toyzinger.com\/es\/#\/schema\/logo\/image\/"},"sameAs":["https:\/\/www.facebook.com\/toyzinger","https:\/\/www.instagram.com\/toyzinger_com\/"]}]}},"coauthors":[],"author_meta":{"author_link":"https:\/\/toyzinger.com\/es\/blog\/author\/toyzinger\/","display_name":"toyzinger"},"relative_dates":{"created":"Publicado 1 a\u00f1o hace","modified":"Actualizado 1 a\u00f1o hace"},"absolute_dates":{"created":"Publicado el 30\/01\/2025","modified":"Actualizado el 04\/02\/2025"},"absolute_dates_time":{"created":"Publicado el 30\/01\/2025 12:29","modified":"Actualizado el 04\/02\/2025 16:25"},"featured_img_caption":"","featured_img":"https:\/\/toyzinger.com\/wp-content\/uploads\/2022\/12\/tmnt-tortugas-ninja-coleccion-figuras-raphael.jpg","series_order":"","toy_product_id":"","_links":{"self":[{"href":"https:\/\/toyzinger.com\/es\/wp-json\/wp\/v2\/pages\/25801","targetHints":{"allow":["GET"]}}],"collection":[{"href":"https:\/\/toyzinger.com\/es\/wp-json\/wp\/v2\/pages"}],"about":[{"href":"https:\/\/toyzinger.com\/es\/wp-json\/wp\/v2\/types\/page"}],"author":[{"embeddable":true,"href":"https:\/\/toyzinger.com\/es\/wp-json\/wp\/v2\/users\/2"}],"replies":[{"embeddable":true,"href":"https:\/\/toyzinger.com\/es\/wp-json\/wp\/v2\/comments?post=25801"}],"version-history":[{"count":2,"href":"https:\/\/toyzinger.com\/es\/wp-json\/wp\/v2\/pages\/25801\/revisions"}],"predecessor-version":[{"id":25836,"href":"https:\/\/toyzinger.com\/es\/wp-json\/wp\/v2\/pages\/25801\/revisions\/25836"}],"up":[{"embeddable":true,"href":"https:\/\/toyzinger.com\/es\/wp-json\/wp\/v2\/pages\/26271"}],"wp:featuredmedia":[{"embeddable":true,"href":"https:\/\/toyzinger.com\/es\/wp-json\/wp\/v2\/media\/2655"}],"wp:attachment":[{"href":"https:\/\/toyzinger.com\/es\/wp-json\/wp\/v2\/media?parent=25801"}],"wp:term":[{"taxonomy":"wf_page_folders","embeddable":true,"href":"https:\/\/toyzinger.com\/es\/wp-json\/wp\/v2\/wf_page_folders?post=25801"}],"curies":[{"name":"wp","href":"https:\/\/api.w.org\/{rel}","templated":true}]}}