{"id":26216,"date":"2025-02-04T12:12:04","date_gmt":"2025-02-04T12:12:04","guid":{"rendered":"https:\/\/toyzinger.com\/?page_id=26216"},"modified":"2026-02-26T11:06:18","modified_gmt":"2026-02-26T11:06:18","slug":"checklist-toxic-crusader-yolanda","status":"publish","type":"page","link":"https:\/\/toyzinger.com\/es\/toxic-crusaders\/checklist-toxic-crusader-yolanda\/","title":{"rendered":"Checklist &#8211; Toxic Crusader &#8211; Yolanda"},"content":{"rendered":"\n<p>YOLANDA fue una empresa espa\u00f1ola especializada en la fabricaci\u00f3n de figuras de PVC durante los a\u00f1os 80 y 90. Se centraba en producir figuras de unos 10 cm basadas en personajes de franquicias populares, siempre con licencias oficiales.<\/p>\n\n\n\n<p><\/p>\n\n\n\n<p>Estas figuras eran coloridas y con detalles simples dirigidas al p\u00fablico infantil. Sus figuras fueron muy populares en Espa\u00f1a y a\u00fan hoy son buscadas por coleccionistas.<\/p>\n\n\n\n<p><\/p>\n\n\n\n<h2 class=\"wp-block-heading\"><strong>Figuras<\/strong>:<\/h2>\n\n\n\n<p><\/p>\n\n\n\n<div class=\"wp-block-advgb-columns advgb-columns-wrapper\" id=\"advgb-cols-09a7f03c-9172-450e-a810-d56155489f79\"><div class=\"advgb-columns-container\"><div class=\"advgb-columns advgb-columns-row advgb-is-mobile advgb-columns-4 layout-14-14-14-14 tbl-layout-12x4 mbl-layout-12x4 vgutter-10\" style=\"max-width:1040px\">\n<div class=\"wp-block-advgb-column advgb-column advgb-is-one-quarter-desktop advgb-is-half-tablet advgb-is-half-mobile\" id=\"advgb-col-55849663-855a-402c-b5c5-a76ce9ac72c2\"><div class=\"advgb-column-inner\" style=\"border-style:none;border-width:1px\">\n<div class=\"toy-preview__base\" data-component=\"toyPreviewComponent\"><a href=\"https:\/\/toyzinger.com\/es\/toxic-crusaders\/checklist-toxic-crusader-yolanda\/toxie\/\" class=\"toy-preview__box\" title=\"Toxic Crusaders Vintage Figure\"><div class=\"toy-preview__top\"><img decoding=\"async\" class=\"toy-preview__img\" src=\"https:\/\/image.toyzinger.com\/toxic-crusaders\/yolanda\/01-figures-yolanda\/toxic-crusaders-yolanda-toxie-front.webp\" alt=\"Toxic Crusaders Vintage Figure\" loading=\"lazy\"\/><\/div><div class=\"toy-preview__bottom\"><div class=\"toy-preview__name\"><h5>Toxie<\/h5><\/div><button class=\"toy-preview__viewmore\">\u00a0<\/button><\/div><\/a><\/div>\n<\/div><\/div>\n\n\n\n<div class=\"wp-block-advgb-column advgb-column advgb-is-one-quarter-desktop advgb-is-half-tablet advgb-is-half-mobile\" id=\"advgb-col-36c82bcb-8c11-4ba7-8216-356d6a186690\"><div class=\"advgb-column-inner\" style=\"border-style:none;border-width:1px\">\n<div class=\"toy-preview__base\" data-component=\"toyPreviewComponent\"><a href=\"https:\/\/toyzinger.com\/es\/toxic-crusaders\/checklist-toxic-crusader-yolanda\/psycho\/\" class=\"toy-preview__box\" title=\"Toxic Crusaders Vintage Figure\"><div class=\"toy-preview__top\"><img decoding=\"async\" class=\"toy-preview__img\" src=\"https:\/\/image.toyzinger.com\/toxic-crusaders\/yolanda\/01-figures-yolanda\/toxic-crusaders-yolanda-psycho-front.webp\" alt=\"Toxic Crusaders Vintage Figure\" loading=\"lazy\"\/><\/div><div class=\"toy-preview__bottom\"><div class=\"toy-preview__name\"><h5>Psycho<\/h5><\/div><button class=\"toy-preview__viewmore\">\u00a0<\/button><\/div><\/a><\/div>\n<\/div><\/div>\n\n\n\n<div class=\"wp-block-advgb-column advgb-column advgb-is-one-quarter-desktop advgb-is-half-tablet advgb-is-half-mobile\" id=\"advgb-col-d520a790-d285-469e-91e6-fc8afdf03d61\"><div class=\"advgb-column-inner\" style=\"border-style:none;border-width:1px\">\n<div class=\"toy-preview__base\" data-component=\"toyPreviewComponent\"><a href=\"https:\/\/toyzinger.com\/es\/toxic-crusaders\/checklist-toxic-crusader-yolanda\/nozone\/\" class=\"toy-preview__box\" title=\"Toxic Crusaders Vintage Figure\"><div class=\"toy-preview__top\"><img decoding=\"async\" class=\"toy-preview__img\" src=\"https:\/\/image.toyzinger.com\/toxic-crusaders\/yolanda\/01-figures-yolanda\/toxic-crusaders-yolanda-nozone-pvc.webp\" alt=\"Toxic Crusaders Vintage Figure\" loading=\"lazy\"\/><\/div><div class=\"toy-preview__bottom\"><div class=\"toy-preview__name\"><h5>Nozone<\/h5><\/div><button class=\"toy-preview__viewmore\">\u00a0<\/button><\/div><\/a><\/div>\n<\/div><\/div>\n\n\n\n<div class=\"wp-block-advgb-column advgb-column advgb-is-one-quarter-desktop advgb-is-half-tablet advgb-is-half-mobile\" id=\"advgb-col-d899b640-0e71-4dd7-9c56-83e392a17c2e\"><div class=\"advgb-column-inner\" style=\"border-style:none;border-width:1px\">\n<div class=\"toy-preview__base\" data-component=\"toyPreviewComponent\"><a href=\"https:\/\/toyzinger.com\/es\/toxic-crusaders\/checklist-toxic-crusader-yolanda\/headbanger\/\" class=\"toy-preview__box\" title=\"Toxic Crusaders Vintage Figure\"><div class=\"toy-preview__top\"><img decoding=\"async\" class=\"toy-preview__img\" src=\"https:\/\/image.toyzinger.com\/toxic-crusaders\/yolanda\/01-figures-yolanda\/toxic-crusaders-yolanda-headbanger-figure.webp\" alt=\"Toxic Crusaders Vintage Figure\" loading=\"lazy\"\/><\/div><div class=\"toy-preview__bottom\"><div class=\"toy-preview__name\"><h5>Headbanger<\/h5><\/div><button class=\"toy-preview__viewmore\">\u00a0<\/button><\/div><\/a><\/div>\n<\/div><\/div>\n<\/div><\/div><\/div>\n\n\n\n<div class=\"wp-block-advgb-columns advgb-columns-wrapper\" id=\"advgb-cols-1359da9e-cf7a-468a-93cf-278e3f3316f0\"><div class=\"advgb-columns-container\"><div class=\"advgb-columns advgb-columns-row advgb-is-mobile columns-valign-full advgb-columns-4 layout-14-14-14-14 tbl-layout-12x4 mbl-layout-12x4 vgutter-10\" style=\"max-width:1040px\">\n<div class=\"wp-block-advgb-column advgb-column advgb-is-one-quarter-desktop advgb-is-half-tablet advgb-is-half-mobile\" id=\"advgb-col-f3631565-0258-4ae8-b9b8-2bda276637fe\"><div class=\"advgb-column-inner\" style=\"border-style:none;border-width:1px\">\n<div class=\"toy-preview__base\" data-component=\"toyPreviewComponent\"><a href=\"https:\/\/toyzinger.com\/es\/toxic-crusaders\/checklist-toxic-crusader-yolanda\/dr-killemoff\/\" class=\"toy-preview__box\" title=\"Toxic Crusaders Vintage Figure\"><div class=\"toy-preview__top\"><img decoding=\"async\" class=\"toy-preview__img\" src=\"https:\/\/image.toyzinger.com\/toxic-crusaders\/yolanda\/01-figures-yolanda\/toxic-crusaders-yolanda-dr-killemoff-figure.webp\" alt=\"Toxic Crusaders Vintage Figure\" loading=\"lazy\"\/><\/div><div class=\"toy-preview__bottom\"><div class=\"toy-preview__name\"><h5>Dr Killemoff<\/h5><\/div><button class=\"toy-preview__viewmore\">\u00a0<\/button><\/div><\/a><\/div>\n<\/div><\/div>\n\n\n\n<div class=\"wp-block-advgb-column advgb-column advgb-is-one-quarter-desktop advgb-is-half-tablet advgb-is-half-mobile\" id=\"advgb-col-8e9f4497-8524-435c-9e07-fcc01eaab04e\"><div class=\"advgb-column-inner\" style=\"border-style:none;border-width:1px\">\n<div class=\"toy-preview__base\" data-component=\"toyPreviewComponent\"><a href=\"https:\/\/toyzinger.com\/es\/toxic-crusaders\/checklist-toxic-crusader-yolanda\/bonehead\/\" class=\"toy-preview__box\" title=\"Toxic Crusaders Vintage Figure\"><div class=\"toy-preview__top\"><img decoding=\"async\" class=\"toy-preview__img\" src=\"https:\/\/image.toyzinger.com\/toxic-crusaders\/yolanda\/01-figures-yolanda\/toxic-crusaders-yolanda-bonehead-figure.webp\" alt=\"Toxic Crusaders Vintage Figure\" loading=\"lazy\"\/><\/div><div class=\"toy-preview__bottom\"><div class=\"toy-preview__name\"><h5>Bonehead<\/h5><\/div><button class=\"toy-preview__viewmore\">\u00a0<\/button><\/div><\/a><\/div>\n<\/div><\/div>\n\n\n\n<div class=\"wp-block-advgb-column advgb-column advgb-is-one-quarter-desktop advgb-is-half-tablet advgb-is-half-mobile\" id=\"advgb-col-8fd5e6d0-36df-4356-ba98-5513a62feee5\"><div class=\"advgb-column-inner\" style=\"border-style:none;border-width:1px\"><\/div><\/div>\n\n\n\n<div class=\"wp-block-advgb-column advgb-column advgb-is-one-quarter-desktop advgb-is-half-tablet advgb-is-half-mobile\" id=\"advgb-col-4023858d-8520-4961-96a9-b7930dbc6012\"><div class=\"advgb-column-inner\" style=\"border-style:none;border-width:1px\"><\/div><\/div>\n<\/div><\/div><\/div>\n<style class=\"advgb-styles-renderer\">#advgb-col-55849663-855a-402c-b5c5-a76ce9ac72c2>.advgb-column-inner{}@media screen and (max-width: 1023px) {#advgb-col-55849663-855a-402c-b5c5-a76ce9ac72c2>.advgb-column-inner{}}@media screen and (max-width: 767px) {#advgb-col-55849663-855a-402c-b5c5-a76ce9ac72c2>.advgb-column-inner{}}#advgb-col-36c82bcb-8c11-4ba7-8216-356d6a186690>.advgb-column-inner{}@media screen and (max-width: 1023px) {#advgb-col-36c82bcb-8c11-4ba7-8216-356d6a186690>.advgb-column-inner{}}@media screen and (max-width: 767px) {#advgb-col-36c82bcb-8c11-4ba7-8216-356d6a186690>.advgb-column-inner{}}#advgb-col-d520a790-d285-469e-91e6-fc8afdf03d61>.advgb-column-inner{}@media screen and (max-width: 1023px) {#advgb-col-d520a790-d285-469e-91e6-fc8afdf03d61>.advgb-column-inner{}}@media screen and (max-width: 767px) {#advgb-col-d520a790-d285-469e-91e6-fc8afdf03d61>.advgb-column-inner{}}#advgb-col-d899b640-0e71-4dd7-9c56-83e392a17c2e>.advgb-column-inner{}@media screen and (max-width: 1023px) {#advgb-col-d899b640-0e71-4dd7-9c56-83e392a17c2e>.advgb-column-inner{}}@media screen and (max-width: 767px) {#advgb-col-d899b640-0e71-4dd7-9c56-83e392a17c2e>.advgb-column-inner{}}#advgb-cols-09a7f03c-9172-450e-a810-d56155489f79{}@media screen and (max-width: 1023px) {#advgb-cols-09a7f03c-9172-450e-a810-d56155489f79{}}@media screen and (max-width: 767px) {#advgb-cols-09a7f03c-9172-450e-a810-d56155489f79{}}#advgb-col-55849663-855a-402c-b5c5-a76ce9ac72c2>.advgb-column-inner{}@media screen and (max-width: 1023px) {#advgb-col-55849663-855a-402c-b5c5-a76ce9ac72c2>.advgb-column-inner{}}@media screen and (max-width: 767px) {#advgb-col-55849663-855a-402c-b5c5-a76ce9ac72c2>.advgb-column-inner{}}#advgb-col-36c82bcb-8c11-4ba7-8216-356d6a186690>.advgb-column-inner{}@media screen and (max-width: 1023px) {#advgb-col-36c82bcb-8c11-4ba7-8216-356d6a186690>.advgb-column-inner{}}@media screen and (max-width: 767px) {#advgb-col-36c82bcb-8c11-4ba7-8216-356d6a186690>.advgb-column-inner{}}#advgb-col-d520a790-d285-469e-91e6-fc8afdf03d61>.advgb-column-inner{}@media screen and (max-width: 1023px) {#advgb-col-d520a790-d285-469e-91e6-fc8afdf03d61>.advgb-column-inner{}}@media screen and (max-width: 767px) {#advgb-col-d520a790-d285-469e-91e6-fc8afdf03d61>.advgb-column-inner{}}#advgb-col-d899b640-0e71-4dd7-9c56-83e392a17c2e>.advgb-column-inner{}@media screen and (max-width: 1023px) {#advgb-col-d899b640-0e71-4dd7-9c56-83e392a17c2e>.advgb-column-inner{}}@media screen and (max-width: 767px) {#advgb-col-d899b640-0e71-4dd7-9c56-83e392a17c2e>.advgb-column-inner{}}#advgb-col-f3631565-0258-4ae8-b9b8-2bda276637fe>.advgb-column-inner{}@media screen and (max-width: 1023px) {#advgb-col-f3631565-0258-4ae8-b9b8-2bda276637fe>.advgb-column-inner{}}@media screen and (max-width: 767px) {#advgb-col-f3631565-0258-4ae8-b9b8-2bda276637fe>.advgb-column-inner{}}#advgb-col-8e9f4497-8524-435c-9e07-fcc01eaab04e>.advgb-column-inner{}@media screen and (max-width: 1023px) {#advgb-col-8e9f4497-8524-435c-9e07-fcc01eaab04e>.advgb-column-inner{}}@media screen and (max-width: 767px) {#advgb-col-8e9f4497-8524-435c-9e07-fcc01eaab04e>.advgb-column-inner{}}#advgb-col-8fd5e6d0-36df-4356-ba98-5513a62feee5>.advgb-column-inner{}@media screen and (max-width: 1023px) {#advgb-col-8fd5e6d0-36df-4356-ba98-5513a62feee5>.advgb-column-inner{}}@media screen and (max-width: 767px) {#advgb-col-8fd5e6d0-36df-4356-ba98-5513a62feee5>.advgb-column-inner{}}#advgb-col-4023858d-8520-4961-96a9-b7930dbc6012>.advgb-column-inner{}@media screen and (max-width: 1023px) {#advgb-col-4023858d-8520-4961-96a9-b7930dbc6012>.advgb-column-inner{}}@media screen and (max-width: 767px) {#advgb-col-4023858d-8520-4961-96a9-b7930dbc6012>.advgb-column-inner{}}#advgb-cols-1359da9e-cf7a-468a-93cf-278e3f3316f0{}@media screen and (max-width: 1023px) {#advgb-cols-1359da9e-cf7a-468a-93cf-278e3f3316f0{}}@media screen and (max-width: 767px) {#advgb-cols-1359da9e-cf7a-468a-93cf-278e3f3316f0{}}#advgb-col-f3631565-0258-4ae8-b9b8-2bda276637fe>.advgb-column-inner{}@media screen and (max-width: 1023px) {#advgb-col-f3631565-0258-4ae8-b9b8-2bda276637fe>.advgb-column-inner{}}@media screen and (max-width: 767px) {#advgb-col-f3631565-0258-4ae8-b9b8-2bda276637fe>.advgb-column-inner{}}#advgb-col-8e9f4497-8524-435c-9e07-fcc01eaab04e>.advgb-column-inner{}@media screen and (max-width: 1023px) {#advgb-col-8e9f4497-8524-435c-9e07-fcc01eaab04e>.advgb-column-inner{}}@media screen and (max-width: 767px) {#advgb-col-8e9f4497-8524-435c-9e07-fcc01eaab04e>.advgb-column-inner{}}#advgb-col-8fd5e6d0-36df-4356-ba98-5513a62feee5>.advgb-column-inner{}@media screen and (max-width: 1023px) {#advgb-col-8fd5e6d0-36df-4356-ba98-5513a62feee5>.advgb-column-inner{}}@media screen and (max-width: 767px) {#advgb-col-8fd5e6d0-36df-4356-ba98-5513a62feee5>.advgb-column-inner{}}#advgb-col-4023858d-8520-4961-96a9-b7930dbc6012>.advgb-column-inner{}@media screen and (max-width: 1023px) {#advgb-col-4023858d-8520-4961-96a9-b7930dbc6012>.advgb-column-inner{}}@media screen and (max-width: 767px) {#advgb-col-4023858d-8520-4961-96a9-b7930dbc6012>.advgb-column-inner{}}<\/style>","protected":false},"excerpt":{"rendered":"<p>YOLANDA fue una empresa espa\u00f1ola especializada en la fabricaci\u00f3n de figuras de PVC durante los a\u00f1os 80 y 90. Se centraba en producir figuras de unos 10 cm basadas en personajes de franquicias populares, siempre con licencias oficiales. Estas figuras eran coloridas y con detalles simples dirigidas al p\u00fablico infantil. Sus figuras fueron muy populares [&hellip;]<\/p>\n","protected":false},"author":2,"featured_media":127,"parent":122,"menu_order":0,"comment_status":"closed","ping_status":"closed","template":"","meta":{"advgb_blocks_editor_width":"","advgb_blocks_columns_visual_guide":"","footnotes":""},"wf_page_folders":[1388],"class_list":["post-26216","page","type-page","status-publish","has-post-thumbnail","hentry"],"yoast_head":"<!-- This site is optimized with the Yoast SEO plugin v27.3 - https:\/\/yoast.com\/product\/yoast-seo-wordpress\/ -->\n<title>Figuras Checklist - Toxic Crusader - Yolanda<\/title>\n<meta name=\"description\" content=\"Lista de la colecci\u00f3n de figuras de PVC de la franquicia &quot;Toxic Crusaders&quot;, frabicadas por la juguetera Yolanda en 1992.\" \/>\n<meta name=\"robots\" content=\"index, follow, max-snippet:-1, max-image-preview:large, max-video-preview:-1\" \/>\n<link rel=\"canonical\" href=\"https:\/\/toyzinger.com\/es\/toxic-crusaders\/checklist-toxic-crusader-yolanda\/\" \/>\n<meta property=\"og:locale\" content=\"es_ES\" \/>\n<meta property=\"og:type\" content=\"article\" \/>\n<meta property=\"og:title\" content=\"Figuras Checklist - Toxic Crusader - Yolanda\" \/>\n<meta property=\"og:description\" content=\"Lista de la colecci\u00f3n de figuras de PVC de la franquicia &quot;Toxic Crusaders&quot;, frabicadas por la juguetera Yolanda en 1992.\" \/>\n<meta property=\"og:url\" content=\"https:\/\/toyzinger.com\/es\/toxic-crusaders\/checklist-toxic-crusader-yolanda\/\" \/>\n<meta property=\"og:site_name\" content=\"Toyzinger\" \/>\n<meta property=\"article:publisher\" content=\"https:\/\/www.facebook.com\/toyzinger\" \/>\n<meta property=\"article:modified_time\" content=\"2026-02-26T11:06:18+00:00\" \/>\n<meta property=\"og:image\" content=\"https:\/\/toyzinger.com\/wp-content\/uploads\/2022\/10\/toxic-crusader-figure-collection.jpg\" \/>\n\t<meta property=\"og:image:width\" content=\"1200\" \/>\n\t<meta property=\"og:image:height\" content=\"300\" \/>\n\t<meta property=\"og:image:type\" content=\"image\/jpeg\" \/>\n<meta name=\"twitter:card\" content=\"summary_large_image\" \/>\n<meta name=\"twitter:label1\" content=\"Tiempo de lectura\" \/>\n\t<meta name=\"twitter:data1\" content=\"2 minutos\" \/>\n<script type=\"application\/ld+json\" class=\"yoast-schema-graph\">{\"@context\":\"https:\\\/\\\/schema.org\",\"@graph\":[{\"@type\":\"WebPage\",\"@id\":\"https:\\\/\\\/toyzinger.com\\\/es\\\/toxic-crusaders\\\/checklist-toxic-crusader-yolanda\\\/\",\"url\":\"https:\\\/\\\/toyzinger.com\\\/es\\\/toxic-crusaders\\\/checklist-toxic-crusader-yolanda\\\/\",\"name\":\"Figuras Checklist - Toxic Crusader - Yolanda\",\"isPartOf\":{\"@id\":\"https:\\\/\\\/toyzinger.com\\\/es\\\/#website\"},\"primaryImageOfPage\":{\"@id\":\"https:\\\/\\\/toyzinger.com\\\/es\\\/toxic-crusaders\\\/checklist-toxic-crusader-yolanda\\\/#primaryimage\"},\"image\":{\"@id\":\"https:\\\/\\\/toyzinger.com\\\/es\\\/toxic-crusaders\\\/checklist-toxic-crusader-yolanda\\\/#primaryimage\"},\"thumbnailUrl\":\"https:\\\/\\\/toyzinger.com\\\/wp-content\\\/uploads\\\/2022\\\/10\\\/toxic-crusader-figure-collection.jpg\",\"datePublished\":\"2025-02-04T12:12:04+00:00\",\"dateModified\":\"2026-02-26T11:06:18+00:00\",\"description\":\"Lista de la colecci\u00f3n de figuras de PVC de la franquicia \\\"Toxic Crusaders\\\", frabicadas por la juguetera Yolanda en 1992.\",\"breadcrumb\":{\"@id\":\"https:\\\/\\\/toyzinger.com\\\/es\\\/toxic-crusaders\\\/checklist-toxic-crusader-yolanda\\\/#breadcrumb\"},\"inLanguage\":\"es\",\"potentialAction\":[{\"@type\":\"ReadAction\",\"target\":[\"https:\\\/\\\/toyzinger.com\\\/es\\\/toxic-crusaders\\\/checklist-toxic-crusader-yolanda\\\/\"]}]},{\"@type\":\"ImageObject\",\"inLanguage\":\"es\",\"@id\":\"https:\\\/\\\/toyzinger.com\\\/es\\\/toxic-crusaders\\\/checklist-toxic-crusader-yolanda\\\/#primaryimage\",\"url\":\"https:\\\/\\\/toyzinger.com\\\/wp-content\\\/uploads\\\/2022\\\/10\\\/toxic-crusader-figure-collection.jpg\",\"contentUrl\":\"https:\\\/\\\/toyzinger.com\\\/wp-content\\\/uploads\\\/2022\\\/10\\\/toxic-crusader-figure-collection.jpg\",\"width\":1200,\"height\":300,\"caption\":\"Toxic Crusaders figuras coleccionables\"},{\"@type\":\"BreadcrumbList\",\"@id\":\"https:\\\/\\\/toyzinger.com\\\/es\\\/toxic-crusaders\\\/checklist-toxic-crusader-yolanda\\\/#breadcrumb\",\"itemListElement\":[{\"@type\":\"ListItem\",\"position\":1,\"name\":\"Toyzinger\",\"item\":\"https:\\\/\\\/toyzinger.com\\\/es\\\/\"},{\"@type\":\"ListItem\",\"position\":2,\"name\":\"Toxic Crusaders\",\"item\":\"https:\\\/\\\/toyzinger.com\\\/es\\\/toxic-crusaders\\\/\"},{\"@type\":\"ListItem\",\"position\":3,\"name\":\"Checklist &#8211; Toxic Crusader &#8211; Yolanda\"}]},{\"@type\":\"WebSite\",\"@id\":\"https:\\\/\\\/toyzinger.com\\\/es\\\/#website\",\"url\":\"https:\\\/\\\/toyzinger.com\\\/es\\\/\",\"name\":\"Toyzinger\",\"description\":\"Coleccionismo de figuras y juguetes\",\"publisher\":{\"@id\":\"https:\\\/\\\/toyzinger.com\\\/es\\\/#organization\"},\"potentialAction\":[{\"@type\":\"SearchAction\",\"target\":{\"@type\":\"EntryPoint\",\"urlTemplate\":\"https:\\\/\\\/toyzinger.com\\\/es\\\/?s={search_term_string}\"},\"query-input\":{\"@type\":\"PropertyValueSpecification\",\"valueRequired\":true,\"valueName\":\"search_term_string\"}}],\"inLanguage\":\"es\"},{\"@type\":\"Organization\",\"@id\":\"https:\\\/\\\/toyzinger.com\\\/es\\\/#organization\",\"name\":\"Toyzinger\",\"url\":\"https:\\\/\\\/toyzinger.com\\\/es\\\/\",\"logo\":{\"@type\":\"ImageObject\",\"inLanguage\":\"es\",\"@id\":\"https:\\\/\\\/toyzinger.com\\\/es\\\/#\\\/schema\\\/logo\\\/image\\\/\",\"url\":\"https:\\\/\\\/toyzinger.com\\\/wp-content\\\/uploads\\\/2022\\\/10\\\/toyzinger_logo.png\",\"contentUrl\":\"https:\\\/\\\/toyzinger.com\\\/wp-content\\\/uploads\\\/2022\\\/10\\\/toyzinger_logo.png\",\"width\":561,\"height\":568,\"caption\":\"Toyzinger\"},\"image\":{\"@id\":\"https:\\\/\\\/toyzinger.com\\\/es\\\/#\\\/schema\\\/logo\\\/image\\\/\"},\"sameAs\":[\"https:\\\/\\\/www.facebook.com\\\/toyzinger\",\"https:\\\/\\\/www.instagram.com\\\/toyzinger_com\\\/\"]}]}<\/script>\n<!-- \/ Yoast SEO plugin. -->","yoast_head_json":{"title":"Figuras Checklist - Toxic Crusader - Yolanda","description":"Lista de la colecci\u00f3n de figuras de PVC de la franquicia \"Toxic Crusaders\", frabicadas por la juguetera Yolanda en 1992.","robots":{"index":"index","follow":"follow","max-snippet":"max-snippet:-1","max-image-preview":"max-image-preview:large","max-video-preview":"max-video-preview:-1"},"canonical":"https:\/\/toyzinger.com\/es\/toxic-crusaders\/checklist-toxic-crusader-yolanda\/","og_locale":"es_ES","og_type":"article","og_title":"Figuras Checklist - Toxic Crusader - Yolanda","og_description":"Lista de la colecci\u00f3n de figuras de PVC de la franquicia \"Toxic Crusaders\", frabicadas por la juguetera Yolanda en 1992.","og_url":"https:\/\/toyzinger.com\/es\/toxic-crusaders\/checklist-toxic-crusader-yolanda\/","og_site_name":"Toyzinger","article_publisher":"https:\/\/www.facebook.com\/toyzinger","article_modified_time":"2026-02-26T11:06:18+00:00","og_image":[{"width":1200,"height":300,"url":"https:\/\/toyzinger.com\/wp-content\/uploads\/2022\/10\/toxic-crusader-figure-collection.jpg","type":"image\/jpeg"}],"twitter_card":"summary_large_image","twitter_misc":{"Tiempo de lectura":"2 minutos"},"schema":{"@context":"https:\/\/schema.org","@graph":[{"@type":"WebPage","@id":"https:\/\/toyzinger.com\/es\/toxic-crusaders\/checklist-toxic-crusader-yolanda\/","url":"https:\/\/toyzinger.com\/es\/toxic-crusaders\/checklist-toxic-crusader-yolanda\/","name":"Figuras Checklist - Toxic Crusader - Yolanda","isPartOf":{"@id":"https:\/\/toyzinger.com\/es\/#website"},"primaryImageOfPage":{"@id":"https:\/\/toyzinger.com\/es\/toxic-crusaders\/checklist-toxic-crusader-yolanda\/#primaryimage"},"image":{"@id":"https:\/\/toyzinger.com\/es\/toxic-crusaders\/checklist-toxic-crusader-yolanda\/#primaryimage"},"thumbnailUrl":"https:\/\/toyzinger.com\/wp-content\/uploads\/2022\/10\/toxic-crusader-figure-collection.jpg","datePublished":"2025-02-04T12:12:04+00:00","dateModified":"2026-02-26T11:06:18+00:00","description":"Lista de la colecci\u00f3n de figuras de PVC de la franquicia \"Toxic Crusaders\", frabicadas por la juguetera Yolanda en 1992.","breadcrumb":{"@id":"https:\/\/toyzinger.com\/es\/toxic-crusaders\/checklist-toxic-crusader-yolanda\/#breadcrumb"},"inLanguage":"es","potentialAction":[{"@type":"ReadAction","target":["https:\/\/toyzinger.com\/es\/toxic-crusaders\/checklist-toxic-crusader-yolanda\/"]}]},{"@type":"ImageObject","inLanguage":"es","@id":"https:\/\/toyzinger.com\/es\/toxic-crusaders\/checklist-toxic-crusader-yolanda\/#primaryimage","url":"https:\/\/toyzinger.com\/wp-content\/uploads\/2022\/10\/toxic-crusader-figure-collection.jpg","contentUrl":"https:\/\/toyzinger.com\/wp-content\/uploads\/2022\/10\/toxic-crusader-figure-collection.jpg","width":1200,"height":300,"caption":"Toxic Crusaders figuras coleccionables"},{"@type":"BreadcrumbList","@id":"https:\/\/toyzinger.com\/es\/toxic-crusaders\/checklist-toxic-crusader-yolanda\/#breadcrumb","itemListElement":[{"@type":"ListItem","position":1,"name":"Toyzinger","item":"https:\/\/toyzinger.com\/es\/"},{"@type":"ListItem","position":2,"name":"Toxic Crusaders","item":"https:\/\/toyzinger.com\/es\/toxic-crusaders\/"},{"@type":"ListItem","position":3,"name":"Checklist &#8211; Toxic Crusader &#8211; Yolanda"}]},{"@type":"WebSite","@id":"https:\/\/toyzinger.com\/es\/#website","url":"https:\/\/toyzinger.com\/es\/","name":"Toyzinger","description":"Coleccionismo de figuras y juguetes","publisher":{"@id":"https:\/\/toyzinger.com\/es\/#organization"},"potentialAction":[{"@type":"SearchAction","target":{"@type":"EntryPoint","urlTemplate":"https:\/\/toyzinger.com\/es\/?s={search_term_string}"},"query-input":{"@type":"PropertyValueSpecification","valueRequired":true,"valueName":"search_term_string"}}],"inLanguage":"es"},{"@type":"Organization","@id":"https:\/\/toyzinger.com\/es\/#organization","name":"Toyzinger","url":"https:\/\/toyzinger.com\/es\/","logo":{"@type":"ImageObject","inLanguage":"es","@id":"https:\/\/toyzinger.com\/es\/#\/schema\/logo\/image\/","url":"https:\/\/toyzinger.com\/wp-content\/uploads\/2022\/10\/toyzinger_logo.png","contentUrl":"https:\/\/toyzinger.com\/wp-content\/uploads\/2022\/10\/toyzinger_logo.png","width":561,"height":568,"caption":"Toyzinger"},"image":{"@id":"https:\/\/toyzinger.com\/es\/#\/schema\/logo\/image\/"},"sameAs":["https:\/\/www.facebook.com\/toyzinger","https:\/\/www.instagram.com\/toyzinger_com\/"]}]}},"coauthors":[],"author_meta":{"author_link":"https:\/\/toyzinger.com\/es\/blog\/author\/toyzinger\/","display_name":"toyzinger"},"relative_dates":{"created":"Publicado 1 a\u00f1o hace","modified":"Actualizado 2 meses hace"},"absolute_dates":{"created":"Publicado el 04\/02\/2025","modified":"Actualizado el 26\/02\/2026"},"absolute_dates_time":{"created":"Publicado el 04\/02\/2025 12:12","modified":"Actualizado el 26\/02\/2026 11:06"},"featured_img_caption":"","featured_img":"https:\/\/toyzinger.com\/wp-content\/uploads\/2022\/10\/toxic-crusader-figure-collection.jpg","series_order":"","toy_product_id":"","_links":{"self":[{"href":"https:\/\/toyzinger.com\/es\/wp-json\/wp\/v2\/pages\/26216","targetHints":{"allow":["GET"]}}],"collection":[{"href":"https:\/\/toyzinger.com\/es\/wp-json\/wp\/v2\/pages"}],"about":[{"href":"https:\/\/toyzinger.com\/es\/wp-json\/wp\/v2\/types\/page"}],"author":[{"embeddable":true,"href":"https:\/\/toyzinger.com\/es\/wp-json\/wp\/v2\/users\/2"}],"replies":[{"embeddable":true,"href":"https:\/\/toyzinger.com\/es\/wp-json\/wp\/v2\/comments?post=26216"}],"version-history":[{"count":5,"href":"https:\/\/toyzinger.com\/es\/wp-json\/wp\/v2\/pages\/26216\/revisions"}],"predecessor-version":[{"id":33208,"href":"https:\/\/toyzinger.com\/es\/wp-json\/wp\/v2\/pages\/26216\/revisions\/33208"}],"up":[{"embeddable":true,"href":"https:\/\/toyzinger.com\/es\/wp-json\/wp\/v2\/pages\/122"}],"wp:featuredmedia":[{"embeddable":true,"href":"https:\/\/toyzinger.com\/es\/wp-json\/wp\/v2\/media\/127"}],"wp:attachment":[{"href":"https:\/\/toyzinger.com\/es\/wp-json\/wp\/v2\/media?parent=26216"}],"wp:term":[{"taxonomy":"wf_page_folders","embeddable":true,"href":"https:\/\/toyzinger.com\/es\/wp-json\/wp\/v2\/wf_page_folders?post=26216"}],"curies":[{"name":"wp","href":"https:\/\/api.w.org\/{rel}","templated":true}]}}