{"id":26902,"date":"2025-02-12T10:51:29","date_gmt":"2025-02-12T10:51:29","guid":{"rendered":"https:\/\/toyzinger.com\/?page_id=26902"},"modified":"2026-02-14T19:31:27","modified_gmt":"2026-02-14T19:31:27","slug":"ghostbusters","status":"publish","type":"page","link":"https:\/\/toyzinger.com\/es\/ghostbusters\/","title":{"rendered":"Ghostbusters"},"content":{"rendered":"\n<h2 class=\"wp-block-heading\">Colecciones de figuras de Ghostbusters:<\/h2>\n\n\n\n<p><\/p>\n\n\n\n<a class=\"toy-collection__base\" href=\"https:\/\/toyzinger.com\/es\/ghostbusters\/checklist-the-real-ghostbusters\/\"><figure class=\"toy-collection__image\"><img decoding=\"async\" src=\"https:\/\/toyzinger.com\/wp-content\/uploads\/2026\/02\/ghostbusters-kenner-peter-venkman-moc-250x300.webp\" alt=\"Ghostbusters vintage Toys\"\/><\/figure><ul class=\"toy-collection__info\"><li class=\"toy-collection__name\">The Real &#8211; Ghostbusters<\/li><li class=\"toy-collection__manufacturer\">Kenner &#8211; (1986-1991)<\/li><\/ul><div class=\"toy-collection__arrow\">\u27a4<\/div><\/a>\n\n\n\n<p><\/p>\n\n\n\n<h2 class=\"wp-block-heading\">Las Franquicias:<\/h2>\n\n\n\n<p><\/p>\n\n\n\n<p>Si creciste en los 80, seguro recuerdas a los <em>Cazafantasmas<\/em>, pero \u00bfsab\u00edas que hubo <strong>dos series diferentes<\/strong> con el mismo nombre?  te contamos la historia detr\u00e1s de <strong>\u00abThe Real Ghostbusters\u00bb<\/strong> y <strong>\u00abFilmation\u2019s Ghostbusters\u00bb<\/strong>.<\/p>\n\n\n\n<p><\/p>\n\n\n\n<h4 class=\"wp-block-heading\">The Real Ghostbusters (1986-1991)<\/h4>\n\n\n\n<p><\/p>\n\n\n\n<p>Basada en la ic\u00f3nica pel\u00edcula de 1984, esta serie sigue a los cazafantasmas originales (Egon, Ray, Peter y Winston) junto con Slimer, enfrent\u00e1ndose a criaturas sobrenaturales en Nueva York. Con un estilo m\u00e1s oscuro y aventuras llenas de acci\u00f3n, fue un gran \u00e9xito y expandi\u00f3 la franquicia.<\/p>\n\n\n\n<p><\/p>\n\n\n\n<h4 class=\"wp-block-heading\"><strong>Filmation\u2019s Ghostbusters (1986)<\/strong><\/h4>\n\n\n\n<p><\/p>\n\n\n\n<p>Por otro lado, Filmation cre\u00f3 su propia serie animada basada en su antiguo show de los 70 <em>The Ghost Busters<\/em>. Aqu\u00ed, dos humanos y un gorila llamado Tracy cazaban fantasmas con un tono m\u00e1s c\u00f3mico y fantasioso. Aunque compart\u00edan nombre, no ten\u00edan relaci\u00f3n con la pel\u00edcula.<\/p>\n\n\n\n<p><\/p>\n\n\n\n<h4 class=\"wp-block-heading\"><strong>\u00bfPor qu\u00e9 \u00abThe Real\u00bb Ghostbusters?<\/strong><\/h4>\n\n\n\n<p><\/p>\n\n\n\n<p>Para diferenciarse de la versi\u00f3n de Filmation, Columbia Pictures a\u00f1adi\u00f3 <em>\u00abThe Real\u00bb<\/em> al t\u00edtulo de su serie. Esto gener\u00f3 confusi\u00f3n, pero al final, <em>The Real Ghostbusters<\/em> se llev\u00f3 la gloria.<\/p>\n","protected":false},"excerpt":{"rendered":"<p>Colecciones de figuras de Ghostbusters: Las Franquicias: Si creciste en los 80, seguro recuerdas a los Cazafantasmas, pero \u00bfsab\u00edas que hubo dos series diferentes con el mismo nombre? te contamos la historia detr\u00e1s de \u00abThe Real Ghostbusters\u00bb y \u00abFilmation\u2019s Ghostbusters\u00bb. The Real Ghostbusters (1986-1991) Basada en la ic\u00f3nica pel\u00edcula de 1984, esta serie sigue a [&hellip;]<\/p>\n","protected":false},"author":2,"featured_media":26916,"parent":0,"menu_order":0,"comment_status":"closed","ping_status":"closed","template":"","meta":{"advgb_blocks_editor_width":"","advgb_blocks_columns_visual_guide":"","footnotes":""},"wf_page_folders":[1406],"class_list":["post-26902","page","type-page","status-publish","has-post-thumbnail","hentry"],"yoast_head":"<!-- This site is optimized with the Yoast SEO plugin v27.3 - https:\/\/yoast.com\/product\/yoast-seo-wordpress\/ -->\n<title>Ghostbusters - Toyzinger<\/title>\n<meta name=\"description\" content=\"Listado de colecciones de figuras de las franquicias &quot;Ghostbusters&quot;, que salieron al mercado durante la decada de los 80&#039;s.\" \/>\n<meta name=\"robots\" content=\"index, follow, max-snippet:-1, max-image-preview:large, max-video-preview:-1\" \/>\n<link rel=\"canonical\" href=\"https:\/\/toyzinger.com\/es\/ghostbusters\/\" \/>\n<meta property=\"og:locale\" content=\"es_ES\" \/>\n<meta property=\"og:type\" content=\"article\" \/>\n<meta property=\"og:title\" content=\"Ghostbusters - Toyzinger\" \/>\n<meta property=\"og:description\" content=\"Listado de colecciones de figuras de las franquicias &quot;Ghostbusters&quot;, que salieron al mercado durante la decada de los 80&#039;s.\" \/>\n<meta property=\"og:url\" content=\"https:\/\/toyzinger.com\/es\/ghostbusters\/\" \/>\n<meta property=\"og:site_name\" content=\"Toyzinger\" \/>\n<meta property=\"article:publisher\" content=\"https:\/\/www.facebook.com\/toyzinger\" \/>\n<meta property=\"article:modified_time\" content=\"2026-02-14T19:31:27+00:00\" \/>\n<meta property=\"og:image\" content=\"https:\/\/toyzinger.com\/wp-content\/uploads\/2025\/02\/ghostbusters-franchise-toys.webp\" \/>\n\t<meta property=\"og:image:width\" content=\"1200\" \/>\n\t<meta property=\"og:image:height\" content=\"300\" \/>\n\t<meta property=\"og:image:type\" content=\"image\/webp\" \/>\n<meta name=\"twitter:card\" content=\"summary_large_image\" \/>\n<meta name=\"twitter:label1\" content=\"Tiempo de lectura\" \/>\n\t<meta name=\"twitter:data1\" content=\"2 minutos\" \/>\n<script type=\"application\/ld+json\" class=\"yoast-schema-graph\">{\"@context\":\"https:\\\/\\\/schema.org\",\"@graph\":[{\"@type\":\"WebPage\",\"@id\":\"https:\\\/\\\/toyzinger.com\\\/es\\\/ghostbusters\\\/\",\"url\":\"https:\\\/\\\/toyzinger.com\\\/es\\\/ghostbusters\\\/\",\"name\":\"Ghostbusters - Toyzinger\",\"isPartOf\":{\"@id\":\"https:\\\/\\\/toyzinger.com\\\/es\\\/#website\"},\"primaryImageOfPage\":{\"@id\":\"https:\\\/\\\/toyzinger.com\\\/es\\\/ghostbusters\\\/#primaryimage\"},\"image\":{\"@id\":\"https:\\\/\\\/toyzinger.com\\\/es\\\/ghostbusters\\\/#primaryimage\"},\"thumbnailUrl\":\"https:\\\/\\\/toyzinger.com\\\/wp-content\\\/uploads\\\/2025\\\/02\\\/ghostbusters-franchise-toys.webp\",\"datePublished\":\"2025-02-12T10:51:29+00:00\",\"dateModified\":\"2026-02-14T19:31:27+00:00\",\"description\":\"Listado de colecciones de figuras de las franquicias \\\"Ghostbusters\\\", que salieron al mercado durante la decada de los 80's.\",\"breadcrumb\":{\"@id\":\"https:\\\/\\\/toyzinger.com\\\/es\\\/ghostbusters\\\/#breadcrumb\"},\"inLanguage\":\"es\",\"potentialAction\":[{\"@type\":\"ReadAction\",\"target\":[\"https:\\\/\\\/toyzinger.com\\\/es\\\/ghostbusters\\\/\"]}]},{\"@type\":\"ImageObject\",\"inLanguage\":\"es\",\"@id\":\"https:\\\/\\\/toyzinger.com\\\/es\\\/ghostbusters\\\/#primaryimage\",\"url\":\"https:\\\/\\\/toyzinger.com\\\/wp-content\\\/uploads\\\/2025\\\/02\\\/ghostbusters-franchise-toys.webp\",\"contentUrl\":\"https:\\\/\\\/toyzinger.com\\\/wp-content\\\/uploads\\\/2025\\\/02\\\/ghostbusters-franchise-toys.webp\",\"width\":1200,\"height\":300,\"caption\":\"Ghostbuster\"},{\"@type\":\"BreadcrumbList\",\"@id\":\"https:\\\/\\\/toyzinger.com\\\/es\\\/ghostbusters\\\/#breadcrumb\",\"itemListElement\":[{\"@type\":\"ListItem\",\"position\":1,\"name\":\"Toyzinger\",\"item\":\"https:\\\/\\\/toyzinger.com\\\/es\\\/\"},{\"@type\":\"ListItem\",\"position\":2,\"name\":\"Ghostbusters\"}]},{\"@type\":\"WebSite\",\"@id\":\"https:\\\/\\\/toyzinger.com\\\/es\\\/#website\",\"url\":\"https:\\\/\\\/toyzinger.com\\\/es\\\/\",\"name\":\"Toyzinger\",\"description\":\"Coleccionismo de figuras y juguetes\",\"publisher\":{\"@id\":\"https:\\\/\\\/toyzinger.com\\\/es\\\/#organization\"},\"potentialAction\":[{\"@type\":\"SearchAction\",\"target\":{\"@type\":\"EntryPoint\",\"urlTemplate\":\"https:\\\/\\\/toyzinger.com\\\/es\\\/?s={search_term_string}\"},\"query-input\":{\"@type\":\"PropertyValueSpecification\",\"valueRequired\":true,\"valueName\":\"search_term_string\"}}],\"inLanguage\":\"es\"},{\"@type\":\"Organization\",\"@id\":\"https:\\\/\\\/toyzinger.com\\\/es\\\/#organization\",\"name\":\"Toyzinger\",\"url\":\"https:\\\/\\\/toyzinger.com\\\/es\\\/\",\"logo\":{\"@type\":\"ImageObject\",\"inLanguage\":\"es\",\"@id\":\"https:\\\/\\\/toyzinger.com\\\/es\\\/#\\\/schema\\\/logo\\\/image\\\/\",\"url\":\"https:\\\/\\\/toyzinger.com\\\/wp-content\\\/uploads\\\/2022\\\/10\\\/toyzinger_logo.png\",\"contentUrl\":\"https:\\\/\\\/toyzinger.com\\\/wp-content\\\/uploads\\\/2022\\\/10\\\/toyzinger_logo.png\",\"width\":561,\"height\":568,\"caption\":\"Toyzinger\"},\"image\":{\"@id\":\"https:\\\/\\\/toyzinger.com\\\/es\\\/#\\\/schema\\\/logo\\\/image\\\/\"},\"sameAs\":[\"https:\\\/\\\/www.facebook.com\\\/toyzinger\",\"https:\\\/\\\/www.instagram.com\\\/toyzinger_com\\\/\"]}]}<\/script>\n<!-- \/ Yoast SEO plugin. -->","yoast_head_json":{"title":"Ghostbusters - Toyzinger","description":"Listado de colecciones de figuras de las franquicias \"Ghostbusters\", que salieron al mercado durante la decada de los 80's.","robots":{"index":"index","follow":"follow","max-snippet":"max-snippet:-1","max-image-preview":"max-image-preview:large","max-video-preview":"max-video-preview:-1"},"canonical":"https:\/\/toyzinger.com\/es\/ghostbusters\/","og_locale":"es_ES","og_type":"article","og_title":"Ghostbusters - Toyzinger","og_description":"Listado de colecciones de figuras de las franquicias \"Ghostbusters\", que salieron al mercado durante la decada de los 80's.","og_url":"https:\/\/toyzinger.com\/es\/ghostbusters\/","og_site_name":"Toyzinger","article_publisher":"https:\/\/www.facebook.com\/toyzinger","article_modified_time":"2026-02-14T19:31:27+00:00","og_image":[{"width":1200,"height":300,"url":"https:\/\/toyzinger.com\/wp-content\/uploads\/2025\/02\/ghostbusters-franchise-toys.webp","type":"image\/webp"}],"twitter_card":"summary_large_image","twitter_misc":{"Tiempo de lectura":"2 minutos"},"schema":{"@context":"https:\/\/schema.org","@graph":[{"@type":"WebPage","@id":"https:\/\/toyzinger.com\/es\/ghostbusters\/","url":"https:\/\/toyzinger.com\/es\/ghostbusters\/","name":"Ghostbusters - Toyzinger","isPartOf":{"@id":"https:\/\/toyzinger.com\/es\/#website"},"primaryImageOfPage":{"@id":"https:\/\/toyzinger.com\/es\/ghostbusters\/#primaryimage"},"image":{"@id":"https:\/\/toyzinger.com\/es\/ghostbusters\/#primaryimage"},"thumbnailUrl":"https:\/\/toyzinger.com\/wp-content\/uploads\/2025\/02\/ghostbusters-franchise-toys.webp","datePublished":"2025-02-12T10:51:29+00:00","dateModified":"2026-02-14T19:31:27+00:00","description":"Listado de colecciones de figuras de las franquicias \"Ghostbusters\", que salieron al mercado durante la decada de los 80's.","breadcrumb":{"@id":"https:\/\/toyzinger.com\/es\/ghostbusters\/#breadcrumb"},"inLanguage":"es","potentialAction":[{"@type":"ReadAction","target":["https:\/\/toyzinger.com\/es\/ghostbusters\/"]}]},{"@type":"ImageObject","inLanguage":"es","@id":"https:\/\/toyzinger.com\/es\/ghostbusters\/#primaryimage","url":"https:\/\/toyzinger.com\/wp-content\/uploads\/2025\/02\/ghostbusters-franchise-toys.webp","contentUrl":"https:\/\/toyzinger.com\/wp-content\/uploads\/2025\/02\/ghostbusters-franchise-toys.webp","width":1200,"height":300,"caption":"Ghostbuster"},{"@type":"BreadcrumbList","@id":"https:\/\/toyzinger.com\/es\/ghostbusters\/#breadcrumb","itemListElement":[{"@type":"ListItem","position":1,"name":"Toyzinger","item":"https:\/\/toyzinger.com\/es\/"},{"@type":"ListItem","position":2,"name":"Ghostbusters"}]},{"@type":"WebSite","@id":"https:\/\/toyzinger.com\/es\/#website","url":"https:\/\/toyzinger.com\/es\/","name":"Toyzinger","description":"Coleccionismo de figuras y juguetes","publisher":{"@id":"https:\/\/toyzinger.com\/es\/#organization"},"potentialAction":[{"@type":"SearchAction","target":{"@type":"EntryPoint","urlTemplate":"https:\/\/toyzinger.com\/es\/?s={search_term_string}"},"query-input":{"@type":"PropertyValueSpecification","valueRequired":true,"valueName":"search_term_string"}}],"inLanguage":"es"},{"@type":"Organization","@id":"https:\/\/toyzinger.com\/es\/#organization","name":"Toyzinger","url":"https:\/\/toyzinger.com\/es\/","logo":{"@type":"ImageObject","inLanguage":"es","@id":"https:\/\/toyzinger.com\/es\/#\/schema\/logo\/image\/","url":"https:\/\/toyzinger.com\/wp-content\/uploads\/2022\/10\/toyzinger_logo.png","contentUrl":"https:\/\/toyzinger.com\/wp-content\/uploads\/2022\/10\/toyzinger_logo.png","width":561,"height":568,"caption":"Toyzinger"},"image":{"@id":"https:\/\/toyzinger.com\/es\/#\/schema\/logo\/image\/"},"sameAs":["https:\/\/www.facebook.com\/toyzinger","https:\/\/www.instagram.com\/toyzinger_com\/"]}]}},"coauthors":[],"author_meta":{"author_link":"https:\/\/toyzinger.com\/es\/blog\/author\/toyzinger\/","display_name":"toyzinger"},"relative_dates":{"created":"Publicado 1 a\u00f1o hace","modified":"Actualizado 2 meses hace"},"absolute_dates":{"created":"Publicado el 12\/02\/2025","modified":"Actualizado el 14\/02\/2026"},"absolute_dates_time":{"created":"Publicado el 12\/02\/2025 10:51","modified":"Actualizado el 14\/02\/2026 19:31"},"featured_img_caption":"","featured_img":"https:\/\/toyzinger.com\/wp-content\/uploads\/2025\/02\/ghostbusters-franchise-toys.webp","series_order":"","toy_product_id":"","_links":{"self":[{"href":"https:\/\/toyzinger.com\/es\/wp-json\/wp\/v2\/pages\/26902","targetHints":{"allow":["GET"]}}],"collection":[{"href":"https:\/\/toyzinger.com\/es\/wp-json\/wp\/v2\/pages"}],"about":[{"href":"https:\/\/toyzinger.com\/es\/wp-json\/wp\/v2\/types\/page"}],"author":[{"embeddable":true,"href":"https:\/\/toyzinger.com\/es\/wp-json\/wp\/v2\/users\/2"}],"replies":[{"embeddable":true,"href":"https:\/\/toyzinger.com\/es\/wp-json\/wp\/v2\/comments?post=26902"}],"version-history":[{"count":4,"href":"https:\/\/toyzinger.com\/es\/wp-json\/wp\/v2\/pages\/26902\/revisions"}],"predecessor-version":[{"id":33094,"href":"https:\/\/toyzinger.com\/es\/wp-json\/wp\/v2\/pages\/26902\/revisions\/33094"}],"wp:featuredmedia":[{"embeddable":true,"href":"https:\/\/toyzinger.com\/es\/wp-json\/wp\/v2\/media\/26916"}],"wp:attachment":[{"href":"https:\/\/toyzinger.com\/es\/wp-json\/wp\/v2\/media?parent=26902"}],"wp:term":[{"taxonomy":"wf_page_folders","embeddable":true,"href":"https:\/\/toyzinger.com\/es\/wp-json\/wp\/v2\/wf_page_folders?post=26902"}],"curies":[{"name":"wp","href":"https:\/\/api.w.org\/{rel}","templated":true}]}}