{"id":28,"date":"2022-08-25T13:48:21","date_gmt":"2022-08-25T13:48:21","guid":{"rendered":"https:\/\/toyzinger.com\/?page_id=28"},"modified":"2026-03-09T11:42:41","modified_gmt":"2026-03-09T11:42:41","slug":"saint-seiya","status":"publish","type":"page","link":"https:\/\/toyzinger.com\/es\/saint-seiya\/","title":{"rendered":"Caballeros del Zodiaco"},"content":{"rendered":"\n<h2 class=\"wp-block-heading\">Colecciones de figuras de Saint Seiya:<\/h2>\n\n\n\n<p><\/p>\n\n\n\n<a class=\"toy-collection__base\" href=\"https:\/\/toyzinger.com\/es\/saint-seiya\/checklist-saint-seiya-vintage\/\"><figure class=\"toy-collection__image\"><img decoding=\"async\" src=\"https:\/\/toyzinger.com\/wp-content\/uploads\/2026\/03\/figuras-caballeros-zodiaco-saint-seiya-vintage-pegaso-v1-box-250x300.jpg\" alt=\"Saint Seiya Vintage Figure\"\/><\/figure><ul class=\"toy-collection__info\"><li class=\"toy-collection__name\">Vintage<\/li><li class=\"toy-collection__manufacturer\">Bandai &#8211; (1987-1989)<\/li><\/ul><div class=\"toy-collection__arrow\">\u27a4<\/div><\/a>\n\n\n\n<p><\/p>\n\n\n\n<h2 class=\"wp-block-heading\">Sobre la Franquicia:<\/h2>\n\n\n\n<p><\/p>\n\n\n\n<p>Saint Seiya, conocida en el mundo hispanohablante como Los Caballeros del Zodiaco, es una serie manga escrita e ilustrada por Masami Kurumada. Fue publicada en la d\u00e9cada de los 80 por la revista japonesa Sh\u016bkan Sh\u014dnen Jump.<\/p>\n\n\n\n<p><\/p>\n\n\n\n<p>La serie se centra en un grupo de j\u00f3venes guerreros denominados \u201ccaballeros\u201d (o \u201csantos\u201d), cuyo protagonista principal es Seiya (caballero que porta la armadura de Pegaso). Estos guerreros luchan del lado de la diosa griega Athena reencarnada en la humana Saori Kido para proteger a la humanidad de las fuerzas del mal que quieren dominar la Tierra. Para sus batallas, cada caballero utiliza su energ\u00eda interior ligada al universo (el \u201ccosmos\u201d), sus t\u00e9cnicas especiales de lucha, y sus armaduras (originalmente llamada \u201ccloth\u201d), todas inspiradas en cada una de las 88 constelaciones.<\/p>\n\n\n\n<p><\/p>\n\n\n\n<p>Debido al gran \u00e9xito del manga, tambi\u00e9n se realiz\u00f3 una serie animada de 114 episodios, seguido de varios OVAs y pel\u00edculas. Adem\u00e1s de varias precuelas y secuelas oficiales de la historia original.<\/p>\n\n\n\n<p><\/p>\n\n\n\n<p>Tanto el manga original como la adaptaci\u00f3n al anime tuvieron gran \u00e9xito en Jap\u00f3n, as\u00ed tambi\u00e9n en pa\u00edses europeos como Francia, Italia, Espa\u00f1a, Portugal, y en la mayor\u00eda de los pa\u00edses latinoamericanos. No obstante, el anime no se tradujo al ingl\u00e9s hasta su llegada a Estados Unidos en 2003.\u200b<\/p>\n\n\n\n<p><\/p>\n\n\n\n<p>En un ranking realizado en l\u00ednea en Jap\u00f3n y publicado en 2005 por TV Asahi de los 100 mejores animes de la historia, Saint Seiya alcanz\u00f3 el puesto n\u00famero 11.<\/p>\n\n\n\n<p><\/p>\n\n\n\n<p>Obviamente, como toda serie de \u00e9xito, Los caballeros del Zodiaco tuvo varias l\u00edneas de figuras coleccionables, una maravilla para los ni\u00f1os de la \u00e9poca. Muchas de sus l\u00edneas de figuras destacan por usar piezas met\u00e1licas para las armaduras (o \u201cCloth\u201d) y sin duda son una peque\u00f1a joya para el coleccionismo.<\/p>\n","protected":false},"excerpt":{"rendered":"<p>Colecciones de figuras de Saint Seiya: Sobre la Franquicia: Saint Seiya, conocida en el mundo hispanohablante como Los Caballeros del Zodiaco, es una serie manga escrita e ilustrada por Masami Kurumada. Fue publicada en la d\u00e9cada de los 80 por la revista japonesa Sh\u016bkan Sh\u014dnen Jump. La serie se centra en un grupo de j\u00f3venes [&hellip;]<\/p>\n","protected":false},"author":2,"featured_media":112,"parent":0,"menu_order":1,"comment_status":"closed","ping_status":"closed","template":"","meta":{"advgb_blocks_editor_width":"","advgb_blocks_columns_visual_guide":"","footnotes":""},"wf_page_folders":[18],"class_list":["post-28","page","type-page","status-publish","has-post-thumbnail","hentry"],"yoast_head":"<!-- This site is optimized with the Yoast SEO plugin v27.3 - https:\/\/yoast.com\/product\/yoast-seo-wordpress\/ -->\n<title>Caballeros del Zodiaco - Toyzinger<\/title>\n<meta name=\"description\" content=\"Repaso de la franquicia Saint Seiya (Caballeros del Zodiaco) asi como sus distintas lineas de figuras.\" \/>\n<meta name=\"robots\" content=\"index, follow, max-snippet:-1, max-image-preview:large, max-video-preview:-1\" \/>\n<link rel=\"canonical\" href=\"https:\/\/toyzinger.com\/es\/saint-seiya\/\" \/>\n<meta property=\"og:locale\" content=\"es_ES\" \/>\n<meta property=\"og:type\" content=\"article\" \/>\n<meta property=\"og:title\" content=\"Caballeros del Zodiaco - Toyzinger\" \/>\n<meta property=\"og:description\" content=\"Repaso de la franquicia Saint Seiya (Caballeros del Zodiaco) asi como sus distintas lineas de figuras.\" \/>\n<meta property=\"og:url\" content=\"https:\/\/toyzinger.com\/es\/saint-seiya\/\" \/>\n<meta property=\"og:site_name\" content=\"Toyzinger\" \/>\n<meta property=\"article:publisher\" content=\"https:\/\/www.facebook.com\/toyzinger\" \/>\n<meta property=\"article:modified_time\" content=\"2026-03-09T11:42:41+00:00\" \/>\n<meta property=\"og:image\" content=\"https:\/\/toyzinger.com\/wp-content\/uploads\/2022\/10\/saint_seiya-colleccion-figuras.jpeg\" \/>\n\t<meta property=\"og:image:width\" content=\"1366\" \/>\n\t<meta property=\"og:image:height\" content=\"769\" \/>\n\t<meta property=\"og:image:type\" content=\"image\/jpeg\" \/>\n<meta name=\"twitter:card\" content=\"summary_large_image\" \/>\n<meta name=\"twitter:label1\" content=\"Tiempo de lectura\" \/>\n\t<meta name=\"twitter:data1\" content=\"2 minutos\" \/>\n<script type=\"application\/ld+json\" class=\"yoast-schema-graph\">{\"@context\":\"https:\\\/\\\/schema.org\",\"@graph\":[{\"@type\":\"WebPage\",\"@id\":\"https:\\\/\\\/toyzinger.com\\\/es\\\/saint-seiya\\\/\",\"url\":\"https:\\\/\\\/toyzinger.com\\\/es\\\/saint-seiya\\\/\",\"name\":\"Caballeros del Zodiaco - Toyzinger\",\"isPartOf\":{\"@id\":\"https:\\\/\\\/toyzinger.com\\\/es\\\/#website\"},\"primaryImageOfPage\":{\"@id\":\"https:\\\/\\\/toyzinger.com\\\/es\\\/saint-seiya\\\/#primaryimage\"},\"image\":{\"@id\":\"https:\\\/\\\/toyzinger.com\\\/es\\\/saint-seiya\\\/#primaryimage\"},\"thumbnailUrl\":\"https:\\\/\\\/toyzinger.com\\\/wp-content\\\/uploads\\\/2022\\\/10\\\/saint_seiya-colleccion-figuras.jpeg\",\"datePublished\":\"2022-08-25T13:48:21+00:00\",\"dateModified\":\"2026-03-09T11:42:41+00:00\",\"description\":\"Repaso de la franquicia Saint Seiya (Caballeros del Zodiaco) asi como sus distintas lineas de figuras.\",\"breadcrumb\":{\"@id\":\"https:\\\/\\\/toyzinger.com\\\/es\\\/saint-seiya\\\/#breadcrumb\"},\"inLanguage\":\"es\",\"potentialAction\":[{\"@type\":\"ReadAction\",\"target\":[\"https:\\\/\\\/toyzinger.com\\\/es\\\/saint-seiya\\\/\"]}]},{\"@type\":\"ImageObject\",\"inLanguage\":\"es\",\"@id\":\"https:\\\/\\\/toyzinger.com\\\/es\\\/saint-seiya\\\/#primaryimage\",\"url\":\"https:\\\/\\\/toyzinger.com\\\/wp-content\\\/uploads\\\/2022\\\/10\\\/saint_seiya-colleccion-figuras.jpeg\",\"contentUrl\":\"https:\\\/\\\/toyzinger.com\\\/wp-content\\\/uploads\\\/2022\\\/10\\\/saint_seiya-colleccion-figuras.jpeg\",\"width\":1366,\"height\":769,\"caption\":\"Saint seiya serie animada\"},{\"@type\":\"BreadcrumbList\",\"@id\":\"https:\\\/\\\/toyzinger.com\\\/es\\\/saint-seiya\\\/#breadcrumb\",\"itemListElement\":[{\"@type\":\"ListItem\",\"position\":1,\"name\":\"Toyzinger\",\"item\":\"https:\\\/\\\/toyzinger.com\\\/es\\\/\"},{\"@type\":\"ListItem\",\"position\":2,\"name\":\"Caballeros del Zodiaco\"}]},{\"@type\":\"WebSite\",\"@id\":\"https:\\\/\\\/toyzinger.com\\\/es\\\/#website\",\"url\":\"https:\\\/\\\/toyzinger.com\\\/es\\\/\",\"name\":\"Toyzinger\",\"description\":\"Coleccionismo de figuras y juguetes\",\"publisher\":{\"@id\":\"https:\\\/\\\/toyzinger.com\\\/es\\\/#organization\"},\"potentialAction\":[{\"@type\":\"SearchAction\",\"target\":{\"@type\":\"EntryPoint\",\"urlTemplate\":\"https:\\\/\\\/toyzinger.com\\\/es\\\/?s={search_term_string}\"},\"query-input\":{\"@type\":\"PropertyValueSpecification\",\"valueRequired\":true,\"valueName\":\"search_term_string\"}}],\"inLanguage\":\"es\"},{\"@type\":\"Organization\",\"@id\":\"https:\\\/\\\/toyzinger.com\\\/es\\\/#organization\",\"name\":\"Toyzinger\",\"url\":\"https:\\\/\\\/toyzinger.com\\\/es\\\/\",\"logo\":{\"@type\":\"ImageObject\",\"inLanguage\":\"es\",\"@id\":\"https:\\\/\\\/toyzinger.com\\\/es\\\/#\\\/schema\\\/logo\\\/image\\\/\",\"url\":\"https:\\\/\\\/toyzinger.com\\\/wp-content\\\/uploads\\\/2022\\\/10\\\/toyzinger_logo.png\",\"contentUrl\":\"https:\\\/\\\/toyzinger.com\\\/wp-content\\\/uploads\\\/2022\\\/10\\\/toyzinger_logo.png\",\"width\":561,\"height\":568,\"caption\":\"Toyzinger\"},\"image\":{\"@id\":\"https:\\\/\\\/toyzinger.com\\\/es\\\/#\\\/schema\\\/logo\\\/image\\\/\"},\"sameAs\":[\"https:\\\/\\\/www.facebook.com\\\/toyzinger\",\"https:\\\/\\\/www.instagram.com\\\/toyzinger_com\\\/\"]}]}<\/script>\n<!-- \/ Yoast SEO plugin. -->","yoast_head_json":{"title":"Caballeros del Zodiaco - Toyzinger","description":"Repaso de la franquicia Saint Seiya (Caballeros del Zodiaco) asi como sus distintas lineas de figuras.","robots":{"index":"index","follow":"follow","max-snippet":"max-snippet:-1","max-image-preview":"max-image-preview:large","max-video-preview":"max-video-preview:-1"},"canonical":"https:\/\/toyzinger.com\/es\/saint-seiya\/","og_locale":"es_ES","og_type":"article","og_title":"Caballeros del Zodiaco - Toyzinger","og_description":"Repaso de la franquicia Saint Seiya (Caballeros del Zodiaco) asi como sus distintas lineas de figuras.","og_url":"https:\/\/toyzinger.com\/es\/saint-seiya\/","og_site_name":"Toyzinger","article_publisher":"https:\/\/www.facebook.com\/toyzinger","article_modified_time":"2026-03-09T11:42:41+00:00","og_image":[{"width":1366,"height":769,"url":"https:\/\/toyzinger.com\/wp-content\/uploads\/2022\/10\/saint_seiya-colleccion-figuras.jpeg","type":"image\/jpeg"}],"twitter_card":"summary_large_image","twitter_misc":{"Tiempo de lectura":"2 minutos"},"schema":{"@context":"https:\/\/schema.org","@graph":[{"@type":"WebPage","@id":"https:\/\/toyzinger.com\/es\/saint-seiya\/","url":"https:\/\/toyzinger.com\/es\/saint-seiya\/","name":"Caballeros del Zodiaco - Toyzinger","isPartOf":{"@id":"https:\/\/toyzinger.com\/es\/#website"},"primaryImageOfPage":{"@id":"https:\/\/toyzinger.com\/es\/saint-seiya\/#primaryimage"},"image":{"@id":"https:\/\/toyzinger.com\/es\/saint-seiya\/#primaryimage"},"thumbnailUrl":"https:\/\/toyzinger.com\/wp-content\/uploads\/2022\/10\/saint_seiya-colleccion-figuras.jpeg","datePublished":"2022-08-25T13:48:21+00:00","dateModified":"2026-03-09T11:42:41+00:00","description":"Repaso de la franquicia Saint Seiya (Caballeros del Zodiaco) asi como sus distintas lineas de figuras.","breadcrumb":{"@id":"https:\/\/toyzinger.com\/es\/saint-seiya\/#breadcrumb"},"inLanguage":"es","potentialAction":[{"@type":"ReadAction","target":["https:\/\/toyzinger.com\/es\/saint-seiya\/"]}]},{"@type":"ImageObject","inLanguage":"es","@id":"https:\/\/toyzinger.com\/es\/saint-seiya\/#primaryimage","url":"https:\/\/toyzinger.com\/wp-content\/uploads\/2022\/10\/saint_seiya-colleccion-figuras.jpeg","contentUrl":"https:\/\/toyzinger.com\/wp-content\/uploads\/2022\/10\/saint_seiya-colleccion-figuras.jpeg","width":1366,"height":769,"caption":"Saint seiya serie animada"},{"@type":"BreadcrumbList","@id":"https:\/\/toyzinger.com\/es\/saint-seiya\/#breadcrumb","itemListElement":[{"@type":"ListItem","position":1,"name":"Toyzinger","item":"https:\/\/toyzinger.com\/es\/"},{"@type":"ListItem","position":2,"name":"Caballeros del Zodiaco"}]},{"@type":"WebSite","@id":"https:\/\/toyzinger.com\/es\/#website","url":"https:\/\/toyzinger.com\/es\/","name":"Toyzinger","description":"Coleccionismo de figuras y juguetes","publisher":{"@id":"https:\/\/toyzinger.com\/es\/#organization"},"potentialAction":[{"@type":"SearchAction","target":{"@type":"EntryPoint","urlTemplate":"https:\/\/toyzinger.com\/es\/?s={search_term_string}"},"query-input":{"@type":"PropertyValueSpecification","valueRequired":true,"valueName":"search_term_string"}}],"inLanguage":"es"},{"@type":"Organization","@id":"https:\/\/toyzinger.com\/es\/#organization","name":"Toyzinger","url":"https:\/\/toyzinger.com\/es\/","logo":{"@type":"ImageObject","inLanguage":"es","@id":"https:\/\/toyzinger.com\/es\/#\/schema\/logo\/image\/","url":"https:\/\/toyzinger.com\/wp-content\/uploads\/2022\/10\/toyzinger_logo.png","contentUrl":"https:\/\/toyzinger.com\/wp-content\/uploads\/2022\/10\/toyzinger_logo.png","width":561,"height":568,"caption":"Toyzinger"},"image":{"@id":"https:\/\/toyzinger.com\/es\/#\/schema\/logo\/image\/"},"sameAs":["https:\/\/www.facebook.com\/toyzinger","https:\/\/www.instagram.com\/toyzinger_com\/"]}]}},"coauthors":[],"author_meta":{"author_link":"https:\/\/toyzinger.com\/es\/blog\/author\/toyzinger\/","display_name":"toyzinger"},"relative_dates":{"created":"Publicado 4 a\u00f1os hace","modified":"Actualizado 2 meses hace"},"absolute_dates":{"created":"Publicado el 25\/08\/2022","modified":"Actualizado el 09\/03\/2026"},"absolute_dates_time":{"created":"Publicado el 25\/08\/2022 13:48","modified":"Actualizado el 09\/03\/2026 11:42"},"featured_img_caption":"","featured_img":"https:\/\/toyzinger.com\/wp-content\/uploads\/2022\/10\/saint_seiya-colleccion-figuras.jpeg","series_order":"","toy_product_id":"","_links":{"self":[{"href":"https:\/\/toyzinger.com\/es\/wp-json\/wp\/v2\/pages\/28","targetHints":{"allow":["GET"]}}],"collection":[{"href":"https:\/\/toyzinger.com\/es\/wp-json\/wp\/v2\/pages"}],"about":[{"href":"https:\/\/toyzinger.com\/es\/wp-json\/wp\/v2\/types\/page"}],"author":[{"embeddable":true,"href":"https:\/\/toyzinger.com\/es\/wp-json\/wp\/v2\/users\/2"}],"replies":[{"embeddable":true,"href":"https:\/\/toyzinger.com\/es\/wp-json\/wp\/v2\/comments?post=28"}],"version-history":[{"count":2,"href":"https:\/\/toyzinger.com\/es\/wp-json\/wp\/v2\/pages\/28\/revisions"}],"predecessor-version":[{"id":33753,"href":"https:\/\/toyzinger.com\/es\/wp-json\/wp\/v2\/pages\/28\/revisions\/33753"}],"wp:featuredmedia":[{"embeddable":true,"href":"https:\/\/toyzinger.com\/es\/wp-json\/wp\/v2\/media\/112"}],"wp:attachment":[{"href":"https:\/\/toyzinger.com\/es\/wp-json\/wp\/v2\/media?parent=28"}],"wp:term":[{"taxonomy":"wf_page_folders","embeddable":true,"href":"https:\/\/toyzinger.com\/es\/wp-json\/wp\/v2\/wf_page_folders?post=28"}],"curies":[{"name":"wp","href":"https:\/\/api.w.org\/{rel}","templated":true}]}}