{"id":28967,"date":"2025-06-29T15:20:09","date_gmt":"2025-06-29T15:20:09","guid":{"rendered":"https:\/\/toyzinger.com\/?page_id=28967"},"modified":"2026-03-06T09:09:37","modified_gmt":"2026-03-06T09:09:37","slug":"pokemon","status":"publish","type":"page","link":"https:\/\/toyzinger.com\/es\/pokemon\/","title":{"rendered":"Pokemon"},"content":{"rendered":"\n<h2 class=\"wp-block-heading\">Colecciones de figuras de Pokemon:<\/h2>\n\n\n\n<p><\/p>\n\n\n\n<a class=\"toy-collection__base\" href=\"https:\/\/toyzinger.com\/es\/pokemon\/checklist-pokemon-tomy-kanto\/\"><figure class=\"toy-collection__image\"><img decoding=\"async\" src=\"https:\/\/toyzinger.com\/wp-content\/uploads\/2026\/03\/charizard-pokemon-tomy-auldey-blister-250x300.webp\" alt=\"Pkemon Tomy Figures\"\/><\/figure><ul class=\"toy-collection__info\"><li class=\"toy-collection__name\">Pokemon &#8211; 1st Generation<\/li><li class=\"toy-collection__manufacturer\">Tomy &#8211; (1997)<\/li><\/ul><div class=\"toy-collection__arrow\">\u27a4<\/div><\/a>\n\n\n\n<p><\/p>\n\n\n\n<h2 class=\"wp-block-heading\">La Franquicia:<\/h2>\n\n\n\n<p><\/p>\n\n\n\n<p>Pok\u00e9mon naci\u00f3 en 1996 en Jap\u00f3n, creado por Satoshi Tajiri y desarrollado por Game Freak, con Nintendo como distribuidora. Los primeros juegos, <strong>Pok\u00e9mon<\/strong> Rojo y Verde para Game Boy, permit\u00edan capturar, entrenar y combatir con criaturas llamadas Pok\u00e9mon. Su \u00e9xito inmediato dio pie a una tercera versi\u00f3n, Pok\u00e9mon Azul, y posteriormente a su lanzamiento internacional.<\/p>\n\n\n\n<p><\/p>\n\n\n\n<p>El fen\u00f3meno se expandi\u00f3 r\u00e1pidamente con una serie de animaci\u00f3n estrenada en 1997, protagonizada por Ash Ketchum (Satoshi en Jap\u00f3n) y su inseparable <strong>Pikachu<\/strong>. Desde entonces, <strong>Pok\u00e9mon<\/strong> ha crecido hasta convertirse en una de las franquicias m\u00e1s exitosas del mundo, con videojuegos principales, spin-offs, cartas coleccionables, pel\u00edculas, merchandising y eventos globales.<\/p>\n\n\n\n<p><\/p>\n\n\n\n<p>Hasta hoy, Pok\u00e9mon ha lanzado nueve generaciones principales, cada una con nuevas regiones y criaturas, manteniendo siempre el lema \u00ab\u00a1Hazte con todos!\u00bb. Es un icono de la cultura pop que sigue vigente, adapt\u00e1ndose a nuevas plataformas como m\u00f3viles (con Pok\u00e9mon GO en 2016) y a nuevas generaciones de fans.<\/p>\n","protected":false},"excerpt":{"rendered":"<p>Colecciones de figuras de Pokemon: La Franquicia: Pok\u00e9mon naci\u00f3 en 1996 en Jap\u00f3n, creado por Satoshi Tajiri y desarrollado por Game Freak, con Nintendo como distribuidora. Los primeros juegos, Pok\u00e9mon Rojo y Verde para Game Boy, permit\u00edan capturar, entrenar y combatir con criaturas llamadas Pok\u00e9mon. Su \u00e9xito inmediato dio pie a una tercera versi\u00f3n, Pok\u00e9mon [&hellip;]<\/p>\n","protected":false},"author":2,"featured_media":28973,"parent":0,"menu_order":0,"comment_status":"closed","ping_status":"closed","template":"","meta":{"advgb_blocks_editor_width":"","advgb_blocks_columns_visual_guide":"","footnotes":""},"wf_page_folders":[1448],"class_list":["post-28967","page","type-page","status-publish","has-post-thumbnail","hentry"],"yoast_head":"<!-- This site is optimized with the Yoast SEO plugin v27.3 - https:\/\/yoast.com\/product\/yoast-seo-wordpress\/ -->\n<title>Pokemon - Toyzinger<\/title>\n<meta name=\"description\" content=\"Colecciones de figuras vintage de la franquicia &quot;Pokemon&quot;, una de las franquicias de videojuegos m\u00e1s exitosa de la historia.\" \/>\n<meta name=\"robots\" content=\"index, follow, max-snippet:-1, max-image-preview:large, max-video-preview:-1\" \/>\n<link rel=\"canonical\" href=\"https:\/\/toyzinger.com\/es\/pokemon\/\" \/>\n<meta property=\"og:locale\" content=\"es_ES\" \/>\n<meta property=\"og:type\" content=\"article\" \/>\n<meta property=\"og:title\" content=\"Pokemon - Toyzinger\" \/>\n<meta property=\"og:description\" content=\"Colecciones de figuras vintage de la franquicia &quot;Pokemon&quot;, una de las franquicias de videojuegos m\u00e1s exitosa de la historia.\" \/>\n<meta property=\"og:url\" content=\"https:\/\/toyzinger.com\/es\/pokemon\/\" \/>\n<meta property=\"og:site_name\" content=\"Toyzinger\" \/>\n<meta property=\"article:publisher\" content=\"https:\/\/www.facebook.com\/toyzinger\" \/>\n<meta property=\"article:modified_time\" content=\"2026-03-06T09:09:37+00:00\" \/>\n<meta property=\"og:image\" content=\"https:\/\/toyzinger.com\/wp-content\/uploads\/2025\/06\/pokemon-vintage-figures.webp\" \/>\n\t<meta property=\"og:image:width\" content=\"1200\" \/>\n\t<meta property=\"og:image:height\" content=\"300\" \/>\n\t<meta property=\"og:image:type\" content=\"image\/webp\" \/>\n<meta name=\"twitter:card\" content=\"summary_large_image\" \/>\n<meta name=\"twitter:label1\" content=\"Tiempo de lectura\" \/>\n\t<meta name=\"twitter:data1\" content=\"2 minutos\" \/>\n<script type=\"application\/ld+json\" class=\"yoast-schema-graph\">{\"@context\":\"https:\\\/\\\/schema.org\",\"@graph\":[{\"@type\":\"WebPage\",\"@id\":\"https:\\\/\\\/toyzinger.com\\\/es\\\/pokemon\\\/\",\"url\":\"https:\\\/\\\/toyzinger.com\\\/es\\\/pokemon\\\/\",\"name\":\"Pokemon - Toyzinger\",\"isPartOf\":{\"@id\":\"https:\\\/\\\/toyzinger.com\\\/es\\\/#website\"},\"primaryImageOfPage\":{\"@id\":\"https:\\\/\\\/toyzinger.com\\\/es\\\/pokemon\\\/#primaryimage\"},\"image\":{\"@id\":\"https:\\\/\\\/toyzinger.com\\\/es\\\/pokemon\\\/#primaryimage\"},\"thumbnailUrl\":\"https:\\\/\\\/toyzinger.com\\\/wp-content\\\/uploads\\\/2025\\\/06\\\/pokemon-vintage-figures.webp\",\"datePublished\":\"2025-06-29T15:20:09+00:00\",\"dateModified\":\"2026-03-06T09:09:37+00:00\",\"description\":\"Colecciones de figuras vintage de la franquicia \\\"Pokemon\\\", una de las franquicias de videojuegos m\u00e1s exitosa de la historia.\",\"breadcrumb\":{\"@id\":\"https:\\\/\\\/toyzinger.com\\\/es\\\/pokemon\\\/#breadcrumb\"},\"inLanguage\":\"es\",\"potentialAction\":[{\"@type\":\"ReadAction\",\"target\":[\"https:\\\/\\\/toyzinger.com\\\/es\\\/pokemon\\\/\"]}]},{\"@type\":\"ImageObject\",\"inLanguage\":\"es\",\"@id\":\"https:\\\/\\\/toyzinger.com\\\/es\\\/pokemon\\\/#primaryimage\",\"url\":\"https:\\\/\\\/toyzinger.com\\\/wp-content\\\/uploads\\\/2025\\\/06\\\/pokemon-vintage-figures.webp\",\"contentUrl\":\"https:\\\/\\\/toyzinger.com\\\/wp-content\\\/uploads\\\/2025\\\/06\\\/pokemon-vintage-figures.webp\",\"width\":1200,\"height\":300,\"caption\":\"Pokemon figures\"},{\"@type\":\"BreadcrumbList\",\"@id\":\"https:\\\/\\\/toyzinger.com\\\/es\\\/pokemon\\\/#breadcrumb\",\"itemListElement\":[{\"@type\":\"ListItem\",\"position\":1,\"name\":\"Toyzinger\",\"item\":\"https:\\\/\\\/toyzinger.com\\\/es\\\/\"},{\"@type\":\"ListItem\",\"position\":2,\"name\":\"Pokemon\"}]},{\"@type\":\"WebSite\",\"@id\":\"https:\\\/\\\/toyzinger.com\\\/es\\\/#website\",\"url\":\"https:\\\/\\\/toyzinger.com\\\/es\\\/\",\"name\":\"Toyzinger\",\"description\":\"Coleccionismo de figuras y juguetes\",\"publisher\":{\"@id\":\"https:\\\/\\\/toyzinger.com\\\/es\\\/#organization\"},\"potentialAction\":[{\"@type\":\"SearchAction\",\"target\":{\"@type\":\"EntryPoint\",\"urlTemplate\":\"https:\\\/\\\/toyzinger.com\\\/es\\\/?s={search_term_string}\"},\"query-input\":{\"@type\":\"PropertyValueSpecification\",\"valueRequired\":true,\"valueName\":\"search_term_string\"}}],\"inLanguage\":\"es\"},{\"@type\":\"Organization\",\"@id\":\"https:\\\/\\\/toyzinger.com\\\/es\\\/#organization\",\"name\":\"Toyzinger\",\"url\":\"https:\\\/\\\/toyzinger.com\\\/es\\\/\",\"logo\":{\"@type\":\"ImageObject\",\"inLanguage\":\"es\",\"@id\":\"https:\\\/\\\/toyzinger.com\\\/es\\\/#\\\/schema\\\/logo\\\/image\\\/\",\"url\":\"https:\\\/\\\/toyzinger.com\\\/wp-content\\\/uploads\\\/2022\\\/10\\\/toyzinger_logo.png\",\"contentUrl\":\"https:\\\/\\\/toyzinger.com\\\/wp-content\\\/uploads\\\/2022\\\/10\\\/toyzinger_logo.png\",\"width\":561,\"height\":568,\"caption\":\"Toyzinger\"},\"image\":{\"@id\":\"https:\\\/\\\/toyzinger.com\\\/es\\\/#\\\/schema\\\/logo\\\/image\\\/\"},\"sameAs\":[\"https:\\\/\\\/www.facebook.com\\\/toyzinger\",\"https:\\\/\\\/www.instagram.com\\\/toyzinger_com\\\/\"]}]}<\/script>\n<!-- \/ Yoast SEO plugin. -->","yoast_head_json":{"title":"Pokemon - Toyzinger","description":"Colecciones de figuras vintage de la franquicia \"Pokemon\", una de las franquicias de videojuegos m\u00e1s exitosa de la historia.","robots":{"index":"index","follow":"follow","max-snippet":"max-snippet:-1","max-image-preview":"max-image-preview:large","max-video-preview":"max-video-preview:-1"},"canonical":"https:\/\/toyzinger.com\/es\/pokemon\/","og_locale":"es_ES","og_type":"article","og_title":"Pokemon - Toyzinger","og_description":"Colecciones de figuras vintage de la franquicia \"Pokemon\", una de las franquicias de videojuegos m\u00e1s exitosa de la historia.","og_url":"https:\/\/toyzinger.com\/es\/pokemon\/","og_site_name":"Toyzinger","article_publisher":"https:\/\/www.facebook.com\/toyzinger","article_modified_time":"2026-03-06T09:09:37+00:00","og_image":[{"width":1200,"height":300,"url":"https:\/\/toyzinger.com\/wp-content\/uploads\/2025\/06\/pokemon-vintage-figures.webp","type":"image\/webp"}],"twitter_card":"summary_large_image","twitter_misc":{"Tiempo de lectura":"2 minutos"},"schema":{"@context":"https:\/\/schema.org","@graph":[{"@type":"WebPage","@id":"https:\/\/toyzinger.com\/es\/pokemon\/","url":"https:\/\/toyzinger.com\/es\/pokemon\/","name":"Pokemon - Toyzinger","isPartOf":{"@id":"https:\/\/toyzinger.com\/es\/#website"},"primaryImageOfPage":{"@id":"https:\/\/toyzinger.com\/es\/pokemon\/#primaryimage"},"image":{"@id":"https:\/\/toyzinger.com\/es\/pokemon\/#primaryimage"},"thumbnailUrl":"https:\/\/toyzinger.com\/wp-content\/uploads\/2025\/06\/pokemon-vintage-figures.webp","datePublished":"2025-06-29T15:20:09+00:00","dateModified":"2026-03-06T09:09:37+00:00","description":"Colecciones de figuras vintage de la franquicia \"Pokemon\", una de las franquicias de videojuegos m\u00e1s exitosa de la historia.","breadcrumb":{"@id":"https:\/\/toyzinger.com\/es\/pokemon\/#breadcrumb"},"inLanguage":"es","potentialAction":[{"@type":"ReadAction","target":["https:\/\/toyzinger.com\/es\/pokemon\/"]}]},{"@type":"ImageObject","inLanguage":"es","@id":"https:\/\/toyzinger.com\/es\/pokemon\/#primaryimage","url":"https:\/\/toyzinger.com\/wp-content\/uploads\/2025\/06\/pokemon-vintage-figures.webp","contentUrl":"https:\/\/toyzinger.com\/wp-content\/uploads\/2025\/06\/pokemon-vintage-figures.webp","width":1200,"height":300,"caption":"Pokemon figures"},{"@type":"BreadcrumbList","@id":"https:\/\/toyzinger.com\/es\/pokemon\/#breadcrumb","itemListElement":[{"@type":"ListItem","position":1,"name":"Toyzinger","item":"https:\/\/toyzinger.com\/es\/"},{"@type":"ListItem","position":2,"name":"Pokemon"}]},{"@type":"WebSite","@id":"https:\/\/toyzinger.com\/es\/#website","url":"https:\/\/toyzinger.com\/es\/","name":"Toyzinger","description":"Coleccionismo de figuras y juguetes","publisher":{"@id":"https:\/\/toyzinger.com\/es\/#organization"},"potentialAction":[{"@type":"SearchAction","target":{"@type":"EntryPoint","urlTemplate":"https:\/\/toyzinger.com\/es\/?s={search_term_string}"},"query-input":{"@type":"PropertyValueSpecification","valueRequired":true,"valueName":"search_term_string"}}],"inLanguage":"es"},{"@type":"Organization","@id":"https:\/\/toyzinger.com\/es\/#organization","name":"Toyzinger","url":"https:\/\/toyzinger.com\/es\/","logo":{"@type":"ImageObject","inLanguage":"es","@id":"https:\/\/toyzinger.com\/es\/#\/schema\/logo\/image\/","url":"https:\/\/toyzinger.com\/wp-content\/uploads\/2022\/10\/toyzinger_logo.png","contentUrl":"https:\/\/toyzinger.com\/wp-content\/uploads\/2022\/10\/toyzinger_logo.png","width":561,"height":568,"caption":"Toyzinger"},"image":{"@id":"https:\/\/toyzinger.com\/es\/#\/schema\/logo\/image\/"},"sameAs":["https:\/\/www.facebook.com\/toyzinger","https:\/\/www.instagram.com\/toyzinger_com\/"]}]}},"coauthors":[],"author_meta":{"author_link":"https:\/\/toyzinger.com\/es\/blog\/author\/toyzinger\/","display_name":"toyzinger"},"relative_dates":{"created":"Publicado 10 meses hace","modified":"Actualizado 1 mes hace"},"absolute_dates":{"created":"Publicado el 29\/06\/2025","modified":"Actualizado el 06\/03\/2026"},"absolute_dates_time":{"created":"Publicado el 29\/06\/2025 15:20","modified":"Actualizado el 06\/03\/2026 09:09"},"featured_img_caption":"","featured_img":"https:\/\/toyzinger.com\/wp-content\/uploads\/2025\/06\/pokemon-vintage-figures.webp","series_order":"","toy_product_id":"","_links":{"self":[{"href":"https:\/\/toyzinger.com\/es\/wp-json\/wp\/v2\/pages\/28967","targetHints":{"allow":["GET"]}}],"collection":[{"href":"https:\/\/toyzinger.com\/es\/wp-json\/wp\/v2\/pages"}],"about":[{"href":"https:\/\/toyzinger.com\/es\/wp-json\/wp\/v2\/types\/page"}],"author":[{"embeddable":true,"href":"https:\/\/toyzinger.com\/es\/wp-json\/wp\/v2\/users\/2"}],"replies":[{"embeddable":true,"href":"https:\/\/toyzinger.com\/es\/wp-json\/wp\/v2\/comments?post=28967"}],"version-history":[{"count":4,"href":"https:\/\/toyzinger.com\/es\/wp-json\/wp\/v2\/pages\/28967\/revisions"}],"predecessor-version":[{"id":33714,"href":"https:\/\/toyzinger.com\/es\/wp-json\/wp\/v2\/pages\/28967\/revisions\/33714"}],"wp:featuredmedia":[{"embeddable":true,"href":"https:\/\/toyzinger.com\/es\/wp-json\/wp\/v2\/media\/28973"}],"wp:attachment":[{"href":"https:\/\/toyzinger.com\/es\/wp-json\/wp\/v2\/media?parent=28967"}],"wp:term":[{"taxonomy":"wf_page_folders","embeddable":true,"href":"https:\/\/toyzinger.com\/es\/wp-json\/wp\/v2\/wf_page_folders?post=28967"}],"curies":[{"name":"wp","href":"https:\/\/api.w.org\/{rel}","templated":true}]}}