{"id":30,"date":"2022-08-25T13:48:56","date_gmt":"2022-08-25T13:48:56","guid":{"rendered":"https:\/\/toyzinger.com\/?page_id=30"},"modified":"2026-03-31T14:54:18","modified_gmt":"2026-03-31T14:54:18","slug":"teenage-mutant-ninja-turtles","status":"publish","type":"page","link":"https:\/\/toyzinger.com\/es\/teenage-mutant-ninja-turtles\/","title":{"rendered":"TMNT"},"content":{"rendered":"\n<h2 class=\"wp-block-heading\">Colecciones de figuras de TMNT:<\/h2>\n\n\n\n<p><\/p>\n\n\n\n<a class=\"toy-collection__base\" href=\"https:\/\/toyzinger.com\/es\/teenage-mutant-ninja-turtles\/checklist-tmnt-vintage\/\"><figure class=\"toy-collection__image\"><img decoding=\"async\" src=\"https:\/\/toyzinger.com\/wp-content\/uploads\/2026\/03\/tmnt-tortugas-ninja-figura-coleccion-vintage-playmates-leonardo-moc-250x300.jpg\" alt=\"TMNT Vintage Figures\"\/><\/figure><ul class=\"toy-collection__info\"><li class=\"toy-collection__name\">TMNT Vintage (Regular Figures)<\/li><li class=\"toy-collection__manufacturer\">Playmates &#8211; (1988-1995)<\/li><\/ul><div class=\"toy-collection__arrow\">\u27a4<\/div><\/a>\n\n\n\n<a class=\"toy-collection__base\" href=\"https:\/\/toyzinger.com\/es\/teenage-mutant-ninja-turtles\/checklist-tmnt-vintage-sublines\/\"><figure class=\"toy-collection__image\"><img decoding=\"async\" src=\"https:\/\/toyzinger.com\/wp-content\/uploads\/2026\/03\/tmnt-tortugas-ninja-vintage-coleccion-figuras-wacky-action-sword-slicin-leonardo-front-250x300.jpg\" alt=\"TMNT Vintage Figures\"\/><\/figure><ul class=\"toy-collection__info\"><li class=\"toy-collection__name\">TMNT Vintage (Sublines Figures)<\/li><li class=\"toy-collection__manufacturer\">Playmates &#8211; (1990-1997)<\/li><\/ul><div class=\"toy-collection__arrow\">\u27a4<\/div><\/a>\n\n\n\n<a class=\"toy-collection__base\" href=\"https:\/\/toyzinger.com\/es\/teenage-mutant-ninja-turtles\/checklist-tmnt-vintage-extra\/\"><figure class=\"toy-collection__image\"><img decoding=\"async\" src=\"https:\/\/toyzinger.com\/wp-content\/uploads\/2026\/03\/tmnt-vintage-turtle-party-wagon-box-250x300.webp\" alt=\"TMNT Vintage Figures\"\/><\/figure><ul class=\"toy-collection__info\"><li class=\"toy-collection__name\">TMNT Vintage (Vehiculos y Playsets)<\/li><li class=\"toy-collection__manufacturer\">Playmates &#8211; (1988-1993)<\/li><\/ul><div class=\"toy-collection__arrow\">\u27a4<\/div><\/a>\n\n\n\n<a class=\"toy-collection__base\" href=\"https:\/\/toyzinger.com\/es\/teenage-mutant-ninja-turtles\/checklist-tmnt-giant\/\"><figure class=\"toy-collection__image\"><img decoding=\"async\" src=\"https:\/\/toyzinger.com\/wp-content\/uploads\/2026\/03\/tmnt-giant-leonardo-box-250x300.webp\" alt=\"TMNT Vintage giant figures\"\/><\/figure><ul class=\"toy-collection__info\"><li class=\"toy-collection__name\">TMNT Vintage (Giant Figures)<\/li><li class=\"toy-collection__manufacturer\">Playmates &#8211; (1989-1994)<\/li><\/ul><div class=\"toy-collection__arrow\">\u27a4<\/div><\/a>\n\n\n\n<p><\/p>\n\n\n\n<h2 class=\"wp-block-heading\">Sobre la franquicia:<\/h2>\n\n\n\n<p><\/p>\n\n\n\n<p>Las Tortugas Ninja (t\u00edtulo original: Teenage Mutant Ninja Turtles, tambi\u00e9n abreviado TMNT) son los protagonistas de la franquicia hom\u00f3nima, un multiverso ficticio de cuatro hermanos tortugas mutantes y adolescentes que residen en las alcantarillas de Manhattan.<\/p>\n\n\n\n<p><\/p>\n\n\n\n<p>Las Tortugas se originaron en un peque\u00f1o c\u00f3mic en blanco y negro de \u201cKevin Eastman\u201d y \u201cPeter Laird\u201d titulado \u00abEastman and Laird&#8217;s Teenage Mutant Ninja Turtles.\u00bb Se public\u00f3 en 1984 por Mirage Studios y se convirti\u00f3 una sensaci\u00f3n de la noche a la ma\u00f1ana entre los c\u00f3mics independientes.<\/p>\n\n\n\n<p><\/p>\n\n\n\n<p>El origen de la historieta es una parodia y un homenaje al trabajo de Frank Miller. La cubierta de la primera edici\u00f3n es muy similar a R\u014dnin de Frank Miller, y el origen la historia de las tortugas implica el mismo origen que el de Daredevil. Los enemigos de las tortugas, el Clan Foot (Clan del Pie), pudieron tambi\u00e9n haber sido inspirados por otra creaci\u00f3n de Miller, The Hand (La Mano), un grupo de asesinos ninja.<\/p>\n\n\n\n<p><\/p>\n\n\n\n<p>Seg\u00fan la historia, cada una de las tortugas fue nombrada as\u00ed por su maestro Splinter en honor de artistas famosos del renacimiento italiano:<\/p>\n\n\n\n<ul class=\"wp-block-list\">\n<li>Leonardo, por Leonardo da Vinci, bandana azul<\/li>\n\n\n\n<li>Rafael, por Rafael Sanzio, bandana roja<\/li>\n\n\n\n<li>Miguel \u00c1ngel, por Miguel \u00c1ngel Buonarroti, bandana naranja<\/li>\n\n\n\n<li>Donatello, por Donatello, bandana p\u00farpura<\/li>\n<\/ul>\n\n\n\n<p><\/p>\n\n\n\n<p>En 1987 \u201cPlaymates\u201d adquiri\u00f3 los derechos de las Tortugas ninja, se puso manos a la obra para crear una espl\u00e9ndida y exitosa colecci\u00f3n de figuras, apoyada por una serie de animaci\u00f3n y varias pel\u00edculas. <\/p>\n\n\n\n<p><\/p>\n\n\n\n<p>Cualquier ni\u00f1o o ni\u00f1a crecido en la d\u00e9cada de los 90, seguros que ha o\u00eddo hablar de las Tortugas Ninja y probablemente en alg\u00fan momento pudo tener en sus manos alguna pieza de su basta colecci\u00f3n de figuras.<\/p>\n\n\n\n<p><\/p>\n\n\n\n<p>El \u00e9xito de las tortugas ninja ha sido pr\u00e1cticamente constante desde entonces (con algunos altos y bajos) y ha conseguido saltar entre generaciones de ni\u00f1os (y no tan ni\u00f1os). A d\u00eda de hoy se siguen produciendo series, pel\u00edculas y por supuesto, figuras.<\/p>\n\n\n\n<p><\/p>\n\n\n\n<p>Sin duda, la colecci\u00f3n de figuras de \u201cPlaymates\u201d de los a\u00f1os 80-90 es una de las favoritas de los coleccionistas de hoy en d\u00eda.<\/p>\n","protected":false},"excerpt":{"rendered":"<p>Colecciones de figuras de TMNT: Sobre la franquicia: Las Tortugas Ninja (t\u00edtulo original: Teenage Mutant Ninja Turtles, tambi\u00e9n abreviado TMNT) son los protagonistas de la franquicia hom\u00f3nima, un multiverso ficticio de cuatro hermanos tortugas mutantes y adolescentes que residen en las alcantarillas de Manhattan. Las Tortugas se originaron en un peque\u00f1o c\u00f3mic en blanco y [&hellip;]<\/p>\n","protected":false},"author":2,"featured_media":2653,"parent":0,"menu_order":1,"comment_status":"closed","ping_status":"closed","template":"","meta":{"advgb_blocks_editor_width":"","advgb_blocks_columns_visual_guide":"","footnotes":""},"wf_page_folders":[16],"class_list":["post-30","page","type-page","status-publish","has-post-thumbnail","hentry"],"yoast_head":"<!-- This site is optimized with the Yoast SEO plugin v27.3 - https:\/\/yoast.com\/product\/yoast-seo-wordpress\/ -->\n<title>TMNT - Colecciones de figuras<\/title>\n<meta name=\"description\" content=\"Repaso a la franquicia &quot;Teenga Mutant Ninja Turtle&quot; (TMNT) y listado de sus multiples lineas de figuras lanzadas durante decadas.\" \/>\n<meta name=\"robots\" content=\"index, follow, max-snippet:-1, max-image-preview:large, max-video-preview:-1\" \/>\n<link rel=\"canonical\" href=\"https:\/\/toyzinger.com\/es\/teenage-mutant-ninja-turtles\/\" \/>\n<meta property=\"og:locale\" content=\"es_ES\" \/>\n<meta property=\"og:type\" content=\"article\" \/>\n<meta property=\"og:title\" content=\"TMNT - Colecciones de figuras\" \/>\n<meta property=\"og:description\" content=\"Repaso a la franquicia &quot;Teenga Mutant Ninja Turtle&quot; (TMNT) y listado de sus multiples lineas de figuras lanzadas durante decadas.\" \/>\n<meta property=\"og:url\" content=\"https:\/\/toyzinger.com\/es\/teenage-mutant-ninja-turtles\/\" \/>\n<meta property=\"og:site_name\" content=\"Toyzinger\" \/>\n<meta property=\"article:publisher\" content=\"https:\/\/www.facebook.com\/toyzinger\" \/>\n<meta property=\"article:modified_time\" content=\"2026-03-31T14:54:18+00:00\" \/>\n<meta property=\"og:image\" content=\"https:\/\/toyzinger.com\/wp-content\/uploads\/2022\/12\/tmnt-tortugas-ninja-coleccion-figuras-movie.jpg\" \/>\n\t<meta property=\"og:image:width\" content=\"1200\" \/>\n\t<meta property=\"og:image:height\" content=\"300\" \/>\n\t<meta property=\"og:image:type\" content=\"image\/jpeg\" \/>\n<meta name=\"twitter:card\" content=\"summary_large_image\" \/>\n<meta name=\"twitter:label1\" content=\"Tiempo de lectura\" \/>\n\t<meta name=\"twitter:data1\" content=\"3 minutos\" \/>\n<script type=\"application\/ld+json\" class=\"yoast-schema-graph\">{\"@context\":\"https:\\\/\\\/schema.org\",\"@graph\":[{\"@type\":\"WebPage\",\"@id\":\"https:\\\/\\\/toyzinger.com\\\/es\\\/teenage-mutant-ninja-turtles\\\/\",\"url\":\"https:\\\/\\\/toyzinger.com\\\/es\\\/teenage-mutant-ninja-turtles\\\/\",\"name\":\"TMNT - Colecciones de figuras\",\"isPartOf\":{\"@id\":\"https:\\\/\\\/toyzinger.com\\\/es\\\/#website\"},\"primaryImageOfPage\":{\"@id\":\"https:\\\/\\\/toyzinger.com\\\/es\\\/teenage-mutant-ninja-turtles\\\/#primaryimage\"},\"image\":{\"@id\":\"https:\\\/\\\/toyzinger.com\\\/es\\\/teenage-mutant-ninja-turtles\\\/#primaryimage\"},\"thumbnailUrl\":\"https:\\\/\\\/toyzinger.com\\\/wp-content\\\/uploads\\\/2022\\\/12\\\/tmnt-tortugas-ninja-coleccion-figuras-movie.jpg\",\"datePublished\":\"2022-08-25T13:48:56+00:00\",\"dateModified\":\"2026-03-31T14:54:18+00:00\",\"description\":\"Repaso a la franquicia \\\"Teenga Mutant Ninja Turtle\\\" (TMNT) y listado de sus multiples lineas de figuras lanzadas durante decadas.\",\"breadcrumb\":{\"@id\":\"https:\\\/\\\/toyzinger.com\\\/es\\\/teenage-mutant-ninja-turtles\\\/#breadcrumb\"},\"inLanguage\":\"es\",\"potentialAction\":[{\"@type\":\"ReadAction\",\"target\":[\"https:\\\/\\\/toyzinger.com\\\/es\\\/teenage-mutant-ninja-turtles\\\/\"]}]},{\"@type\":\"ImageObject\",\"inLanguage\":\"es\",\"@id\":\"https:\\\/\\\/toyzinger.com\\\/es\\\/teenage-mutant-ninja-turtles\\\/#primaryimage\",\"url\":\"https:\\\/\\\/toyzinger.com\\\/wp-content\\\/uploads\\\/2022\\\/12\\\/tmnt-tortugas-ninja-coleccion-figuras-movie.jpg\",\"contentUrl\":\"https:\\\/\\\/toyzinger.com\\\/wp-content\\\/uploads\\\/2022\\\/12\\\/tmnt-tortugas-ninja-coleccion-figuras-movie.jpg\",\"width\":1200,\"height\":300,\"caption\":\"TMNT Tortugas Ninja Coleccionde figuras\"},{\"@type\":\"BreadcrumbList\",\"@id\":\"https:\\\/\\\/toyzinger.com\\\/es\\\/teenage-mutant-ninja-turtles\\\/#breadcrumb\",\"itemListElement\":[{\"@type\":\"ListItem\",\"position\":1,\"name\":\"Toyzinger\",\"item\":\"https:\\\/\\\/toyzinger.com\\\/es\\\/\"},{\"@type\":\"ListItem\",\"position\":2,\"name\":\"TMNT\"}]},{\"@type\":\"WebSite\",\"@id\":\"https:\\\/\\\/toyzinger.com\\\/es\\\/#website\",\"url\":\"https:\\\/\\\/toyzinger.com\\\/es\\\/\",\"name\":\"Toyzinger\",\"description\":\"Coleccionismo de figuras y juguetes\",\"publisher\":{\"@id\":\"https:\\\/\\\/toyzinger.com\\\/es\\\/#organization\"},\"potentialAction\":[{\"@type\":\"SearchAction\",\"target\":{\"@type\":\"EntryPoint\",\"urlTemplate\":\"https:\\\/\\\/toyzinger.com\\\/es\\\/?s={search_term_string}\"},\"query-input\":{\"@type\":\"PropertyValueSpecification\",\"valueRequired\":true,\"valueName\":\"search_term_string\"}}],\"inLanguage\":\"es\"},{\"@type\":\"Organization\",\"@id\":\"https:\\\/\\\/toyzinger.com\\\/es\\\/#organization\",\"name\":\"Toyzinger\",\"url\":\"https:\\\/\\\/toyzinger.com\\\/es\\\/\",\"logo\":{\"@type\":\"ImageObject\",\"inLanguage\":\"es\",\"@id\":\"https:\\\/\\\/toyzinger.com\\\/es\\\/#\\\/schema\\\/logo\\\/image\\\/\",\"url\":\"https:\\\/\\\/toyzinger.com\\\/wp-content\\\/uploads\\\/2022\\\/10\\\/toyzinger_logo.png\",\"contentUrl\":\"https:\\\/\\\/toyzinger.com\\\/wp-content\\\/uploads\\\/2022\\\/10\\\/toyzinger_logo.png\",\"width\":561,\"height\":568,\"caption\":\"Toyzinger\"},\"image\":{\"@id\":\"https:\\\/\\\/toyzinger.com\\\/es\\\/#\\\/schema\\\/logo\\\/image\\\/\"},\"sameAs\":[\"https:\\\/\\\/www.facebook.com\\\/toyzinger\",\"https:\\\/\\\/www.instagram.com\\\/toyzinger_com\\\/\"]}]}<\/script>\n<!-- \/ Yoast SEO plugin. -->","yoast_head_json":{"title":"TMNT - Colecciones de figuras","description":"Repaso a la franquicia \"Teenga Mutant Ninja Turtle\" (TMNT) y listado de sus multiples lineas de figuras lanzadas durante decadas.","robots":{"index":"index","follow":"follow","max-snippet":"max-snippet:-1","max-image-preview":"max-image-preview:large","max-video-preview":"max-video-preview:-1"},"canonical":"https:\/\/toyzinger.com\/es\/teenage-mutant-ninja-turtles\/","og_locale":"es_ES","og_type":"article","og_title":"TMNT - Colecciones de figuras","og_description":"Repaso a la franquicia \"Teenga Mutant Ninja Turtle\" (TMNT) y listado de sus multiples lineas de figuras lanzadas durante decadas.","og_url":"https:\/\/toyzinger.com\/es\/teenage-mutant-ninja-turtles\/","og_site_name":"Toyzinger","article_publisher":"https:\/\/www.facebook.com\/toyzinger","article_modified_time":"2026-03-31T14:54:18+00:00","og_image":[{"width":1200,"height":300,"url":"https:\/\/toyzinger.com\/wp-content\/uploads\/2022\/12\/tmnt-tortugas-ninja-coleccion-figuras-movie.jpg","type":"image\/jpeg"}],"twitter_card":"summary_large_image","twitter_misc":{"Tiempo de lectura":"3 minutos"},"schema":{"@context":"https:\/\/schema.org","@graph":[{"@type":"WebPage","@id":"https:\/\/toyzinger.com\/es\/teenage-mutant-ninja-turtles\/","url":"https:\/\/toyzinger.com\/es\/teenage-mutant-ninja-turtles\/","name":"TMNT - Colecciones de figuras","isPartOf":{"@id":"https:\/\/toyzinger.com\/es\/#website"},"primaryImageOfPage":{"@id":"https:\/\/toyzinger.com\/es\/teenage-mutant-ninja-turtles\/#primaryimage"},"image":{"@id":"https:\/\/toyzinger.com\/es\/teenage-mutant-ninja-turtles\/#primaryimage"},"thumbnailUrl":"https:\/\/toyzinger.com\/wp-content\/uploads\/2022\/12\/tmnt-tortugas-ninja-coleccion-figuras-movie.jpg","datePublished":"2022-08-25T13:48:56+00:00","dateModified":"2026-03-31T14:54:18+00:00","description":"Repaso a la franquicia \"Teenga Mutant Ninja Turtle\" (TMNT) y listado de sus multiples lineas de figuras lanzadas durante decadas.","breadcrumb":{"@id":"https:\/\/toyzinger.com\/es\/teenage-mutant-ninja-turtles\/#breadcrumb"},"inLanguage":"es","potentialAction":[{"@type":"ReadAction","target":["https:\/\/toyzinger.com\/es\/teenage-mutant-ninja-turtles\/"]}]},{"@type":"ImageObject","inLanguage":"es","@id":"https:\/\/toyzinger.com\/es\/teenage-mutant-ninja-turtles\/#primaryimage","url":"https:\/\/toyzinger.com\/wp-content\/uploads\/2022\/12\/tmnt-tortugas-ninja-coleccion-figuras-movie.jpg","contentUrl":"https:\/\/toyzinger.com\/wp-content\/uploads\/2022\/12\/tmnt-tortugas-ninja-coleccion-figuras-movie.jpg","width":1200,"height":300,"caption":"TMNT Tortugas Ninja Coleccionde figuras"},{"@type":"BreadcrumbList","@id":"https:\/\/toyzinger.com\/es\/teenage-mutant-ninja-turtles\/#breadcrumb","itemListElement":[{"@type":"ListItem","position":1,"name":"Toyzinger","item":"https:\/\/toyzinger.com\/es\/"},{"@type":"ListItem","position":2,"name":"TMNT"}]},{"@type":"WebSite","@id":"https:\/\/toyzinger.com\/es\/#website","url":"https:\/\/toyzinger.com\/es\/","name":"Toyzinger","description":"Coleccionismo de figuras y juguetes","publisher":{"@id":"https:\/\/toyzinger.com\/es\/#organization"},"potentialAction":[{"@type":"SearchAction","target":{"@type":"EntryPoint","urlTemplate":"https:\/\/toyzinger.com\/es\/?s={search_term_string}"},"query-input":{"@type":"PropertyValueSpecification","valueRequired":true,"valueName":"search_term_string"}}],"inLanguage":"es"},{"@type":"Organization","@id":"https:\/\/toyzinger.com\/es\/#organization","name":"Toyzinger","url":"https:\/\/toyzinger.com\/es\/","logo":{"@type":"ImageObject","inLanguage":"es","@id":"https:\/\/toyzinger.com\/es\/#\/schema\/logo\/image\/","url":"https:\/\/toyzinger.com\/wp-content\/uploads\/2022\/10\/toyzinger_logo.png","contentUrl":"https:\/\/toyzinger.com\/wp-content\/uploads\/2022\/10\/toyzinger_logo.png","width":561,"height":568,"caption":"Toyzinger"},"image":{"@id":"https:\/\/toyzinger.com\/es\/#\/schema\/logo\/image\/"},"sameAs":["https:\/\/www.facebook.com\/toyzinger","https:\/\/www.instagram.com\/toyzinger_com\/"]}]}},"coauthors":[],"author_meta":{"author_link":"https:\/\/toyzinger.com\/es\/blog\/author\/toyzinger\/","display_name":"toyzinger"},"relative_dates":{"created":"Publicado 4 a\u00f1os hace","modified":"Actualizado 3 semanas hace"},"absolute_dates":{"created":"Publicado el 25\/08\/2022","modified":"Actualizado el 31\/03\/2026"},"absolute_dates_time":{"created":"Publicado el 25\/08\/2022 13:48","modified":"Actualizado el 31\/03\/2026 14:54"},"featured_img_caption":"","featured_img":"https:\/\/toyzinger.com\/wp-content\/uploads\/2022\/12\/tmnt-tortugas-ninja-coleccion-figuras-movie.jpg","series_order":"","toy_product_id":"","_links":{"self":[{"href":"https:\/\/toyzinger.com\/es\/wp-json\/wp\/v2\/pages\/30","targetHints":{"allow":["GET"]}}],"collection":[{"href":"https:\/\/toyzinger.com\/es\/wp-json\/wp\/v2\/pages"}],"about":[{"href":"https:\/\/toyzinger.com\/es\/wp-json\/wp\/v2\/types\/page"}],"author":[{"embeddable":true,"href":"https:\/\/toyzinger.com\/es\/wp-json\/wp\/v2\/users\/2"}],"replies":[{"embeddable":true,"href":"https:\/\/toyzinger.com\/es\/wp-json\/wp\/v2\/comments?post=30"}],"version-history":[{"count":5,"href":"https:\/\/toyzinger.com\/es\/wp-json\/wp\/v2\/pages\/30\/revisions"}],"predecessor-version":[{"id":33885,"href":"https:\/\/toyzinger.com\/es\/wp-json\/wp\/v2\/pages\/30\/revisions\/33885"}],"wp:featuredmedia":[{"embeddable":true,"href":"https:\/\/toyzinger.com\/es\/wp-json\/wp\/v2\/media\/2653"}],"wp:attachment":[{"href":"https:\/\/toyzinger.com\/es\/wp-json\/wp\/v2\/media?parent=30"}],"wp:term":[{"taxonomy":"wf_page_folders","embeddable":true,"href":"https:\/\/toyzinger.com\/es\/wp-json\/wp\/v2\/wf_page_folders?post=30"}],"curies":[{"name":"wp","href":"https:\/\/api.w.org\/{rel}","templated":true}]}}