{"id":30532,"date":"2025-07-20T16:20:38","date_gmt":"2025-07-20T16:20:38","guid":{"rendered":"https:\/\/toyzinger.com\/?page_id=30532"},"modified":"2026-03-05T17:13:20","modified_gmt":"2026-03-05T17:13:20","slug":"129-magikarp","status":"publish","type":"page","link":"https:\/\/toyzinger.com\/es\/pokemon\/checklist-pokemon-tomy-kanto\/129-magikarp\/","title":{"rendered":"129 &#8211; Magikarp"},"content":{"rendered":"\n<h3 class=\"wp-block-heading\">Korefest Pack<\/h3>\n\n\n\n<p><\/p>\n\n\n\n<p>Esta pieza, originalmente, solo se pod\u00eda obtener en Jap\u00f3n mediante un pack de venta exclusiva en el CoroCoro Festival, un evento organizado por la editorial Shogakukan para promocionar sus franquicias y productos vinculados a la revista CoroCoro Comic. El set inclu\u00eda las figuras de <strong>Oddish<\/strong> y <strong>Magikarp<\/strong> y, hoy en d\u00eda, conservarlo en su embalaje original lo convierte en un art\u00edculo muy codiciado por los coleccionistas.<\/p>\n\n\n\n<p><\/p>\n\n\n\n<p>Sin embargo, estas mismas figuras fueron posteriormente producidas por Hasbro y reeditadas en otros embalajes, como las Black Series, lo que hace que las figuras sueltas no tengan un valor tan elevado.<\/p>\n\n\n\n<p><\/p>\n\n\n\n<h3 class=\"wp-block-heading\">Como distinguir las figuras originales de las Bootleg:<\/h3>\n\n\n\n<p><\/p>\n\n\n\n<p>Para distinguir las figuras originales de las falsificaciones, examina con detenimiento las fotos.<\/p>\n\n\n\n<p>A continuaci\u00f3n tienes algunas recomendaciones que pueden resultarte \u00fatiles para este prop\u00f3sito:<\/p>\n\n\n\n<p><\/p>\n\n\n\n<ul class=\"wp-block-list\">\n<li>Mirar la calidad de la escultura y la pintura.<\/li>\n\n\n\n<li>Buscar la marca: \u00abTomy\u00bb, \u00abAuldey\u00bb o \u00abC.G.T.S.J\u00bb inscrita en la figura.<\/li>\n\n\n\n<li>Mira las fotos y comprueba que las juntas de la piezas estan en el mismo sitio.<\/li>\n<\/ul>\n","protected":false},"excerpt":{"rendered":"<p>Korefest Pack Esta pieza, originalmente, solo se pod\u00eda obtener en Jap\u00f3n mediante un pack de venta exclusiva en el CoroCoro Festival, un evento organizado por la editorial Shogakukan para promocionar sus franquicias y productos vinculados a la revista CoroCoro Comic. El set inclu\u00eda las figuras de Oddish y Magikarp y, hoy en d\u00eda, conservarlo en [&hellip;]<\/p>\n","protected":false},"author":2,"featured_media":28971,"parent":28975,"menu_order":129,"comment_status":"closed","ping_status":"closed","template":"page_product.php","meta":{"advgb_blocks_editor_width":"","advgb_blocks_columns_visual_guide":"","footnotes":""},"wf_page_folders":[1481],"class_list":["post-30532","page","type-page","status-publish","has-post-thumbnail","hentry"],"yoast_head":"<!-- This site is optimized with the Yoast SEO plugin v27.3 - https:\/\/yoast.com\/product\/yoast-seo-wordpress\/ -->\n<title>129 - Magikarp | Pokemon Tomy<\/title>\n<meta name=\"description\" content=\"&quot;129 - Magikarp&quot;, colecci\u00f3n de figuras vintage &quot;Pokemon Tomy&quot;, una de las primeras piezas de la historia de Pokemon, creadas en el a\u00f1o 1997.\" \/>\n<meta name=\"robots\" content=\"index, follow, max-snippet:-1, max-image-preview:large, max-video-preview:-1\" \/>\n<link rel=\"canonical\" href=\"https:\/\/toyzinger.com\/es\/pokemon\/checklist-pokemon-tomy-kanto\/129-magikarp\/\" \/>\n<meta property=\"og:locale\" content=\"es_ES\" \/>\n<meta property=\"og:type\" content=\"article\" \/>\n<meta property=\"og:title\" content=\"129 - Magikarp | Pokemon Tomy\" \/>\n<meta property=\"og:description\" content=\"&quot;129 - Magikarp&quot;, colecci\u00f3n de figuras vintage &quot;Pokemon Tomy&quot;, una de las primeras piezas de la historia de Pokemon, creadas en el a\u00f1o 1997.\" \/>\n<meta property=\"og:url\" content=\"https:\/\/toyzinger.com\/es\/pokemon\/checklist-pokemon-tomy-kanto\/129-magikarp\/\" \/>\n<meta property=\"og:site_name\" content=\"Toyzinger\" \/>\n<meta property=\"article:publisher\" content=\"https:\/\/www.facebook.com\/toyzinger\" \/>\n<meta property=\"article:modified_time\" content=\"2026-03-05T17:13:20+00:00\" \/>\n<meta property=\"og:image\" content=\"https:\/\/toyzinger.com\/wp-content\/uploads\/2025\/06\/pokemon-tomy-vintage-figures.webp\" \/>\n\t<meta property=\"og:image:width\" content=\"1200\" \/>\n\t<meta property=\"og:image:height\" content=\"300\" \/>\n\t<meta property=\"og:image:type\" content=\"image\/webp\" \/>\n<meta name=\"twitter:card\" content=\"summary_large_image\" \/>\n<meta name=\"twitter:label1\" content=\"Tiempo de lectura\" \/>\n\t<meta name=\"twitter:data1\" content=\"1 minuto\" \/>\n<script type=\"application\/ld+json\" class=\"yoast-schema-graph\">{\"@context\":\"https:\\\/\\\/schema.org\",\"@graph\":[{\"@type\":\"WebPage\",\"@id\":\"https:\\\/\\\/toyzinger.com\\\/es\\\/pokemon\\\/checklist-pokemon-tomy-kanto\\\/129-magikarp\\\/\",\"url\":\"https:\\\/\\\/toyzinger.com\\\/es\\\/pokemon\\\/checklist-pokemon-tomy-kanto\\\/129-magikarp\\\/\",\"name\":\"129 - Magikarp | Pokemon Tomy\",\"isPartOf\":{\"@id\":\"https:\\\/\\\/toyzinger.com\\\/es\\\/#website\"},\"primaryImageOfPage\":{\"@id\":\"https:\\\/\\\/toyzinger.com\\\/es\\\/pokemon\\\/checklist-pokemon-tomy-kanto\\\/129-magikarp\\\/#primaryimage\"},\"image\":{\"@id\":\"https:\\\/\\\/toyzinger.com\\\/es\\\/pokemon\\\/checklist-pokemon-tomy-kanto\\\/129-magikarp\\\/#primaryimage\"},\"thumbnailUrl\":\"https:\\\/\\\/toyzinger.com\\\/wp-content\\\/uploads\\\/2025\\\/06\\\/pokemon-tomy-vintage-figures.webp\",\"datePublished\":\"2025-07-20T16:20:38+00:00\",\"dateModified\":\"2026-03-05T17:13:20+00:00\",\"description\":\"\\\"129 - Magikarp\\\", colecci\u00f3n de figuras vintage \\\"Pokemon Tomy\\\", una de las primeras piezas de la historia de Pokemon, creadas en el a\u00f1o 1997.\",\"breadcrumb\":{\"@id\":\"https:\\\/\\\/toyzinger.com\\\/es\\\/pokemon\\\/checklist-pokemon-tomy-kanto\\\/129-magikarp\\\/#breadcrumb\"},\"inLanguage\":\"es\",\"potentialAction\":[{\"@type\":\"ReadAction\",\"target\":[\"https:\\\/\\\/toyzinger.com\\\/es\\\/pokemon\\\/checklist-pokemon-tomy-kanto\\\/129-magikarp\\\/\"]}]},{\"@type\":\"ImageObject\",\"inLanguage\":\"es\",\"@id\":\"https:\\\/\\\/toyzinger.com\\\/es\\\/pokemon\\\/checklist-pokemon-tomy-kanto\\\/129-magikarp\\\/#primaryimage\",\"url\":\"https:\\\/\\\/toyzinger.com\\\/wp-content\\\/uploads\\\/2025\\\/06\\\/pokemon-tomy-vintage-figures.webp\",\"contentUrl\":\"https:\\\/\\\/toyzinger.com\\\/wp-content\\\/uploads\\\/2025\\\/06\\\/pokemon-tomy-vintage-figures.webp\",\"width\":1200,\"height\":300,\"caption\":\"Pokemon figures\"},{\"@type\":\"BreadcrumbList\",\"@id\":\"https:\\\/\\\/toyzinger.com\\\/es\\\/pokemon\\\/checklist-pokemon-tomy-kanto\\\/129-magikarp\\\/#breadcrumb\",\"itemListElement\":[{\"@type\":\"ListItem\",\"position\":1,\"name\":\"Toyzinger\",\"item\":\"https:\\\/\\\/toyzinger.com\\\/es\\\/\"},{\"@type\":\"ListItem\",\"position\":2,\"name\":\"Pokemon\",\"item\":\"https:\\\/\\\/toyzinger.com\\\/es\\\/pokemon\\\/\"},{\"@type\":\"ListItem\",\"position\":3,\"name\":\"Checklist &#8211; Pokemon Tomy &#8211; Kanto\",\"item\":\"https:\\\/\\\/toyzinger.com\\\/es\\\/pokemon\\\/checklist-pokemon-tomy-kanto\\\/\"},{\"@type\":\"ListItem\",\"position\":4,\"name\":\"129 &#8211; Magikarp\"}]},{\"@type\":\"WebSite\",\"@id\":\"https:\\\/\\\/toyzinger.com\\\/es\\\/#website\",\"url\":\"https:\\\/\\\/toyzinger.com\\\/es\\\/\",\"name\":\"Toyzinger\",\"description\":\"Coleccionismo de figuras y juguetes\",\"publisher\":{\"@id\":\"https:\\\/\\\/toyzinger.com\\\/es\\\/#organization\"},\"potentialAction\":[{\"@type\":\"SearchAction\",\"target\":{\"@type\":\"EntryPoint\",\"urlTemplate\":\"https:\\\/\\\/toyzinger.com\\\/es\\\/?s={search_term_string}\"},\"query-input\":{\"@type\":\"PropertyValueSpecification\",\"valueRequired\":true,\"valueName\":\"search_term_string\"}}],\"inLanguage\":\"es\"},{\"@type\":\"Organization\",\"@id\":\"https:\\\/\\\/toyzinger.com\\\/es\\\/#organization\",\"name\":\"Toyzinger\",\"url\":\"https:\\\/\\\/toyzinger.com\\\/es\\\/\",\"logo\":{\"@type\":\"ImageObject\",\"inLanguage\":\"es\",\"@id\":\"https:\\\/\\\/toyzinger.com\\\/es\\\/#\\\/schema\\\/logo\\\/image\\\/\",\"url\":\"https:\\\/\\\/toyzinger.com\\\/wp-content\\\/uploads\\\/2022\\\/10\\\/toyzinger_logo.png\",\"contentUrl\":\"https:\\\/\\\/toyzinger.com\\\/wp-content\\\/uploads\\\/2022\\\/10\\\/toyzinger_logo.png\",\"width\":561,\"height\":568,\"caption\":\"Toyzinger\"},\"image\":{\"@id\":\"https:\\\/\\\/toyzinger.com\\\/es\\\/#\\\/schema\\\/logo\\\/image\\\/\"},\"sameAs\":[\"https:\\\/\\\/www.facebook.com\\\/toyzinger\",\"https:\\\/\\\/www.instagram.com\\\/toyzinger_com\\\/\"]}]}<\/script>\n<!-- \/ Yoast SEO plugin. -->","yoast_head_json":{"title":"129 - Magikarp | Pokemon Tomy","description":"\"129 - Magikarp\", colecci\u00f3n de figuras vintage \"Pokemon Tomy\", una de las primeras piezas de la historia de Pokemon, creadas en el a\u00f1o 1997.","robots":{"index":"index","follow":"follow","max-snippet":"max-snippet:-1","max-image-preview":"max-image-preview:large","max-video-preview":"max-video-preview:-1"},"canonical":"https:\/\/toyzinger.com\/es\/pokemon\/checklist-pokemon-tomy-kanto\/129-magikarp\/","og_locale":"es_ES","og_type":"article","og_title":"129 - Magikarp | Pokemon Tomy","og_description":"\"129 - Magikarp\", colecci\u00f3n de figuras vintage \"Pokemon Tomy\", una de las primeras piezas de la historia de Pokemon, creadas en el a\u00f1o 1997.","og_url":"https:\/\/toyzinger.com\/es\/pokemon\/checklist-pokemon-tomy-kanto\/129-magikarp\/","og_site_name":"Toyzinger","article_publisher":"https:\/\/www.facebook.com\/toyzinger","article_modified_time":"2026-03-05T17:13:20+00:00","og_image":[{"width":1200,"height":300,"url":"https:\/\/toyzinger.com\/wp-content\/uploads\/2025\/06\/pokemon-tomy-vintage-figures.webp","type":"image\/webp"}],"twitter_card":"summary_large_image","twitter_misc":{"Tiempo de lectura":"1 minuto"},"schema":{"@context":"https:\/\/schema.org","@graph":[{"@type":"WebPage","@id":"https:\/\/toyzinger.com\/es\/pokemon\/checklist-pokemon-tomy-kanto\/129-magikarp\/","url":"https:\/\/toyzinger.com\/es\/pokemon\/checklist-pokemon-tomy-kanto\/129-magikarp\/","name":"129 - Magikarp | Pokemon Tomy","isPartOf":{"@id":"https:\/\/toyzinger.com\/es\/#website"},"primaryImageOfPage":{"@id":"https:\/\/toyzinger.com\/es\/pokemon\/checklist-pokemon-tomy-kanto\/129-magikarp\/#primaryimage"},"image":{"@id":"https:\/\/toyzinger.com\/es\/pokemon\/checklist-pokemon-tomy-kanto\/129-magikarp\/#primaryimage"},"thumbnailUrl":"https:\/\/toyzinger.com\/wp-content\/uploads\/2025\/06\/pokemon-tomy-vintage-figures.webp","datePublished":"2025-07-20T16:20:38+00:00","dateModified":"2026-03-05T17:13:20+00:00","description":"\"129 - Magikarp\", colecci\u00f3n de figuras vintage \"Pokemon Tomy\", una de las primeras piezas de la historia de Pokemon, creadas en el a\u00f1o 1997.","breadcrumb":{"@id":"https:\/\/toyzinger.com\/es\/pokemon\/checklist-pokemon-tomy-kanto\/129-magikarp\/#breadcrumb"},"inLanguage":"es","potentialAction":[{"@type":"ReadAction","target":["https:\/\/toyzinger.com\/es\/pokemon\/checklist-pokemon-tomy-kanto\/129-magikarp\/"]}]},{"@type":"ImageObject","inLanguage":"es","@id":"https:\/\/toyzinger.com\/es\/pokemon\/checklist-pokemon-tomy-kanto\/129-magikarp\/#primaryimage","url":"https:\/\/toyzinger.com\/wp-content\/uploads\/2025\/06\/pokemon-tomy-vintage-figures.webp","contentUrl":"https:\/\/toyzinger.com\/wp-content\/uploads\/2025\/06\/pokemon-tomy-vintage-figures.webp","width":1200,"height":300,"caption":"Pokemon figures"},{"@type":"BreadcrumbList","@id":"https:\/\/toyzinger.com\/es\/pokemon\/checklist-pokemon-tomy-kanto\/129-magikarp\/#breadcrumb","itemListElement":[{"@type":"ListItem","position":1,"name":"Toyzinger","item":"https:\/\/toyzinger.com\/es\/"},{"@type":"ListItem","position":2,"name":"Pokemon","item":"https:\/\/toyzinger.com\/es\/pokemon\/"},{"@type":"ListItem","position":3,"name":"Checklist &#8211; Pokemon Tomy &#8211; Kanto","item":"https:\/\/toyzinger.com\/es\/pokemon\/checklist-pokemon-tomy-kanto\/"},{"@type":"ListItem","position":4,"name":"129 &#8211; Magikarp"}]},{"@type":"WebSite","@id":"https:\/\/toyzinger.com\/es\/#website","url":"https:\/\/toyzinger.com\/es\/","name":"Toyzinger","description":"Coleccionismo de figuras y juguetes","publisher":{"@id":"https:\/\/toyzinger.com\/es\/#organization"},"potentialAction":[{"@type":"SearchAction","target":{"@type":"EntryPoint","urlTemplate":"https:\/\/toyzinger.com\/es\/?s={search_term_string}"},"query-input":{"@type":"PropertyValueSpecification","valueRequired":true,"valueName":"search_term_string"}}],"inLanguage":"es"},{"@type":"Organization","@id":"https:\/\/toyzinger.com\/es\/#organization","name":"Toyzinger","url":"https:\/\/toyzinger.com\/es\/","logo":{"@type":"ImageObject","inLanguage":"es","@id":"https:\/\/toyzinger.com\/es\/#\/schema\/logo\/image\/","url":"https:\/\/toyzinger.com\/wp-content\/uploads\/2022\/10\/toyzinger_logo.png","contentUrl":"https:\/\/toyzinger.com\/wp-content\/uploads\/2022\/10\/toyzinger_logo.png","width":561,"height":568,"caption":"Toyzinger"},"image":{"@id":"https:\/\/toyzinger.com\/es\/#\/schema\/logo\/image\/"},"sameAs":["https:\/\/www.facebook.com\/toyzinger","https:\/\/www.instagram.com\/toyzinger_com\/"]}]}},"coauthors":[],"author_meta":{"author_link":"https:\/\/toyzinger.com\/es\/blog\/author\/toyzinger\/","display_name":"toyzinger"},"relative_dates":{"created":"Publicado 9 meses hace","modified":"Actualizado 1 mes hace"},"absolute_dates":{"created":"Publicado el 20\/07\/2025","modified":"Actualizado el 05\/03\/2026"},"absolute_dates_time":{"created":"Publicado el 20\/07\/2025 16:20","modified":"Actualizado el 05\/03\/2026 17:13"},"featured_img_caption":"","featured_img":"https:\/\/toyzinger.com\/wp-content\/uploads\/2025\/06\/pokemon-tomy-vintage-figures.webp","series_order":"","toy_product_id":"OSj2Rj6e2OoiaJ82Tbv0","_links":{"self":[{"href":"https:\/\/toyzinger.com\/es\/wp-json\/wp\/v2\/pages\/30532","targetHints":{"allow":["GET"]}}],"collection":[{"href":"https:\/\/toyzinger.com\/es\/wp-json\/wp\/v2\/pages"}],"about":[{"href":"https:\/\/toyzinger.com\/es\/wp-json\/wp\/v2\/types\/page"}],"author":[{"embeddable":true,"href":"https:\/\/toyzinger.com\/es\/wp-json\/wp\/v2\/users\/2"}],"replies":[{"embeddable":true,"href":"https:\/\/toyzinger.com\/es\/wp-json\/wp\/v2\/comments?post=30532"}],"version-history":[{"count":5,"href":"https:\/\/toyzinger.com\/es\/wp-json\/wp\/v2\/pages\/30532\/revisions"}],"predecessor-version":[{"id":33642,"href":"https:\/\/toyzinger.com\/es\/wp-json\/wp\/v2\/pages\/30532\/revisions\/33642"}],"up":[{"embeddable":true,"href":"https:\/\/toyzinger.com\/es\/wp-json\/wp\/v2\/pages\/28975"}],"wp:featuredmedia":[{"embeddable":true,"href":"https:\/\/toyzinger.com\/es\/wp-json\/wp\/v2\/media\/28971"}],"wp:attachment":[{"href":"https:\/\/toyzinger.com\/es\/wp-json\/wp\/v2\/media?parent=30532"}],"wp:term":[{"taxonomy":"wf_page_folders","embeddable":true,"href":"https:\/\/toyzinger.com\/es\/wp-json\/wp\/v2\/wf_page_folders?post=30532"}],"curies":[{"name":"wp","href":"https:\/\/api.w.org\/{rel}","templated":true}]}}