{"id":3128,"date":"2023-01-29T16:16:38","date_gmt":"2023-01-29T16:16:38","guid":{"rendered":"https:\/\/toyzinger.com\/?page_id=3128"},"modified":"2026-02-05T08:38:04","modified_gmt":"2026-02-05T08:38:04","slug":"gargoyles","status":"publish","type":"page","link":"https:\/\/toyzinger.com\/es\/gargoyles\/","title":{"rendered":"Gargoyles"},"content":{"rendered":"\n<h2 class=\"wp-block-heading\">Colecciones de figuras de Gargoyles:<\/h2>\n\n\n\n<p><\/p>\n\n\n\n<a class=\"toy-collection__base\" href=\"https:\/\/toyzinger.com\/es\/gargoyles\/kenner-90s\/\"><figure class=\"toy-collection__image\"><img decoding=\"async\" src=\"https:\/\/toyzinger.com\/wp-content\/uploads\/2026\/02\/figura-gargoyles-kenner-battle-goliath-front-250x300.jpg\" alt=\"Gargoyles 1995 figure\"\/><\/figure><ul class=\"toy-collection__info\"><li class=\"toy-collection__name\">Gargoyles<\/li><li class=\"toy-collection__manufacturer\">Kenner &#8211; (1995-1996)<\/li><\/ul><div class=\"toy-collection__arrow\">\u27a4<\/div><\/a>\n\n\n\n<a class=\"toy-collection__base\" href=\"https:\/\/toyzinger.com\/es\/gargoyles\/checklist-gargoyles-neca\/\"><figure class=\"toy-collection__image\"><img decoding=\"async\" src=\"https:\/\/toyzinger.com\/wp-content\/uploads\/2026\/02\/gargoyles-neca-figure-goliath-box-250x300.jpg\" alt=\"Gargoyles NECA figures\"\/><\/figure><ul class=\"toy-collection__info\"><li class=\"toy-collection__name\">Gargoyles<\/li><li class=\"toy-collection__manufacturer\">NECA &#8211; (2021-2024)<\/li><\/ul><div class=\"toy-collection__arrow\">\u27a4<\/div><\/a>\n\n\n\n<p><\/p>\n\n\n\n<h2 class=\"wp-block-heading\">Sobre la franquicia:<\/h2>\n\n\n\n<p><\/p>\n\n\n\n<p><strong>Gargoyles<\/strong> fue una serie animada de <strong>Disney<\/strong> emitida del 1994 al 1997.&nbsp;<\/p>\n\n\n\n<p><\/p>\n\n\n\n<p>En la serie, un clan de g\u00e1rgolas guerreras quedan convertidas en piedra a causa de un hechizo que se rompe mil a\u00f1os m\u00e1s tarde cuando su castillo es trasladado de Escocia a Nueva York. Dirigidas por su l\u00edder <strong>Goliath<\/strong>, defienden las calles de la ciudad y luchan contra el malvado <strong>Xanatos<\/strong> durante la noche. Aunque muchos humanos los temen, algunos los ayudar\u00e1n en su misi\u00f3n.<\/p>\n\n\n\n<p><\/p>\n\n\n\n<p>Algunos episodios estaban relacionados con historias medievales de la historia escocesa antigua y con la mitolog\u00eda.<\/p>\n\n\n\n<p><\/p>\n\n\n\n<p>Tras el \u00e9xito de la serie, varias jugueteras produjeron diferentes l\u00edneas de <strong>figuras de acci\u00f3n<\/strong>. <\/p>\n","protected":false},"excerpt":{"rendered":"<p>Colecciones de figuras de Gargoyles: Sobre la franquicia: Gargoyles fue una serie animada de Disney emitida del 1994 al 1997.&nbsp; En la serie, un clan de g\u00e1rgolas guerreras quedan convertidas en piedra a causa de un hechizo que se rompe mil a\u00f1os m\u00e1s tarde cuando su castillo es trasladado de Escocia a Nueva York. Dirigidas [&hellip;]<\/p>\n","protected":false},"author":2,"featured_media":3156,"parent":0,"menu_order":0,"comment_status":"closed","ping_status":"closed","template":"","meta":{"advgb_blocks_editor_width":"","advgb_blocks_columns_visual_guide":"","footnotes":""},"wf_page_folders":[36],"class_list":["post-3128","page","type-page","status-publish","has-post-thumbnail","hentry"],"yoast_head":"<!-- This site is optimized with the Yoast SEO plugin v27.3 - https:\/\/yoast.com\/product\/yoast-seo-wordpress\/ -->\n<title>Gargoyles - Toyzinger<\/title>\n<meta name=\"description\" content=\"Listado de varias colecciones de figuras de la franquicia Gargoyles.\" \/>\n<meta name=\"robots\" content=\"index, follow, max-snippet:-1, max-image-preview:large, max-video-preview:-1\" \/>\n<link rel=\"canonical\" href=\"https:\/\/toyzinger.com\/es\/gargoyles\/\" \/>\n<meta property=\"og:locale\" content=\"es_ES\" \/>\n<meta property=\"og:type\" content=\"article\" \/>\n<meta property=\"og:title\" content=\"Gargoyles - Toyzinger\" \/>\n<meta property=\"og:description\" content=\"Listado de varias colecciones de figuras de la franquicia Gargoyles.\" \/>\n<meta property=\"og:url\" content=\"https:\/\/toyzinger.com\/es\/gargoyles\/\" \/>\n<meta property=\"og:site_name\" content=\"Toyzinger\" \/>\n<meta property=\"article:publisher\" content=\"https:\/\/www.facebook.com\/toyzinger\" \/>\n<meta property=\"article:modified_time\" content=\"2026-02-05T08:38:04+00:00\" \/>\n<meta property=\"og:image\" content=\"https:\/\/toyzinger.com\/wp-content\/uploads\/2023\/01\/gargoyles-figuras-coleccionables-demona.jpg\" \/>\n\t<meta property=\"og:image:width\" content=\"1200\" \/>\n\t<meta property=\"og:image:height\" content=\"300\" \/>\n\t<meta property=\"og:image:type\" content=\"image\/jpeg\" \/>\n<meta name=\"twitter:card\" content=\"summary_large_image\" \/>\n<meta name=\"twitter:label1\" content=\"Tiempo de lectura\" \/>\n\t<meta name=\"twitter:data1\" content=\"2 minutos\" \/>\n<script type=\"application\/ld+json\" class=\"yoast-schema-graph\">{\"@context\":\"https:\\\/\\\/schema.org\",\"@graph\":[{\"@type\":\"WebPage\",\"@id\":\"https:\\\/\\\/toyzinger.com\\\/es\\\/gargoyles\\\/\",\"url\":\"https:\\\/\\\/toyzinger.com\\\/es\\\/gargoyles\\\/\",\"name\":\"Gargoyles - Toyzinger\",\"isPartOf\":{\"@id\":\"https:\\\/\\\/toyzinger.com\\\/es\\\/#website\"},\"primaryImageOfPage\":{\"@id\":\"https:\\\/\\\/toyzinger.com\\\/es\\\/gargoyles\\\/#primaryimage\"},\"image\":{\"@id\":\"https:\\\/\\\/toyzinger.com\\\/es\\\/gargoyles\\\/#primaryimage\"},\"thumbnailUrl\":\"https:\\\/\\\/toyzinger.com\\\/wp-content\\\/uploads\\\/2023\\\/01\\\/gargoyles-figuras-coleccionables-demona.jpg\",\"datePublished\":\"2023-01-29T16:16:38+00:00\",\"dateModified\":\"2026-02-05T08:38:04+00:00\",\"description\":\"Listado de varias colecciones de figuras de la franquicia Gargoyles.\",\"breadcrumb\":{\"@id\":\"https:\\\/\\\/toyzinger.com\\\/es\\\/gargoyles\\\/#breadcrumb\"},\"inLanguage\":\"es\",\"potentialAction\":[{\"@type\":\"ReadAction\",\"target\":[\"https:\\\/\\\/toyzinger.com\\\/es\\\/gargoyles\\\/\"]}]},{\"@type\":\"ImageObject\",\"inLanguage\":\"es\",\"@id\":\"https:\\\/\\\/toyzinger.com\\\/es\\\/gargoyles\\\/#primaryimage\",\"url\":\"https:\\\/\\\/toyzinger.com\\\/wp-content\\\/uploads\\\/2023\\\/01\\\/gargoyles-figuras-coleccionables-demona.jpg\",\"contentUrl\":\"https:\\\/\\\/toyzinger.com\\\/wp-content\\\/uploads\\\/2023\\\/01\\\/gargoyles-figuras-coleccionables-demona.jpg\",\"width\":1200,\"height\":300,\"caption\":\"Figuras Colecci\u00f3n Gargoyles\"},{\"@type\":\"BreadcrumbList\",\"@id\":\"https:\\\/\\\/toyzinger.com\\\/es\\\/gargoyles\\\/#breadcrumb\",\"itemListElement\":[{\"@type\":\"ListItem\",\"position\":1,\"name\":\"Toyzinger\",\"item\":\"https:\\\/\\\/toyzinger.com\\\/es\\\/\"},{\"@type\":\"ListItem\",\"position\":2,\"name\":\"Gargoyles\"}]},{\"@type\":\"WebSite\",\"@id\":\"https:\\\/\\\/toyzinger.com\\\/es\\\/#website\",\"url\":\"https:\\\/\\\/toyzinger.com\\\/es\\\/\",\"name\":\"Toyzinger\",\"description\":\"Coleccionismo de figuras y juguetes\",\"publisher\":{\"@id\":\"https:\\\/\\\/toyzinger.com\\\/es\\\/#organization\"},\"potentialAction\":[{\"@type\":\"SearchAction\",\"target\":{\"@type\":\"EntryPoint\",\"urlTemplate\":\"https:\\\/\\\/toyzinger.com\\\/es\\\/?s={search_term_string}\"},\"query-input\":{\"@type\":\"PropertyValueSpecification\",\"valueRequired\":true,\"valueName\":\"search_term_string\"}}],\"inLanguage\":\"es\"},{\"@type\":\"Organization\",\"@id\":\"https:\\\/\\\/toyzinger.com\\\/es\\\/#organization\",\"name\":\"Toyzinger\",\"url\":\"https:\\\/\\\/toyzinger.com\\\/es\\\/\",\"logo\":{\"@type\":\"ImageObject\",\"inLanguage\":\"es\",\"@id\":\"https:\\\/\\\/toyzinger.com\\\/es\\\/#\\\/schema\\\/logo\\\/image\\\/\",\"url\":\"https:\\\/\\\/toyzinger.com\\\/wp-content\\\/uploads\\\/2022\\\/10\\\/toyzinger_logo.png\",\"contentUrl\":\"https:\\\/\\\/toyzinger.com\\\/wp-content\\\/uploads\\\/2022\\\/10\\\/toyzinger_logo.png\",\"width\":561,\"height\":568,\"caption\":\"Toyzinger\"},\"image\":{\"@id\":\"https:\\\/\\\/toyzinger.com\\\/es\\\/#\\\/schema\\\/logo\\\/image\\\/\"},\"sameAs\":[\"https:\\\/\\\/www.facebook.com\\\/toyzinger\",\"https:\\\/\\\/www.instagram.com\\\/toyzinger_com\\\/\"]}]}<\/script>\n<!-- \/ Yoast SEO plugin. -->","yoast_head_json":{"title":"Gargoyles - Toyzinger","description":"Listado de varias colecciones de figuras de la franquicia Gargoyles.","robots":{"index":"index","follow":"follow","max-snippet":"max-snippet:-1","max-image-preview":"max-image-preview:large","max-video-preview":"max-video-preview:-1"},"canonical":"https:\/\/toyzinger.com\/es\/gargoyles\/","og_locale":"es_ES","og_type":"article","og_title":"Gargoyles - Toyzinger","og_description":"Listado de varias colecciones de figuras de la franquicia Gargoyles.","og_url":"https:\/\/toyzinger.com\/es\/gargoyles\/","og_site_name":"Toyzinger","article_publisher":"https:\/\/www.facebook.com\/toyzinger","article_modified_time":"2026-02-05T08:38:04+00:00","og_image":[{"width":1200,"height":300,"url":"https:\/\/toyzinger.com\/wp-content\/uploads\/2023\/01\/gargoyles-figuras-coleccionables-demona.jpg","type":"image\/jpeg"}],"twitter_card":"summary_large_image","twitter_misc":{"Tiempo de lectura":"2 minutos"},"schema":{"@context":"https:\/\/schema.org","@graph":[{"@type":"WebPage","@id":"https:\/\/toyzinger.com\/es\/gargoyles\/","url":"https:\/\/toyzinger.com\/es\/gargoyles\/","name":"Gargoyles - Toyzinger","isPartOf":{"@id":"https:\/\/toyzinger.com\/es\/#website"},"primaryImageOfPage":{"@id":"https:\/\/toyzinger.com\/es\/gargoyles\/#primaryimage"},"image":{"@id":"https:\/\/toyzinger.com\/es\/gargoyles\/#primaryimage"},"thumbnailUrl":"https:\/\/toyzinger.com\/wp-content\/uploads\/2023\/01\/gargoyles-figuras-coleccionables-demona.jpg","datePublished":"2023-01-29T16:16:38+00:00","dateModified":"2026-02-05T08:38:04+00:00","description":"Listado de varias colecciones de figuras de la franquicia Gargoyles.","breadcrumb":{"@id":"https:\/\/toyzinger.com\/es\/gargoyles\/#breadcrumb"},"inLanguage":"es","potentialAction":[{"@type":"ReadAction","target":["https:\/\/toyzinger.com\/es\/gargoyles\/"]}]},{"@type":"ImageObject","inLanguage":"es","@id":"https:\/\/toyzinger.com\/es\/gargoyles\/#primaryimage","url":"https:\/\/toyzinger.com\/wp-content\/uploads\/2023\/01\/gargoyles-figuras-coleccionables-demona.jpg","contentUrl":"https:\/\/toyzinger.com\/wp-content\/uploads\/2023\/01\/gargoyles-figuras-coleccionables-demona.jpg","width":1200,"height":300,"caption":"Figuras Colecci\u00f3n Gargoyles"},{"@type":"BreadcrumbList","@id":"https:\/\/toyzinger.com\/es\/gargoyles\/#breadcrumb","itemListElement":[{"@type":"ListItem","position":1,"name":"Toyzinger","item":"https:\/\/toyzinger.com\/es\/"},{"@type":"ListItem","position":2,"name":"Gargoyles"}]},{"@type":"WebSite","@id":"https:\/\/toyzinger.com\/es\/#website","url":"https:\/\/toyzinger.com\/es\/","name":"Toyzinger","description":"Coleccionismo de figuras y juguetes","publisher":{"@id":"https:\/\/toyzinger.com\/es\/#organization"},"potentialAction":[{"@type":"SearchAction","target":{"@type":"EntryPoint","urlTemplate":"https:\/\/toyzinger.com\/es\/?s={search_term_string}"},"query-input":{"@type":"PropertyValueSpecification","valueRequired":true,"valueName":"search_term_string"}}],"inLanguage":"es"},{"@type":"Organization","@id":"https:\/\/toyzinger.com\/es\/#organization","name":"Toyzinger","url":"https:\/\/toyzinger.com\/es\/","logo":{"@type":"ImageObject","inLanguage":"es","@id":"https:\/\/toyzinger.com\/es\/#\/schema\/logo\/image\/","url":"https:\/\/toyzinger.com\/wp-content\/uploads\/2022\/10\/toyzinger_logo.png","contentUrl":"https:\/\/toyzinger.com\/wp-content\/uploads\/2022\/10\/toyzinger_logo.png","width":561,"height":568,"caption":"Toyzinger"},"image":{"@id":"https:\/\/toyzinger.com\/es\/#\/schema\/logo\/image\/"},"sameAs":["https:\/\/www.facebook.com\/toyzinger","https:\/\/www.instagram.com\/toyzinger_com\/"]}]}},"coauthors":[],"author_meta":{"author_link":"https:\/\/toyzinger.com\/es\/blog\/author\/toyzinger\/","display_name":"toyzinger"},"relative_dates":{"created":"Publicado 3 a\u00f1os hace","modified":"Actualizado 2 meses hace"},"absolute_dates":{"created":"Publicado el 29\/01\/2023","modified":"Actualizado el 05\/02\/2026"},"absolute_dates_time":{"created":"Publicado el 29\/01\/2023 16:16","modified":"Actualizado el 05\/02\/2026 08:38"},"featured_img_caption":"","featured_img":"https:\/\/toyzinger.com\/wp-content\/uploads\/2023\/01\/gargoyles-figuras-coleccionables-demona.jpg","series_order":"","toy_product_id":"","_links":{"self":[{"href":"https:\/\/toyzinger.com\/es\/wp-json\/wp\/v2\/pages\/3128","targetHints":{"allow":["GET"]}}],"collection":[{"href":"https:\/\/toyzinger.com\/es\/wp-json\/wp\/v2\/pages"}],"about":[{"href":"https:\/\/toyzinger.com\/es\/wp-json\/wp\/v2\/types\/page"}],"author":[{"embeddable":true,"href":"https:\/\/toyzinger.com\/es\/wp-json\/wp\/v2\/users\/2"}],"replies":[{"embeddable":true,"href":"https:\/\/toyzinger.com\/es\/wp-json\/wp\/v2\/comments?post=3128"}],"version-history":[{"count":1,"href":"https:\/\/toyzinger.com\/es\/wp-json\/wp\/v2\/pages\/3128\/revisions"}],"predecessor-version":[{"id":33082,"href":"https:\/\/toyzinger.com\/es\/wp-json\/wp\/v2\/pages\/3128\/revisions\/33082"}],"wp:featuredmedia":[{"embeddable":true,"href":"https:\/\/toyzinger.com\/es\/wp-json\/wp\/v2\/media\/3156"}],"wp:attachment":[{"href":"https:\/\/toyzinger.com\/es\/wp-json\/wp\/v2\/media?parent=3128"}],"wp:term":[{"taxonomy":"wf_page_folders","embeddable":true,"href":"https:\/\/toyzinger.com\/es\/wp-json\/wp\/v2\/wf_page_folders?post=3128"}],"curies":[{"name":"wp","href":"https:\/\/api.w.org\/{rel}","templated":true}]}}