{"id":31413,"date":"2025-08-04T15:01:54","date_gmt":"2025-08-04T15:01:54","guid":{"rendered":"https:\/\/toyzinger.com\/?page_id=31413"},"modified":"2026-02-15T14:54:27","modified_gmt":"2026-02-15T14:54:27","slug":"jurassic-park","status":"publish","type":"page","link":"https:\/\/toyzinger.com\/es\/jurassic-park\/","title":{"rendered":"Jurassic Park"},"content":{"rendered":"\n<h2 class=\"wp-block-heading\">Colecciones de figuras de Jurassic Park:<\/h2>\n\n\n\n<p><\/p>\n\n\n\n<a class=\"toy-collection__base\" href=\"https:\/\/toyzinger.com\/es\/jurassic-park\/checklist-jurassic-park-kenner\/\"><figure class=\"toy-collection__image\"><img decoding=\"async\" src=\"https:\/\/toyzinger.com\/wp-content\/uploads\/2026\/02\/jurassic-park-figure-alan-grant-aerial-net-moc-250x300.webp\" alt=\"Jurassic Park Vintage Figure\"\/><\/figure><ul class=\"toy-collection__info\"><li class=\"toy-collection__name\">Jurassic Park<\/li><li class=\"toy-collection__manufacturer\">Kenner &#8211; (1993-1994)<\/li><\/ul><div class=\"toy-collection__arrow\">\u27a4<\/div><\/a>\n\n\n\n<p><\/p>\n\n\n\n<h2 class=\"wp-block-heading\">La Franquicia:<\/h2>\n\n\n\n<p><\/p>\n\n\n\n<p><strong>Jurassic Park<\/strong> es una franquicia de ciencia ficci\u00f3n y aventuras que comenz\u00f3 con la novela hom\u00f3nima de Michael Crichton en 1990 y fue llevada al cine por Steven Spielberg en 1993.<\/p>\n\n\n\n<p><\/p>\n\n\n\n<p>La historia gira en torno a un parque tem\u00e1tico donde, gracias a la ingenier\u00eda gen\u00e9tica, cient\u00edficos logran clonar dinosaurios. Lo que comienza como un milagro cient\u00edfico, pronto se convierte en un desastre cuando los dinosaurios escapan y ponen en peligro a los humanos.<\/p>\n\n\n\n<p><\/p>\n\n\n\n<p>La franquicia incluye seis pel\u00edculas principales (la trilog\u00eda original y la trilog\u00eda <em>Jurassic World<\/em>), as\u00ed como series, videojuegos, c\u00f3mics y productos derivados. Es conocida por sus efectos visuales innovadores, sus tensas escenas de acci\u00f3n y su cr\u00edtica a los peligros de jugar con la naturaleza y la ciencia sin control.<\/p>\n","protected":false},"excerpt":{"rendered":"<p>Colecciones de figuras de Jurassic Park: La Franquicia: Jurassic Park es una franquicia de ciencia ficci\u00f3n y aventuras que comenz\u00f3 con la novela hom\u00f3nima de Michael Crichton en 1990 y fue llevada al cine por Steven Spielberg en 1993. La historia gira en torno a un parque tem\u00e1tico donde, gracias a la ingenier\u00eda gen\u00e9tica, cient\u00edficos [&hellip;]<\/p>\n","protected":false},"author":2,"featured_media":31424,"parent":0,"menu_order":0,"comment_status":"closed","ping_status":"closed","template":"","meta":{"advgb_blocks_editor_width":"","advgb_blocks_columns_visual_guide":"","footnotes":""},"wf_page_folders":[1487],"class_list":["post-31413","page","type-page","status-publish","has-post-thumbnail","hentry"],"yoast_head":"<!-- This site is optimized with the Yoast SEO plugin v27.3 - https:\/\/yoast.com\/product\/yoast-seo-wordpress\/ -->\n<title>Jurassic Park - Toyzinger<\/title>\n<meta name=\"description\" content=\"Listado de colecciones de figuras vintage de la franquicia &quot;Jurassic Park&quot;, basadas en la cl\u00e1sica pel\u00edcula de los 90&#039;s\" \/>\n<meta name=\"robots\" content=\"index, follow, max-snippet:-1, max-image-preview:large, max-video-preview:-1\" \/>\n<link rel=\"canonical\" href=\"https:\/\/toyzinger.com\/es\/jurassic-park\/\" \/>\n<meta property=\"og:locale\" content=\"es_ES\" \/>\n<meta property=\"og:type\" content=\"article\" \/>\n<meta property=\"og:title\" content=\"Jurassic Park - Toyzinger\" \/>\n<meta property=\"og:description\" content=\"Listado de colecciones de figuras vintage de la franquicia &quot;Jurassic Park&quot;, basadas en la cl\u00e1sica pel\u00edcula de los 90&#039;s\" \/>\n<meta property=\"og:url\" content=\"https:\/\/toyzinger.com\/es\/jurassic-park\/\" \/>\n<meta property=\"og:site_name\" content=\"Toyzinger\" \/>\n<meta property=\"article:publisher\" content=\"https:\/\/www.facebook.com\/toyzinger\" \/>\n<meta property=\"article:modified_time\" content=\"2026-02-15T14:54:27+00:00\" \/>\n<meta property=\"og:image\" content=\"https:\/\/toyzinger.com\/wp-content\/uploads\/2025\/08\/jurrasic-park-figures-jumbotron-03.webp\" \/>\n\t<meta property=\"og:image:width\" content=\"1200\" \/>\n\t<meta property=\"og:image:height\" content=\"300\" \/>\n\t<meta property=\"og:image:type\" content=\"image\/webp\" \/>\n<meta name=\"twitter:card\" content=\"summary_large_image\" \/>\n<meta name=\"twitter:label1\" content=\"Tiempo de lectura\" \/>\n\t<meta name=\"twitter:data1\" content=\"2 minutos\" \/>\n<script type=\"application\/ld+json\" class=\"yoast-schema-graph\">{\"@context\":\"https:\\\/\\\/schema.org\",\"@graph\":[{\"@type\":\"WebPage\",\"@id\":\"https:\\\/\\\/toyzinger.com\\\/es\\\/jurassic-park\\\/\",\"url\":\"https:\\\/\\\/toyzinger.com\\\/es\\\/jurassic-park\\\/\",\"name\":\"Jurassic Park - Toyzinger\",\"isPartOf\":{\"@id\":\"https:\\\/\\\/toyzinger.com\\\/es\\\/#website\"},\"primaryImageOfPage\":{\"@id\":\"https:\\\/\\\/toyzinger.com\\\/es\\\/jurassic-park\\\/#primaryimage\"},\"image\":{\"@id\":\"https:\\\/\\\/toyzinger.com\\\/es\\\/jurassic-park\\\/#primaryimage\"},\"thumbnailUrl\":\"https:\\\/\\\/toyzinger.com\\\/wp-content\\\/uploads\\\/2025\\\/08\\\/jurrasic-park-figures-jumbotron-03.webp\",\"datePublished\":\"2025-08-04T15:01:54+00:00\",\"dateModified\":\"2026-02-15T14:54:27+00:00\",\"description\":\"Listado de colecciones de figuras vintage de la franquicia \\\"Jurassic Park\\\", basadas en la cl\u00e1sica pel\u00edcula de los 90's\",\"breadcrumb\":{\"@id\":\"https:\\\/\\\/toyzinger.com\\\/es\\\/jurassic-park\\\/#breadcrumb\"},\"inLanguage\":\"es\",\"potentialAction\":[{\"@type\":\"ReadAction\",\"target\":[\"https:\\\/\\\/toyzinger.com\\\/es\\\/jurassic-park\\\/\"]}]},{\"@type\":\"ImageObject\",\"inLanguage\":\"es\",\"@id\":\"https:\\\/\\\/toyzinger.com\\\/es\\\/jurassic-park\\\/#primaryimage\",\"url\":\"https:\\\/\\\/toyzinger.com\\\/wp-content\\\/uploads\\\/2025\\\/08\\\/jurrasic-park-figures-jumbotron-03.webp\",\"contentUrl\":\"https:\\\/\\\/toyzinger.com\\\/wp-content\\\/uploads\\\/2025\\\/08\\\/jurrasic-park-figures-jumbotron-03.webp\",\"width\":1200,\"height\":300,\"caption\":\"Jurassic Park - figure collections\"},{\"@type\":\"BreadcrumbList\",\"@id\":\"https:\\\/\\\/toyzinger.com\\\/es\\\/jurassic-park\\\/#breadcrumb\",\"itemListElement\":[{\"@type\":\"ListItem\",\"position\":1,\"name\":\"Toyzinger\",\"item\":\"https:\\\/\\\/toyzinger.com\\\/es\\\/\"},{\"@type\":\"ListItem\",\"position\":2,\"name\":\"Jurassic Park\"}]},{\"@type\":\"WebSite\",\"@id\":\"https:\\\/\\\/toyzinger.com\\\/es\\\/#website\",\"url\":\"https:\\\/\\\/toyzinger.com\\\/es\\\/\",\"name\":\"Toyzinger\",\"description\":\"Coleccionismo de figuras y juguetes\",\"publisher\":{\"@id\":\"https:\\\/\\\/toyzinger.com\\\/es\\\/#organization\"},\"potentialAction\":[{\"@type\":\"SearchAction\",\"target\":{\"@type\":\"EntryPoint\",\"urlTemplate\":\"https:\\\/\\\/toyzinger.com\\\/es\\\/?s={search_term_string}\"},\"query-input\":{\"@type\":\"PropertyValueSpecification\",\"valueRequired\":true,\"valueName\":\"search_term_string\"}}],\"inLanguage\":\"es\"},{\"@type\":\"Organization\",\"@id\":\"https:\\\/\\\/toyzinger.com\\\/es\\\/#organization\",\"name\":\"Toyzinger\",\"url\":\"https:\\\/\\\/toyzinger.com\\\/es\\\/\",\"logo\":{\"@type\":\"ImageObject\",\"inLanguage\":\"es\",\"@id\":\"https:\\\/\\\/toyzinger.com\\\/es\\\/#\\\/schema\\\/logo\\\/image\\\/\",\"url\":\"https:\\\/\\\/toyzinger.com\\\/wp-content\\\/uploads\\\/2022\\\/10\\\/toyzinger_logo.png\",\"contentUrl\":\"https:\\\/\\\/toyzinger.com\\\/wp-content\\\/uploads\\\/2022\\\/10\\\/toyzinger_logo.png\",\"width\":561,\"height\":568,\"caption\":\"Toyzinger\"},\"image\":{\"@id\":\"https:\\\/\\\/toyzinger.com\\\/es\\\/#\\\/schema\\\/logo\\\/image\\\/\"},\"sameAs\":[\"https:\\\/\\\/www.facebook.com\\\/toyzinger\",\"https:\\\/\\\/www.instagram.com\\\/toyzinger_com\\\/\"]}]}<\/script>\n<!-- \/ Yoast SEO plugin. -->","yoast_head_json":{"title":"Jurassic Park - Toyzinger","description":"Listado de colecciones de figuras vintage de la franquicia \"Jurassic Park\", basadas en la cl\u00e1sica pel\u00edcula de los 90's","robots":{"index":"index","follow":"follow","max-snippet":"max-snippet:-1","max-image-preview":"max-image-preview:large","max-video-preview":"max-video-preview:-1"},"canonical":"https:\/\/toyzinger.com\/es\/jurassic-park\/","og_locale":"es_ES","og_type":"article","og_title":"Jurassic Park - Toyzinger","og_description":"Listado de colecciones de figuras vintage de la franquicia \"Jurassic Park\", basadas en la cl\u00e1sica pel\u00edcula de los 90's","og_url":"https:\/\/toyzinger.com\/es\/jurassic-park\/","og_site_name":"Toyzinger","article_publisher":"https:\/\/www.facebook.com\/toyzinger","article_modified_time":"2026-02-15T14:54:27+00:00","og_image":[{"width":1200,"height":300,"url":"https:\/\/toyzinger.com\/wp-content\/uploads\/2025\/08\/jurrasic-park-figures-jumbotron-03.webp","type":"image\/webp"}],"twitter_card":"summary_large_image","twitter_misc":{"Tiempo de lectura":"2 minutos"},"schema":{"@context":"https:\/\/schema.org","@graph":[{"@type":"WebPage","@id":"https:\/\/toyzinger.com\/es\/jurassic-park\/","url":"https:\/\/toyzinger.com\/es\/jurassic-park\/","name":"Jurassic Park - Toyzinger","isPartOf":{"@id":"https:\/\/toyzinger.com\/es\/#website"},"primaryImageOfPage":{"@id":"https:\/\/toyzinger.com\/es\/jurassic-park\/#primaryimage"},"image":{"@id":"https:\/\/toyzinger.com\/es\/jurassic-park\/#primaryimage"},"thumbnailUrl":"https:\/\/toyzinger.com\/wp-content\/uploads\/2025\/08\/jurrasic-park-figures-jumbotron-03.webp","datePublished":"2025-08-04T15:01:54+00:00","dateModified":"2026-02-15T14:54:27+00:00","description":"Listado de colecciones de figuras vintage de la franquicia \"Jurassic Park\", basadas en la cl\u00e1sica pel\u00edcula de los 90's","breadcrumb":{"@id":"https:\/\/toyzinger.com\/es\/jurassic-park\/#breadcrumb"},"inLanguage":"es","potentialAction":[{"@type":"ReadAction","target":["https:\/\/toyzinger.com\/es\/jurassic-park\/"]}]},{"@type":"ImageObject","inLanguage":"es","@id":"https:\/\/toyzinger.com\/es\/jurassic-park\/#primaryimage","url":"https:\/\/toyzinger.com\/wp-content\/uploads\/2025\/08\/jurrasic-park-figures-jumbotron-03.webp","contentUrl":"https:\/\/toyzinger.com\/wp-content\/uploads\/2025\/08\/jurrasic-park-figures-jumbotron-03.webp","width":1200,"height":300,"caption":"Jurassic Park - figure collections"},{"@type":"BreadcrumbList","@id":"https:\/\/toyzinger.com\/es\/jurassic-park\/#breadcrumb","itemListElement":[{"@type":"ListItem","position":1,"name":"Toyzinger","item":"https:\/\/toyzinger.com\/es\/"},{"@type":"ListItem","position":2,"name":"Jurassic Park"}]},{"@type":"WebSite","@id":"https:\/\/toyzinger.com\/es\/#website","url":"https:\/\/toyzinger.com\/es\/","name":"Toyzinger","description":"Coleccionismo de figuras y juguetes","publisher":{"@id":"https:\/\/toyzinger.com\/es\/#organization"},"potentialAction":[{"@type":"SearchAction","target":{"@type":"EntryPoint","urlTemplate":"https:\/\/toyzinger.com\/es\/?s={search_term_string}"},"query-input":{"@type":"PropertyValueSpecification","valueRequired":true,"valueName":"search_term_string"}}],"inLanguage":"es"},{"@type":"Organization","@id":"https:\/\/toyzinger.com\/es\/#organization","name":"Toyzinger","url":"https:\/\/toyzinger.com\/es\/","logo":{"@type":"ImageObject","inLanguage":"es","@id":"https:\/\/toyzinger.com\/es\/#\/schema\/logo\/image\/","url":"https:\/\/toyzinger.com\/wp-content\/uploads\/2022\/10\/toyzinger_logo.png","contentUrl":"https:\/\/toyzinger.com\/wp-content\/uploads\/2022\/10\/toyzinger_logo.png","width":561,"height":568,"caption":"Toyzinger"},"image":{"@id":"https:\/\/toyzinger.com\/es\/#\/schema\/logo\/image\/"},"sameAs":["https:\/\/www.facebook.com\/toyzinger","https:\/\/www.instagram.com\/toyzinger_com\/"]}]}},"coauthors":[],"author_meta":{"author_link":"https:\/\/toyzinger.com\/es\/blog\/author\/toyzinger\/","display_name":"toyzinger"},"relative_dates":{"created":"Publicado 8 meses hace","modified":"Actualizado 2 meses hace"},"absolute_dates":{"created":"Publicado el 04\/08\/2025","modified":"Actualizado el 15\/02\/2026"},"absolute_dates_time":{"created":"Publicado el 04\/08\/2025 15:01","modified":"Actualizado el 15\/02\/2026 14:54"},"featured_img_caption":"","featured_img":"https:\/\/toyzinger.com\/wp-content\/uploads\/2025\/08\/jurrasic-park-figures-jumbotron-03.webp","series_order":"","toy_product_id":"","_links":{"self":[{"href":"https:\/\/toyzinger.com\/es\/wp-json\/wp\/v2\/pages\/31413","targetHints":{"allow":["GET"]}}],"collection":[{"href":"https:\/\/toyzinger.com\/es\/wp-json\/wp\/v2\/pages"}],"about":[{"href":"https:\/\/toyzinger.com\/es\/wp-json\/wp\/v2\/types\/page"}],"author":[{"embeddable":true,"href":"https:\/\/toyzinger.com\/es\/wp-json\/wp\/v2\/users\/2"}],"replies":[{"embeddable":true,"href":"https:\/\/toyzinger.com\/es\/wp-json\/wp\/v2\/comments?post=31413"}],"version-history":[{"count":4,"href":"https:\/\/toyzinger.com\/es\/wp-json\/wp\/v2\/pages\/31413\/revisions"}],"predecessor-version":[{"id":33104,"href":"https:\/\/toyzinger.com\/es\/wp-json\/wp\/v2\/pages\/31413\/revisions\/33104"}],"wp:featuredmedia":[{"embeddable":true,"href":"https:\/\/toyzinger.com\/es\/wp-json\/wp\/v2\/media\/31424"}],"wp:attachment":[{"href":"https:\/\/toyzinger.com\/es\/wp-json\/wp\/v2\/media?parent=31413"}],"wp:term":[{"taxonomy":"wf_page_folders","embeddable":true,"href":"https:\/\/toyzinger.com\/es\/wp-json\/wp\/v2\/wf_page_folders?post=31413"}],"curies":[{"name":"wp","href":"https:\/\/api.w.org\/{rel}","templated":true}]}}