{"id":3675,"date":"2023-03-01T17:13:55","date_gmt":"2023-03-01T17:13:55","guid":{"rendered":"https:\/\/toyzinger.com\/?page_id=3675"},"modified":"2026-03-11T16:11:05","modified_gmt":"2026-03-11T16:11:05","slug":"silverhawks","status":"publish","type":"page","link":"https:\/\/toyzinger.com\/es\/silverhawks\/","title":{"rendered":"Silverhawks"},"content":{"rendered":"\n<h2 class=\"wp-block-heading\">Colecciones de figuras de los Silverhawks:<\/h2>\n\n\n\n<p><\/p>\n\n\n\n<a class=\"toy-collection__base\" href=\"https:\/\/toyzinger.com\/es\/silverhawks\/checklist-silverhawks-vintage\/\"><figure class=\"toy-collection__image\"><img decoding=\"async\" src=\"https:\/\/toyzinger.com\/wp-content\/uploads\/2026\/03\/figura-coleccion-silverhawks-halcones-galacticos-86-quicksilver-tally-hawk-front-250x300.jpg\" alt=\"Silverhawks vintage figures\"\/><\/figure><ul class=\"toy-collection__info\"><li class=\"toy-collection__name\">Silverhawks (vintage)<\/li><li class=\"toy-collection__manufacturer\">Kenner &#8211; (1986)<\/li><\/ul><div class=\"toy-collection__arrow\">\u27a4<\/div><\/a>\n\n\n\n<p><\/p>\n\n\n\n<h2 class=\"wp-block-heading\">Sobre la franquicia:<\/h2>\n\n\n\n<p><\/p>\n\n\n\n<p><strong>Silverhawks<\/strong> conocida en el mundo hispanohablante como los <strong>Halcones Gal\u00e1cticos<\/strong>, es una serie de animaci\u00f3n de los a\u00f1os 80 de los mismos creadores de <a href=\"https:\/\/toyzinger.com\/thundercats\/\">Thundercats<\/a>. Una l\u00ednea de c\u00f3mics fue tambi\u00e9n lanzada junto a la serie.<\/p>\n\n\n\n<p><\/p>\n\n\n\n<p>La historia trata sobre unos h\u00e9roes del siglo XXIX que fueron creados con cuerpo y alas de metal para combatir el crimen organizado en la galaxia Limbo. Los h\u00e9roes reclutados por el <strong>Capit\u00e1n Telescopio (Stargazer)<\/strong> y liderados por el protagonista <strong>Rayo de Plata (Quicksilver)<\/strong> son una especie de c\u00edborgs humanoides con alas tipo p\u00e1jaro (halc\u00f3n) que pueden volar a trav\u00e9s del espacio. Combaten contra <strong>Monstru\u00f3n (Mon*Star)<\/strong> el autodenominado \u201camo de los planetas\u201d y sus secuaces.<\/p>\n\n\n\n<p><\/p>\n\n\n\n<p>La serie acab\u00f3 siendo cancelada y nunca pudimos ver como <strong>Monstru\u00f3n<\/strong> era derrotado. Tambi\u00e9n se dice que la idea de la productora era acabar uniendo los <strong>Silverhawks<\/strong> con otras franquicias de su propiedad como <a href=\"https:\/\/toyzinger.com\/thundercats\/\">Thundercats<\/a> y <strong>Tiger Sharks<\/strong>, pero al final no pudimos disfrutar de esta unificaci\u00f3n de universos.<\/p>\n\n\n\n<p><\/p>\n\n\n\n<p>Igual que la mayor\u00eda de series animadas de los 80\u2019s una l\u00ednea de juguetes fue lanzada al mercado, en este caso, la juguetera encargada de la colecci\u00f3n de figuras fue KENNER, los mismos creadores de una de las l\u00edneas de figuras m\u00e1s exitosas de la historia: <a href=\"https:\/\/toyzinger.com\/star-wars\/\">STAR WARS<\/a>.<\/p>\n\n\n\n<p><\/p>\n\n\n\n<p>A\u00f1os m\u00e1s tarde, otras jugueteras tambi\u00e9n han lanzado l\u00edneas de figuras coleccionables de esta franquicia.<\/p>\n","protected":false},"excerpt":{"rendered":"<p>Colecciones de figuras de los Silverhawks: Sobre la franquicia: Silverhawks conocida en el mundo hispanohablante como los Halcones Gal\u00e1cticos, es una serie de animaci\u00f3n de los a\u00f1os 80 de los mismos creadores de Thundercats. Una l\u00ednea de c\u00f3mics fue tambi\u00e9n lanzada junto a la serie. La historia trata sobre unos h\u00e9roes del siglo XXIX que [&hellip;]<\/p>\n","protected":false},"author":2,"featured_media":3683,"parent":0,"menu_order":0,"comment_status":"closed","ping_status":"closed","template":"","meta":{"advgb_blocks_editor_width":"","advgb_blocks_columns_visual_guide":"","footnotes":""},"wf_page_folders":[38],"class_list":["post-3675","page","type-page","status-publish","has-post-thumbnail","hentry"],"yoast_head":"<!-- This site is optimized with the Yoast SEO plugin v27.3 - https:\/\/yoast.com\/product\/yoast-seo-wordpress\/ -->\n<title>Silverhawks - Colecci\u00f3n de figuras<\/title>\n<meta name=\"description\" content=\"Revive la nostalgia de Silverhawks (Halcones Gal\u00e1cticos). Analizamos la franquicia y sus m\u00edticas colecciones de figuras vintage.\" \/>\n<meta name=\"robots\" content=\"index, follow, max-snippet:-1, max-image-preview:large, max-video-preview:-1\" \/>\n<link rel=\"canonical\" href=\"https:\/\/toyzinger.com\/es\/silverhawks\/\" \/>\n<meta property=\"og:locale\" content=\"es_ES\" \/>\n<meta property=\"og:type\" content=\"article\" \/>\n<meta property=\"og:title\" content=\"Silverhawks - Colecci\u00f3n de figuras\" \/>\n<meta property=\"og:description\" content=\"Revive la nostalgia de Silverhawks (Halcones Gal\u00e1cticos). Analizamos la franquicia y sus m\u00edticas colecciones de figuras vintage.\" \/>\n<meta property=\"og:url\" content=\"https:\/\/toyzinger.com\/es\/silverhawks\/\" \/>\n<meta property=\"og:site_name\" content=\"Toyzinger\" \/>\n<meta property=\"article:publisher\" content=\"https:\/\/www.facebook.com\/toyzinger\" \/>\n<meta property=\"article:modified_time\" content=\"2026-03-11T16:11:05+00:00\" \/>\n<meta property=\"og:image\" content=\"https:\/\/toyzinger.com\/wp-content\/uploads\/2023\/03\/coleccion-figuras-vintage-silverhawks-halcones-galacticos-stargazer.jpg\" \/>\n\t<meta property=\"og:image:width\" content=\"1200\" \/>\n\t<meta property=\"og:image:height\" content=\"300\" \/>\n\t<meta property=\"og:image:type\" content=\"image\/jpeg\" \/>\n<meta name=\"twitter:card\" content=\"summary_large_image\" \/>\n<meta name=\"twitter:label1\" content=\"Tiempo de lectura\" \/>\n\t<meta name=\"twitter:data1\" content=\"2 minutos\" \/>\n<script type=\"application\/ld+json\" class=\"yoast-schema-graph\">{\"@context\":\"https:\\\/\\\/schema.org\",\"@graph\":[{\"@type\":\"WebPage\",\"@id\":\"https:\\\/\\\/toyzinger.com\\\/es\\\/silverhawks\\\/\",\"url\":\"https:\\\/\\\/toyzinger.com\\\/es\\\/silverhawks\\\/\",\"name\":\"Silverhawks - Colecci\u00f3n de figuras\",\"isPartOf\":{\"@id\":\"https:\\\/\\\/toyzinger.com\\\/es\\\/#website\"},\"primaryImageOfPage\":{\"@id\":\"https:\\\/\\\/toyzinger.com\\\/es\\\/silverhawks\\\/#primaryimage\"},\"image\":{\"@id\":\"https:\\\/\\\/toyzinger.com\\\/es\\\/silverhawks\\\/#primaryimage\"},\"thumbnailUrl\":\"https:\\\/\\\/toyzinger.com\\\/wp-content\\\/uploads\\\/2023\\\/03\\\/coleccion-figuras-vintage-silverhawks-halcones-galacticos-stargazer.jpg\",\"datePublished\":\"2023-03-01T17:13:55+00:00\",\"dateModified\":\"2026-03-11T16:11:05+00:00\",\"description\":\"Revive la nostalgia de Silverhawks (Halcones Gal\u00e1cticos). Analizamos la franquicia y sus m\u00edticas colecciones de figuras vintage.\",\"breadcrumb\":{\"@id\":\"https:\\\/\\\/toyzinger.com\\\/es\\\/silverhawks\\\/#breadcrumb\"},\"inLanguage\":\"es\",\"potentialAction\":[{\"@type\":\"ReadAction\",\"target\":[\"https:\\\/\\\/toyzinger.com\\\/es\\\/silverhawks\\\/\"]}]},{\"@type\":\"ImageObject\",\"inLanguage\":\"es\",\"@id\":\"https:\\\/\\\/toyzinger.com\\\/es\\\/silverhawks\\\/#primaryimage\",\"url\":\"https:\\\/\\\/toyzinger.com\\\/wp-content\\\/uploads\\\/2023\\\/03\\\/coleccion-figuras-vintage-silverhawks-halcones-galacticos-stargazer.jpg\",\"contentUrl\":\"https:\\\/\\\/toyzinger.com\\\/wp-content\\\/uploads\\\/2023\\\/03\\\/coleccion-figuras-vintage-silverhawks-halcones-galacticos-stargazer.jpg\",\"width\":1200,\"height\":300,\"caption\":\"Halcones gal\u00e1cticos - silverhawks coleccion figuras\"},{\"@type\":\"BreadcrumbList\",\"@id\":\"https:\\\/\\\/toyzinger.com\\\/es\\\/silverhawks\\\/#breadcrumb\",\"itemListElement\":[{\"@type\":\"ListItem\",\"position\":1,\"name\":\"Toyzinger\",\"item\":\"https:\\\/\\\/toyzinger.com\\\/es\\\/\"},{\"@type\":\"ListItem\",\"position\":2,\"name\":\"Silverhawks\"}]},{\"@type\":\"WebSite\",\"@id\":\"https:\\\/\\\/toyzinger.com\\\/es\\\/#website\",\"url\":\"https:\\\/\\\/toyzinger.com\\\/es\\\/\",\"name\":\"Toyzinger\",\"description\":\"Coleccionismo de figuras y juguetes\",\"publisher\":{\"@id\":\"https:\\\/\\\/toyzinger.com\\\/es\\\/#organization\"},\"potentialAction\":[{\"@type\":\"SearchAction\",\"target\":{\"@type\":\"EntryPoint\",\"urlTemplate\":\"https:\\\/\\\/toyzinger.com\\\/es\\\/?s={search_term_string}\"},\"query-input\":{\"@type\":\"PropertyValueSpecification\",\"valueRequired\":true,\"valueName\":\"search_term_string\"}}],\"inLanguage\":\"es\"},{\"@type\":\"Organization\",\"@id\":\"https:\\\/\\\/toyzinger.com\\\/es\\\/#organization\",\"name\":\"Toyzinger\",\"url\":\"https:\\\/\\\/toyzinger.com\\\/es\\\/\",\"logo\":{\"@type\":\"ImageObject\",\"inLanguage\":\"es\",\"@id\":\"https:\\\/\\\/toyzinger.com\\\/es\\\/#\\\/schema\\\/logo\\\/image\\\/\",\"url\":\"https:\\\/\\\/toyzinger.com\\\/wp-content\\\/uploads\\\/2022\\\/10\\\/toyzinger_logo.png\",\"contentUrl\":\"https:\\\/\\\/toyzinger.com\\\/wp-content\\\/uploads\\\/2022\\\/10\\\/toyzinger_logo.png\",\"width\":561,\"height\":568,\"caption\":\"Toyzinger\"},\"image\":{\"@id\":\"https:\\\/\\\/toyzinger.com\\\/es\\\/#\\\/schema\\\/logo\\\/image\\\/\"},\"sameAs\":[\"https:\\\/\\\/www.facebook.com\\\/toyzinger\",\"https:\\\/\\\/www.instagram.com\\\/toyzinger_com\\\/\"]}]}<\/script>\n<!-- \/ Yoast SEO plugin. -->","yoast_head_json":{"title":"Silverhawks - Colecci\u00f3n de figuras","description":"Revive la nostalgia de Silverhawks (Halcones Gal\u00e1cticos). Analizamos la franquicia y sus m\u00edticas colecciones de figuras vintage.","robots":{"index":"index","follow":"follow","max-snippet":"max-snippet:-1","max-image-preview":"max-image-preview:large","max-video-preview":"max-video-preview:-1"},"canonical":"https:\/\/toyzinger.com\/es\/silverhawks\/","og_locale":"es_ES","og_type":"article","og_title":"Silverhawks - Colecci\u00f3n de figuras","og_description":"Revive la nostalgia de Silverhawks (Halcones Gal\u00e1cticos). Analizamos la franquicia y sus m\u00edticas colecciones de figuras vintage.","og_url":"https:\/\/toyzinger.com\/es\/silverhawks\/","og_site_name":"Toyzinger","article_publisher":"https:\/\/www.facebook.com\/toyzinger","article_modified_time":"2026-03-11T16:11:05+00:00","og_image":[{"width":1200,"height":300,"url":"https:\/\/toyzinger.com\/wp-content\/uploads\/2023\/03\/coleccion-figuras-vintage-silverhawks-halcones-galacticos-stargazer.jpg","type":"image\/jpeg"}],"twitter_card":"summary_large_image","twitter_misc":{"Tiempo de lectura":"2 minutos"},"schema":{"@context":"https:\/\/schema.org","@graph":[{"@type":"WebPage","@id":"https:\/\/toyzinger.com\/es\/silverhawks\/","url":"https:\/\/toyzinger.com\/es\/silverhawks\/","name":"Silverhawks - Colecci\u00f3n de figuras","isPartOf":{"@id":"https:\/\/toyzinger.com\/es\/#website"},"primaryImageOfPage":{"@id":"https:\/\/toyzinger.com\/es\/silverhawks\/#primaryimage"},"image":{"@id":"https:\/\/toyzinger.com\/es\/silverhawks\/#primaryimage"},"thumbnailUrl":"https:\/\/toyzinger.com\/wp-content\/uploads\/2023\/03\/coleccion-figuras-vintage-silverhawks-halcones-galacticos-stargazer.jpg","datePublished":"2023-03-01T17:13:55+00:00","dateModified":"2026-03-11T16:11:05+00:00","description":"Revive la nostalgia de Silverhawks (Halcones Gal\u00e1cticos). Analizamos la franquicia y sus m\u00edticas colecciones de figuras vintage.","breadcrumb":{"@id":"https:\/\/toyzinger.com\/es\/silverhawks\/#breadcrumb"},"inLanguage":"es","potentialAction":[{"@type":"ReadAction","target":["https:\/\/toyzinger.com\/es\/silverhawks\/"]}]},{"@type":"ImageObject","inLanguage":"es","@id":"https:\/\/toyzinger.com\/es\/silverhawks\/#primaryimage","url":"https:\/\/toyzinger.com\/wp-content\/uploads\/2023\/03\/coleccion-figuras-vintage-silverhawks-halcones-galacticos-stargazer.jpg","contentUrl":"https:\/\/toyzinger.com\/wp-content\/uploads\/2023\/03\/coleccion-figuras-vintage-silverhawks-halcones-galacticos-stargazer.jpg","width":1200,"height":300,"caption":"Halcones gal\u00e1cticos - silverhawks coleccion figuras"},{"@type":"BreadcrumbList","@id":"https:\/\/toyzinger.com\/es\/silverhawks\/#breadcrumb","itemListElement":[{"@type":"ListItem","position":1,"name":"Toyzinger","item":"https:\/\/toyzinger.com\/es\/"},{"@type":"ListItem","position":2,"name":"Silverhawks"}]},{"@type":"WebSite","@id":"https:\/\/toyzinger.com\/es\/#website","url":"https:\/\/toyzinger.com\/es\/","name":"Toyzinger","description":"Coleccionismo de figuras y juguetes","publisher":{"@id":"https:\/\/toyzinger.com\/es\/#organization"},"potentialAction":[{"@type":"SearchAction","target":{"@type":"EntryPoint","urlTemplate":"https:\/\/toyzinger.com\/es\/?s={search_term_string}"},"query-input":{"@type":"PropertyValueSpecification","valueRequired":true,"valueName":"search_term_string"}}],"inLanguage":"es"},{"@type":"Organization","@id":"https:\/\/toyzinger.com\/es\/#organization","name":"Toyzinger","url":"https:\/\/toyzinger.com\/es\/","logo":{"@type":"ImageObject","inLanguage":"es","@id":"https:\/\/toyzinger.com\/es\/#\/schema\/logo\/image\/","url":"https:\/\/toyzinger.com\/wp-content\/uploads\/2022\/10\/toyzinger_logo.png","contentUrl":"https:\/\/toyzinger.com\/wp-content\/uploads\/2022\/10\/toyzinger_logo.png","width":561,"height":568,"caption":"Toyzinger"},"image":{"@id":"https:\/\/toyzinger.com\/es\/#\/schema\/logo\/image\/"},"sameAs":["https:\/\/www.facebook.com\/toyzinger","https:\/\/www.instagram.com\/toyzinger_com\/"]}]}},"coauthors":[],"author_meta":{"author_link":"https:\/\/toyzinger.com\/es\/blog\/author\/toyzinger\/","display_name":"toyzinger"},"relative_dates":{"created":"Publicado 3 a\u00f1os hace","modified":"Actualizado 1 mes hace"},"absolute_dates":{"created":"Publicado el 01\/03\/2023","modified":"Actualizado el 11\/03\/2026"},"absolute_dates_time":{"created":"Publicado el 01\/03\/2023 17:13","modified":"Actualizado el 11\/03\/2026 16:11"},"featured_img_caption":"","featured_img":"https:\/\/toyzinger.com\/wp-content\/uploads\/2023\/03\/coleccion-figuras-vintage-silverhawks-halcones-galacticos-stargazer.jpg","series_order":"","toy_product_id":"","_links":{"self":[{"href":"https:\/\/toyzinger.com\/es\/wp-json\/wp\/v2\/pages\/3675","targetHints":{"allow":["GET"]}}],"collection":[{"href":"https:\/\/toyzinger.com\/es\/wp-json\/wp\/v2\/pages"}],"about":[{"href":"https:\/\/toyzinger.com\/es\/wp-json\/wp\/v2\/types\/page"}],"author":[{"embeddable":true,"href":"https:\/\/toyzinger.com\/es\/wp-json\/wp\/v2\/users\/2"}],"replies":[{"embeddable":true,"href":"https:\/\/toyzinger.com\/es\/wp-json\/wp\/v2\/comments?post=3675"}],"version-history":[{"count":1,"href":"https:\/\/toyzinger.com\/es\/wp-json\/wp\/v2\/pages\/3675\/revisions"}],"predecessor-version":[{"id":33803,"href":"https:\/\/toyzinger.com\/es\/wp-json\/wp\/v2\/pages\/3675\/revisions\/33803"}],"wp:featuredmedia":[{"embeddable":true,"href":"https:\/\/toyzinger.com\/es\/wp-json\/wp\/v2\/media\/3683"}],"wp:attachment":[{"href":"https:\/\/toyzinger.com\/es\/wp-json\/wp\/v2\/media?parent=3675"}],"wp:term":[{"taxonomy":"wf_page_folders","embeddable":true,"href":"https:\/\/toyzinger.com\/es\/wp-json\/wp\/v2\/wf_page_folders?post=3675"}],"curies":[{"name":"wp","href":"https:\/\/api.w.org\/{rel}","templated":true}]}}