{"id":4021,"date":"2023-03-27T11:29:43","date_gmt":"2023-03-27T11:29:43","guid":{"rendered":"https:\/\/toyzinger.com\/?page_id=4021"},"modified":"2026-01-27T15:57:58","modified_gmt":"2026-01-27T15:57:58","slug":"bionic-six","status":"publish","type":"page","link":"https:\/\/toyzinger.com\/es\/bionic-six\/","title":{"rendered":"Bionic six"},"content":{"rendered":"\n<h2 class=\"wp-block-heading\">Colecciones de Figuras de Bionis Six:<\/h2>\n\n\n\n<p><\/p>\n\n\n\n<a class=\"toy-collection__base\" href=\"https:\/\/toyzinger.com\/es\/bionic-six\/checklist-bionic-six\/\"><figure class=\"toy-collection__image\"><img decoding=\"async\" src=\"https:\/\/toyzinger.com\/wp-content\/uploads\/2026\/01\/figura-bionic-six-carded-moc-front-jack-250x300.jpg\" alt=\"Bionic Six - Vintage figure\"\/><\/figure><ul class=\"toy-collection__info\"><li class=\"toy-collection__name\">Bionic Six<\/li><li class=\"toy-collection__manufacturer\">LJN &#8211; (1986)<\/li><\/ul><div class=\"toy-collection__arrow\">\u27a4<\/div><\/a>\n\n\n\n<p><\/p>\n\n\n\n<h2 class=\"wp-block-heading\">Sobre la Franquicia:<\/h2>\n\n\n\n<p><\/p>\n\n\n\n<p><strong>Bionic Six<\/strong> conocida en los pa\u00edses hispanohablantes como <strong>La familia bionica<\/strong> fue una serie de animaci\u00f3n de la \u00e9poca de los 80&#8217;s producida por el estudio \u00ab<em>Tokyo Movie Shinsha Entertainment<\/em>\u00ab, el argumento de la serie trata de un futuro no muy lejano, pasado el 1999, <strong>Jack Bennet<\/strong> y su familia reciben unos implantes bi\u00f3nicos para salvarles la vida, cosa que les da habilidades especiales que usan en la lucha contra alien\u00edgenas y los villanos liderados por el <strong>Dr. Scarab<\/strong>.<\/p>\n\n\n\n<p><\/p>\n\n\n\n<p>La serie tiene un total de 65 episodios divididos en dos temporadas. Aun siendo una serie creada en Jap\u00f3n por el prestigioso director Osamu Dezaki (Golgo 13) no se puede considerar un anime, puesto que fue coproducida en estados unidos donde disfruto de la mayor\u00eda de su \u00e9xito.<\/p>\n\n\n\n<p><\/p>\n\n\n\n<p>Obviamente, como toda serie de los 80 que se precie, una l\u00ednea de figuras fue lanzada junto a la serie.<\/p>\n","protected":false},"excerpt":{"rendered":"<p>Colecciones de Figuras de Bionis Six: Sobre la Franquicia: Bionic Six conocida en los pa\u00edses hispanohablantes como La familia bionica fue una serie de animaci\u00f3n de la \u00e9poca de los 80&#8217;s producida por el estudio \u00abTokyo Movie Shinsha Entertainment\u00ab, el argumento de la serie trata de un futuro no muy lejano, pasado el 1999, Jack [&hellip;]<\/p>\n","protected":false},"author":2,"featured_media":4031,"parent":0,"menu_order":0,"comment_status":"closed","ping_status":"closed","template":"","meta":{"advgb_blocks_editor_width":"","advgb_blocks_columns_visual_guide":"","footnotes":""},"wf_page_folders":[40],"class_list":["post-4021","page","type-page","status-publish","has-post-thumbnail","hentry"],"yoast_head":"<!-- This site is optimized with the Yoast SEO plugin v27.3 - https:\/\/yoast.com\/product\/yoast-seo-wordpress\/ -->\n<title>Bionic six - Toyzinger<\/title>\n<meta name=\"description\" content=\"Bionic Six fue una serie de animaci\u00f3n de la \u00e9poca de los 80&#039;s, repasamos sus colecciones de figuras de acci\u00f3n.\" \/>\n<meta name=\"robots\" content=\"index, follow, max-snippet:-1, max-image-preview:large, max-video-preview:-1\" \/>\n<link rel=\"canonical\" href=\"https:\/\/toyzinger.com\/es\/bionic-six\/\" \/>\n<meta property=\"og:locale\" content=\"es_ES\" \/>\n<meta property=\"og:type\" content=\"article\" \/>\n<meta property=\"og:title\" content=\"Bionic six - Toyzinger\" \/>\n<meta property=\"og:description\" content=\"Bionic Six fue una serie de animaci\u00f3n de la \u00e9poca de los 80&#039;s, repasamos sus colecciones de figuras de acci\u00f3n.\" \/>\n<meta property=\"og:url\" content=\"https:\/\/toyzinger.com\/es\/bionic-six\/\" \/>\n<meta property=\"og:site_name\" content=\"Toyzinger\" \/>\n<meta property=\"article:publisher\" content=\"https:\/\/www.facebook.com\/toyzinger\" \/>\n<meta property=\"article:modified_time\" content=\"2026-01-27T15:57:58+00:00\" \/>\n<meta property=\"og:image\" content=\"https:\/\/toyzinger.com\/wp-content\/uploads\/2023\/03\/bionic-six-figuras-coleccionables-ljn-heroes.jpg\" \/>\n\t<meta property=\"og:image:width\" content=\"1200\" \/>\n\t<meta property=\"og:image:height\" content=\"300\" \/>\n\t<meta property=\"og:image:type\" content=\"image\/jpeg\" \/>\n<meta name=\"twitter:card\" content=\"summary_large_image\" \/>\n<meta name=\"twitter:label1\" content=\"Tiempo de lectura\" \/>\n\t<meta name=\"twitter:data1\" content=\"2 minutos\" \/>\n<script type=\"application\/ld+json\" class=\"yoast-schema-graph\">{\"@context\":\"https:\\\/\\\/schema.org\",\"@graph\":[{\"@type\":\"WebPage\",\"@id\":\"https:\\\/\\\/toyzinger.com\\\/es\\\/bionic-six\\\/\",\"url\":\"https:\\\/\\\/toyzinger.com\\\/es\\\/bionic-six\\\/\",\"name\":\"Bionic six - Toyzinger\",\"isPartOf\":{\"@id\":\"https:\\\/\\\/toyzinger.com\\\/es\\\/#website\"},\"primaryImageOfPage\":{\"@id\":\"https:\\\/\\\/toyzinger.com\\\/es\\\/bionic-six\\\/#primaryimage\"},\"image\":{\"@id\":\"https:\\\/\\\/toyzinger.com\\\/es\\\/bionic-six\\\/#primaryimage\"},\"thumbnailUrl\":\"https:\\\/\\\/toyzinger.com\\\/wp-content\\\/uploads\\\/2023\\\/03\\\/bionic-six-figuras-coleccionables-ljn-heroes.jpg\",\"datePublished\":\"2023-03-27T11:29:43+00:00\",\"dateModified\":\"2026-01-27T15:57:58+00:00\",\"description\":\"Bionic Six fue una serie de animaci\u00f3n de la \u00e9poca de los 80's, repasamos sus colecciones de figuras de acci\u00f3n.\",\"breadcrumb\":{\"@id\":\"https:\\\/\\\/toyzinger.com\\\/es\\\/bionic-six\\\/#breadcrumb\"},\"inLanguage\":\"es\",\"potentialAction\":[{\"@type\":\"ReadAction\",\"target\":[\"https:\\\/\\\/toyzinger.com\\\/es\\\/bionic-six\\\/\"]}]},{\"@type\":\"ImageObject\",\"inLanguage\":\"es\",\"@id\":\"https:\\\/\\\/toyzinger.com\\\/es\\\/bionic-six\\\/#primaryimage\",\"url\":\"https:\\\/\\\/toyzinger.com\\\/wp-content\\\/uploads\\\/2023\\\/03\\\/bionic-six-figuras-coleccionables-ljn-heroes.jpg\",\"contentUrl\":\"https:\\\/\\\/toyzinger.com\\\/wp-content\\\/uploads\\\/2023\\\/03\\\/bionic-six-figuras-coleccionables-ljn-heroes.jpg\",\"width\":1200,\"height\":300,\"caption\":\"Bionic Six - La familia bionica\"},{\"@type\":\"BreadcrumbList\",\"@id\":\"https:\\\/\\\/toyzinger.com\\\/es\\\/bionic-six\\\/#breadcrumb\",\"itemListElement\":[{\"@type\":\"ListItem\",\"position\":1,\"name\":\"Toyzinger\",\"item\":\"https:\\\/\\\/toyzinger.com\\\/es\\\/\"},{\"@type\":\"ListItem\",\"position\":2,\"name\":\"Bionic six\"}]},{\"@type\":\"WebSite\",\"@id\":\"https:\\\/\\\/toyzinger.com\\\/es\\\/#website\",\"url\":\"https:\\\/\\\/toyzinger.com\\\/es\\\/\",\"name\":\"Toyzinger\",\"description\":\"Coleccionismo de figuras y juguetes\",\"publisher\":{\"@id\":\"https:\\\/\\\/toyzinger.com\\\/es\\\/#organization\"},\"potentialAction\":[{\"@type\":\"SearchAction\",\"target\":{\"@type\":\"EntryPoint\",\"urlTemplate\":\"https:\\\/\\\/toyzinger.com\\\/es\\\/?s={search_term_string}\"},\"query-input\":{\"@type\":\"PropertyValueSpecification\",\"valueRequired\":true,\"valueName\":\"search_term_string\"}}],\"inLanguage\":\"es\"},{\"@type\":\"Organization\",\"@id\":\"https:\\\/\\\/toyzinger.com\\\/es\\\/#organization\",\"name\":\"Toyzinger\",\"url\":\"https:\\\/\\\/toyzinger.com\\\/es\\\/\",\"logo\":{\"@type\":\"ImageObject\",\"inLanguage\":\"es\",\"@id\":\"https:\\\/\\\/toyzinger.com\\\/es\\\/#\\\/schema\\\/logo\\\/image\\\/\",\"url\":\"https:\\\/\\\/toyzinger.com\\\/wp-content\\\/uploads\\\/2022\\\/10\\\/toyzinger_logo.png\",\"contentUrl\":\"https:\\\/\\\/toyzinger.com\\\/wp-content\\\/uploads\\\/2022\\\/10\\\/toyzinger_logo.png\",\"width\":561,\"height\":568,\"caption\":\"Toyzinger\"},\"image\":{\"@id\":\"https:\\\/\\\/toyzinger.com\\\/es\\\/#\\\/schema\\\/logo\\\/image\\\/\"},\"sameAs\":[\"https:\\\/\\\/www.facebook.com\\\/toyzinger\",\"https:\\\/\\\/www.instagram.com\\\/toyzinger_com\\\/\"]}]}<\/script>\n<!-- \/ Yoast SEO plugin. -->","yoast_head_json":{"title":"Bionic six - Toyzinger","description":"Bionic Six fue una serie de animaci\u00f3n de la \u00e9poca de los 80's, repasamos sus colecciones de figuras de acci\u00f3n.","robots":{"index":"index","follow":"follow","max-snippet":"max-snippet:-1","max-image-preview":"max-image-preview:large","max-video-preview":"max-video-preview:-1"},"canonical":"https:\/\/toyzinger.com\/es\/bionic-six\/","og_locale":"es_ES","og_type":"article","og_title":"Bionic six - Toyzinger","og_description":"Bionic Six fue una serie de animaci\u00f3n de la \u00e9poca de los 80's, repasamos sus colecciones de figuras de acci\u00f3n.","og_url":"https:\/\/toyzinger.com\/es\/bionic-six\/","og_site_name":"Toyzinger","article_publisher":"https:\/\/www.facebook.com\/toyzinger","article_modified_time":"2026-01-27T15:57:58+00:00","og_image":[{"width":1200,"height":300,"url":"https:\/\/toyzinger.com\/wp-content\/uploads\/2023\/03\/bionic-six-figuras-coleccionables-ljn-heroes.jpg","type":"image\/jpeg"}],"twitter_card":"summary_large_image","twitter_misc":{"Tiempo de lectura":"2 minutos"},"schema":{"@context":"https:\/\/schema.org","@graph":[{"@type":"WebPage","@id":"https:\/\/toyzinger.com\/es\/bionic-six\/","url":"https:\/\/toyzinger.com\/es\/bionic-six\/","name":"Bionic six - Toyzinger","isPartOf":{"@id":"https:\/\/toyzinger.com\/es\/#website"},"primaryImageOfPage":{"@id":"https:\/\/toyzinger.com\/es\/bionic-six\/#primaryimage"},"image":{"@id":"https:\/\/toyzinger.com\/es\/bionic-six\/#primaryimage"},"thumbnailUrl":"https:\/\/toyzinger.com\/wp-content\/uploads\/2023\/03\/bionic-six-figuras-coleccionables-ljn-heroes.jpg","datePublished":"2023-03-27T11:29:43+00:00","dateModified":"2026-01-27T15:57:58+00:00","description":"Bionic Six fue una serie de animaci\u00f3n de la \u00e9poca de los 80's, repasamos sus colecciones de figuras de acci\u00f3n.","breadcrumb":{"@id":"https:\/\/toyzinger.com\/es\/bionic-six\/#breadcrumb"},"inLanguage":"es","potentialAction":[{"@type":"ReadAction","target":["https:\/\/toyzinger.com\/es\/bionic-six\/"]}]},{"@type":"ImageObject","inLanguage":"es","@id":"https:\/\/toyzinger.com\/es\/bionic-six\/#primaryimage","url":"https:\/\/toyzinger.com\/wp-content\/uploads\/2023\/03\/bionic-six-figuras-coleccionables-ljn-heroes.jpg","contentUrl":"https:\/\/toyzinger.com\/wp-content\/uploads\/2023\/03\/bionic-six-figuras-coleccionables-ljn-heroes.jpg","width":1200,"height":300,"caption":"Bionic Six - La familia bionica"},{"@type":"BreadcrumbList","@id":"https:\/\/toyzinger.com\/es\/bionic-six\/#breadcrumb","itemListElement":[{"@type":"ListItem","position":1,"name":"Toyzinger","item":"https:\/\/toyzinger.com\/es\/"},{"@type":"ListItem","position":2,"name":"Bionic six"}]},{"@type":"WebSite","@id":"https:\/\/toyzinger.com\/es\/#website","url":"https:\/\/toyzinger.com\/es\/","name":"Toyzinger","description":"Coleccionismo de figuras y juguetes","publisher":{"@id":"https:\/\/toyzinger.com\/es\/#organization"},"potentialAction":[{"@type":"SearchAction","target":{"@type":"EntryPoint","urlTemplate":"https:\/\/toyzinger.com\/es\/?s={search_term_string}"},"query-input":{"@type":"PropertyValueSpecification","valueRequired":true,"valueName":"search_term_string"}}],"inLanguage":"es"},{"@type":"Organization","@id":"https:\/\/toyzinger.com\/es\/#organization","name":"Toyzinger","url":"https:\/\/toyzinger.com\/es\/","logo":{"@type":"ImageObject","inLanguage":"es","@id":"https:\/\/toyzinger.com\/es\/#\/schema\/logo\/image\/","url":"https:\/\/toyzinger.com\/wp-content\/uploads\/2022\/10\/toyzinger_logo.png","contentUrl":"https:\/\/toyzinger.com\/wp-content\/uploads\/2022\/10\/toyzinger_logo.png","width":561,"height":568,"caption":"Toyzinger"},"image":{"@id":"https:\/\/toyzinger.com\/es\/#\/schema\/logo\/image\/"},"sameAs":["https:\/\/www.facebook.com\/toyzinger","https:\/\/www.instagram.com\/toyzinger_com\/"]}]}},"coauthors":[],"author_meta":{"author_link":"https:\/\/toyzinger.com\/es\/blog\/author\/toyzinger\/","display_name":"toyzinger"},"relative_dates":{"created":"Publicado 3 a\u00f1os hace","modified":"Actualizado 2 meses hace"},"absolute_dates":{"created":"Publicado el 27\/03\/2023","modified":"Actualizado el 27\/01\/2026"},"absolute_dates_time":{"created":"Publicado el 27\/03\/2023 11:29","modified":"Actualizado el 27\/01\/2026 15:57"},"featured_img_caption":"","featured_img":"https:\/\/toyzinger.com\/wp-content\/uploads\/2023\/03\/bionic-six-figuras-coleccionables-ljn-heroes.jpg","series_order":"","toy_product_id":"","_links":{"self":[{"href":"https:\/\/toyzinger.com\/es\/wp-json\/wp\/v2\/pages\/4021","targetHints":{"allow":["GET"]}}],"collection":[{"href":"https:\/\/toyzinger.com\/es\/wp-json\/wp\/v2\/pages"}],"about":[{"href":"https:\/\/toyzinger.com\/es\/wp-json\/wp\/v2\/types\/page"}],"author":[{"embeddable":true,"href":"https:\/\/toyzinger.com\/es\/wp-json\/wp\/v2\/users\/2"}],"replies":[{"embeddable":true,"href":"https:\/\/toyzinger.com\/es\/wp-json\/wp\/v2\/comments?post=4021"}],"version-history":[{"count":4,"href":"https:\/\/toyzinger.com\/es\/wp-json\/wp\/v2\/pages\/4021\/revisions"}],"predecessor-version":[{"id":32999,"href":"https:\/\/toyzinger.com\/es\/wp-json\/wp\/v2\/pages\/4021\/revisions\/32999"}],"wp:featuredmedia":[{"embeddable":true,"href":"https:\/\/toyzinger.com\/es\/wp-json\/wp\/v2\/media\/4031"}],"wp:attachment":[{"href":"https:\/\/toyzinger.com\/es\/wp-json\/wp\/v2\/media?parent=4021"}],"wp:term":[{"taxonomy":"wf_page_folders","embeddable":true,"href":"https:\/\/toyzinger.com\/es\/wp-json\/wp\/v2\/wf_page_folders?post=4021"}],"curies":[{"name":"wp","href":"https:\/\/api.w.org\/{rel}","templated":true}]}}