{"id":4153,"date":"2023-03-28T13:39:22","date_gmt":"2023-03-28T13:39:22","guid":{"rendered":"https:\/\/toyzinger.com\/?page_id=4153"},"modified":"2026-01-05T21:12:48","modified_gmt":"2026-01-05T21:12:48","slug":"flying-laser-throne","status":"publish","type":"page","link":"https:\/\/toyzinger.com\/es\/bionic-six\/checklist-bionic-six\/flying-laser-throne\/","title":{"rendered":"Flying Laser Throne"},"content":{"rendered":"\n<p> <\/p>\n","protected":false},"excerpt":{"rendered":"","protected":false},"author":2,"featured_media":4031,"parent":4023,"menu_order":203,"comment_status":"closed","ping_status":"closed","template":"page_product.php","meta":{"advgb_blocks_editor_width":"","advgb_blocks_columns_visual_guide":"","footnotes":""},"wf_page_folders":[1116],"class_list":["post-4153","page","type-page","status-publish","has-post-thumbnail","hentry"],"yoast_head":"<!-- This site is optimized with the Yoast SEO plugin v27.3 - https:\/\/yoast.com\/product\/yoast-seo-wordpress\/ -->\n<title>Flying Laser Throne - Figura Bionic Six<\/title>\n<meta name=\"description\" content=\"Veh\u00edculo Flying Laser Throne de la colecci\u00f3n Bionic Six vintage - Base de datos de figuras y juguetes coleccionables de los a\u00f1os 80 y 90\" \/>\n<meta name=\"robots\" content=\"index, follow, max-snippet:-1, max-image-preview:large, max-video-preview:-1\" \/>\n<link rel=\"canonical\" href=\"https:\/\/toyzinger.com\/es\/bionic-six\/checklist-bionic-six\/flying-laser-throne\/\" \/>\n<meta property=\"og:locale\" content=\"es_ES\" \/>\n<meta property=\"og:type\" content=\"article\" \/>\n<meta property=\"og:title\" content=\"Flying Laser Throne - Figura Bionic Six\" \/>\n<meta property=\"og:description\" content=\"Veh\u00edculo Flying Laser Throne de la colecci\u00f3n Bionic Six vintage - Base de datos de figuras y juguetes coleccionables de los a\u00f1os 80 y 90\" \/>\n<meta property=\"og:url\" content=\"https:\/\/toyzinger.com\/es\/bionic-six\/checklist-bionic-six\/flying-laser-throne\/\" \/>\n<meta property=\"og:site_name\" content=\"Toyzinger\" \/>\n<meta property=\"article:publisher\" content=\"https:\/\/www.facebook.com\/toyzinger\" \/>\n<meta property=\"article:modified_time\" content=\"2026-01-05T21:12:48+00:00\" \/>\n<meta property=\"og:image\" content=\"https:\/\/toyzinger.com\/wp-content\/uploads\/2023\/03\/bionic-six-figuras-coleccionables-ljn-heroes.jpg\" \/>\n\t<meta property=\"og:image:width\" content=\"1200\" \/>\n\t<meta property=\"og:image:height\" content=\"300\" \/>\n\t<meta property=\"og:image:type\" content=\"image\/jpeg\" \/>\n<meta name=\"twitter:card\" content=\"summary_large_image\" \/>\n<meta name=\"twitter:label1\" content=\"Tiempo de lectura\" \/>\n\t<meta name=\"twitter:data1\" content=\"1 minuto\" \/>\n<script type=\"application\/ld+json\" class=\"yoast-schema-graph\">{\"@context\":\"https:\\\/\\\/schema.org\",\"@graph\":[{\"@type\":\"WebPage\",\"@id\":\"https:\\\/\\\/toyzinger.com\\\/es\\\/bionic-six\\\/checklist-bionic-six\\\/flying-laser-throne\\\/\",\"url\":\"https:\\\/\\\/toyzinger.com\\\/es\\\/bionic-six\\\/checklist-bionic-six\\\/flying-laser-throne\\\/\",\"name\":\"Flying Laser Throne - Figura Bionic Six\",\"isPartOf\":{\"@id\":\"https:\\\/\\\/toyzinger.com\\\/es\\\/#website\"},\"primaryImageOfPage\":{\"@id\":\"https:\\\/\\\/toyzinger.com\\\/es\\\/bionic-six\\\/checklist-bionic-six\\\/flying-laser-throne\\\/#primaryimage\"},\"image\":{\"@id\":\"https:\\\/\\\/toyzinger.com\\\/es\\\/bionic-six\\\/checklist-bionic-six\\\/flying-laser-throne\\\/#primaryimage\"},\"thumbnailUrl\":\"https:\\\/\\\/toyzinger.com\\\/wp-content\\\/uploads\\\/2023\\\/03\\\/bionic-six-figuras-coleccionables-ljn-heroes.jpg\",\"datePublished\":\"2023-03-28T13:39:22+00:00\",\"dateModified\":\"2026-01-05T21:12:48+00:00\",\"description\":\"Veh\u00edculo Flying Laser Throne de la colecci\u00f3n Bionic Six vintage - Base de datos de figuras y juguetes coleccionables de los a\u00f1os 80 y 90\",\"breadcrumb\":{\"@id\":\"https:\\\/\\\/toyzinger.com\\\/es\\\/bionic-six\\\/checklist-bionic-six\\\/flying-laser-throne\\\/#breadcrumb\"},\"inLanguage\":\"es\",\"potentialAction\":[{\"@type\":\"ReadAction\",\"target\":[\"https:\\\/\\\/toyzinger.com\\\/es\\\/bionic-six\\\/checklist-bionic-six\\\/flying-laser-throne\\\/\"]}]},{\"@type\":\"ImageObject\",\"inLanguage\":\"es\",\"@id\":\"https:\\\/\\\/toyzinger.com\\\/es\\\/bionic-six\\\/checklist-bionic-six\\\/flying-laser-throne\\\/#primaryimage\",\"url\":\"https:\\\/\\\/toyzinger.com\\\/wp-content\\\/uploads\\\/2023\\\/03\\\/bionic-six-figuras-coleccionables-ljn-heroes.jpg\",\"contentUrl\":\"https:\\\/\\\/toyzinger.com\\\/wp-content\\\/uploads\\\/2023\\\/03\\\/bionic-six-figuras-coleccionables-ljn-heroes.jpg\",\"width\":1200,\"height\":300,\"caption\":\"Bionic Six - La familia bionica\"},{\"@type\":\"BreadcrumbList\",\"@id\":\"https:\\\/\\\/toyzinger.com\\\/es\\\/bionic-six\\\/checklist-bionic-six\\\/flying-laser-throne\\\/#breadcrumb\",\"itemListElement\":[{\"@type\":\"ListItem\",\"position\":1,\"name\":\"Toyzinger\",\"item\":\"https:\\\/\\\/toyzinger.com\\\/es\\\/\"},{\"@type\":\"ListItem\",\"position\":2,\"name\":\"Bionic six\",\"item\":\"https:\\\/\\\/toyzinger.com\\\/es\\\/bionic-six\\\/\"},{\"@type\":\"ListItem\",\"position\":3,\"name\":\"Bionic six &#8211; LJN\",\"item\":\"https:\\\/\\\/toyzinger.com\\\/es\\\/bionic-six\\\/checklist-bionic-six\\\/\"},{\"@type\":\"ListItem\",\"position\":4,\"name\":\"Flying Laser Throne\"}]},{\"@type\":\"WebSite\",\"@id\":\"https:\\\/\\\/toyzinger.com\\\/es\\\/#website\",\"url\":\"https:\\\/\\\/toyzinger.com\\\/es\\\/\",\"name\":\"Toyzinger\",\"description\":\"Coleccionismo de figuras y juguetes\",\"publisher\":{\"@id\":\"https:\\\/\\\/toyzinger.com\\\/es\\\/#organization\"},\"potentialAction\":[{\"@type\":\"SearchAction\",\"target\":{\"@type\":\"EntryPoint\",\"urlTemplate\":\"https:\\\/\\\/toyzinger.com\\\/es\\\/?s={search_term_string}\"},\"query-input\":{\"@type\":\"PropertyValueSpecification\",\"valueRequired\":true,\"valueName\":\"search_term_string\"}}],\"inLanguage\":\"es\"},{\"@type\":\"Organization\",\"@id\":\"https:\\\/\\\/toyzinger.com\\\/es\\\/#organization\",\"name\":\"Toyzinger\",\"url\":\"https:\\\/\\\/toyzinger.com\\\/es\\\/\",\"logo\":{\"@type\":\"ImageObject\",\"inLanguage\":\"es\",\"@id\":\"https:\\\/\\\/toyzinger.com\\\/es\\\/#\\\/schema\\\/logo\\\/image\\\/\",\"url\":\"https:\\\/\\\/toyzinger.com\\\/wp-content\\\/uploads\\\/2022\\\/10\\\/toyzinger_logo.png\",\"contentUrl\":\"https:\\\/\\\/toyzinger.com\\\/wp-content\\\/uploads\\\/2022\\\/10\\\/toyzinger_logo.png\",\"width\":561,\"height\":568,\"caption\":\"Toyzinger\"},\"image\":{\"@id\":\"https:\\\/\\\/toyzinger.com\\\/es\\\/#\\\/schema\\\/logo\\\/image\\\/\"},\"sameAs\":[\"https:\\\/\\\/www.facebook.com\\\/toyzinger\",\"https:\\\/\\\/www.instagram.com\\\/toyzinger_com\\\/\"]}]}<\/script>\n<!-- \/ Yoast SEO plugin. -->","yoast_head_json":{"title":"Flying Laser Throne - Figura Bionic Six","description":"Veh\u00edculo Flying Laser Throne de la colecci\u00f3n Bionic Six vintage - Base de datos de figuras y juguetes coleccionables de los a\u00f1os 80 y 90","robots":{"index":"index","follow":"follow","max-snippet":"max-snippet:-1","max-image-preview":"max-image-preview:large","max-video-preview":"max-video-preview:-1"},"canonical":"https:\/\/toyzinger.com\/es\/bionic-six\/checklist-bionic-six\/flying-laser-throne\/","og_locale":"es_ES","og_type":"article","og_title":"Flying Laser Throne - Figura Bionic Six","og_description":"Veh\u00edculo Flying Laser Throne de la colecci\u00f3n Bionic Six vintage - Base de datos de figuras y juguetes coleccionables de los a\u00f1os 80 y 90","og_url":"https:\/\/toyzinger.com\/es\/bionic-six\/checklist-bionic-six\/flying-laser-throne\/","og_site_name":"Toyzinger","article_publisher":"https:\/\/www.facebook.com\/toyzinger","article_modified_time":"2026-01-05T21:12:48+00:00","og_image":[{"width":1200,"height":300,"url":"https:\/\/toyzinger.com\/wp-content\/uploads\/2023\/03\/bionic-six-figuras-coleccionables-ljn-heroes.jpg","type":"image\/jpeg"}],"twitter_card":"summary_large_image","twitter_misc":{"Tiempo de lectura":"1 minuto"},"schema":{"@context":"https:\/\/schema.org","@graph":[{"@type":"WebPage","@id":"https:\/\/toyzinger.com\/es\/bionic-six\/checklist-bionic-six\/flying-laser-throne\/","url":"https:\/\/toyzinger.com\/es\/bionic-six\/checklist-bionic-six\/flying-laser-throne\/","name":"Flying Laser Throne - Figura Bionic Six","isPartOf":{"@id":"https:\/\/toyzinger.com\/es\/#website"},"primaryImageOfPage":{"@id":"https:\/\/toyzinger.com\/es\/bionic-six\/checklist-bionic-six\/flying-laser-throne\/#primaryimage"},"image":{"@id":"https:\/\/toyzinger.com\/es\/bionic-six\/checklist-bionic-six\/flying-laser-throne\/#primaryimage"},"thumbnailUrl":"https:\/\/toyzinger.com\/wp-content\/uploads\/2023\/03\/bionic-six-figuras-coleccionables-ljn-heroes.jpg","datePublished":"2023-03-28T13:39:22+00:00","dateModified":"2026-01-05T21:12:48+00:00","description":"Veh\u00edculo Flying Laser Throne de la colecci\u00f3n Bionic Six vintage - Base de datos de figuras y juguetes coleccionables de los a\u00f1os 80 y 90","breadcrumb":{"@id":"https:\/\/toyzinger.com\/es\/bionic-six\/checklist-bionic-six\/flying-laser-throne\/#breadcrumb"},"inLanguage":"es","potentialAction":[{"@type":"ReadAction","target":["https:\/\/toyzinger.com\/es\/bionic-six\/checklist-bionic-six\/flying-laser-throne\/"]}]},{"@type":"ImageObject","inLanguage":"es","@id":"https:\/\/toyzinger.com\/es\/bionic-six\/checklist-bionic-six\/flying-laser-throne\/#primaryimage","url":"https:\/\/toyzinger.com\/wp-content\/uploads\/2023\/03\/bionic-six-figuras-coleccionables-ljn-heroes.jpg","contentUrl":"https:\/\/toyzinger.com\/wp-content\/uploads\/2023\/03\/bionic-six-figuras-coleccionables-ljn-heroes.jpg","width":1200,"height":300,"caption":"Bionic Six - La familia bionica"},{"@type":"BreadcrumbList","@id":"https:\/\/toyzinger.com\/es\/bionic-six\/checklist-bionic-six\/flying-laser-throne\/#breadcrumb","itemListElement":[{"@type":"ListItem","position":1,"name":"Toyzinger","item":"https:\/\/toyzinger.com\/es\/"},{"@type":"ListItem","position":2,"name":"Bionic six","item":"https:\/\/toyzinger.com\/es\/bionic-six\/"},{"@type":"ListItem","position":3,"name":"Bionic six &#8211; LJN","item":"https:\/\/toyzinger.com\/es\/bionic-six\/checklist-bionic-six\/"},{"@type":"ListItem","position":4,"name":"Flying Laser Throne"}]},{"@type":"WebSite","@id":"https:\/\/toyzinger.com\/es\/#website","url":"https:\/\/toyzinger.com\/es\/","name":"Toyzinger","description":"Coleccionismo de figuras y juguetes","publisher":{"@id":"https:\/\/toyzinger.com\/es\/#organization"},"potentialAction":[{"@type":"SearchAction","target":{"@type":"EntryPoint","urlTemplate":"https:\/\/toyzinger.com\/es\/?s={search_term_string}"},"query-input":{"@type":"PropertyValueSpecification","valueRequired":true,"valueName":"search_term_string"}}],"inLanguage":"es"},{"@type":"Organization","@id":"https:\/\/toyzinger.com\/es\/#organization","name":"Toyzinger","url":"https:\/\/toyzinger.com\/es\/","logo":{"@type":"ImageObject","inLanguage":"es","@id":"https:\/\/toyzinger.com\/es\/#\/schema\/logo\/image\/","url":"https:\/\/toyzinger.com\/wp-content\/uploads\/2022\/10\/toyzinger_logo.png","contentUrl":"https:\/\/toyzinger.com\/wp-content\/uploads\/2022\/10\/toyzinger_logo.png","width":561,"height":568,"caption":"Toyzinger"},"image":{"@id":"https:\/\/toyzinger.com\/es\/#\/schema\/logo\/image\/"},"sameAs":["https:\/\/www.facebook.com\/toyzinger","https:\/\/www.instagram.com\/toyzinger_com\/"]}]}},"coauthors":[],"author_meta":{"author_link":"https:\/\/toyzinger.com\/es\/blog\/author\/toyzinger\/","display_name":"toyzinger"},"relative_dates":{"created":"Publicado 3 a\u00f1os hace","modified":"Actualizado 3 meses hace"},"absolute_dates":{"created":"Publicado el 28\/03\/2023","modified":"Actualizado el 05\/01\/2026"},"absolute_dates_time":{"created":"Publicado el 28\/03\/2023 13:39","modified":"Actualizado el 05\/01\/2026 21:12"},"featured_img_caption":"","featured_img":"https:\/\/toyzinger.com\/wp-content\/uploads\/2023\/03\/bionic-six-figuras-coleccionables-ljn-heroes.jpg","series_order":"","toy_product_id":"0LubHUP3w2fDXboGA6Ld","_links":{"self":[{"href":"https:\/\/toyzinger.com\/es\/wp-json\/wp\/v2\/pages\/4153","targetHints":{"allow":["GET"]}}],"collection":[{"href":"https:\/\/toyzinger.com\/es\/wp-json\/wp\/v2\/pages"}],"about":[{"href":"https:\/\/toyzinger.com\/es\/wp-json\/wp\/v2\/types\/page"}],"author":[{"embeddable":true,"href":"https:\/\/toyzinger.com\/es\/wp-json\/wp\/v2\/users\/2"}],"replies":[{"embeddable":true,"href":"https:\/\/toyzinger.com\/es\/wp-json\/wp\/v2\/comments?post=4153"}],"version-history":[{"count":1,"href":"https:\/\/toyzinger.com\/es\/wp-json\/wp\/v2\/pages\/4153\/revisions"}],"predecessor-version":[{"id":32372,"href":"https:\/\/toyzinger.com\/es\/wp-json\/wp\/v2\/pages\/4153\/revisions\/32372"}],"up":[{"embeddable":true,"href":"https:\/\/toyzinger.com\/es\/wp-json\/wp\/v2\/pages\/4023"}],"wp:featuredmedia":[{"embeddable":true,"href":"https:\/\/toyzinger.com\/es\/wp-json\/wp\/v2\/media\/4031"}],"wp:attachment":[{"href":"https:\/\/toyzinger.com\/es\/wp-json\/wp\/v2\/media?parent=4153"}],"wp:term":[{"taxonomy":"wf_page_folders","embeddable":true,"href":"https:\/\/toyzinger.com\/es\/wp-json\/wp\/v2\/wf_page_folders?post=4153"}],"curies":[{"name":"wp","href":"https:\/\/api.w.org\/{rel}","templated":true}]}}