{"id":4455,"date":"2023-04-05T11:06:24","date_gmt":"2023-04-05T11:06:24","guid":{"rendered":"https:\/\/toyzinger.com\/?page_id=4455"},"modified":"2026-03-11T14:49:34","modified_gmt":"2026-03-11T14:49:34","slug":"samurai-troopers","status":"publish","type":"page","link":"https:\/\/toyzinger.com\/es\/samurai-troopers\/","title":{"rendered":"Samurai Troopers"},"content":{"rendered":"\n<h2 class=\"wp-block-heading\">Colecciones de Figuras de Samurai Troopers:<\/h2>\n\n\n\n<p><\/p>\n\n\n\n<a class=\"toy-collection__base\" href=\"https:\/\/toyzinger.com\/es\/samurai-troopers\/checklist-samurai-troopers-chodando\/\"><figure class=\"toy-collection__image\"><img decoding=\"async\" src=\"https:\/\/toyzinger.com\/wp-content\/uploads\/2026\/03\/samurai-troopers-ryo-takara-1988-box-250x300.webp\" alt=\"Samurai Troopers Figure\"\/><\/figure><ul class=\"toy-collection__info\"><li class=\"toy-collection__name\">Chodando Power Action Figure Series<\/li><li class=\"toy-collection__manufacturer\">Takara &#8211; (1988)<\/li><\/ul><div class=\"toy-collection__arrow\">\u27a4<\/div><\/a>\n\n\n\n<a class=\"toy-collection__base\" href=\"https:\/\/toyzinger.com\/es\/samurai-troopers\/checklist-ronin-warriors\/\"><figure class=\"toy-collection__image\"><img decoding=\"async\" src=\"https:\/\/toyzinger.com\/wp-content\/uploads\/2026\/03\/ronin-warriors-playmates-coleccion-figuras-carded-ryo-front-250x300.jpg\" alt=\"Ronin Warriors Figure\"\/><\/figure><ul class=\"toy-collection__info\"><li class=\"toy-collection__name\">Ronin Warriors<\/li><li class=\"toy-collection__manufacturer\">Playmates &#8211; (1995)<\/li><\/ul><div class=\"toy-collection__arrow\">\u27a4<\/div><\/a>\n\n\n\n<a class=\"toy-collection__base\" href=\"https:\/\/toyzinger.com\/es\/samurai-troopers\/checklist-armor-plus\/\"><figure class=\"toy-collection__image\"><img decoding=\"async\" src=\"https:\/\/toyzinger.com\/wp-content\/uploads\/2026\/03\/samurai-troopers-armor-plus-ryo-box-250x300.webp\" alt=\"Samurai Troopers Figure\"\/><\/figure><ul class=\"toy-collection__info\"><li class=\"toy-collection__name\">Armor Plus<\/li><li class=\"toy-collection__manufacturer\">Bandai \/ Tamshii Nation &#8211; (2009-2020)<\/li><\/ul><div class=\"toy-collection__arrow\">\u27a4<\/div><\/a>\n\n\n\n<a class=\"toy-collection__base\" href=\"https:\/\/toyzinger.com\/es\/samurai-troopers\/checklist-chou-dan-kadou-sentinel\/\"><figure class=\"toy-collection__image\"><img decoding=\"async\" src=\"https:\/\/toyzinger.com\/wp-content\/uploads\/2026\/03\/ronin-warriors-sentinel-ryo-box-250x300.webp\" alt=\"Samurai Troopers Figure\"\/><\/figure><ul class=\"toy-collection__info\"><li class=\"toy-collection__name\">CHOU-DAN-KADOU<\/li><li class=\"toy-collection__manufacturer\">Sentinel Toys &#8211; (2019-2024)<\/li><\/ul><div class=\"toy-collection__arrow\">\u27a4<\/div><\/a>\n\n\n\n<p><\/p>\n\n\n\n<h2 class=\"wp-block-heading\">Sobre la Franquicia:<\/h2>\n\n\n\n<p><\/p>\n\n\n\n<p><a href=\"https:\/\/toyzinger.com\/blog\/yoroiden-samurai-troopers\/\">Yoroiden Samurai Troopers<\/a>, tambi\u00e9n llamada <strong>Los 5 samur\u00e1is<\/strong> en Espa\u00f1a, <strong>Samurai Warriors<\/strong> en Latinoam\u00e9rica y <strong>Ronin Warrior<\/strong> en Estados Unidos, es una serie de anime japonesa de 39 episodios cuya producci\u00f3n comenz\u00f3 en 1988.<\/p>\n\n\n\n<p><\/p>\n\n\n\n<p>Hablamos m\u00e1s detalladamente de esta franquicia en nuestro post del blog <a href=\"https:\/\/toyzinger.com\/blog\/yoroiden-samurai-troopers\/\">Yoroiden Samurai Troopers<\/a><\/p>\n\n\n\n<p><\/p>\n\n\n\n<p>Como todo buen anime que se precie, varias l\u00edneas de figuras coleccionables han sido lanzadas al mercado.<\/p>\n","protected":false},"excerpt":{"rendered":"<p>Colecciones de Figuras de Samurai Troopers: Sobre la Franquicia: Yoroiden Samurai Troopers, tambi\u00e9n llamada Los 5 samur\u00e1is en Espa\u00f1a, Samurai Warriors en Latinoam\u00e9rica y Ronin Warrior en Estados Unidos, es una serie de anime japonesa de 39 episodios cuya producci\u00f3n comenz\u00f3 en 1988. Hablamos m\u00e1s detalladamente de esta franquicia en nuestro post del blog Yoroiden [&hellip;]<\/p>\n","protected":false},"author":2,"featured_media":4462,"parent":0,"menu_order":0,"comment_status":"closed","ping_status":"closed","template":"","meta":{"advgb_blocks_editor_width":"","advgb_blocks_columns_visual_guide":"","footnotes":""},"wf_page_folders":[408],"class_list":["post-4455","page","type-page","status-publish","has-post-thumbnail","hentry"],"yoast_head":"<!-- This site is optimized with the Yoast SEO plugin v27.3 - https:\/\/yoast.com\/product\/yoast-seo-wordpress\/ -->\n<title>Samurai Troopers - Toyzinger<\/title>\n<meta name=\"description\" content=\"Samurai Troopers, repasamos la franquicia y sus lineas de figuras de acci\u00f3n coleccionables - Base de datos de figuras de los 80 y 90.\" \/>\n<meta name=\"robots\" content=\"index, follow, max-snippet:-1, max-image-preview:large, max-video-preview:-1\" \/>\n<link rel=\"canonical\" href=\"https:\/\/toyzinger.com\/es\/samurai-troopers\/\" \/>\n<meta property=\"og:locale\" content=\"es_ES\" \/>\n<meta property=\"og:type\" content=\"article\" \/>\n<meta property=\"og:title\" content=\"Samurai Troopers - Toyzinger\" \/>\n<meta property=\"og:description\" content=\"Samurai Troopers, repasamos la franquicia y sus lineas de figuras de acci\u00f3n coleccionables - Base de datos de figuras de los 80 y 90.\" \/>\n<meta property=\"og:url\" content=\"https:\/\/toyzinger.com\/es\/samurai-troopers\/\" \/>\n<meta property=\"og:site_name\" content=\"Toyzinger\" \/>\n<meta property=\"article:publisher\" content=\"https:\/\/www.facebook.com\/toyzinger\" \/>\n<meta property=\"article:modified_time\" content=\"2026-03-11T14:49:34+00:00\" \/>\n<meta property=\"og:image\" content=\"https:\/\/toyzinger.com\/wp-content\/uploads\/2023\/04\/samurai-troopers-ronin-warrior-figuras-coleccion-ryo.jpg\" \/>\n\t<meta property=\"og:image:width\" content=\"1200\" \/>\n\t<meta property=\"og:image:height\" content=\"300\" \/>\n\t<meta property=\"og:image:type\" content=\"image\/jpeg\" \/>\n<meta name=\"twitter:card\" content=\"summary_large_image\" \/>\n<meta name=\"twitter:label1\" content=\"Tiempo de lectura\" \/>\n\t<meta name=\"twitter:data1\" content=\"2 minutos\" \/>\n<script type=\"application\/ld+json\" class=\"yoast-schema-graph\">{\"@context\":\"https:\\\/\\\/schema.org\",\"@graph\":[{\"@type\":\"WebPage\",\"@id\":\"https:\\\/\\\/toyzinger.com\\\/es\\\/samurai-troopers\\\/\",\"url\":\"https:\\\/\\\/toyzinger.com\\\/es\\\/samurai-troopers\\\/\",\"name\":\"Samurai Troopers - Toyzinger\",\"isPartOf\":{\"@id\":\"https:\\\/\\\/toyzinger.com\\\/es\\\/#website\"},\"primaryImageOfPage\":{\"@id\":\"https:\\\/\\\/toyzinger.com\\\/es\\\/samurai-troopers\\\/#primaryimage\"},\"image\":{\"@id\":\"https:\\\/\\\/toyzinger.com\\\/es\\\/samurai-troopers\\\/#primaryimage\"},\"thumbnailUrl\":\"https:\\\/\\\/toyzinger.com\\\/wp-content\\\/uploads\\\/2023\\\/04\\\/samurai-troopers-ronin-warrior-figuras-coleccion-ryo.jpg\",\"datePublished\":\"2023-04-05T11:06:24+00:00\",\"dateModified\":\"2026-03-11T14:49:34+00:00\",\"description\":\"Samurai Troopers, repasamos la franquicia y sus lineas de figuras de acci\u00f3n coleccionables - Base de datos de figuras de los 80 y 90.\",\"breadcrumb\":{\"@id\":\"https:\\\/\\\/toyzinger.com\\\/es\\\/samurai-troopers\\\/#breadcrumb\"},\"inLanguage\":\"es\",\"potentialAction\":[{\"@type\":\"ReadAction\",\"target\":[\"https:\\\/\\\/toyzinger.com\\\/es\\\/samurai-troopers\\\/\"]}]},{\"@type\":\"ImageObject\",\"inLanguage\":\"es\",\"@id\":\"https:\\\/\\\/toyzinger.com\\\/es\\\/samurai-troopers\\\/#primaryimage\",\"url\":\"https:\\\/\\\/toyzinger.com\\\/wp-content\\\/uploads\\\/2023\\\/04\\\/samurai-troopers-ronin-warrior-figuras-coleccion-ryo.jpg\",\"contentUrl\":\"https:\\\/\\\/toyzinger.com\\\/wp-content\\\/uploads\\\/2023\\\/04\\\/samurai-troopers-ronin-warrior-figuras-coleccion-ryo.jpg\",\"width\":1200,\"height\":300,\"caption\":\"Samurai Troopers - Ronin Warriors\"},{\"@type\":\"BreadcrumbList\",\"@id\":\"https:\\\/\\\/toyzinger.com\\\/es\\\/samurai-troopers\\\/#breadcrumb\",\"itemListElement\":[{\"@type\":\"ListItem\",\"position\":1,\"name\":\"Toyzinger\",\"item\":\"https:\\\/\\\/toyzinger.com\\\/es\\\/\"},{\"@type\":\"ListItem\",\"position\":2,\"name\":\"Samurai Troopers\"}]},{\"@type\":\"WebSite\",\"@id\":\"https:\\\/\\\/toyzinger.com\\\/es\\\/#website\",\"url\":\"https:\\\/\\\/toyzinger.com\\\/es\\\/\",\"name\":\"Toyzinger\",\"description\":\"Coleccionismo de figuras y juguetes\",\"publisher\":{\"@id\":\"https:\\\/\\\/toyzinger.com\\\/es\\\/#organization\"},\"potentialAction\":[{\"@type\":\"SearchAction\",\"target\":{\"@type\":\"EntryPoint\",\"urlTemplate\":\"https:\\\/\\\/toyzinger.com\\\/es\\\/?s={search_term_string}\"},\"query-input\":{\"@type\":\"PropertyValueSpecification\",\"valueRequired\":true,\"valueName\":\"search_term_string\"}}],\"inLanguage\":\"es\"},{\"@type\":\"Organization\",\"@id\":\"https:\\\/\\\/toyzinger.com\\\/es\\\/#organization\",\"name\":\"Toyzinger\",\"url\":\"https:\\\/\\\/toyzinger.com\\\/es\\\/\",\"logo\":{\"@type\":\"ImageObject\",\"inLanguage\":\"es\",\"@id\":\"https:\\\/\\\/toyzinger.com\\\/es\\\/#\\\/schema\\\/logo\\\/image\\\/\",\"url\":\"https:\\\/\\\/toyzinger.com\\\/wp-content\\\/uploads\\\/2022\\\/10\\\/toyzinger_logo.png\",\"contentUrl\":\"https:\\\/\\\/toyzinger.com\\\/wp-content\\\/uploads\\\/2022\\\/10\\\/toyzinger_logo.png\",\"width\":561,\"height\":568,\"caption\":\"Toyzinger\"},\"image\":{\"@id\":\"https:\\\/\\\/toyzinger.com\\\/es\\\/#\\\/schema\\\/logo\\\/image\\\/\"},\"sameAs\":[\"https:\\\/\\\/www.facebook.com\\\/toyzinger\",\"https:\\\/\\\/www.instagram.com\\\/toyzinger_com\\\/\"]}]}<\/script>\n<!-- \/ Yoast SEO plugin. -->","yoast_head_json":{"title":"Samurai Troopers - Toyzinger","description":"Samurai Troopers, repasamos la franquicia y sus lineas de figuras de acci\u00f3n coleccionables - Base de datos de figuras de los 80 y 90.","robots":{"index":"index","follow":"follow","max-snippet":"max-snippet:-1","max-image-preview":"max-image-preview:large","max-video-preview":"max-video-preview:-1"},"canonical":"https:\/\/toyzinger.com\/es\/samurai-troopers\/","og_locale":"es_ES","og_type":"article","og_title":"Samurai Troopers - Toyzinger","og_description":"Samurai Troopers, repasamos la franquicia y sus lineas de figuras de acci\u00f3n coleccionables - Base de datos de figuras de los 80 y 90.","og_url":"https:\/\/toyzinger.com\/es\/samurai-troopers\/","og_site_name":"Toyzinger","article_publisher":"https:\/\/www.facebook.com\/toyzinger","article_modified_time":"2026-03-11T14:49:34+00:00","og_image":[{"width":1200,"height":300,"url":"https:\/\/toyzinger.com\/wp-content\/uploads\/2023\/04\/samurai-troopers-ronin-warrior-figuras-coleccion-ryo.jpg","type":"image\/jpeg"}],"twitter_card":"summary_large_image","twitter_misc":{"Tiempo de lectura":"2 minutos"},"schema":{"@context":"https:\/\/schema.org","@graph":[{"@type":"WebPage","@id":"https:\/\/toyzinger.com\/es\/samurai-troopers\/","url":"https:\/\/toyzinger.com\/es\/samurai-troopers\/","name":"Samurai Troopers - Toyzinger","isPartOf":{"@id":"https:\/\/toyzinger.com\/es\/#website"},"primaryImageOfPage":{"@id":"https:\/\/toyzinger.com\/es\/samurai-troopers\/#primaryimage"},"image":{"@id":"https:\/\/toyzinger.com\/es\/samurai-troopers\/#primaryimage"},"thumbnailUrl":"https:\/\/toyzinger.com\/wp-content\/uploads\/2023\/04\/samurai-troopers-ronin-warrior-figuras-coleccion-ryo.jpg","datePublished":"2023-04-05T11:06:24+00:00","dateModified":"2026-03-11T14:49:34+00:00","description":"Samurai Troopers, repasamos la franquicia y sus lineas de figuras de acci\u00f3n coleccionables - Base de datos de figuras de los 80 y 90.","breadcrumb":{"@id":"https:\/\/toyzinger.com\/es\/samurai-troopers\/#breadcrumb"},"inLanguage":"es","potentialAction":[{"@type":"ReadAction","target":["https:\/\/toyzinger.com\/es\/samurai-troopers\/"]}]},{"@type":"ImageObject","inLanguage":"es","@id":"https:\/\/toyzinger.com\/es\/samurai-troopers\/#primaryimage","url":"https:\/\/toyzinger.com\/wp-content\/uploads\/2023\/04\/samurai-troopers-ronin-warrior-figuras-coleccion-ryo.jpg","contentUrl":"https:\/\/toyzinger.com\/wp-content\/uploads\/2023\/04\/samurai-troopers-ronin-warrior-figuras-coleccion-ryo.jpg","width":1200,"height":300,"caption":"Samurai Troopers - Ronin Warriors"},{"@type":"BreadcrumbList","@id":"https:\/\/toyzinger.com\/es\/samurai-troopers\/#breadcrumb","itemListElement":[{"@type":"ListItem","position":1,"name":"Toyzinger","item":"https:\/\/toyzinger.com\/es\/"},{"@type":"ListItem","position":2,"name":"Samurai Troopers"}]},{"@type":"WebSite","@id":"https:\/\/toyzinger.com\/es\/#website","url":"https:\/\/toyzinger.com\/es\/","name":"Toyzinger","description":"Coleccionismo de figuras y juguetes","publisher":{"@id":"https:\/\/toyzinger.com\/es\/#organization"},"potentialAction":[{"@type":"SearchAction","target":{"@type":"EntryPoint","urlTemplate":"https:\/\/toyzinger.com\/es\/?s={search_term_string}"},"query-input":{"@type":"PropertyValueSpecification","valueRequired":true,"valueName":"search_term_string"}}],"inLanguage":"es"},{"@type":"Organization","@id":"https:\/\/toyzinger.com\/es\/#organization","name":"Toyzinger","url":"https:\/\/toyzinger.com\/es\/","logo":{"@type":"ImageObject","inLanguage":"es","@id":"https:\/\/toyzinger.com\/es\/#\/schema\/logo\/image\/","url":"https:\/\/toyzinger.com\/wp-content\/uploads\/2022\/10\/toyzinger_logo.png","contentUrl":"https:\/\/toyzinger.com\/wp-content\/uploads\/2022\/10\/toyzinger_logo.png","width":561,"height":568,"caption":"Toyzinger"},"image":{"@id":"https:\/\/toyzinger.com\/es\/#\/schema\/logo\/image\/"},"sameAs":["https:\/\/www.facebook.com\/toyzinger","https:\/\/www.instagram.com\/toyzinger_com\/"]}]}},"coauthors":[],"author_meta":{"author_link":"https:\/\/toyzinger.com\/es\/blog\/author\/toyzinger\/","display_name":"toyzinger"},"relative_dates":{"created":"Publicado 3 a\u00f1os hace","modified":"Actualizado 4 semanas hace"},"absolute_dates":{"created":"Publicado el 05\/04\/2023","modified":"Actualizado el 11\/03\/2026"},"absolute_dates_time":{"created":"Publicado el 05\/04\/2023 11:06","modified":"Actualizado el 11\/03\/2026 14:49"},"featured_img_caption":"","featured_img":"https:\/\/toyzinger.com\/wp-content\/uploads\/2023\/04\/samurai-troopers-ronin-warrior-figuras-coleccion-ryo.jpg","series_order":"","toy_product_id":"","_links":{"self":[{"href":"https:\/\/toyzinger.com\/es\/wp-json\/wp\/v2\/pages\/4455","targetHints":{"allow":["GET"]}}],"collection":[{"href":"https:\/\/toyzinger.com\/es\/wp-json\/wp\/v2\/pages"}],"about":[{"href":"https:\/\/toyzinger.com\/es\/wp-json\/wp\/v2\/types\/page"}],"author":[{"embeddable":true,"href":"https:\/\/toyzinger.com\/es\/wp-json\/wp\/v2\/users\/2"}],"replies":[{"embeddable":true,"href":"https:\/\/toyzinger.com\/es\/wp-json\/wp\/v2\/comments?post=4455"}],"version-history":[{"count":4,"href":"https:\/\/toyzinger.com\/es\/wp-json\/wp\/v2\/pages\/4455\/revisions"}],"predecessor-version":[{"id":33789,"href":"https:\/\/toyzinger.com\/es\/wp-json\/wp\/v2\/pages\/4455\/revisions\/33789"}],"wp:featuredmedia":[{"embeddable":true,"href":"https:\/\/toyzinger.com\/es\/wp-json\/wp\/v2\/media\/4462"}],"wp:attachment":[{"href":"https:\/\/toyzinger.com\/es\/wp-json\/wp\/v2\/media?parent=4455"}],"wp:term":[{"taxonomy":"wf_page_folders","embeddable":true,"href":"https:\/\/toyzinger.com\/es\/wp-json\/wp\/v2\/wf_page_folders?post=4455"}],"curies":[{"name":"wp","href":"https:\/\/api.w.org\/{rel}","templated":true}]}}