{"id":4528,"date":"2023-04-05T21:51:12","date_gmt":"2023-04-05T21:51:12","guid":{"rendered":"https:\/\/toyzinger.com\/?page_id=4528"},"modified":"2026-03-31T13:14:50","modified_gmt":"2026-03-31T13:14:50","slug":"street-sharks","status":"publish","type":"page","link":"https:\/\/toyzinger.com\/es\/street-sharks\/","title":{"rendered":"Street Sharks"},"content":{"rendered":"\n<h2 class=\"wp-block-heading\">Colecciones de figuras de los Street Sharks:<\/h2>\n\n\n\n<p><\/p>\n\n\n\n<a class=\"toy-collection__base\" href=\"https:\/\/toyzinger.com\/es\/street-sharks\/mattel-vintage-1994-1996\/\"><figure class=\"toy-collection__image\"><img decoding=\"async\" src=\"https:\/\/toyzinger.com\/wp-content\/uploads\/2026\/03\/street-sharks-figura-ripster-250x300.jpg\" alt=\"Street Sharks Vintage Figures\"\/><\/figure><ul class=\"toy-collection__info\"><li class=\"toy-collection__name\">Street Sharks<\/li><li class=\"toy-collection__manufacturer\">Mattel &#8211; (1994-1996)<\/li><\/ul><div class=\"toy-collection__arrow\">\u27a4<\/div><\/a>\n\n\n\n<a class=\"toy-collection__base\" href=\"https:\/\/toyzinger.com\/es\/street-sharks\/checklist-hand-sharks\/\"><figure class=\"toy-collection__image\"><img decoding=\"async\" src=\"https:\/\/toyzinger.com\/wp-content\/uploads\/2026\/03\/hand-sharks-street-sharks-puppet-marioneta-ripster-01-250x300.jpg\" alt=\"Hand Sharks Vintage Puppets\"\/><\/figure><ul class=\"toy-collection__info\"><li class=\"toy-collection__name\">Hand Sharks<\/li><li class=\"toy-collection__manufacturer\">Mattel &#8211; (1994)<\/li><\/ul><div class=\"toy-collection__arrow\">\u27a4<\/div><\/a>\n\n\n\n<a class=\"toy-collection__base\" href=\"https:\/\/toyzinger.com\/es\/street-sharks\/checklist-extreme-dinosuars\/\"><figure class=\"toy-collection__image\"><img decoding=\"async\" src=\"https:\/\/toyzinger.com\/wp-content\/uploads\/2026\/03\/extreme-dinosaurs-mega-tbone-250x300.webp\" alt=\"Extreme Dinosaurs Figures\"\/><\/figure><ul class=\"toy-collection__info\"><li class=\"toy-collection__name\">Extreme Dinosaurs<\/li><li class=\"toy-collection__manufacturer\">Mattel &#8211; (1996)<\/li><\/ul><div class=\"toy-collection__arrow\">\u27a4<\/div><\/a>\n\n\n\n<p><\/p>\n\n\n\n<h2 class=\"wp-block-heading\">Sobre la franquicia:<\/h2>\n\n\n\n<p><\/p>\n\n\n\n<p>La franquicia <strong>Street Sharks<\/strong> fue creada en los a\u00f1os 90 y consiste en una serie de televisi\u00f3n animada, juguetes y c\u00f3mics. La trama gira en torno a cuatro hermanos tiburones mutantes, que gracias a un experimento gen\u00e9tico se transforman en seres mitad humanos y mitad tiburones. Los hermanos se convierten en superh\u00e9roes y luchan contra diversos villanos en su ciudad, Fission City.<\/p>\n\n\n\n<p>La serie de televisi\u00f3n fue producida por DIC Entertainment y consta de tres temporadas con un total de 40 episodios. Los juguetes de <strong>Street Sharks<\/strong> fueron populares en su \u00e9poca y se convirtieron en uno de los principales productos de merchandising asociados a la serie. Tambi\u00e9n se publicaron c\u00f3mics basados en la franquicia.<\/p>\n\n\n\n<p>Aunque la franquicia tuvo un gran \u00e9xito en su \u00e9poca, su popularidad ha disminuido con el tiempo y no se han producido nuevos contenidos en muchos a\u00f1os. Sin embargo, <strong>Street Sharks<\/strong> sigue siendo recordada con nostalgia por muchos fans de los a\u00f1os 90.<\/p>\n","protected":false},"excerpt":{"rendered":"<p>Colecciones de figuras de los Street Sharks: Sobre la franquicia: La franquicia Street Sharks fue creada en los a\u00f1os 90 y consiste en una serie de televisi\u00f3n animada, juguetes y c\u00f3mics. La trama gira en torno a cuatro hermanos tiburones mutantes, que gracias a un experimento gen\u00e9tico se transforman en seres mitad humanos y mitad [&hellip;]<\/p>\n","protected":false},"author":2,"featured_media":4642,"parent":0,"menu_order":0,"comment_status":"closed","ping_status":"closed","template":"","meta":{"advgb_blocks_editor_width":"","advgb_blocks_columns_visual_guide":"","footnotes":""},"wf_page_folders":[414],"class_list":["post-4528","page","type-page","status-publish","has-post-thumbnail","hentry"],"yoast_head":"<!-- This site is optimized with the Yoast SEO plugin v27.3 - https:\/\/yoast.com\/product\/yoast-seo-wordpress\/ -->\n<title>Street Sharks - Toyzinger<\/title>\n<meta name=\"description\" content=\"Listado de diferentes colecciones de figuras basadas en la franquicia Street Sharks, creada a finales de los a\u00f1os 90&#039;s\" \/>\n<meta name=\"robots\" content=\"index, follow, max-snippet:-1, max-image-preview:large, max-video-preview:-1\" \/>\n<link rel=\"canonical\" href=\"https:\/\/toyzinger.com\/es\/street-sharks\/\" \/>\n<meta property=\"og:locale\" content=\"es_ES\" \/>\n<meta property=\"og:type\" content=\"article\" \/>\n<meta property=\"og:title\" content=\"Street Sharks - Toyzinger\" \/>\n<meta property=\"og:description\" content=\"Listado de diferentes colecciones de figuras basadas en la franquicia Street Sharks, creada a finales de los a\u00f1os 90&#039;s\" \/>\n<meta property=\"og:url\" content=\"https:\/\/toyzinger.com\/es\/street-sharks\/\" \/>\n<meta property=\"og:site_name\" content=\"Toyzinger\" \/>\n<meta property=\"article:publisher\" content=\"https:\/\/www.facebook.com\/toyzinger\" \/>\n<meta property=\"article:modified_time\" content=\"2026-03-31T13:14:50+00:00\" \/>\n<meta property=\"og:image\" content=\"https:\/\/toyzinger.com\/wp-content\/uploads\/2023\/04\/street-sharks-coleccion-figuras-03.jpg\" \/>\n\t<meta property=\"og:image:width\" content=\"1200\" \/>\n\t<meta property=\"og:image:height\" content=\"300\" \/>\n\t<meta property=\"og:image:type\" content=\"image\/jpeg\" \/>\n<meta name=\"twitter:card\" content=\"summary_large_image\" \/>\n<meta name=\"twitter:label1\" content=\"Tiempo de lectura\" \/>\n\t<meta name=\"twitter:data1\" content=\"2 minutos\" \/>\n<script type=\"application\/ld+json\" class=\"yoast-schema-graph\">{\"@context\":\"https:\\\/\\\/schema.org\",\"@graph\":[{\"@type\":\"WebPage\",\"@id\":\"https:\\\/\\\/toyzinger.com\\\/es\\\/street-sharks\\\/\",\"url\":\"https:\\\/\\\/toyzinger.com\\\/es\\\/street-sharks\\\/\",\"name\":\"Street Sharks - Toyzinger\",\"isPartOf\":{\"@id\":\"https:\\\/\\\/toyzinger.com\\\/es\\\/#website\"},\"primaryImageOfPage\":{\"@id\":\"https:\\\/\\\/toyzinger.com\\\/es\\\/street-sharks\\\/#primaryimage\"},\"image\":{\"@id\":\"https:\\\/\\\/toyzinger.com\\\/es\\\/street-sharks\\\/#primaryimage\"},\"thumbnailUrl\":\"https:\\\/\\\/toyzinger.com\\\/wp-content\\\/uploads\\\/2023\\\/04\\\/street-sharks-coleccion-figuras-03.jpg\",\"datePublished\":\"2023-04-05T21:51:12+00:00\",\"dateModified\":\"2026-03-31T13:14:50+00:00\",\"description\":\"Listado de diferentes colecciones de figuras basadas en la franquicia Street Sharks, creada a finales de los a\u00f1os 90's\",\"breadcrumb\":{\"@id\":\"https:\\\/\\\/toyzinger.com\\\/es\\\/street-sharks\\\/#breadcrumb\"},\"inLanguage\":\"es\",\"potentialAction\":[{\"@type\":\"ReadAction\",\"target\":[\"https:\\\/\\\/toyzinger.com\\\/es\\\/street-sharks\\\/\"]}]},{\"@type\":\"ImageObject\",\"inLanguage\":\"es\",\"@id\":\"https:\\\/\\\/toyzinger.com\\\/es\\\/street-sharks\\\/#primaryimage\",\"url\":\"https:\\\/\\\/toyzinger.com\\\/wp-content\\\/uploads\\\/2023\\\/04\\\/street-sharks-coleccion-figuras-03.jpg\",\"contentUrl\":\"https:\\\/\\\/toyzinger.com\\\/wp-content\\\/uploads\\\/2023\\\/04\\\/street-sharks-coleccion-figuras-03.jpg\",\"width\":1200,\"height\":300,\"caption\":\"Street Sharks figuras de acci\u00f3n\"},{\"@type\":\"BreadcrumbList\",\"@id\":\"https:\\\/\\\/toyzinger.com\\\/es\\\/street-sharks\\\/#breadcrumb\",\"itemListElement\":[{\"@type\":\"ListItem\",\"position\":1,\"name\":\"Toyzinger\",\"item\":\"https:\\\/\\\/toyzinger.com\\\/es\\\/\"},{\"@type\":\"ListItem\",\"position\":2,\"name\":\"Street Sharks\"}]},{\"@type\":\"WebSite\",\"@id\":\"https:\\\/\\\/toyzinger.com\\\/es\\\/#website\",\"url\":\"https:\\\/\\\/toyzinger.com\\\/es\\\/\",\"name\":\"Toyzinger\",\"description\":\"Coleccionismo de figuras y juguetes\",\"publisher\":{\"@id\":\"https:\\\/\\\/toyzinger.com\\\/es\\\/#organization\"},\"potentialAction\":[{\"@type\":\"SearchAction\",\"target\":{\"@type\":\"EntryPoint\",\"urlTemplate\":\"https:\\\/\\\/toyzinger.com\\\/es\\\/?s={search_term_string}\"},\"query-input\":{\"@type\":\"PropertyValueSpecification\",\"valueRequired\":true,\"valueName\":\"search_term_string\"}}],\"inLanguage\":\"es\"},{\"@type\":\"Organization\",\"@id\":\"https:\\\/\\\/toyzinger.com\\\/es\\\/#organization\",\"name\":\"Toyzinger\",\"url\":\"https:\\\/\\\/toyzinger.com\\\/es\\\/\",\"logo\":{\"@type\":\"ImageObject\",\"inLanguage\":\"es\",\"@id\":\"https:\\\/\\\/toyzinger.com\\\/es\\\/#\\\/schema\\\/logo\\\/image\\\/\",\"url\":\"https:\\\/\\\/toyzinger.com\\\/wp-content\\\/uploads\\\/2022\\\/10\\\/toyzinger_logo.png\",\"contentUrl\":\"https:\\\/\\\/toyzinger.com\\\/wp-content\\\/uploads\\\/2022\\\/10\\\/toyzinger_logo.png\",\"width\":561,\"height\":568,\"caption\":\"Toyzinger\"},\"image\":{\"@id\":\"https:\\\/\\\/toyzinger.com\\\/es\\\/#\\\/schema\\\/logo\\\/image\\\/\"},\"sameAs\":[\"https:\\\/\\\/www.facebook.com\\\/toyzinger\",\"https:\\\/\\\/www.instagram.com\\\/toyzinger_com\\\/\"]}]}<\/script>\n<!-- \/ Yoast SEO plugin. -->","yoast_head_json":{"title":"Street Sharks - Toyzinger","description":"Listado de diferentes colecciones de figuras basadas en la franquicia Street Sharks, creada a finales de los a\u00f1os 90's","robots":{"index":"index","follow":"follow","max-snippet":"max-snippet:-1","max-image-preview":"max-image-preview:large","max-video-preview":"max-video-preview:-1"},"canonical":"https:\/\/toyzinger.com\/es\/street-sharks\/","og_locale":"es_ES","og_type":"article","og_title":"Street Sharks - Toyzinger","og_description":"Listado de diferentes colecciones de figuras basadas en la franquicia Street Sharks, creada a finales de los a\u00f1os 90's","og_url":"https:\/\/toyzinger.com\/es\/street-sharks\/","og_site_name":"Toyzinger","article_publisher":"https:\/\/www.facebook.com\/toyzinger","article_modified_time":"2026-03-31T13:14:50+00:00","og_image":[{"width":1200,"height":300,"url":"https:\/\/toyzinger.com\/wp-content\/uploads\/2023\/04\/street-sharks-coleccion-figuras-03.jpg","type":"image\/jpeg"}],"twitter_card":"summary_large_image","twitter_misc":{"Tiempo de lectura":"2 minutos"},"schema":{"@context":"https:\/\/schema.org","@graph":[{"@type":"WebPage","@id":"https:\/\/toyzinger.com\/es\/street-sharks\/","url":"https:\/\/toyzinger.com\/es\/street-sharks\/","name":"Street Sharks - Toyzinger","isPartOf":{"@id":"https:\/\/toyzinger.com\/es\/#website"},"primaryImageOfPage":{"@id":"https:\/\/toyzinger.com\/es\/street-sharks\/#primaryimage"},"image":{"@id":"https:\/\/toyzinger.com\/es\/street-sharks\/#primaryimage"},"thumbnailUrl":"https:\/\/toyzinger.com\/wp-content\/uploads\/2023\/04\/street-sharks-coleccion-figuras-03.jpg","datePublished":"2023-04-05T21:51:12+00:00","dateModified":"2026-03-31T13:14:50+00:00","description":"Listado de diferentes colecciones de figuras basadas en la franquicia Street Sharks, creada a finales de los a\u00f1os 90's","breadcrumb":{"@id":"https:\/\/toyzinger.com\/es\/street-sharks\/#breadcrumb"},"inLanguage":"es","potentialAction":[{"@type":"ReadAction","target":["https:\/\/toyzinger.com\/es\/street-sharks\/"]}]},{"@type":"ImageObject","inLanguage":"es","@id":"https:\/\/toyzinger.com\/es\/street-sharks\/#primaryimage","url":"https:\/\/toyzinger.com\/wp-content\/uploads\/2023\/04\/street-sharks-coleccion-figuras-03.jpg","contentUrl":"https:\/\/toyzinger.com\/wp-content\/uploads\/2023\/04\/street-sharks-coleccion-figuras-03.jpg","width":1200,"height":300,"caption":"Street Sharks figuras de acci\u00f3n"},{"@type":"BreadcrumbList","@id":"https:\/\/toyzinger.com\/es\/street-sharks\/#breadcrumb","itemListElement":[{"@type":"ListItem","position":1,"name":"Toyzinger","item":"https:\/\/toyzinger.com\/es\/"},{"@type":"ListItem","position":2,"name":"Street Sharks"}]},{"@type":"WebSite","@id":"https:\/\/toyzinger.com\/es\/#website","url":"https:\/\/toyzinger.com\/es\/","name":"Toyzinger","description":"Coleccionismo de figuras y juguetes","publisher":{"@id":"https:\/\/toyzinger.com\/es\/#organization"},"potentialAction":[{"@type":"SearchAction","target":{"@type":"EntryPoint","urlTemplate":"https:\/\/toyzinger.com\/es\/?s={search_term_string}"},"query-input":{"@type":"PropertyValueSpecification","valueRequired":true,"valueName":"search_term_string"}}],"inLanguage":"es"},{"@type":"Organization","@id":"https:\/\/toyzinger.com\/es\/#organization","name":"Toyzinger","url":"https:\/\/toyzinger.com\/es\/","logo":{"@type":"ImageObject","inLanguage":"es","@id":"https:\/\/toyzinger.com\/es\/#\/schema\/logo\/image\/","url":"https:\/\/toyzinger.com\/wp-content\/uploads\/2022\/10\/toyzinger_logo.png","contentUrl":"https:\/\/toyzinger.com\/wp-content\/uploads\/2022\/10\/toyzinger_logo.png","width":561,"height":568,"caption":"Toyzinger"},"image":{"@id":"https:\/\/toyzinger.com\/es\/#\/schema\/logo\/image\/"},"sameAs":["https:\/\/www.facebook.com\/toyzinger","https:\/\/www.instagram.com\/toyzinger_com\/"]}]}},"coauthors":[],"author_meta":{"author_link":"https:\/\/toyzinger.com\/es\/blog\/author\/toyzinger\/","display_name":"toyzinger"},"relative_dates":{"created":"Publicado 3 a\u00f1os hace","modified":"Actualizado 5 d\u00edas hace"},"absolute_dates":{"created":"Publicado el 05\/04\/2023","modified":"Actualizado el 31\/03\/2026"},"absolute_dates_time":{"created":"Publicado el 05\/04\/2023 21:51","modified":"Actualizado el 31\/03\/2026 13:14"},"featured_img_caption":"","featured_img":"https:\/\/toyzinger.com\/wp-content\/uploads\/2023\/04\/street-sharks-coleccion-figuras-03.jpg","series_order":"","toy_product_id":"","_links":{"self":[{"href":"https:\/\/toyzinger.com\/es\/wp-json\/wp\/v2\/pages\/4528","targetHints":{"allow":["GET"]}}],"collection":[{"href":"https:\/\/toyzinger.com\/es\/wp-json\/wp\/v2\/pages"}],"about":[{"href":"https:\/\/toyzinger.com\/es\/wp-json\/wp\/v2\/types\/page"}],"author":[{"embeddable":true,"href":"https:\/\/toyzinger.com\/es\/wp-json\/wp\/v2\/users\/2"}],"replies":[{"embeddable":true,"href":"https:\/\/toyzinger.com\/es\/wp-json\/wp\/v2\/comments?post=4528"}],"version-history":[{"count":3,"href":"https:\/\/toyzinger.com\/es\/wp-json\/wp\/v2\/pages\/4528\/revisions"}],"predecessor-version":[{"id":33860,"href":"https:\/\/toyzinger.com\/es\/wp-json\/wp\/v2\/pages\/4528\/revisions\/33860"}],"wp:featuredmedia":[{"embeddable":true,"href":"https:\/\/toyzinger.com\/es\/wp-json\/wp\/v2\/media\/4642"}],"wp:attachment":[{"href":"https:\/\/toyzinger.com\/es\/wp-json\/wp\/v2\/media?parent=4528"}],"wp:term":[{"taxonomy":"wf_page_folders","embeddable":true,"href":"https:\/\/toyzinger.com\/es\/wp-json\/wp\/v2\/wf_page_folders?post=4528"}],"curies":[{"name":"wp","href":"https:\/\/api.w.org\/{rel}","templated":true}]}}