{"id":5453,"date":"2023-04-30T16:29:54","date_gmt":"2023-04-30T16:29:54","guid":{"rendered":"https:\/\/toyzinger.com\/?page_id=5453"},"modified":"2026-03-31T13:32:25","modified_gmt":"2026-03-31T13:32:25","slug":"thundercats","status":"publish","type":"page","link":"https:\/\/toyzinger.com\/es\/thundercats\/","title":{"rendered":"Thundercats"},"content":{"rendered":"\n<h2 class=\"wp-block-heading\">Colecciones de figuras de los Thundercats:<\/h2>\n\n\n\n<p><\/p>\n\n\n\n<a class=\"toy-collection__base\" href=\"https:\/\/toyzinger.com\/es\/thundercats\/checklist-ljn-1985-1987\/\"><figure class=\"toy-collection__image\"><img decoding=\"async\" src=\"https:\/\/toyzinger.com\/wp-content\/uploads\/2026\/03\/thundercats-figura-ljn-vintage-liono-250x300.jpg\" alt=\"Thundercats vintage figure\"\/><\/figure><ul class=\"toy-collection__info\"><li class=\"toy-collection__name\">Thundercats<\/li><li class=\"toy-collection__manufacturer\">LJN &#8211; (1985-1987)<\/li><\/ul><div class=\"toy-collection__arrow\">\u27a4<\/div><\/a>\n\n\n\n<p><\/p>\n\n\n\n<h2 class=\"wp-block-heading\">Sobre la franquicia:<\/h2>\n\n\n\n<p><\/p>\n\n\n\n<p><strong>Thundercats<\/strong> inici\u00f3 como una serie de animaci\u00f3n en el a\u00f1o 1985, explica las aventuras de un grupo de felinos humanoides extraterrestres que huyen de la destrucci\u00f3n de su planeta natal Thundera. La historia fue creada y escrita por Theodore Walter \u00abTobin\u00bb Wolf y Leonard Starr. Y producida por Rankin\/Bass Productions, la misma que creo los <a href=\"https:\/\/toyzinger.com\/silverhawks\/\">Silverhawks (Halcones Gal\u00e1cticos)<\/a> y los <strong>TygerSharks (Los Tigres del Mar)<\/strong>. La serie tubo 4 temporadas y fue todo un \u00e9xito entre los ni\u00f1os de la \u00e9poca. Posteriormente, salieron varios comics producidos por DC, donde ampliaban la historia de la serie original y donde se atrev\u00edan incluso a hacer un \u00ab<em>cross-over\u00bb<\/em> con los <a href=\"https:\/\/toyzinger.com\/masters-of-the-universe\/motu-vintage\/\">Masters del Universo<\/a>.<\/p>\n\n\n\n<p><\/p>\n\n\n\n<p>En el a\u00f1o 2011 una nueva serie de animaci\u00f3n fue producida por cartoon Network que tambi\u00e9n fue bien acojida por los fans, aunque se cancel\u00f3 despu\u00e9s de la primera temporada, Para el a\u00f1o 2020 se hizo un nuevo intento de resucitar a la franquicia, esta vez con una serie llamada <strong>Thundercats Roar<\/strong> que usaba un estilo mucho m\u00e1s infantil, cosa que no gusta nada a los fans.<\/p>\n\n\n\n<p><\/p>\n\n\n\n<p>Sin lugar a duda, <strong>Thundercats<\/strong> fue una de las series m\u00e1s populares en la d\u00e9cada de los 80 y gozo de mucho \u00e9xito, hoy en d\u00eda sigue habiendo muchos fans de la serie esperando que se siga creado contenido de esta.<\/p>\n\n\n\n<p><\/p>\n\n\n\n<p>Como toda serie de \u00e9xito, varias l\u00edneas de figuras de acci\u00f3n han sido lanzadas al mercado. Tanto la primera serie de animaci\u00f3n (1985) y la segunda (2011), tuvieron su propia l\u00ednea de juguetes, en a\u00f1os posteriores, otras jugueteras se han hecho con los derechos de la franquicia y han sacado otras colecciones m\u00e1s premium, con un target m\u00e1s adulto, los ni\u00f1os de los 80&#8217;s hoy convertidos en coleccionistas.<\/p>\n\n\n\n<p><\/p>\n","protected":false},"excerpt":{"rendered":"<p>Colecciones de figuras de los Thundercats: Sobre la franquicia: Thundercats inici\u00f3 como una serie de animaci\u00f3n en el a\u00f1o 1985, explica las aventuras de un grupo de felinos humanoides extraterrestres que huyen de la destrucci\u00f3n de su planeta natal Thundera. La historia fue creada y escrita por Theodore Walter \u00abTobin\u00bb Wolf y Leonard Starr. Y [&hellip;]<\/p>\n","protected":false},"author":2,"featured_media":5466,"parent":0,"menu_order":0,"comment_status":"closed","ping_status":"closed","template":"","meta":{"advgb_blocks_editor_width":"","advgb_blocks_columns_visual_guide":"","footnotes":""},"wf_page_folders":[517],"class_list":["post-5453","page","type-page","status-publish","has-post-thumbnail","hentry"],"yoast_head":"<!-- This site is optimized with the Yoast SEO plugin v27.3 - https:\/\/yoast.com\/product\/yoast-seo-wordpress\/ -->\n<title>Thundercats - Toyzinger<\/title>\n<meta name=\"description\" content=\"Thundercats inici\u00f3 como una serie de animaci\u00f3n en el a\u00f1o 1985, numerosas secuelas y l\u00edneas de figuras de acci\u00f3n han sido lanzadas al mercado desde entonces.\" \/>\n<meta name=\"robots\" content=\"index, follow, max-snippet:-1, max-image-preview:large, max-video-preview:-1\" \/>\n<link rel=\"canonical\" href=\"https:\/\/toyzinger.com\/es\/thundercats\/\" \/>\n<meta property=\"og:locale\" content=\"es_ES\" \/>\n<meta property=\"og:type\" content=\"article\" \/>\n<meta property=\"og:title\" content=\"Thundercats - Toyzinger\" \/>\n<meta property=\"og:description\" content=\"Thundercats inici\u00f3 como una serie de animaci\u00f3n en el a\u00f1o 1985, numerosas secuelas y l\u00edneas de figuras de acci\u00f3n han sido lanzadas al mercado desde entonces.\" \/>\n<meta property=\"og:url\" content=\"https:\/\/toyzinger.com\/es\/thundercats\/\" \/>\n<meta property=\"og:site_name\" content=\"Toyzinger\" \/>\n<meta property=\"article:publisher\" content=\"https:\/\/www.facebook.com\/toyzinger\" \/>\n<meta property=\"article:modified_time\" content=\"2026-03-31T13:32:25+00:00\" \/>\n<meta property=\"og:image\" content=\"https:\/\/toyzinger.com\/wp-content\/uploads\/2023\/04\/thundercats-figuras-coleccion-felinos.jpg\" \/>\n\t<meta property=\"og:image:width\" content=\"1200\" \/>\n\t<meta property=\"og:image:height\" content=\"300\" \/>\n\t<meta property=\"og:image:type\" content=\"image\/jpeg\" \/>\n<meta name=\"twitter:card\" content=\"summary_large_image\" \/>\n<meta name=\"twitter:label1\" content=\"Tiempo de lectura\" \/>\n\t<meta name=\"twitter:data1\" content=\"2 minutos\" \/>\n<script type=\"application\/ld+json\" class=\"yoast-schema-graph\">{\"@context\":\"https:\\\/\\\/schema.org\",\"@graph\":[{\"@type\":\"WebPage\",\"@id\":\"https:\\\/\\\/toyzinger.com\\\/es\\\/thundercats\\\/\",\"url\":\"https:\\\/\\\/toyzinger.com\\\/es\\\/thundercats\\\/\",\"name\":\"Thundercats - Toyzinger\",\"isPartOf\":{\"@id\":\"https:\\\/\\\/toyzinger.com\\\/es\\\/#website\"},\"primaryImageOfPage\":{\"@id\":\"https:\\\/\\\/toyzinger.com\\\/es\\\/thundercats\\\/#primaryimage\"},\"image\":{\"@id\":\"https:\\\/\\\/toyzinger.com\\\/es\\\/thundercats\\\/#primaryimage\"},\"thumbnailUrl\":\"https:\\\/\\\/toyzinger.com\\\/wp-content\\\/uploads\\\/2023\\\/04\\\/thundercats-figuras-coleccion-felinos.jpg\",\"datePublished\":\"2023-04-30T16:29:54+00:00\",\"dateModified\":\"2026-03-31T13:32:25+00:00\",\"description\":\"Thundercats inici\u00f3 como una serie de animaci\u00f3n en el a\u00f1o 1985, numerosas secuelas y l\u00edneas de figuras de acci\u00f3n han sido lanzadas al mercado desde entonces.\",\"breadcrumb\":{\"@id\":\"https:\\\/\\\/toyzinger.com\\\/es\\\/thundercats\\\/#breadcrumb\"},\"inLanguage\":\"es\",\"potentialAction\":[{\"@type\":\"ReadAction\",\"target\":[\"https:\\\/\\\/toyzinger.com\\\/es\\\/thundercats\\\/\"]}]},{\"@type\":\"ImageObject\",\"inLanguage\":\"es\",\"@id\":\"https:\\\/\\\/toyzinger.com\\\/es\\\/thundercats\\\/#primaryimage\",\"url\":\"https:\\\/\\\/toyzinger.com\\\/wp-content\\\/uploads\\\/2023\\\/04\\\/thundercats-figuras-coleccion-felinos.jpg\",\"contentUrl\":\"https:\\\/\\\/toyzinger.com\\\/wp-content\\\/uploads\\\/2023\\\/04\\\/thundercats-figuras-coleccion-felinos.jpg\",\"width\":1200,\"height\":300,\"caption\":\"Thundercats action figures\"},{\"@type\":\"BreadcrumbList\",\"@id\":\"https:\\\/\\\/toyzinger.com\\\/es\\\/thundercats\\\/#breadcrumb\",\"itemListElement\":[{\"@type\":\"ListItem\",\"position\":1,\"name\":\"Toyzinger\",\"item\":\"https:\\\/\\\/toyzinger.com\\\/es\\\/\"},{\"@type\":\"ListItem\",\"position\":2,\"name\":\"Thundercats\"}]},{\"@type\":\"WebSite\",\"@id\":\"https:\\\/\\\/toyzinger.com\\\/es\\\/#website\",\"url\":\"https:\\\/\\\/toyzinger.com\\\/es\\\/\",\"name\":\"Toyzinger\",\"description\":\"Coleccionismo de figuras y juguetes\",\"publisher\":{\"@id\":\"https:\\\/\\\/toyzinger.com\\\/es\\\/#organization\"},\"potentialAction\":[{\"@type\":\"SearchAction\",\"target\":{\"@type\":\"EntryPoint\",\"urlTemplate\":\"https:\\\/\\\/toyzinger.com\\\/es\\\/?s={search_term_string}\"},\"query-input\":{\"@type\":\"PropertyValueSpecification\",\"valueRequired\":true,\"valueName\":\"search_term_string\"}}],\"inLanguage\":\"es\"},{\"@type\":\"Organization\",\"@id\":\"https:\\\/\\\/toyzinger.com\\\/es\\\/#organization\",\"name\":\"Toyzinger\",\"url\":\"https:\\\/\\\/toyzinger.com\\\/es\\\/\",\"logo\":{\"@type\":\"ImageObject\",\"inLanguage\":\"es\",\"@id\":\"https:\\\/\\\/toyzinger.com\\\/es\\\/#\\\/schema\\\/logo\\\/image\\\/\",\"url\":\"https:\\\/\\\/toyzinger.com\\\/wp-content\\\/uploads\\\/2022\\\/10\\\/toyzinger_logo.png\",\"contentUrl\":\"https:\\\/\\\/toyzinger.com\\\/wp-content\\\/uploads\\\/2022\\\/10\\\/toyzinger_logo.png\",\"width\":561,\"height\":568,\"caption\":\"Toyzinger\"},\"image\":{\"@id\":\"https:\\\/\\\/toyzinger.com\\\/es\\\/#\\\/schema\\\/logo\\\/image\\\/\"},\"sameAs\":[\"https:\\\/\\\/www.facebook.com\\\/toyzinger\",\"https:\\\/\\\/www.instagram.com\\\/toyzinger_com\\\/\"]}]}<\/script>\n<!-- \/ Yoast SEO plugin. -->","yoast_head_json":{"title":"Thundercats - Toyzinger","description":"Thundercats inici\u00f3 como una serie de animaci\u00f3n en el a\u00f1o 1985, numerosas secuelas y l\u00edneas de figuras de acci\u00f3n han sido lanzadas al mercado desde entonces.","robots":{"index":"index","follow":"follow","max-snippet":"max-snippet:-1","max-image-preview":"max-image-preview:large","max-video-preview":"max-video-preview:-1"},"canonical":"https:\/\/toyzinger.com\/es\/thundercats\/","og_locale":"es_ES","og_type":"article","og_title":"Thundercats - Toyzinger","og_description":"Thundercats inici\u00f3 como una serie de animaci\u00f3n en el a\u00f1o 1985, numerosas secuelas y l\u00edneas de figuras de acci\u00f3n han sido lanzadas al mercado desde entonces.","og_url":"https:\/\/toyzinger.com\/es\/thundercats\/","og_site_name":"Toyzinger","article_publisher":"https:\/\/www.facebook.com\/toyzinger","article_modified_time":"2026-03-31T13:32:25+00:00","og_image":[{"width":1200,"height":300,"url":"https:\/\/toyzinger.com\/wp-content\/uploads\/2023\/04\/thundercats-figuras-coleccion-felinos.jpg","type":"image\/jpeg"}],"twitter_card":"summary_large_image","twitter_misc":{"Tiempo de lectura":"2 minutos"},"schema":{"@context":"https:\/\/schema.org","@graph":[{"@type":"WebPage","@id":"https:\/\/toyzinger.com\/es\/thundercats\/","url":"https:\/\/toyzinger.com\/es\/thundercats\/","name":"Thundercats - Toyzinger","isPartOf":{"@id":"https:\/\/toyzinger.com\/es\/#website"},"primaryImageOfPage":{"@id":"https:\/\/toyzinger.com\/es\/thundercats\/#primaryimage"},"image":{"@id":"https:\/\/toyzinger.com\/es\/thundercats\/#primaryimage"},"thumbnailUrl":"https:\/\/toyzinger.com\/wp-content\/uploads\/2023\/04\/thundercats-figuras-coleccion-felinos.jpg","datePublished":"2023-04-30T16:29:54+00:00","dateModified":"2026-03-31T13:32:25+00:00","description":"Thundercats inici\u00f3 como una serie de animaci\u00f3n en el a\u00f1o 1985, numerosas secuelas y l\u00edneas de figuras de acci\u00f3n han sido lanzadas al mercado desde entonces.","breadcrumb":{"@id":"https:\/\/toyzinger.com\/es\/thundercats\/#breadcrumb"},"inLanguage":"es","potentialAction":[{"@type":"ReadAction","target":["https:\/\/toyzinger.com\/es\/thundercats\/"]}]},{"@type":"ImageObject","inLanguage":"es","@id":"https:\/\/toyzinger.com\/es\/thundercats\/#primaryimage","url":"https:\/\/toyzinger.com\/wp-content\/uploads\/2023\/04\/thundercats-figuras-coleccion-felinos.jpg","contentUrl":"https:\/\/toyzinger.com\/wp-content\/uploads\/2023\/04\/thundercats-figuras-coleccion-felinos.jpg","width":1200,"height":300,"caption":"Thundercats action figures"},{"@type":"BreadcrumbList","@id":"https:\/\/toyzinger.com\/es\/thundercats\/#breadcrumb","itemListElement":[{"@type":"ListItem","position":1,"name":"Toyzinger","item":"https:\/\/toyzinger.com\/es\/"},{"@type":"ListItem","position":2,"name":"Thundercats"}]},{"@type":"WebSite","@id":"https:\/\/toyzinger.com\/es\/#website","url":"https:\/\/toyzinger.com\/es\/","name":"Toyzinger","description":"Coleccionismo de figuras y juguetes","publisher":{"@id":"https:\/\/toyzinger.com\/es\/#organization"},"potentialAction":[{"@type":"SearchAction","target":{"@type":"EntryPoint","urlTemplate":"https:\/\/toyzinger.com\/es\/?s={search_term_string}"},"query-input":{"@type":"PropertyValueSpecification","valueRequired":true,"valueName":"search_term_string"}}],"inLanguage":"es"},{"@type":"Organization","@id":"https:\/\/toyzinger.com\/es\/#organization","name":"Toyzinger","url":"https:\/\/toyzinger.com\/es\/","logo":{"@type":"ImageObject","inLanguage":"es","@id":"https:\/\/toyzinger.com\/es\/#\/schema\/logo\/image\/","url":"https:\/\/toyzinger.com\/wp-content\/uploads\/2022\/10\/toyzinger_logo.png","contentUrl":"https:\/\/toyzinger.com\/wp-content\/uploads\/2022\/10\/toyzinger_logo.png","width":561,"height":568,"caption":"Toyzinger"},"image":{"@id":"https:\/\/toyzinger.com\/es\/#\/schema\/logo\/image\/"},"sameAs":["https:\/\/www.facebook.com\/toyzinger","https:\/\/www.instagram.com\/toyzinger_com\/"]}]}},"coauthors":[],"author_meta":{"author_link":"https:\/\/toyzinger.com\/es\/blog\/author\/toyzinger\/","display_name":"toyzinger"},"relative_dates":{"created":"Publicado 3 a\u00f1os hace","modified":"Actualizado 3 semanas hace"},"absolute_dates":{"created":"Publicado el 30\/04\/2023","modified":"Actualizado el 31\/03\/2026"},"absolute_dates_time":{"created":"Publicado el 30\/04\/2023 16:29","modified":"Actualizado el 31\/03\/2026 13:32"},"featured_img_caption":"","featured_img":"https:\/\/toyzinger.com\/wp-content\/uploads\/2023\/04\/thundercats-figuras-coleccion-felinos.jpg","series_order":"","toy_product_id":"","_links":{"self":[{"href":"https:\/\/toyzinger.com\/es\/wp-json\/wp\/v2\/pages\/5453","targetHints":{"allow":["GET"]}}],"collection":[{"href":"https:\/\/toyzinger.com\/es\/wp-json\/wp\/v2\/pages"}],"about":[{"href":"https:\/\/toyzinger.com\/es\/wp-json\/wp\/v2\/types\/page"}],"author":[{"embeddable":true,"href":"https:\/\/toyzinger.com\/es\/wp-json\/wp\/v2\/users\/2"}],"replies":[{"embeddable":true,"href":"https:\/\/toyzinger.com\/es\/wp-json\/wp\/v2\/comments?post=5453"}],"version-history":[{"count":1,"href":"https:\/\/toyzinger.com\/es\/wp-json\/wp\/v2\/pages\/5453\/revisions"}],"predecessor-version":[{"id":33867,"href":"https:\/\/toyzinger.com\/es\/wp-json\/wp\/v2\/pages\/5453\/revisions\/33867"}],"wp:featuredmedia":[{"embeddable":true,"href":"https:\/\/toyzinger.com\/es\/wp-json\/wp\/v2\/media\/5466"}],"wp:attachment":[{"href":"https:\/\/toyzinger.com\/es\/wp-json\/wp\/v2\/media?parent=5453"}],"wp:term":[{"taxonomy":"wf_page_folders","embeddable":true,"href":"https:\/\/toyzinger.com\/es\/wp-json\/wp\/v2\/wf_page_folders?post=5453"}],"curies":[{"name":"wp","href":"https:\/\/api.w.org\/{rel}","templated":true}]}}