{"id":6028,"date":"2023-05-11T16:36:03","date_gmt":"2023-05-11T16:36:03","guid":{"rendered":"https:\/\/toyzinger.com\/?page_id=6028"},"modified":"2026-03-18T14:58:28","modified_gmt":"2026-03-18T14:58:28","slug":"space-jam","status":"publish","type":"page","link":"https:\/\/toyzinger.com\/es\/space-jam\/","title":{"rendered":"Space Jam"},"content":{"rendered":"\n<h2 class=\"wp-block-heading\">Colecciones de figuras de Space Jam:<\/h2>\n\n\n\n<p><\/p>\n\n\n\n<a class=\"toy-collection__base\" href=\"https:\/\/toyzinger.com\/es\/space-jam\/checklist-space-jam-playmates-1996\/\"><figure class=\"toy-collection__image\"><img decoding=\"async\" src=\"https:\/\/toyzinger.com\/wp-content\/uploads\/2026\/03\/space-jam-figuras-coleccion-playmates-1996-jordan-bugs-bunny-250x300.jpg\" alt=\"Space Jam Vintage figures\"\/><\/figure><ul class=\"toy-collection__info\"><li class=\"toy-collection__name\">Space Jam<\/li><li class=\"toy-collection__manufacturer\">Playmates &#8211; (1996-1997)<\/li><\/ul><div class=\"toy-collection__arrow\">\u27a4<\/div><\/a>\n\n\n\n<p><\/p>\n\n\n\n<h2 class=\"wp-block-heading\">Sobre la franquicia:<\/h2>\n\n\n\n<p><\/p>\n\n\n\n<p><strong>Space Jam, <\/strong>es una pel\u00edcula producida por la <strong>Warner Bross<\/strong> en el a\u00f1o 1996, La pel\u00edcula mezcla personajes del mundo real con los dibujos animados de los <strong>Looney Tunes<\/strong>, el protagonista de la pel\u00edcula no fue ni m\u00e1s ni menos que <strong>Michael Jordan<\/strong>, posiblemente el deportista m\u00e1s influyente de todos los tiempos.<\/p>\n\n\n\n<p><\/p>\n\n\n\n<p>La pel\u00edcula trata de unos bichos extraterrestres que vienen a la tierra para raptar y esclavizar a los personajes de los <strong>Looney Tunes<\/strong>, Estos consiguen enga\u00f1arlos para jugarse la esclavitud a un partido de baloncesto (ya que los extraterrestres son muy bajitos). Una vez aceptadas las condiciones, los extraterrestres roban las habilidades de los mejores jugadores NBA y as\u00ed se convierten en unos monstruos que dominan por completo el juego. Pero los <strong>Looney Tunes<\/strong> consiguen convencer a <strong>Michael Jordan<\/strong> para que juegue en su equipo y as\u00ed poder ganar el partido.<\/p>\n\n\n\n<p><\/p>\n\n\n\n<p>La pel\u00edcula fue un \u00e9xito total alrededor del mundo, ya que juntaba los famos\u00edsimos <strong>Looney Tunes<\/strong> con el mism\u00edsimo <strong>Michael Jordan<\/strong>, en el a\u00f1o 2021 se lanz\u00f3 una secuela, esta vez con <strong>Lebron James<\/strong> el llamado a destronar el puesto de <strong>Jordan<\/strong> como mejor jugador de baloncesto de todos los tiempos.<\/p>\n\n\n\n<p><\/p>\n\n\n\n<p>Aprovechando el \u00e9xito asegurado de la pel\u00edcula, varias l\u00edneas de juguetes fueron lanzadas al mercado.<\/p>\n\n\n\n<p><\/p>\n","protected":false},"excerpt":{"rendered":"<p>Colecciones de figuras de Space Jam: Sobre la franquicia: Space Jam, es una pel\u00edcula producida por la Warner Bross en el a\u00f1o 1996, La pel\u00edcula mezcla personajes del mundo real con los dibujos animados de los Looney Tunes, el protagonista de la pel\u00edcula no fue ni m\u00e1s ni menos que Michael Jordan, posiblemente el deportista [&hellip;]<\/p>\n","protected":false},"author":2,"featured_media":6038,"parent":0,"menu_order":0,"comment_status":"closed","ping_status":"closed","template":"","meta":{"advgb_blocks_editor_width":"","advgb_blocks_columns_visual_guide":"","footnotes":""},"wf_page_folders":[566],"class_list":["post-6028","page","type-page","status-publish","has-post-thumbnail","hentry"],"yoast_head":"<!-- This site is optimized with the Yoast SEO plugin v27.3 - https:\/\/yoast.com\/product\/yoast-seo-wordpress\/ -->\n<title>Space Jam - Colecci\u00f3n de figuras<\/title>\n<meta name=\"description\" content=\"Listado de la colecci\u00f3n de figuras de Space Jam vintage, a\u00f1os 1986 y 1987\" \/>\n<meta name=\"robots\" content=\"index, follow, max-snippet:-1, max-image-preview:large, max-video-preview:-1\" \/>\n<link rel=\"canonical\" href=\"https:\/\/toyzinger.com\/es\/space-jam\/\" \/>\n<meta property=\"og:locale\" content=\"es_ES\" \/>\n<meta property=\"og:type\" content=\"article\" \/>\n<meta property=\"og:title\" content=\"Space Jam - Colecci\u00f3n de figuras\" \/>\n<meta property=\"og:description\" content=\"Listado de la colecci\u00f3n de figuras de Space Jam vintage, a\u00f1os 1986 y 1987\" \/>\n<meta property=\"og:url\" content=\"https:\/\/toyzinger.com\/es\/space-jam\/\" \/>\n<meta property=\"og:site_name\" content=\"Toyzinger\" \/>\n<meta property=\"article:publisher\" content=\"https:\/\/www.facebook.com\/toyzinger\" \/>\n<meta property=\"article:modified_time\" content=\"2026-03-18T14:58:28+00:00\" \/>\n<meta property=\"og:image\" content=\"https:\/\/toyzinger.com\/wp-content\/uploads\/2023\/05\/space-jam-figures-checklist-colecction-2.jpg\" \/>\n\t<meta property=\"og:image:width\" content=\"1200\" \/>\n\t<meta property=\"og:image:height\" content=\"300\" \/>\n\t<meta property=\"og:image:type\" content=\"image\/jpeg\" \/>\n<meta name=\"twitter:card\" content=\"summary_large_image\" \/>\n<meta name=\"twitter:label1\" content=\"Tiempo de lectura\" \/>\n\t<meta name=\"twitter:data1\" content=\"2 minutos\" \/>\n<script type=\"application\/ld+json\" class=\"yoast-schema-graph\">{\"@context\":\"https:\\\/\\\/schema.org\",\"@graph\":[{\"@type\":\"WebPage\",\"@id\":\"https:\\\/\\\/toyzinger.com\\\/es\\\/space-jam\\\/\",\"url\":\"https:\\\/\\\/toyzinger.com\\\/es\\\/space-jam\\\/\",\"name\":\"Space Jam - Colecci\u00f3n de figuras\",\"isPartOf\":{\"@id\":\"https:\\\/\\\/toyzinger.com\\\/es\\\/#website\"},\"primaryImageOfPage\":{\"@id\":\"https:\\\/\\\/toyzinger.com\\\/es\\\/space-jam\\\/#primaryimage\"},\"image\":{\"@id\":\"https:\\\/\\\/toyzinger.com\\\/es\\\/space-jam\\\/#primaryimage\"},\"thumbnailUrl\":\"https:\\\/\\\/toyzinger.com\\\/wp-content\\\/uploads\\\/2023\\\/05\\\/space-jam-figures-checklist-colecction-2.jpg\",\"datePublished\":\"2023-05-11T16:36:03+00:00\",\"dateModified\":\"2026-03-18T14:58:28+00:00\",\"description\":\"Listado de la colecci\u00f3n de figuras de Space Jam vintage, a\u00f1os 1986 y 1987\",\"breadcrumb\":{\"@id\":\"https:\\\/\\\/toyzinger.com\\\/es\\\/space-jam\\\/#breadcrumb\"},\"inLanguage\":\"es\",\"potentialAction\":[{\"@type\":\"ReadAction\",\"target\":[\"https:\\\/\\\/toyzinger.com\\\/es\\\/space-jam\\\/\"]}]},{\"@type\":\"ImageObject\",\"inLanguage\":\"es\",\"@id\":\"https:\\\/\\\/toyzinger.com\\\/es\\\/space-jam\\\/#primaryimage\",\"url\":\"https:\\\/\\\/toyzinger.com\\\/wp-content\\\/uploads\\\/2023\\\/05\\\/space-jam-figures-checklist-colecction-2.jpg\",\"contentUrl\":\"https:\\\/\\\/toyzinger.com\\\/wp-content\\\/uploads\\\/2023\\\/05\\\/space-jam-figures-checklist-colecction-2.jpg\",\"width\":1200,\"height\":300,\"caption\":\"Space Jam - coleccion figuras\"},{\"@type\":\"BreadcrumbList\",\"@id\":\"https:\\\/\\\/toyzinger.com\\\/es\\\/space-jam\\\/#breadcrumb\",\"itemListElement\":[{\"@type\":\"ListItem\",\"position\":1,\"name\":\"Toyzinger\",\"item\":\"https:\\\/\\\/toyzinger.com\\\/es\\\/\"},{\"@type\":\"ListItem\",\"position\":2,\"name\":\"Space Jam\"}]},{\"@type\":\"WebSite\",\"@id\":\"https:\\\/\\\/toyzinger.com\\\/es\\\/#website\",\"url\":\"https:\\\/\\\/toyzinger.com\\\/es\\\/\",\"name\":\"Toyzinger\",\"description\":\"Coleccionismo de figuras y juguetes\",\"publisher\":{\"@id\":\"https:\\\/\\\/toyzinger.com\\\/es\\\/#organization\"},\"potentialAction\":[{\"@type\":\"SearchAction\",\"target\":{\"@type\":\"EntryPoint\",\"urlTemplate\":\"https:\\\/\\\/toyzinger.com\\\/es\\\/?s={search_term_string}\"},\"query-input\":{\"@type\":\"PropertyValueSpecification\",\"valueRequired\":true,\"valueName\":\"search_term_string\"}}],\"inLanguage\":\"es\"},{\"@type\":\"Organization\",\"@id\":\"https:\\\/\\\/toyzinger.com\\\/es\\\/#organization\",\"name\":\"Toyzinger\",\"url\":\"https:\\\/\\\/toyzinger.com\\\/es\\\/\",\"logo\":{\"@type\":\"ImageObject\",\"inLanguage\":\"es\",\"@id\":\"https:\\\/\\\/toyzinger.com\\\/es\\\/#\\\/schema\\\/logo\\\/image\\\/\",\"url\":\"https:\\\/\\\/toyzinger.com\\\/wp-content\\\/uploads\\\/2022\\\/10\\\/toyzinger_logo.png\",\"contentUrl\":\"https:\\\/\\\/toyzinger.com\\\/wp-content\\\/uploads\\\/2022\\\/10\\\/toyzinger_logo.png\",\"width\":561,\"height\":568,\"caption\":\"Toyzinger\"},\"image\":{\"@id\":\"https:\\\/\\\/toyzinger.com\\\/es\\\/#\\\/schema\\\/logo\\\/image\\\/\"},\"sameAs\":[\"https:\\\/\\\/www.facebook.com\\\/toyzinger\",\"https:\\\/\\\/www.instagram.com\\\/toyzinger_com\\\/\"]}]}<\/script>\n<!-- \/ Yoast SEO plugin. -->","yoast_head_json":{"title":"Space Jam - Colecci\u00f3n de figuras","description":"Listado de la colecci\u00f3n de figuras de Space Jam vintage, a\u00f1os 1986 y 1987","robots":{"index":"index","follow":"follow","max-snippet":"max-snippet:-1","max-image-preview":"max-image-preview:large","max-video-preview":"max-video-preview:-1"},"canonical":"https:\/\/toyzinger.com\/es\/space-jam\/","og_locale":"es_ES","og_type":"article","og_title":"Space Jam - Colecci\u00f3n de figuras","og_description":"Listado de la colecci\u00f3n de figuras de Space Jam vintage, a\u00f1os 1986 y 1987","og_url":"https:\/\/toyzinger.com\/es\/space-jam\/","og_site_name":"Toyzinger","article_publisher":"https:\/\/www.facebook.com\/toyzinger","article_modified_time":"2026-03-18T14:58:28+00:00","og_image":[{"width":1200,"height":300,"url":"https:\/\/toyzinger.com\/wp-content\/uploads\/2023\/05\/space-jam-figures-checklist-colecction-2.jpg","type":"image\/jpeg"}],"twitter_card":"summary_large_image","twitter_misc":{"Tiempo de lectura":"2 minutos"},"schema":{"@context":"https:\/\/schema.org","@graph":[{"@type":"WebPage","@id":"https:\/\/toyzinger.com\/es\/space-jam\/","url":"https:\/\/toyzinger.com\/es\/space-jam\/","name":"Space Jam - Colecci\u00f3n de figuras","isPartOf":{"@id":"https:\/\/toyzinger.com\/es\/#website"},"primaryImageOfPage":{"@id":"https:\/\/toyzinger.com\/es\/space-jam\/#primaryimage"},"image":{"@id":"https:\/\/toyzinger.com\/es\/space-jam\/#primaryimage"},"thumbnailUrl":"https:\/\/toyzinger.com\/wp-content\/uploads\/2023\/05\/space-jam-figures-checklist-colecction-2.jpg","datePublished":"2023-05-11T16:36:03+00:00","dateModified":"2026-03-18T14:58:28+00:00","description":"Listado de la colecci\u00f3n de figuras de Space Jam vintage, a\u00f1os 1986 y 1987","breadcrumb":{"@id":"https:\/\/toyzinger.com\/es\/space-jam\/#breadcrumb"},"inLanguage":"es","potentialAction":[{"@type":"ReadAction","target":["https:\/\/toyzinger.com\/es\/space-jam\/"]}]},{"@type":"ImageObject","inLanguage":"es","@id":"https:\/\/toyzinger.com\/es\/space-jam\/#primaryimage","url":"https:\/\/toyzinger.com\/wp-content\/uploads\/2023\/05\/space-jam-figures-checklist-colecction-2.jpg","contentUrl":"https:\/\/toyzinger.com\/wp-content\/uploads\/2023\/05\/space-jam-figures-checklist-colecction-2.jpg","width":1200,"height":300,"caption":"Space Jam - coleccion figuras"},{"@type":"BreadcrumbList","@id":"https:\/\/toyzinger.com\/es\/space-jam\/#breadcrumb","itemListElement":[{"@type":"ListItem","position":1,"name":"Toyzinger","item":"https:\/\/toyzinger.com\/es\/"},{"@type":"ListItem","position":2,"name":"Space Jam"}]},{"@type":"WebSite","@id":"https:\/\/toyzinger.com\/es\/#website","url":"https:\/\/toyzinger.com\/es\/","name":"Toyzinger","description":"Coleccionismo de figuras y juguetes","publisher":{"@id":"https:\/\/toyzinger.com\/es\/#organization"},"potentialAction":[{"@type":"SearchAction","target":{"@type":"EntryPoint","urlTemplate":"https:\/\/toyzinger.com\/es\/?s={search_term_string}"},"query-input":{"@type":"PropertyValueSpecification","valueRequired":true,"valueName":"search_term_string"}}],"inLanguage":"es"},{"@type":"Organization","@id":"https:\/\/toyzinger.com\/es\/#organization","name":"Toyzinger","url":"https:\/\/toyzinger.com\/es\/","logo":{"@type":"ImageObject","inLanguage":"es","@id":"https:\/\/toyzinger.com\/es\/#\/schema\/logo\/image\/","url":"https:\/\/toyzinger.com\/wp-content\/uploads\/2022\/10\/toyzinger_logo.png","contentUrl":"https:\/\/toyzinger.com\/wp-content\/uploads\/2022\/10\/toyzinger_logo.png","width":561,"height":568,"caption":"Toyzinger"},"image":{"@id":"https:\/\/toyzinger.com\/es\/#\/schema\/logo\/image\/"},"sameAs":["https:\/\/www.facebook.com\/toyzinger","https:\/\/www.instagram.com\/toyzinger_com\/"]}]}},"coauthors":[],"author_meta":{"author_link":"https:\/\/toyzinger.com\/es\/blog\/author\/toyzinger\/","display_name":"toyzinger"},"relative_dates":{"created":"Publicado 3 a\u00f1os hace","modified":"Actualizado 3 semanas hace"},"absolute_dates":{"created":"Publicado el 11\/05\/2023","modified":"Actualizado el 18\/03\/2026"},"absolute_dates_time":{"created":"Publicado el 11\/05\/2023 16:36","modified":"Actualizado el 18\/03\/2026 14:58"},"featured_img_caption":"","featured_img":"https:\/\/toyzinger.com\/wp-content\/uploads\/2023\/05\/space-jam-figures-checklist-colecction-2.jpg","series_order":"","toy_product_id":"","_links":{"self":[{"href":"https:\/\/toyzinger.com\/es\/wp-json\/wp\/v2\/pages\/6028","targetHints":{"allow":["GET"]}}],"collection":[{"href":"https:\/\/toyzinger.com\/es\/wp-json\/wp\/v2\/pages"}],"about":[{"href":"https:\/\/toyzinger.com\/es\/wp-json\/wp\/v2\/types\/page"}],"author":[{"embeddable":true,"href":"https:\/\/toyzinger.com\/es\/wp-json\/wp\/v2\/users\/2"}],"replies":[{"embeddable":true,"href":"https:\/\/toyzinger.com\/es\/wp-json\/wp\/v2\/comments?post=6028"}],"version-history":[{"count":1,"href":"https:\/\/toyzinger.com\/es\/wp-json\/wp\/v2\/pages\/6028\/revisions"}],"predecessor-version":[{"id":33815,"href":"https:\/\/toyzinger.com\/es\/wp-json\/wp\/v2\/pages\/6028\/revisions\/33815"}],"wp:featuredmedia":[{"embeddable":true,"href":"https:\/\/toyzinger.com\/es\/wp-json\/wp\/v2\/media\/6038"}],"wp:attachment":[{"href":"https:\/\/toyzinger.com\/es\/wp-json\/wp\/v2\/media?parent=6028"}],"wp:term":[{"taxonomy":"wf_page_folders","embeddable":true,"href":"https:\/\/toyzinger.com\/es\/wp-json\/wp\/v2\/wf_page_folders?post=6028"}],"curies":[{"name":"wp","href":"https:\/\/api.w.org\/{rel}","templated":true}]}}