{"id":6528,"date":"2023-05-25T10:07:25","date_gmt":"2023-05-25T10:07:25","guid":{"rendered":"https:\/\/toyzinger.com\/?page_id=6528"},"modified":"2026-02-17T18:58:43","modified_gmt":"2026-02-17T18:58:43","slug":"dc-comics","status":"publish","type":"page","link":"https:\/\/toyzinger.com\/es\/dc-comics\/","title":{"rendered":"DC Comics"},"content":{"rendered":"\n<h2 class=\"wp-block-heading\">Colecciones de figuras de DC Comics:<\/h2>\n\n\n\n<p><\/p>\n\n\n\n<a class=\"toy-collection__base\" href=\"https:\/\/toyzinger.com\/es\/dc-comics\/checklist-super-powers-kenner\/\"><figure class=\"toy-collection__image\"><img decoding=\"async\" src=\"https:\/\/toyzinger.com\/wp-content\/uploads\/2026\/01\/super-powers-collection-kenner-superman-moc-250x300.jpg\" alt=\"Super Powers Vintage Figure\"\/><\/figure><ul class=\"toy-collection__info\"><li class=\"toy-collection__name\">Super Powers<\/li><li class=\"toy-collection__manufacturer\">Kenner &#8211; (1984-1986)<\/li><\/ul><div class=\"toy-collection__arrow\">\u27a4<\/div><\/a>\n\n\n\n<a class=\"toy-collection__base\" href=\"https:\/\/toyzinger.com\/es\/dc-comics\/checklist-batman-animated-series\/\"><figure class=\"toy-collection__image\"><img decoding=\"async\" src=\"https:\/\/toyzinger.com\/wp-content\/uploads\/2026\/01\/batman-animated-series-combat-belt-carded-250x300.webp\" alt=\"Batman Animated Series Figures\"\/><\/figure><ul class=\"toy-collection__info\"><li class=\"toy-collection__name\">Batman: The Animated Series<\/li><li class=\"toy-collection__manufacturer\">Kenner &#8211; (1992-1997)<\/li><\/ul><div class=\"toy-collection__arrow\">\u27a4<\/div><\/a>\n\n\n\n<p><\/p>\n\n\n\n<h2 class=\"wp-block-heading\">Sobre la Franquicia:<\/h2>\n\n\n\n<p><\/p>\n\n\n\n<p><strong>DC Comics<\/strong> es una de las compa\u00f1\u00edas de c\u00f3mics estadounidenses m\u00e1s grandes y antiguas, y su primer c\u00f3mic se public\u00f3 en 1937. La mayor\u00eda de sus publicaciones tienen lugar dentro del Universo DC ficticio y presentan numerosos personajes culturalmente ic\u00f3nicos, superh\u00e9roes como:  Superman, Batman, Wonder Woman, Flash, Aquaman, Green Lantern, Cyborg&#8230;<\/p>\n\n\n\n<p><\/p>\n\n\n\n<p>Adem\u00e1s de sus numerosos personajes, la compa\u00f1\u00eda ha publicado material no relacionado con su propio universo DC, haciendo as\u00ed comics para otras franquicias como <a href=\"https:\/\/toyzinger.com\/masters-of-the-universe\/\">Masters del universo<\/a> o <a href=\"https:\/\/toyzinger.com\/thundercats\/\">Thundercats<\/a>. Incluso se ha atrevido a hacer \u00ab<em>Cross-overs<\/em>\u00bb entre sus personajes y los personajes de estas otras franquicias.<\/p>\n\n\n\n<p><\/p>\n\n\n\n<p>Aunque DC comics empez\u00f3 como una compa\u00f1\u00eda exclusivamente de comics, debido a al gran \u00e9xito de sus personajes se ha atrevido a producir series, pel\u00edculas y dibujos animados de sus personajes. Por supuesto, los personajes de DC comics tambi\u00e9n han llegado al mundo de las figuras de acci\u00f3n y numerosas colecciones basadas en estos personajes han salido al mercado<\/p>\n\n\n\n<p><\/p>\n","protected":false},"excerpt":{"rendered":"<p>Colecciones de figuras de DC Comics: Sobre la Franquicia: DC Comics es una de las compa\u00f1\u00edas de c\u00f3mics estadounidenses m\u00e1s grandes y antiguas, y su primer c\u00f3mic se public\u00f3 en 1937. La mayor\u00eda de sus publicaciones tienen lugar dentro del Universo DC ficticio y presentan numerosos personajes culturalmente ic\u00f3nicos, superh\u00e9roes como: Superman, Batman, Wonder Woman, [&hellip;]<\/p>\n","protected":false},"author":2,"featured_media":6538,"parent":0,"menu_order":0,"comment_status":"closed","ping_status":"closed","template":"","meta":{"advgb_blocks_editor_width":"","advgb_blocks_columns_visual_guide":"","footnotes":""},"wf_page_folders":[610],"class_list":["post-6528","page","type-page","status-publish","has-post-thumbnail","hentry"],"yoast_head":"<!-- This site is optimized with the Yoast SEO plugin v27.3 - https:\/\/yoast.com\/product\/yoast-seo-wordpress\/ -->\n<title>DC Comics - Figuras vintage<\/title>\n<meta name=\"description\" content=\"Listado de distintas colecciones de figuras vintage basadas en los personajes de la editorial DC Comics.\" \/>\n<meta name=\"robots\" content=\"index, follow, max-snippet:-1, max-image-preview:large, max-video-preview:-1\" \/>\n<link rel=\"canonical\" href=\"https:\/\/toyzinger.com\/es\/dc-comics\/\" \/>\n<meta property=\"og:locale\" content=\"es_ES\" \/>\n<meta property=\"og:type\" content=\"article\" \/>\n<meta property=\"og:title\" content=\"DC Comics - Figuras vintage\" \/>\n<meta property=\"og:description\" content=\"Listado de distintas colecciones de figuras vintage basadas en los personajes de la editorial DC Comics.\" \/>\n<meta property=\"og:url\" content=\"https:\/\/toyzinger.com\/es\/dc-comics\/\" \/>\n<meta property=\"og:site_name\" content=\"Toyzinger\" \/>\n<meta property=\"article:publisher\" content=\"https:\/\/www.facebook.com\/toyzinger\" \/>\n<meta property=\"article:modified_time\" content=\"2026-02-17T18:58:43+00:00\" \/>\n<meta property=\"og:image\" content=\"https:\/\/toyzinger.com\/wp-content\/uploads\/2023\/05\/dc-comics-heroes.jpg\" \/>\n\t<meta property=\"og:image:width\" content=\"1200\" \/>\n\t<meta property=\"og:image:height\" content=\"300\" \/>\n\t<meta property=\"og:image:type\" content=\"image\/jpeg\" \/>\n<meta name=\"twitter:card\" content=\"summary_large_image\" \/>\n<meta name=\"twitter:label1\" content=\"Tiempo de lectura\" \/>\n\t<meta name=\"twitter:data1\" content=\"2 minutos\" \/>\n<script type=\"application\/ld+json\" class=\"yoast-schema-graph\">{\"@context\":\"https:\\\/\\\/schema.org\",\"@graph\":[{\"@type\":\"WebPage\",\"@id\":\"https:\\\/\\\/toyzinger.com\\\/es\\\/dc-comics\\\/\",\"url\":\"https:\\\/\\\/toyzinger.com\\\/es\\\/dc-comics\\\/\",\"name\":\"DC Comics - Figuras vintage\",\"isPartOf\":{\"@id\":\"https:\\\/\\\/toyzinger.com\\\/es\\\/#website\"},\"primaryImageOfPage\":{\"@id\":\"https:\\\/\\\/toyzinger.com\\\/es\\\/dc-comics\\\/#primaryimage\"},\"image\":{\"@id\":\"https:\\\/\\\/toyzinger.com\\\/es\\\/dc-comics\\\/#primaryimage\"},\"thumbnailUrl\":\"https:\\\/\\\/toyzinger.com\\\/wp-content\\\/uploads\\\/2023\\\/05\\\/dc-comics-heroes.jpg\",\"datePublished\":\"2023-05-25T10:07:25+00:00\",\"dateModified\":\"2026-02-17T18:58:43+00:00\",\"description\":\"Listado de distintas colecciones de figuras vintage basadas en los personajes de la editorial DC Comics.\",\"breadcrumb\":{\"@id\":\"https:\\\/\\\/toyzinger.com\\\/es\\\/dc-comics\\\/#breadcrumb\"},\"inLanguage\":\"es\",\"potentialAction\":[{\"@type\":\"ReadAction\",\"target\":[\"https:\\\/\\\/toyzinger.com\\\/es\\\/dc-comics\\\/\"]}]},{\"@type\":\"ImageObject\",\"inLanguage\":\"es\",\"@id\":\"https:\\\/\\\/toyzinger.com\\\/es\\\/dc-comics\\\/#primaryimage\",\"url\":\"https:\\\/\\\/toyzinger.com\\\/wp-content\\\/uploads\\\/2023\\\/05\\\/dc-comics-heroes.jpg\",\"contentUrl\":\"https:\\\/\\\/toyzinger.com\\\/wp-content\\\/uploads\\\/2023\\\/05\\\/dc-comics-heroes.jpg\",\"width\":1200,\"height\":300,\"caption\":\"DC Comics - action figures\"},{\"@type\":\"BreadcrumbList\",\"@id\":\"https:\\\/\\\/toyzinger.com\\\/es\\\/dc-comics\\\/#breadcrumb\",\"itemListElement\":[{\"@type\":\"ListItem\",\"position\":1,\"name\":\"Toyzinger\",\"item\":\"https:\\\/\\\/toyzinger.com\\\/es\\\/\"},{\"@type\":\"ListItem\",\"position\":2,\"name\":\"DC Comics\"}]},{\"@type\":\"WebSite\",\"@id\":\"https:\\\/\\\/toyzinger.com\\\/es\\\/#website\",\"url\":\"https:\\\/\\\/toyzinger.com\\\/es\\\/\",\"name\":\"Toyzinger\",\"description\":\"Coleccionismo de figuras y juguetes\",\"publisher\":{\"@id\":\"https:\\\/\\\/toyzinger.com\\\/es\\\/#organization\"},\"potentialAction\":[{\"@type\":\"SearchAction\",\"target\":{\"@type\":\"EntryPoint\",\"urlTemplate\":\"https:\\\/\\\/toyzinger.com\\\/es\\\/?s={search_term_string}\"},\"query-input\":{\"@type\":\"PropertyValueSpecification\",\"valueRequired\":true,\"valueName\":\"search_term_string\"}}],\"inLanguage\":\"es\"},{\"@type\":\"Organization\",\"@id\":\"https:\\\/\\\/toyzinger.com\\\/es\\\/#organization\",\"name\":\"Toyzinger\",\"url\":\"https:\\\/\\\/toyzinger.com\\\/es\\\/\",\"logo\":{\"@type\":\"ImageObject\",\"inLanguage\":\"es\",\"@id\":\"https:\\\/\\\/toyzinger.com\\\/es\\\/#\\\/schema\\\/logo\\\/image\\\/\",\"url\":\"https:\\\/\\\/toyzinger.com\\\/wp-content\\\/uploads\\\/2022\\\/10\\\/toyzinger_logo.png\",\"contentUrl\":\"https:\\\/\\\/toyzinger.com\\\/wp-content\\\/uploads\\\/2022\\\/10\\\/toyzinger_logo.png\",\"width\":561,\"height\":568,\"caption\":\"Toyzinger\"},\"image\":{\"@id\":\"https:\\\/\\\/toyzinger.com\\\/es\\\/#\\\/schema\\\/logo\\\/image\\\/\"},\"sameAs\":[\"https:\\\/\\\/www.facebook.com\\\/toyzinger\",\"https:\\\/\\\/www.instagram.com\\\/toyzinger_com\\\/\"]}]}<\/script>\n<!-- \/ Yoast SEO plugin. -->","yoast_head_json":{"title":"DC Comics - Figuras vintage","description":"Listado de distintas colecciones de figuras vintage basadas en los personajes de la editorial DC Comics.","robots":{"index":"index","follow":"follow","max-snippet":"max-snippet:-1","max-image-preview":"max-image-preview:large","max-video-preview":"max-video-preview:-1"},"canonical":"https:\/\/toyzinger.com\/es\/dc-comics\/","og_locale":"es_ES","og_type":"article","og_title":"DC Comics - Figuras vintage","og_description":"Listado de distintas colecciones de figuras vintage basadas en los personajes de la editorial DC Comics.","og_url":"https:\/\/toyzinger.com\/es\/dc-comics\/","og_site_name":"Toyzinger","article_publisher":"https:\/\/www.facebook.com\/toyzinger","article_modified_time":"2026-02-17T18:58:43+00:00","og_image":[{"width":1200,"height":300,"url":"https:\/\/toyzinger.com\/wp-content\/uploads\/2023\/05\/dc-comics-heroes.jpg","type":"image\/jpeg"}],"twitter_card":"summary_large_image","twitter_misc":{"Tiempo de lectura":"2 minutos"},"schema":{"@context":"https:\/\/schema.org","@graph":[{"@type":"WebPage","@id":"https:\/\/toyzinger.com\/es\/dc-comics\/","url":"https:\/\/toyzinger.com\/es\/dc-comics\/","name":"DC Comics - Figuras vintage","isPartOf":{"@id":"https:\/\/toyzinger.com\/es\/#website"},"primaryImageOfPage":{"@id":"https:\/\/toyzinger.com\/es\/dc-comics\/#primaryimage"},"image":{"@id":"https:\/\/toyzinger.com\/es\/dc-comics\/#primaryimage"},"thumbnailUrl":"https:\/\/toyzinger.com\/wp-content\/uploads\/2023\/05\/dc-comics-heroes.jpg","datePublished":"2023-05-25T10:07:25+00:00","dateModified":"2026-02-17T18:58:43+00:00","description":"Listado de distintas colecciones de figuras vintage basadas en los personajes de la editorial DC Comics.","breadcrumb":{"@id":"https:\/\/toyzinger.com\/es\/dc-comics\/#breadcrumb"},"inLanguage":"es","potentialAction":[{"@type":"ReadAction","target":["https:\/\/toyzinger.com\/es\/dc-comics\/"]}]},{"@type":"ImageObject","inLanguage":"es","@id":"https:\/\/toyzinger.com\/es\/dc-comics\/#primaryimage","url":"https:\/\/toyzinger.com\/wp-content\/uploads\/2023\/05\/dc-comics-heroes.jpg","contentUrl":"https:\/\/toyzinger.com\/wp-content\/uploads\/2023\/05\/dc-comics-heroes.jpg","width":1200,"height":300,"caption":"DC Comics - action figures"},{"@type":"BreadcrumbList","@id":"https:\/\/toyzinger.com\/es\/dc-comics\/#breadcrumb","itemListElement":[{"@type":"ListItem","position":1,"name":"Toyzinger","item":"https:\/\/toyzinger.com\/es\/"},{"@type":"ListItem","position":2,"name":"DC Comics"}]},{"@type":"WebSite","@id":"https:\/\/toyzinger.com\/es\/#website","url":"https:\/\/toyzinger.com\/es\/","name":"Toyzinger","description":"Coleccionismo de figuras y juguetes","publisher":{"@id":"https:\/\/toyzinger.com\/es\/#organization"},"potentialAction":[{"@type":"SearchAction","target":{"@type":"EntryPoint","urlTemplate":"https:\/\/toyzinger.com\/es\/?s={search_term_string}"},"query-input":{"@type":"PropertyValueSpecification","valueRequired":true,"valueName":"search_term_string"}}],"inLanguage":"es"},{"@type":"Organization","@id":"https:\/\/toyzinger.com\/es\/#organization","name":"Toyzinger","url":"https:\/\/toyzinger.com\/es\/","logo":{"@type":"ImageObject","inLanguage":"es","@id":"https:\/\/toyzinger.com\/es\/#\/schema\/logo\/image\/","url":"https:\/\/toyzinger.com\/wp-content\/uploads\/2022\/10\/toyzinger_logo.png","contentUrl":"https:\/\/toyzinger.com\/wp-content\/uploads\/2022\/10\/toyzinger_logo.png","width":561,"height":568,"caption":"Toyzinger"},"image":{"@id":"https:\/\/toyzinger.com\/es\/#\/schema\/logo\/image\/"},"sameAs":["https:\/\/www.facebook.com\/toyzinger","https:\/\/www.instagram.com\/toyzinger_com\/"]}]}},"coauthors":[],"author_meta":{"author_link":"https:\/\/toyzinger.com\/es\/blog\/author\/toyzinger\/","display_name":"toyzinger"},"relative_dates":{"created":"Publicado 3 a\u00f1os hace","modified":"Actualizado 2 meses hace"},"absolute_dates":{"created":"Publicado el 25\/05\/2023","modified":"Actualizado el 17\/02\/2026"},"absolute_dates_time":{"created":"Publicado el 25\/05\/2023 10:07","modified":"Actualizado el 17\/02\/2026 18:58"},"featured_img_caption":"","featured_img":"https:\/\/toyzinger.com\/wp-content\/uploads\/2023\/05\/dc-comics-heroes.jpg","series_order":"","toy_product_id":"","_links":{"self":[{"href":"https:\/\/toyzinger.com\/es\/wp-json\/wp\/v2\/pages\/6528","targetHints":{"allow":["GET"]}}],"collection":[{"href":"https:\/\/toyzinger.com\/es\/wp-json\/wp\/v2\/pages"}],"about":[{"href":"https:\/\/toyzinger.com\/es\/wp-json\/wp\/v2\/types\/page"}],"author":[{"embeddable":true,"href":"https:\/\/toyzinger.com\/es\/wp-json\/wp\/v2\/users\/2"}],"replies":[{"embeddable":true,"href":"https:\/\/toyzinger.com\/es\/wp-json\/wp\/v2\/comments?post=6528"}],"version-history":[{"count":2,"href":"https:\/\/toyzinger.com\/es\/wp-json\/wp\/v2\/pages\/6528\/revisions"}],"predecessor-version":[{"id":33118,"href":"https:\/\/toyzinger.com\/es\/wp-json\/wp\/v2\/pages\/6528\/revisions\/33118"}],"wp:featuredmedia":[{"embeddable":true,"href":"https:\/\/toyzinger.com\/es\/wp-json\/wp\/v2\/media\/6538"}],"wp:attachment":[{"href":"https:\/\/toyzinger.com\/es\/wp-json\/wp\/v2\/media?parent=6528"}],"wp:term":[{"taxonomy":"wf_page_folders","embeddable":true,"href":"https:\/\/toyzinger.com\/es\/wp-json\/wp\/v2\/wf_page_folders?post=6528"}],"curies":[{"name":"wp","href":"https:\/\/api.w.org\/{rel}","templated":true}]}}