{"id":71,"date":"2022-09-18T15:16:07","date_gmt":"2022-09-18T15:16:07","guid":{"rendered":"https:\/\/toyzinger.com\/?page_id=71"},"modified":"2026-02-04T15:50:06","modified_gmt":"2026-02-04T15:50:06","slug":"dragon-quest","status":"publish","type":"page","link":"https:\/\/toyzinger.com\/es\/dragon-quest\/","title":{"rendered":"Dragon Quest"},"content":{"rendered":"\n<h2 class=\"wp-block-heading\">Colecciones de Figuras de Dragon Quest:<\/h2>\n\n\n\n<p><\/p>\n\n\n\n<a class=\"toy-collection__base\" href=\"https:\/\/toyzinger.com\/es\/dragon-quest\/battle-action-figure\/\"><figure class=\"toy-collection__image\"><img decoding=\"async\" src=\"https:\/\/toyzinger.com\/wp-content\/uploads\/2026\/02\/dragon-quest-dai-fly-coleccion-figuras-takara-box-250x300.jpg\" alt=\"Aventuras de Fly - Figures\"\/><\/figure><ul class=\"toy-collection__info\"><li class=\"toy-collection__name\">Battle Action Series<\/li><li class=\"toy-collection__manufacturer\">Takara &#8211; (1991)<\/li><\/ul><div class=\"toy-collection__arrow\">\u27a4<\/div><\/a>\n\n\n\n<a class=\"toy-collection__base\" href=\"https:\/\/toyzinger.com\/es\/dragon-quest\/brave-collection-of-adventure\/\"><figure class=\"toy-collection__image\"><img decoding=\"async\" src=\"https:\/\/toyzinger.com\/wp-content\/uploads\/2026\/02\/dragon-quest-adventures-dai-brave-collection-takara-01-dai-box-250x300.webp\" alt=\"Dain no daibouken Brave Collection\"\/><\/figure><ul class=\"toy-collection__info\"><li class=\"toy-collection__name\">Brave Collection<\/li><li class=\"toy-collection__manufacturer\">Takara &#8211; (1992)<\/li><\/ul><div class=\"toy-collection__arrow\">\u27a4<\/div><\/a>\n\n\n\n<a class=\"toy-collection__base\" href=\"https:\/\/toyzinger.com\/es\/dragon-quest\/checklist-figma\/\"><figure class=\"toy-collection__image\"><img decoding=\"async\" src=\"https:\/\/toyzinger.com\/wp-content\/uploads\/2026\/02\/dragon-quest-figure-figma-dai-box-250x300.webp\" alt=\"Dragon quest Fly - figma figures\"\/><\/figure><ul class=\"toy-collection__info\"><li class=\"toy-collection__name\">Action Figure Series<\/li><li class=\"toy-collection__manufacturer\">Figma &#8211; (2022-2023)<\/li><\/ul><div class=\"toy-collection__arrow\">\u27a4<\/div><\/a>\n\n\n\n<p><\/p>\n\n\n\n<h2 class=\"wp-block-heading\">Sobre la franquicia:<\/h2>\n\n\n\n<p><\/p>\n\n\n\n<p><strong>Las Aventuras de Fly<\/strong>, llamado originalmente <strong>Dai no Daiboken<\/strong>, es un manga basado en el mundo de fantas\u00eda del videojuego <a href=\"https:\/\/toyzinger.com\/blog\/dragon-quest\/\">Dragon Quest<\/a>.<\/p>\n\n\n\n<p><\/p>\n\n\n\n<p>Explica las aventuras de <strong>Fly<\/strong> y sus compa\u00f1eros, que luchan para derrotar el ej\u00e9rcito del Mal liderado por el Rey Oscuro <strong>Vearn<\/strong>. La historia es simple, pero funciona muy bien, gracias a cantidad de personajes malvados muy originales y ese toque \u201crolero\u201d de la historia, que refleja muy bien la intenci\u00f3n inicial, explicar una historia en el mundo de <strong>Dragon Quest<\/strong> una famosa saga de videojuegos de rol.<\/p>\n\n\n\n<p><\/p>\n\n\n\n<p>Lamentablemente, aunque el manga tuviese una gran acogida, el anime de los a\u00f1os 90 no pudo ser completado por falta de presupuesto y dejo a muchos ni\u00f1os de la \u00e9poca a medias.<\/p>\n\n\n\n<p><\/p>\n\n\n\n<p>Un error que pudo ser enmendado 30 a\u00f1os m\u00e1s tarde en 2020 con una reedici\u00f3n del anime, que esta vez s\u00ed que llego a finalizar la historia.<\/p>\n\n\n\n<p><\/p>\n\n\n\n<p>Obviamente, como todo buen anime de \u00e9xito, varias colecciones de figuras de acci\u00f3n salieron a la venta para hacer disfrutar a los ni\u00f1os de los 90 y los coleccionistas de la actualidad:<\/p>\n","protected":false},"excerpt":{"rendered":"<p>Colecciones de Figuras de Dragon Quest: Sobre la franquicia: Las Aventuras de Fly, llamado originalmente Dai no Daiboken, es un manga basado en el mundo de fantas\u00eda del videojuego Dragon Quest. Explica las aventuras de Fly y sus compa\u00f1eros, que luchan para derrotar el ej\u00e9rcito del Mal liderado por el Rey Oscuro Vearn. La historia [&hellip;]<\/p>\n","protected":false},"author":2,"featured_media":74,"parent":0,"menu_order":0,"comment_status":"closed","ping_status":"closed","template":"","meta":{"advgb_blocks_editor_width":"","advgb_blocks_columns_visual_guide":"","footnotes":""},"wf_page_folders":[13],"class_list":["post-71","page","type-page","status-publish","has-post-thumbnail","hentry"],"yoast_head":"<!-- This site is optimized with the Yoast SEO plugin v27.3 - https:\/\/yoast.com\/product\/yoast-seo-wordpress\/ -->\n<title>Dragon Quest - Toyzinger<\/title>\n<meta name=\"description\" content=\"Listado de colecciones de figuras de la franquicia Dragon Quest: Las Aventuras de Fly.\" \/>\n<meta name=\"robots\" content=\"index, follow, max-snippet:-1, max-image-preview:large, max-video-preview:-1\" \/>\n<link rel=\"canonical\" href=\"https:\/\/toyzinger.com\/es\/dragon-quest\/\" \/>\n<meta property=\"og:locale\" content=\"es_ES\" \/>\n<meta property=\"og:type\" content=\"article\" \/>\n<meta property=\"og:title\" content=\"Dragon Quest - Toyzinger\" \/>\n<meta property=\"og:description\" content=\"Listado de colecciones de figuras de la franquicia Dragon Quest: Las Aventuras de Fly.\" \/>\n<meta property=\"og:url\" content=\"https:\/\/toyzinger.com\/es\/dragon-quest\/\" \/>\n<meta property=\"og:site_name\" content=\"Toyzinger\" \/>\n<meta property=\"article:publisher\" content=\"https:\/\/www.facebook.com\/toyzinger\" \/>\n<meta property=\"article:modified_time\" content=\"2026-02-04T15:50:06+00:00\" \/>\n<meta property=\"og:image\" content=\"https:\/\/toyzinger.com\/wp-content\/uploads\/2022\/09\/las-aventuras-de-dai.webp\" \/>\n\t<meta property=\"og:image:width\" content=\"2560\" \/>\n\t<meta property=\"og:image:height\" content=\"1310\" \/>\n\t<meta property=\"og:image:type\" content=\"image\/webp\" \/>\n<meta name=\"twitter:card\" content=\"summary_large_image\" \/>\n<meta name=\"twitter:label1\" content=\"Tiempo de lectura\" \/>\n\t<meta name=\"twitter:data1\" content=\"2 minutos\" \/>\n<script type=\"application\/ld+json\" class=\"yoast-schema-graph\">{\"@context\":\"https:\\\/\\\/schema.org\",\"@graph\":[{\"@type\":\"WebPage\",\"@id\":\"https:\\\/\\\/toyzinger.com\\\/es\\\/dragon-quest\\\/\",\"url\":\"https:\\\/\\\/toyzinger.com\\\/es\\\/dragon-quest\\\/\",\"name\":\"Dragon Quest - Toyzinger\",\"isPartOf\":{\"@id\":\"https:\\\/\\\/toyzinger.com\\\/es\\\/#website\"},\"primaryImageOfPage\":{\"@id\":\"https:\\\/\\\/toyzinger.com\\\/es\\\/dragon-quest\\\/#primaryimage\"},\"image\":{\"@id\":\"https:\\\/\\\/toyzinger.com\\\/es\\\/dragon-quest\\\/#primaryimage\"},\"thumbnailUrl\":\"https:\\\/\\\/toyzinger.com\\\/wp-content\\\/uploads\\\/2022\\\/09\\\/las-aventuras-de-dai.webp\",\"datePublished\":\"2022-09-18T15:16:07+00:00\",\"dateModified\":\"2026-02-04T15:50:06+00:00\",\"description\":\"Listado de colecciones de figuras de la franquicia Dragon Quest: Las Aventuras de Fly.\",\"breadcrumb\":{\"@id\":\"https:\\\/\\\/toyzinger.com\\\/es\\\/dragon-quest\\\/#breadcrumb\"},\"inLanguage\":\"es\",\"potentialAction\":[{\"@type\":\"ReadAction\",\"target\":[\"https:\\\/\\\/toyzinger.com\\\/es\\\/dragon-quest\\\/\"]}]},{\"@type\":\"ImageObject\",\"inLanguage\":\"es\",\"@id\":\"https:\\\/\\\/toyzinger.com\\\/es\\\/dragon-quest\\\/#primaryimage\",\"url\":\"https:\\\/\\\/toyzinger.com\\\/wp-content\\\/uploads\\\/2022\\\/09\\\/las-aventuras-de-dai.webp\",\"contentUrl\":\"https:\\\/\\\/toyzinger.com\\\/wp-content\\\/uploads\\\/2022\\\/09\\\/las-aventuras-de-dai.webp\",\"width\":2560,\"height\":1310,\"caption\":\"Dragon Quest - adeventures of dai\"},{\"@type\":\"BreadcrumbList\",\"@id\":\"https:\\\/\\\/toyzinger.com\\\/es\\\/dragon-quest\\\/#breadcrumb\",\"itemListElement\":[{\"@type\":\"ListItem\",\"position\":1,\"name\":\"Toyzinger\",\"item\":\"https:\\\/\\\/toyzinger.com\\\/es\\\/\"},{\"@type\":\"ListItem\",\"position\":2,\"name\":\"Dragon Quest\"}]},{\"@type\":\"WebSite\",\"@id\":\"https:\\\/\\\/toyzinger.com\\\/es\\\/#website\",\"url\":\"https:\\\/\\\/toyzinger.com\\\/es\\\/\",\"name\":\"Toyzinger\",\"description\":\"Coleccionismo de figuras y juguetes\",\"publisher\":{\"@id\":\"https:\\\/\\\/toyzinger.com\\\/es\\\/#organization\"},\"potentialAction\":[{\"@type\":\"SearchAction\",\"target\":{\"@type\":\"EntryPoint\",\"urlTemplate\":\"https:\\\/\\\/toyzinger.com\\\/es\\\/?s={search_term_string}\"},\"query-input\":{\"@type\":\"PropertyValueSpecification\",\"valueRequired\":true,\"valueName\":\"search_term_string\"}}],\"inLanguage\":\"es\"},{\"@type\":\"Organization\",\"@id\":\"https:\\\/\\\/toyzinger.com\\\/es\\\/#organization\",\"name\":\"Toyzinger\",\"url\":\"https:\\\/\\\/toyzinger.com\\\/es\\\/\",\"logo\":{\"@type\":\"ImageObject\",\"inLanguage\":\"es\",\"@id\":\"https:\\\/\\\/toyzinger.com\\\/es\\\/#\\\/schema\\\/logo\\\/image\\\/\",\"url\":\"https:\\\/\\\/toyzinger.com\\\/wp-content\\\/uploads\\\/2022\\\/10\\\/toyzinger_logo.png\",\"contentUrl\":\"https:\\\/\\\/toyzinger.com\\\/wp-content\\\/uploads\\\/2022\\\/10\\\/toyzinger_logo.png\",\"width\":561,\"height\":568,\"caption\":\"Toyzinger\"},\"image\":{\"@id\":\"https:\\\/\\\/toyzinger.com\\\/es\\\/#\\\/schema\\\/logo\\\/image\\\/\"},\"sameAs\":[\"https:\\\/\\\/www.facebook.com\\\/toyzinger\",\"https:\\\/\\\/www.instagram.com\\\/toyzinger_com\\\/\"]}]}<\/script>\n<!-- \/ Yoast SEO plugin. -->","yoast_head_json":{"title":"Dragon Quest - Toyzinger","description":"Listado de colecciones de figuras de la franquicia Dragon Quest: Las Aventuras de Fly.","robots":{"index":"index","follow":"follow","max-snippet":"max-snippet:-1","max-image-preview":"max-image-preview:large","max-video-preview":"max-video-preview:-1"},"canonical":"https:\/\/toyzinger.com\/es\/dragon-quest\/","og_locale":"es_ES","og_type":"article","og_title":"Dragon Quest - Toyzinger","og_description":"Listado de colecciones de figuras de la franquicia Dragon Quest: Las Aventuras de Fly.","og_url":"https:\/\/toyzinger.com\/es\/dragon-quest\/","og_site_name":"Toyzinger","article_publisher":"https:\/\/www.facebook.com\/toyzinger","article_modified_time":"2026-02-04T15:50:06+00:00","og_image":[{"width":2560,"height":1310,"url":"https:\/\/toyzinger.com\/wp-content\/uploads\/2022\/09\/las-aventuras-de-dai.webp","type":"image\/webp"}],"twitter_card":"summary_large_image","twitter_misc":{"Tiempo de lectura":"2 minutos"},"schema":{"@context":"https:\/\/schema.org","@graph":[{"@type":"WebPage","@id":"https:\/\/toyzinger.com\/es\/dragon-quest\/","url":"https:\/\/toyzinger.com\/es\/dragon-quest\/","name":"Dragon Quest - Toyzinger","isPartOf":{"@id":"https:\/\/toyzinger.com\/es\/#website"},"primaryImageOfPage":{"@id":"https:\/\/toyzinger.com\/es\/dragon-quest\/#primaryimage"},"image":{"@id":"https:\/\/toyzinger.com\/es\/dragon-quest\/#primaryimage"},"thumbnailUrl":"https:\/\/toyzinger.com\/wp-content\/uploads\/2022\/09\/las-aventuras-de-dai.webp","datePublished":"2022-09-18T15:16:07+00:00","dateModified":"2026-02-04T15:50:06+00:00","description":"Listado de colecciones de figuras de la franquicia Dragon Quest: Las Aventuras de Fly.","breadcrumb":{"@id":"https:\/\/toyzinger.com\/es\/dragon-quest\/#breadcrumb"},"inLanguage":"es","potentialAction":[{"@type":"ReadAction","target":["https:\/\/toyzinger.com\/es\/dragon-quest\/"]}]},{"@type":"ImageObject","inLanguage":"es","@id":"https:\/\/toyzinger.com\/es\/dragon-quest\/#primaryimage","url":"https:\/\/toyzinger.com\/wp-content\/uploads\/2022\/09\/las-aventuras-de-dai.webp","contentUrl":"https:\/\/toyzinger.com\/wp-content\/uploads\/2022\/09\/las-aventuras-de-dai.webp","width":2560,"height":1310,"caption":"Dragon Quest - adeventures of dai"},{"@type":"BreadcrumbList","@id":"https:\/\/toyzinger.com\/es\/dragon-quest\/#breadcrumb","itemListElement":[{"@type":"ListItem","position":1,"name":"Toyzinger","item":"https:\/\/toyzinger.com\/es\/"},{"@type":"ListItem","position":2,"name":"Dragon Quest"}]},{"@type":"WebSite","@id":"https:\/\/toyzinger.com\/es\/#website","url":"https:\/\/toyzinger.com\/es\/","name":"Toyzinger","description":"Coleccionismo de figuras y juguetes","publisher":{"@id":"https:\/\/toyzinger.com\/es\/#organization"},"potentialAction":[{"@type":"SearchAction","target":{"@type":"EntryPoint","urlTemplate":"https:\/\/toyzinger.com\/es\/?s={search_term_string}"},"query-input":{"@type":"PropertyValueSpecification","valueRequired":true,"valueName":"search_term_string"}}],"inLanguage":"es"},{"@type":"Organization","@id":"https:\/\/toyzinger.com\/es\/#organization","name":"Toyzinger","url":"https:\/\/toyzinger.com\/es\/","logo":{"@type":"ImageObject","inLanguage":"es","@id":"https:\/\/toyzinger.com\/es\/#\/schema\/logo\/image\/","url":"https:\/\/toyzinger.com\/wp-content\/uploads\/2022\/10\/toyzinger_logo.png","contentUrl":"https:\/\/toyzinger.com\/wp-content\/uploads\/2022\/10\/toyzinger_logo.png","width":561,"height":568,"caption":"Toyzinger"},"image":{"@id":"https:\/\/toyzinger.com\/es\/#\/schema\/logo\/image\/"},"sameAs":["https:\/\/www.facebook.com\/toyzinger","https:\/\/www.instagram.com\/toyzinger_com\/"]}]}},"coauthors":[],"author_meta":{"author_link":"https:\/\/toyzinger.com\/es\/blog\/author\/toyzinger\/","display_name":"toyzinger"},"relative_dates":{"created":"Publicado 4 a\u00f1os hace","modified":"Actualizado 2 meses hace"},"absolute_dates":{"created":"Publicado el 18\/09\/2022","modified":"Actualizado el 04\/02\/2026"},"absolute_dates_time":{"created":"Publicado el 18\/09\/2022 15:16","modified":"Actualizado el 04\/02\/2026 15:50"},"featured_img_caption":"","featured_img":"https:\/\/toyzinger.com\/wp-content\/uploads\/2022\/09\/las-aventuras-de-dai.webp","series_order":"","toy_product_id":"","_links":{"self":[{"href":"https:\/\/toyzinger.com\/es\/wp-json\/wp\/v2\/pages\/71","targetHints":{"allow":["GET"]}}],"collection":[{"href":"https:\/\/toyzinger.com\/es\/wp-json\/wp\/v2\/pages"}],"about":[{"href":"https:\/\/toyzinger.com\/es\/wp-json\/wp\/v2\/types\/page"}],"author":[{"embeddable":true,"href":"https:\/\/toyzinger.com\/es\/wp-json\/wp\/v2\/users\/2"}],"replies":[{"embeddable":true,"href":"https:\/\/toyzinger.com\/es\/wp-json\/wp\/v2\/comments?post=71"}],"version-history":[{"count":4,"href":"https:\/\/toyzinger.com\/es\/wp-json\/wp\/v2\/pages\/71\/revisions"}],"predecessor-version":[{"id":33066,"href":"https:\/\/toyzinger.com\/es\/wp-json\/wp\/v2\/pages\/71\/revisions\/33066"}],"wp:featuredmedia":[{"embeddable":true,"href":"https:\/\/toyzinger.com\/es\/wp-json\/wp\/v2\/media\/74"}],"wp:attachment":[{"href":"https:\/\/toyzinger.com\/es\/wp-json\/wp\/v2\/media?parent=71"}],"wp:term":[{"taxonomy":"wf_page_folders","embeddable":true,"href":"https:\/\/toyzinger.com\/es\/wp-json\/wp\/v2\/wf_page_folders?post=71"}],"curies":[{"name":"wp","href":"https:\/\/api.w.org\/{rel}","templated":true}]}}