{"id":82,"date":"2022-09-19T18:19:49","date_gmt":"2022-09-19T18:19:49","guid":{"rendered":"https:\/\/toyzinger.com\/?page_id=82"},"modified":"2026-02-04T15:46:45","modified_gmt":"2026-02-04T15:46:45","slug":"battle-action-figure","status":"publish","type":"page","link":"https:\/\/toyzinger.com\/es\/dragon-quest\/battle-action-figure\/","title":{"rendered":"Checklist &#8211; Battle Action Series"},"content":{"rendered":"\n<p>Tal vez la m\u00e1s conocida de las colecciones de <strong>Las aventuras de Fly<\/strong>, producida y comercializada por TAKARA para el mercado japon\u00e9s el a\u00f1o 1991, esta colecci\u00f3n tambi\u00e9n fue distribuida por otras jugueteras en otras zonas del mundo como: Corea, Europa o Latino America\u2026<\/p>\n\n\n\n<p><\/p>\n\n\n\n<p>Personalmente esta es la colecci\u00f3n de Las aventuras de fly que m\u00e1s me gusta ya que es la que pude disfrutar en mi infancia, puesto que el a\u00f1o 1993, cuando la serie animada lleg\u00f3 a espa\u00f1a, la juguetera HASBRO comercializ\u00f3 la figuras para el mercado espa\u00f1ol.<\/p>\n\n\n\n<p><\/p>\n\n\n\n<p>Las figuras son exactamente iguales a las japonesas con la \u00fanica diferencia que ven\u00edan empacadas en blister en lugar de en caja de cart\u00f3n. Adem\u00e1s la figura de Dai (Knight Armor) nunca lleg\u00f3 a ser comercializada fuera de jap\u00f3n.<\/p>\n\n\n\n<p><\/p>\n\n\n\n<p>La juguetera coreana SONOKONG tambi\u00e9n comercializ\u00f3 esta colecci\u00f3n en blister para el mercado coreano y Brasile\u00f1o, lo curioso de las figuras Coreanas es que el blister no incluye las capas (telas) que algunos personajes ten\u00edan en las versiones de HASBRO y TAKARA.<\/p>\n\n\n\n<p><\/p>\n\n\n\n<p>Lo mejor y lo peor de esta l\u00ednea de figuras es que es muy corta, 6 figuras (o 7 si incluimos el \u201choly grial\u201d). Es una colecci\u00f3n que podemos terminar \u201cf\u00e1cilmente\u201d, pero para los que hemos disfrutado de la serie se nos puede hacer una colecci\u00f3n demasiado corta, ya que faltan figuras de muchos personajes importantes en la historia.<\/p>\n\n\n\n<p><\/p>\n\n\n\n<h2 class=\"wp-block-heading\" id=\"las-figuras-d2817466-997d-4f00-8374-d19d1759669b\">Las figuras:<\/h2>\n\n\n\n<p><\/p>\n\n\n\n<p>La colecci\u00f3n consta de 7 figuras (1 de ellas exclusiva y limitada para el mercado japon\u00e9s) que son:<\/p>\n\n\n\n<p><\/p>\n\n\n\n<div class=\"wp-block-advgb-columns advgb-columns-wrapper\" id=\"advgb-cols-4e4df46f-bae6-4ea9-a678-062f0738ea4e\"><div class=\"advgb-columns-container\"><div class=\"advgb-columns advgb-columns-row advgb-is-mobile advgb-columns-4 layout-14-14-14-14 tbl-layout-12x4 mbl-layout-12x4 vgutter-10\" style=\"max-width:1040px\">\n<div class=\"wp-block-advgb-column advgb-column advgb-is-one-quarter-desktop advgb-is-half-tablet advgb-is-half-mobile\" id=\"advgb-col-2a919192-97ae-4f67-ba73-c2cdcedecbbc\"><div class=\"advgb-column-inner\" style=\"border-style:none;border-width:1px\">\n<div class=\"toy-preview__base\"><a href=\"https:\/\/toyzinger.com\/es\/dragon-quest\/battle-action-figure\/dai-fly\/\" class=\"toy-preview__box\" title=\"Dragon Quest Vintage Figures\"><div class=\"toy-preview__top\"><img decoding=\"async\" class=\"toy-preview__img\" src=\"https:\/\/image.toyzinger.com\/dai-battle-action-series\/aventuras-de-fly-dragon-quest-figuras-coleccion-dai.jpg\" alt=\"Dragon Quest Vintage Figures\"\/><\/div><div class=\"toy-preview__bottom\"><div class=\"toy-preview__name\"><h5>Dai<\/h5><\/div><button class=\"toy-preview__viewmore\">Ver m\u00e1s<\/button><\/div><\/a><\/div>\n<\/div><\/div>\n\n\n\n<div class=\"wp-block-advgb-column advgb-column advgb-is-one-quarter-desktop advgb-is-half-tablet advgb-is-half-mobile\" id=\"advgb-col-98011ba8-6142-415f-8d72-470947cb7274\"><div class=\"advgb-column-inner\" style=\"border-style:none;border-width:1px\">\n<div class=\"toy-preview__base\"><a href=\"https:\/\/toyzinger.com\/es\/dragon-quest\/battle-action-figure\/pop\/\" class=\"toy-preview__box\" title=\"Dragon Quest Vintage Figures\"><div class=\"toy-preview__top\"><img decoding=\"async\" class=\"toy-preview__img\" src=\"https:\/\/image.toyzinger.com\/dai-battle-action-series\/dragon-quest-figuras-coleccion-pop.jpg\" alt=\"Dragon Quest Vintage Figures\"\/><\/div><div class=\"toy-preview__bottom\"><div class=\"toy-preview__name\"><h5>Popp<\/h5><\/div><button class=\"toy-preview__viewmore\">Ver m\u00e1s<\/button><\/div><\/a><\/div>\n<\/div><\/div>\n\n\n\n<div class=\"wp-block-advgb-column advgb-column advgb-is-one-quarter-desktop advgb-is-half-tablet advgb-is-half-mobile\" id=\"advgb-col-f30b3cc4-0bb6-419d-a3f2-1c7bdee543c2\"><div class=\"advgb-column-inner\" style=\"border-style:none;border-width:1px\">\n<div class=\"toy-preview__base\"><a href=\"https:\/\/toyzinger.com\/es\/dragon-quest\/battle-action-figure\/hyunckel\/\" class=\"toy-preview__box\" title=\"Dragon Quest Vintage Figures\"><div class=\"toy-preview__top\"><img decoding=\"async\" class=\"toy-preview__img\" src=\"https:\/\/image.toyzinger.com\/dai-battle-action-series\/aventuras-de-fly-dragon-quest-figuras-coleccion-hyunckel-front.jpg\" alt=\"Dragon Quest Vintage Figures\"\/><\/div><div class=\"toy-preview__bottom\"><div class=\"toy-preview__name\"><h5>Hyunckel<\/h5><\/div><button class=\"toy-preview__viewmore\">Ver m\u00e1s<\/button><\/div><\/a><\/div>\n<\/div><\/div>\n\n\n\n<div class=\"wp-block-advgb-column advgb-column advgb-is-one-quarter-desktop advgb-is-half-tablet advgb-is-half-mobile\" id=\"advgb-col-8e15ddbb-fee4-486f-be4b-5d775b3b862c\"><div class=\"advgb-column-inner\" style=\"border-style:none;border-width:1px\">\n<div class=\"toy-preview__base\"><a href=\"https:\/\/toyzinger.com\/es\/dragon-quest\/battle-action-figure\/crocodine\/\" class=\"toy-preview__box\" title=\"Dragon Quest Vintage Figures\"><div class=\"toy-preview__top\"><img decoding=\"async\" class=\"toy-preview__img\" src=\"https:\/\/image.toyzinger.com\/dai-battle-action-series\/aventuras-de-fly-dragon-quest-figuras-coleccion-crocodine.jpg\" alt=\"Dragon Quest Vintage Figures\"\/><\/div><div class=\"toy-preview__bottom\"><div class=\"toy-preview__name\"><h5>Crocodine<\/h5><\/div><button class=\"toy-preview__viewmore\">Ver m\u00e1s<\/button><\/div><\/a><\/div>\n<\/div><\/div>\n<\/div><\/div><\/div>\n\n\n\n<div class=\"wp-block-advgb-columns advgb-columns-wrapper\" id=\"advgb-cols-75dcffc8-b773-4b81-8141-96025630732b\"><div class=\"advgb-columns-container\"><div class=\"advgb-columns advgb-columns-row advgb-is-mobile advgb-columns-4 layout-14-14-14-14 tbl-layout-12x4 mbl-layout-12x4 vgutter-10\" style=\"max-width:1040px\">\n<div class=\"wp-block-advgb-column advgb-column advgb-is-one-quarter-desktop advgb-is-half-tablet advgb-is-half-mobile\" id=\"advgb-col-4d816b62-0dc7-4cba-b284-2adcc7154ecf\"><div class=\"advgb-column-inner\" style=\"border-style:none;border-width:1px\">\n<div class=\"toy-preview__base\"><a href=\"https:\/\/toyzinger.com\/es\/dragon-quest\/battle-action-figure\/baran\/\" class=\"toy-preview__box\" title=\"Dragon Quest Vintage Figures\"><div class=\"toy-preview__top\"><img decoding=\"async\" class=\"toy-preview__img\" src=\"https:\/\/image.toyzinger.com\/dai-battle-action-series\/dragon-quest-baran-toy-front.jpg\" alt=\"Dragon Quest Vintage Figures\"\/><\/div><div class=\"toy-preview__bottom\"><div class=\"toy-preview__name\"><h5>Baran<\/h5><\/div><button class=\"toy-preview__viewmore\">Ver m\u00e1s<\/button><\/div><\/a><\/div>\n<\/div><\/div>\n\n\n\n<div class=\"wp-block-advgb-column advgb-column advgb-is-one-quarter-desktop advgb-is-half-tablet advgb-is-half-mobile\" id=\"advgb-col-f89f37d4-19a7-4c97-b815-32684b50dd32\"><div class=\"advgb-column-inner\" style=\"border-style:none;border-width:1px\">\n<div class=\"toy-preview__base\"><a href=\"https:\/\/toyzinger.com\/es\/dragon-quest\/battle-action-figure\/hadlar\/\" class=\"toy-preview__box\" title=\"Dragon Quest Vintage Figures\"><div class=\"toy-preview__top\"><img decoding=\"async\" class=\"toy-preview__img\" src=\"https:\/\/image.toyzinger.com\/dai-battle-action-series\/aventuras-de-fly-dragon-quest-figuras-coleccion-hadlar.jpg\" alt=\"Dragon Quest Vintage Figures\"\/><\/div><div class=\"toy-preview__bottom\"><div class=\"toy-preview__name\"><h5>Hadlar<\/h5><\/div><button class=\"toy-preview__viewmore\">Ver m\u00e1s<\/button><\/div><\/a><\/div>\n<\/div><\/div>\n\n\n\n<div class=\"wp-block-advgb-column advgb-column advgb-is-one-quarter-desktop advgb-is-half-tablet advgb-is-half-mobile\" id=\"advgb-col-24cf1529-dd04-4800-b466-7ba8d34a8aca\"><div class=\"advgb-column-inner\" style=\"border-style:none;border-width:1px\">\n<div class=\"toy-preview__base\"><a href=\"https:\/\/toyzinger.com\/es\/dragon-quest\/battle-action-figure\/dai-knight-armor\/\" class=\"toy-preview__box\" title=\"Dragon Quest Vintage Figures\"><div class=\"toy-preview__top\"><img decoding=\"async\" class=\"toy-preview__img\" src=\"https:\/\/image.toyzinger.com\/dai-battle-action-series\/dragon-quest-fly-dai-knight-armor-complete.webp\" alt=\"Dragon Quest Vintage Figures\"\/><\/div><div class=\"toy-preview__bottom\"><div class=\"toy-preview__name\"><h5>Dai (Knight Armor)<\/h5><\/div><button class=\"toy-preview__viewmore\">Ver m\u00e1s<\/button><\/div><\/a><\/div>\n<\/div><\/div>\n\n\n\n<div class=\"wp-block-advgb-column advgb-column advgb-is-one-quarter-desktop advgb-is-half-tablet advgb-is-half-mobile\" id=\"advgb-col-77b637fe-9b46-4a0f-86ef-c26006a77c5d\"><div class=\"advgb-column-inner\" style=\"border-style:none;border-width:1px\"><\/div><\/div>\n<\/div><\/div><\/div>\n\n\n\n<h2 class=\"wp-block-heading\" id=\"video-de-rompemos-el-blister-f31f8e15-3394-4da4-9149-dabca566bc81\"><\/h2>\n<style class=\"advgb-styles-renderer\">#advgb-col-2a919192-97ae-4f67-ba73-c2cdcedecbbc>.advgb-column-inner{}@media screen and (max-width: 1023px) {#advgb-col-2a919192-97ae-4f67-ba73-c2cdcedecbbc>.advgb-column-inner{}}@media screen and (max-width: 767px) {#advgb-col-2a919192-97ae-4f67-ba73-c2cdcedecbbc>.advgb-column-inner{}}#advgb-col-98011ba8-6142-415f-8d72-470947cb7274>.advgb-column-inner{}@media screen and (max-width: 1023px) {#advgb-col-98011ba8-6142-415f-8d72-470947cb7274>.advgb-column-inner{}}@media screen and (max-width: 767px) {#advgb-col-98011ba8-6142-415f-8d72-470947cb7274>.advgb-column-inner{}}#advgb-col-f30b3cc4-0bb6-419d-a3f2-1c7bdee543c2>.advgb-column-inner{}@media screen and (max-width: 1023px) {#advgb-col-f30b3cc4-0bb6-419d-a3f2-1c7bdee543c2>.advgb-column-inner{}}@media screen and (max-width: 767px) {#advgb-col-f30b3cc4-0bb6-419d-a3f2-1c7bdee543c2>.advgb-column-inner{}}#advgb-col-8e15ddbb-fee4-486f-be4b-5d775b3b862c>.advgb-column-inner{}@media screen and (max-width: 1023px) {#advgb-col-8e15ddbb-fee4-486f-be4b-5d775b3b862c>.advgb-column-inner{}}@media screen and (max-width: 767px) {#advgb-col-8e15ddbb-fee4-486f-be4b-5d775b3b862c>.advgb-column-inner{}}#advgb-cols-4e4df46f-bae6-4ea9-a678-062f0738ea4e{}@media screen and (max-width: 1023px) {#advgb-cols-4e4df46f-bae6-4ea9-a678-062f0738ea4e{}}@media screen and (max-width: 767px) {#advgb-cols-4e4df46f-bae6-4ea9-a678-062f0738ea4e{}}#advgb-col-2a919192-97ae-4f67-ba73-c2cdcedecbbc>.advgb-column-inner{}@media screen and (max-width: 1023px) {#advgb-col-2a919192-97ae-4f67-ba73-c2cdcedecbbc>.advgb-column-inner{}}@media screen and (max-width: 767px) {#advgb-col-2a919192-97ae-4f67-ba73-c2cdcedecbbc>.advgb-column-inner{}}#advgb-col-98011ba8-6142-415f-8d72-470947cb7274>.advgb-column-inner{}@media screen and (max-width: 1023px) {#advgb-col-98011ba8-6142-415f-8d72-470947cb7274>.advgb-column-inner{}}@media screen and (max-width: 767px) {#advgb-col-98011ba8-6142-415f-8d72-470947cb7274>.advgb-column-inner{}}#advgb-col-f30b3cc4-0bb6-419d-a3f2-1c7bdee543c2>.advgb-column-inner{}@media screen and (max-width: 1023px) {#advgb-col-f30b3cc4-0bb6-419d-a3f2-1c7bdee543c2>.advgb-column-inner{}}@media screen and (max-width: 767px) {#advgb-col-f30b3cc4-0bb6-419d-a3f2-1c7bdee543c2>.advgb-column-inner{}}#advgb-col-8e15ddbb-fee4-486f-be4b-5d775b3b862c>.advgb-column-inner{}@media screen and (max-width: 1023px) {#advgb-col-8e15ddbb-fee4-486f-be4b-5d775b3b862c>.advgb-column-inner{}}@media screen and (max-width: 767px) {#advgb-col-8e15ddbb-fee4-486f-be4b-5d775b3b862c>.advgb-column-inner{}}#advgb-col-4d816b62-0dc7-4cba-b284-2adcc7154ecf>.advgb-column-inner{}@media screen and (max-width: 1023px) {#advgb-col-4d816b62-0dc7-4cba-b284-2adcc7154ecf>.advgb-column-inner{}}@media screen and (max-width: 767px) {#advgb-col-4d816b62-0dc7-4cba-b284-2adcc7154ecf>.advgb-column-inner{}}#advgb-col-f89f37d4-19a7-4c97-b815-32684b50dd32>.advgb-column-inner{}@media screen and (max-width: 1023px) {#advgb-col-f89f37d4-19a7-4c97-b815-32684b50dd32>.advgb-column-inner{}}@media screen and (max-width: 767px) {#advgb-col-f89f37d4-19a7-4c97-b815-32684b50dd32>.advgb-column-inner{}}#advgb-col-24cf1529-dd04-4800-b466-7ba8d34a8aca>.advgb-column-inner{}@media screen and (max-width: 1023px) {#advgb-col-24cf1529-dd04-4800-b466-7ba8d34a8aca>.advgb-column-inner{}}@media screen and (max-width: 767px) {#advgb-col-24cf1529-dd04-4800-b466-7ba8d34a8aca>.advgb-column-inner{}}#advgb-col-77b637fe-9b46-4a0f-86ef-c26006a77c5d>.advgb-column-inner{}@media screen and (max-width: 1023px) {#advgb-col-77b637fe-9b46-4a0f-86ef-c26006a77c5d>.advgb-column-inner{}}@media screen and (max-width: 767px) {#advgb-col-77b637fe-9b46-4a0f-86ef-c26006a77c5d>.advgb-column-inner{}}#advgb-cols-75dcffc8-b773-4b81-8141-96025630732b{}@media screen and (max-width: 1023px) {#advgb-cols-75dcffc8-b773-4b81-8141-96025630732b{}}@media screen and (max-width: 767px) {#advgb-cols-75dcffc8-b773-4b81-8141-96025630732b{}}#advgb-col-4d816b62-0dc7-4cba-b284-2adcc7154ecf>.advgb-column-inner{}@media screen and (max-width: 1023px) {#advgb-col-4d816b62-0dc7-4cba-b284-2adcc7154ecf>.advgb-column-inner{}}@media screen and (max-width: 767px) {#advgb-col-4d816b62-0dc7-4cba-b284-2adcc7154ecf>.advgb-column-inner{}}#advgb-col-f89f37d4-19a7-4c97-b815-32684b50dd32>.advgb-column-inner{}@media screen and (max-width: 1023px) {#advgb-col-f89f37d4-19a7-4c97-b815-32684b50dd32>.advgb-column-inner{}}@media screen and (max-width: 767px) {#advgb-col-f89f37d4-19a7-4c97-b815-32684b50dd32>.advgb-column-inner{}}#advgb-col-24cf1529-dd04-4800-b466-7ba8d34a8aca>.advgb-column-inner{}@media screen and (max-width: 1023px) {#advgb-col-24cf1529-dd04-4800-b466-7ba8d34a8aca>.advgb-column-inner{}}@media screen and (max-width: 767px) {#advgb-col-24cf1529-dd04-4800-b466-7ba8d34a8aca>.advgb-column-inner{}}#advgb-col-77b637fe-9b46-4a0f-86ef-c26006a77c5d>.advgb-column-inner{}@media screen and (max-width: 1023px) {#advgb-col-77b637fe-9b46-4a0f-86ef-c26006a77c5d>.advgb-column-inner{}}@media screen and (max-width: 767px) {#advgb-col-77b637fe-9b46-4a0f-86ef-c26006a77c5d>.advgb-column-inner{}}<\/style>","protected":false},"excerpt":{"rendered":"<p>Tal vez la m\u00e1s conocida de las colecciones de Las aventuras de Fly, producida y comercializada por TAKARA para el mercado japon\u00e9s el a\u00f1o 1991, esta colecci\u00f3n tambi\u00e9n fue distribuida por otras jugueteras en otras zonas del mundo como: Corea, Europa o Latino America\u2026 Personalmente esta es la colecci\u00f3n de Las aventuras de fly que [&hellip;]<\/p>\n","protected":false},"author":2,"featured_media":501,"parent":71,"menu_order":0,"comment_status":"closed","ping_status":"closed","template":"","meta":{"advgb_blocks_editor_width":"","advgb_blocks_columns_visual_guide":"","footnotes":""},"wf_page_folders":[14],"class_list":["post-82","page","type-page","status-publish","has-post-thumbnail","hentry"],"yoast_head":"<!-- This site is optimized with the Yoast SEO plugin v27.3 - https:\/\/yoast.com\/product\/yoast-seo-wordpress\/ -->\n<title>Checklist - Battle Action Series - Las aventuras de Fly<\/title>\n<meta name=\"description\" content=\"Listado de figuras de la colecci\u00f3n Dragon quest Las aventuras de Fly, Battle action series, lanzado por Takara en los 90&#039;s\" \/>\n<meta name=\"robots\" content=\"index, follow, max-snippet:-1, max-image-preview:large, max-video-preview:-1\" \/>\n<link rel=\"canonical\" href=\"https:\/\/toyzinger.com\/es\/dragon-quest\/battle-action-figure\/\" \/>\n<meta property=\"og:locale\" content=\"es_ES\" \/>\n<meta property=\"og:type\" content=\"article\" \/>\n<meta property=\"og:title\" content=\"Checklist - Battle Action Series - Las aventuras de Fly\" \/>\n<meta property=\"og:description\" content=\"Listado de figuras de la colecci\u00f3n Dragon quest Las aventuras de Fly, Battle action series, lanzado por Takara en los 90&#039;s\" \/>\n<meta property=\"og:url\" content=\"https:\/\/toyzinger.com\/es\/dragon-quest\/battle-action-figure\/\" \/>\n<meta property=\"og:site_name\" content=\"Toyzinger\" \/>\n<meta property=\"article:publisher\" content=\"https:\/\/www.facebook.com\/toyzinger\" \/>\n<meta property=\"article:modified_time\" content=\"2026-02-04T15:46:45+00:00\" \/>\n<meta property=\"og:image\" content=\"https:\/\/toyzinger.com\/wp-content\/uploads\/2022\/11\/dragon-quest-battle-action-collection-toys.jpg\" \/>\n\t<meta property=\"og:image:width\" content=\"1200\" \/>\n\t<meta property=\"og:image:height\" content=\"300\" \/>\n\t<meta property=\"og:image:type\" content=\"image\/jpeg\" \/>\n<meta name=\"twitter:card\" content=\"summary_large_image\" \/>\n<meta name=\"twitter:label1\" content=\"Tiempo de lectura\" \/>\n\t<meta name=\"twitter:data1\" content=\"3 minutos\" \/>\n<script type=\"application\/ld+json\" class=\"yoast-schema-graph\">{\"@context\":\"https:\\\/\\\/schema.org\",\"@graph\":[{\"@type\":\"WebPage\",\"@id\":\"https:\\\/\\\/toyzinger.com\\\/es\\\/dragon-quest\\\/battle-action-figure\\\/\",\"url\":\"https:\\\/\\\/toyzinger.com\\\/es\\\/dragon-quest\\\/battle-action-figure\\\/\",\"name\":\"Checklist - Battle Action Series - Las aventuras de Fly\",\"isPartOf\":{\"@id\":\"https:\\\/\\\/toyzinger.com\\\/es\\\/#website\"},\"primaryImageOfPage\":{\"@id\":\"https:\\\/\\\/toyzinger.com\\\/es\\\/dragon-quest\\\/battle-action-figure\\\/#primaryimage\"},\"image\":{\"@id\":\"https:\\\/\\\/toyzinger.com\\\/es\\\/dragon-quest\\\/battle-action-figure\\\/#primaryimage\"},\"thumbnailUrl\":\"https:\\\/\\\/toyzinger.com\\\/wp-content\\\/uploads\\\/2022\\\/11\\\/dragon-quest-battle-action-collection-toys.jpg\",\"datePublished\":\"2022-09-19T18:19:49+00:00\",\"dateModified\":\"2026-02-04T15:46:45+00:00\",\"description\":\"Listado de figuras de la colecci\u00f3n Dragon quest Las aventuras de Fly, Battle action series, lanzado por Takara en los 90's\",\"breadcrumb\":{\"@id\":\"https:\\\/\\\/toyzinger.com\\\/es\\\/dragon-quest\\\/battle-action-figure\\\/#breadcrumb\"},\"inLanguage\":\"es\",\"potentialAction\":[{\"@type\":\"ReadAction\",\"target\":[\"https:\\\/\\\/toyzinger.com\\\/es\\\/dragon-quest\\\/battle-action-figure\\\/\"]}]},{\"@type\":\"ImageObject\",\"inLanguage\":\"es\",\"@id\":\"https:\\\/\\\/toyzinger.com\\\/es\\\/dragon-quest\\\/battle-action-figure\\\/#primaryimage\",\"url\":\"https:\\\/\\\/toyzinger.com\\\/wp-content\\\/uploads\\\/2022\\\/11\\\/dragon-quest-battle-action-collection-toys.jpg\",\"contentUrl\":\"https:\\\/\\\/toyzinger.com\\\/wp-content\\\/uploads\\\/2022\\\/11\\\/dragon-quest-battle-action-collection-toys.jpg\",\"width\":1200,\"height\":300},{\"@type\":\"BreadcrumbList\",\"@id\":\"https:\\\/\\\/toyzinger.com\\\/es\\\/dragon-quest\\\/battle-action-figure\\\/#breadcrumb\",\"itemListElement\":[{\"@type\":\"ListItem\",\"position\":1,\"name\":\"Toyzinger\",\"item\":\"https:\\\/\\\/toyzinger.com\\\/es\\\/\"},{\"@type\":\"ListItem\",\"position\":2,\"name\":\"Dragon Quest\",\"item\":\"https:\\\/\\\/toyzinger.com\\\/es\\\/dragon-quest\\\/\"},{\"@type\":\"ListItem\",\"position\":3,\"name\":\"Checklist &#8211; Battle Action Series\"}]},{\"@type\":\"WebSite\",\"@id\":\"https:\\\/\\\/toyzinger.com\\\/es\\\/#website\",\"url\":\"https:\\\/\\\/toyzinger.com\\\/es\\\/\",\"name\":\"Toyzinger\",\"description\":\"Coleccionismo de figuras y juguetes\",\"publisher\":{\"@id\":\"https:\\\/\\\/toyzinger.com\\\/es\\\/#organization\"},\"potentialAction\":[{\"@type\":\"SearchAction\",\"target\":{\"@type\":\"EntryPoint\",\"urlTemplate\":\"https:\\\/\\\/toyzinger.com\\\/es\\\/?s={search_term_string}\"},\"query-input\":{\"@type\":\"PropertyValueSpecification\",\"valueRequired\":true,\"valueName\":\"search_term_string\"}}],\"inLanguage\":\"es\"},{\"@type\":\"Organization\",\"@id\":\"https:\\\/\\\/toyzinger.com\\\/es\\\/#organization\",\"name\":\"Toyzinger\",\"url\":\"https:\\\/\\\/toyzinger.com\\\/es\\\/\",\"logo\":{\"@type\":\"ImageObject\",\"inLanguage\":\"es\",\"@id\":\"https:\\\/\\\/toyzinger.com\\\/es\\\/#\\\/schema\\\/logo\\\/image\\\/\",\"url\":\"https:\\\/\\\/toyzinger.com\\\/wp-content\\\/uploads\\\/2022\\\/10\\\/toyzinger_logo.png\",\"contentUrl\":\"https:\\\/\\\/toyzinger.com\\\/wp-content\\\/uploads\\\/2022\\\/10\\\/toyzinger_logo.png\",\"width\":561,\"height\":568,\"caption\":\"Toyzinger\"},\"image\":{\"@id\":\"https:\\\/\\\/toyzinger.com\\\/es\\\/#\\\/schema\\\/logo\\\/image\\\/\"},\"sameAs\":[\"https:\\\/\\\/www.facebook.com\\\/toyzinger\",\"https:\\\/\\\/www.instagram.com\\\/toyzinger_com\\\/\"]}]}<\/script>\n<!-- \/ Yoast SEO plugin. -->","yoast_head_json":{"title":"Checklist - Battle Action Series - Las aventuras de Fly","description":"Listado de figuras de la colecci\u00f3n Dragon quest Las aventuras de Fly, Battle action series, lanzado por Takara en los 90's","robots":{"index":"index","follow":"follow","max-snippet":"max-snippet:-1","max-image-preview":"max-image-preview:large","max-video-preview":"max-video-preview:-1"},"canonical":"https:\/\/toyzinger.com\/es\/dragon-quest\/battle-action-figure\/","og_locale":"es_ES","og_type":"article","og_title":"Checklist - Battle Action Series - Las aventuras de Fly","og_description":"Listado de figuras de la colecci\u00f3n Dragon quest Las aventuras de Fly, Battle action series, lanzado por Takara en los 90's","og_url":"https:\/\/toyzinger.com\/es\/dragon-quest\/battle-action-figure\/","og_site_name":"Toyzinger","article_publisher":"https:\/\/www.facebook.com\/toyzinger","article_modified_time":"2026-02-04T15:46:45+00:00","og_image":[{"width":1200,"height":300,"url":"https:\/\/toyzinger.com\/wp-content\/uploads\/2022\/11\/dragon-quest-battle-action-collection-toys.jpg","type":"image\/jpeg"}],"twitter_card":"summary_large_image","twitter_misc":{"Tiempo de lectura":"3 minutos"},"schema":{"@context":"https:\/\/schema.org","@graph":[{"@type":"WebPage","@id":"https:\/\/toyzinger.com\/es\/dragon-quest\/battle-action-figure\/","url":"https:\/\/toyzinger.com\/es\/dragon-quest\/battle-action-figure\/","name":"Checklist - Battle Action Series - Las aventuras de Fly","isPartOf":{"@id":"https:\/\/toyzinger.com\/es\/#website"},"primaryImageOfPage":{"@id":"https:\/\/toyzinger.com\/es\/dragon-quest\/battle-action-figure\/#primaryimage"},"image":{"@id":"https:\/\/toyzinger.com\/es\/dragon-quest\/battle-action-figure\/#primaryimage"},"thumbnailUrl":"https:\/\/toyzinger.com\/wp-content\/uploads\/2022\/11\/dragon-quest-battle-action-collection-toys.jpg","datePublished":"2022-09-19T18:19:49+00:00","dateModified":"2026-02-04T15:46:45+00:00","description":"Listado de figuras de la colecci\u00f3n Dragon quest Las aventuras de Fly, Battle action series, lanzado por Takara en los 90's","breadcrumb":{"@id":"https:\/\/toyzinger.com\/es\/dragon-quest\/battle-action-figure\/#breadcrumb"},"inLanguage":"es","potentialAction":[{"@type":"ReadAction","target":["https:\/\/toyzinger.com\/es\/dragon-quest\/battle-action-figure\/"]}]},{"@type":"ImageObject","inLanguage":"es","@id":"https:\/\/toyzinger.com\/es\/dragon-quest\/battle-action-figure\/#primaryimage","url":"https:\/\/toyzinger.com\/wp-content\/uploads\/2022\/11\/dragon-quest-battle-action-collection-toys.jpg","contentUrl":"https:\/\/toyzinger.com\/wp-content\/uploads\/2022\/11\/dragon-quest-battle-action-collection-toys.jpg","width":1200,"height":300},{"@type":"BreadcrumbList","@id":"https:\/\/toyzinger.com\/es\/dragon-quest\/battle-action-figure\/#breadcrumb","itemListElement":[{"@type":"ListItem","position":1,"name":"Toyzinger","item":"https:\/\/toyzinger.com\/es\/"},{"@type":"ListItem","position":2,"name":"Dragon Quest","item":"https:\/\/toyzinger.com\/es\/dragon-quest\/"},{"@type":"ListItem","position":3,"name":"Checklist &#8211; Battle Action Series"}]},{"@type":"WebSite","@id":"https:\/\/toyzinger.com\/es\/#website","url":"https:\/\/toyzinger.com\/es\/","name":"Toyzinger","description":"Coleccionismo de figuras y juguetes","publisher":{"@id":"https:\/\/toyzinger.com\/es\/#organization"},"potentialAction":[{"@type":"SearchAction","target":{"@type":"EntryPoint","urlTemplate":"https:\/\/toyzinger.com\/es\/?s={search_term_string}"},"query-input":{"@type":"PropertyValueSpecification","valueRequired":true,"valueName":"search_term_string"}}],"inLanguage":"es"},{"@type":"Organization","@id":"https:\/\/toyzinger.com\/es\/#organization","name":"Toyzinger","url":"https:\/\/toyzinger.com\/es\/","logo":{"@type":"ImageObject","inLanguage":"es","@id":"https:\/\/toyzinger.com\/es\/#\/schema\/logo\/image\/","url":"https:\/\/toyzinger.com\/wp-content\/uploads\/2022\/10\/toyzinger_logo.png","contentUrl":"https:\/\/toyzinger.com\/wp-content\/uploads\/2022\/10\/toyzinger_logo.png","width":561,"height":568,"caption":"Toyzinger"},"image":{"@id":"https:\/\/toyzinger.com\/es\/#\/schema\/logo\/image\/"},"sameAs":["https:\/\/www.facebook.com\/toyzinger","https:\/\/www.instagram.com\/toyzinger_com\/"]}]}},"coauthors":[],"author_meta":{"author_link":"https:\/\/toyzinger.com\/es\/blog\/author\/toyzinger\/","display_name":"toyzinger"},"relative_dates":{"created":"Publicado 4 a\u00f1os hace","modified":"Actualizado 2 meses hace"},"absolute_dates":{"created":"Publicado el 19\/09\/2022","modified":"Actualizado el 04\/02\/2026"},"absolute_dates_time":{"created":"Publicado el 19\/09\/2022 18:19","modified":"Actualizado el 04\/02\/2026 15:46"},"featured_img_caption":"","featured_img":"https:\/\/toyzinger.com\/wp-content\/uploads\/2022\/11\/dragon-quest-battle-action-collection-toys.jpg","series_order":"","toy_product_id":"","_links":{"self":[{"href":"https:\/\/toyzinger.com\/es\/wp-json\/wp\/v2\/pages\/82","targetHints":{"allow":["GET"]}}],"collection":[{"href":"https:\/\/toyzinger.com\/es\/wp-json\/wp\/v2\/pages"}],"about":[{"href":"https:\/\/toyzinger.com\/es\/wp-json\/wp\/v2\/types\/page"}],"author":[{"embeddable":true,"href":"https:\/\/toyzinger.com\/es\/wp-json\/wp\/v2\/users\/2"}],"replies":[{"embeddable":true,"href":"https:\/\/toyzinger.com\/es\/wp-json\/wp\/v2\/comments?post=82"}],"version-history":[{"count":1,"href":"https:\/\/toyzinger.com\/es\/wp-json\/wp\/v2\/pages\/82\/revisions"}],"predecessor-version":[{"id":33060,"href":"https:\/\/toyzinger.com\/es\/wp-json\/wp\/v2\/pages\/82\/revisions\/33060"}],"up":[{"embeddable":true,"href":"https:\/\/toyzinger.com\/es\/wp-json\/wp\/v2\/pages\/71"}],"wp:featuredmedia":[{"embeddable":true,"href":"https:\/\/toyzinger.com\/es\/wp-json\/wp\/v2\/media\/501"}],"wp:attachment":[{"href":"https:\/\/toyzinger.com\/es\/wp-json\/wp\/v2\/media?parent=82"}],"wp:term":[{"taxonomy":"wf_page_folders","embeddable":true,"href":"https:\/\/toyzinger.com\/es\/wp-json\/wp\/v2\/wf_page_folders?post=82"}],"curies":[{"name":"wp","href":"https:\/\/api.w.org\/{rel}","templated":true}]}}