{"id":8626,"date":"2023-08-14T17:28:45","date_gmt":"2023-08-14T17:28:45","guid":{"rendered":"https:\/\/toyzinger.com\/?page_id=8626"},"modified":"2026-01-24T11:44:37","modified_gmt":"2026-01-24T11:44:37","slug":"captain-planet","status":"publish","type":"page","link":"https:\/\/toyzinger.com\/es\/captain-planet\/","title":{"rendered":"Captain Planet"},"content":{"rendered":"\n<h2 class=\"wp-block-heading\">Colecciones de figuras de Captain Planet:<\/h2>\n\n\n\n<p><\/p>\n\n\n\n<a class=\"toy-collection__base\" href=\"https:\/\/toyzinger.com\/es\/captain-planet\/checklist-captain-planet\/\"><figure class=\"toy-collection__image\"><img decoding=\"async\" src=\"https:\/\/toyzinger.com\/wp-content\/uploads\/2026\/01\/captain-planet-figure-flying-moc-250x300.jpg\" alt=\"Toy Database\"\/><\/figure><ul class=\"toy-collection__info\"><li class=\"toy-collection__name\">Captain Planet<\/li><li class=\"toy-collection__manufacturer\">Tiger Toys &#8211; (1991-1993)<\/li><\/ul><div class=\"toy-collection__arrow\">\u27a4<\/div><\/a>\n\n\n\n<p><\/p>\n\n\n\n<h2 class=\"wp-block-heading\">Sobre la Franquicia:<\/h2>\n\n\n\n<p><\/p>\n\n\n\n<p>\u00abCaptain Planet and the planeteers\u00bb conocida en espa\u00f1ol como \u00abEl Capit\u00e1n planeta y los planetarios\u00bb, es una serie de animaci\u00f3n americana producida a principio de los a\u00f1os 90&#8217;s. La serie tiene un claro mensaje medioambiental y trata de un superh\u00e9roe (El Capitan Planeta) que lucha contra numerosos villanos a los quien no les importa nada contaminar para conseguir sus objetivos.<\/p>\n\n\n\n<p><\/p>\n\n\n\n<p>El capit\u00e1n planeta puede ser invocado por cinco ni\u00f1os conocidos como los planetarios, estos ni\u00f1os tienen cada uno un anillo que les fue otorgado por Gaia, el esp\u00edritu de la tierra y el medio ambiente. Con la uni\u00f3n del poder de dichos anillos pueden invocar al superh\u00e9roe y as\u00ed combatir a los Eco-Villanos.<\/p>\n\n\n\n<p><\/p>\n\n\n\n<p>Los mensajes medioambientales de la serie de animaci\u00f3n a\u00fan podr\u00edan ser aplicados en la actualidad.<\/p>\n\n\n\n<p><\/p>\n\n\n\n<p>Igual que toda serie de animaci\u00f3n durante las d\u00e9cadas de los 80&#8217;s y 90&#8217;s, una l\u00ednea de juguetes fue lanzada al mercado por las jugueteras TIGER TOYS y KENNER.<\/p>\n","protected":false},"excerpt":{"rendered":"<p>Colecciones de figuras de Captain Planet: Sobre la Franquicia: \u00abCaptain Planet and the planeteers\u00bb conocida en espa\u00f1ol como \u00abEl Capit\u00e1n planeta y los planetarios\u00bb, es una serie de animaci\u00f3n americana producida a principio de los a\u00f1os 90&#8217;s. La serie tiene un claro mensaje medioambiental y trata de un superh\u00e9roe (El Capitan Planeta) que lucha contra [&hellip;]<\/p>\n","protected":false},"author":2,"featured_media":8636,"parent":0,"menu_order":0,"comment_status":"closed","ping_status":"closed","template":"","meta":{"advgb_blocks_editor_width":"","advgb_blocks_columns_visual_guide":"","footnotes":""},"wf_page_folders":[789],"class_list":["post-8626","page","type-page","status-publish","has-post-thumbnail","hentry"],"yoast_head":"<!-- This site is optimized with the Yoast SEO plugin v27.3 - https:\/\/yoast.com\/product\/yoast-seo-wordpress\/ -->\n<title>Captain Planet - Colecciones de figuras<\/title>\n<meta name=\"robots\" content=\"index, follow, max-snippet:-1, max-image-preview:large, max-video-preview:-1\" \/>\n<link rel=\"canonical\" href=\"https:\/\/toyzinger.com\/es\/captain-planet\/\" \/>\n<meta property=\"og:locale\" content=\"es_ES\" \/>\n<meta property=\"og:type\" content=\"article\" \/>\n<meta property=\"og:title\" content=\"Captain Planet - Colecciones de figuras\" \/>\n<meta property=\"og:description\" content=\"Colecciones de figuras de Captain Planet: Sobre la Franquicia: \u00abCaptain Planet and the planeteers\u00bb conocida en espa\u00f1ol como \u00abEl Capit\u00e1n planeta y los planetarios\u00bb, es una serie de animaci\u00f3n americana producida a principio de los a\u00f1os 90&#8217;s. La serie tiene un claro mensaje medioambiental y trata de un superh\u00e9roe (El Capitan Planeta) que lucha contra [&hellip;]\" \/>\n<meta property=\"og:url\" content=\"https:\/\/toyzinger.com\/es\/captain-planet\/\" \/>\n<meta property=\"og:site_name\" content=\"Toyzinger\" \/>\n<meta property=\"article:publisher\" content=\"https:\/\/www.facebook.com\/toyzinger\" \/>\n<meta property=\"article:modified_time\" content=\"2026-01-24T11:44:37+00:00\" \/>\n<meta property=\"og:image\" content=\"https:\/\/toyzinger.com\/wp-content\/uploads\/2023\/08\/captain-planet-action-figures-06.jpg\" \/>\n\t<meta property=\"og:image:width\" content=\"1200\" \/>\n\t<meta property=\"og:image:height\" content=\"300\" \/>\n\t<meta property=\"og:image:type\" content=\"image\/jpeg\" \/>\n<meta name=\"twitter:card\" content=\"summary_large_image\" \/>\n<meta name=\"twitter:label1\" content=\"Tiempo de lectura\" \/>\n\t<meta name=\"twitter:data1\" content=\"2 minutos\" \/>\n<script type=\"application\/ld+json\" class=\"yoast-schema-graph\">{\"@context\":\"https:\\\/\\\/schema.org\",\"@graph\":[{\"@type\":\"WebPage\",\"@id\":\"https:\\\/\\\/toyzinger.com\\\/es\\\/captain-planet\\\/\",\"url\":\"https:\\\/\\\/toyzinger.com\\\/es\\\/captain-planet\\\/\",\"name\":\"Captain Planet - Colecciones de figuras\",\"isPartOf\":{\"@id\":\"https:\\\/\\\/toyzinger.com\\\/es\\\/#website\"},\"primaryImageOfPage\":{\"@id\":\"https:\\\/\\\/toyzinger.com\\\/es\\\/captain-planet\\\/#primaryimage\"},\"image\":{\"@id\":\"https:\\\/\\\/toyzinger.com\\\/es\\\/captain-planet\\\/#primaryimage\"},\"thumbnailUrl\":\"https:\\\/\\\/toyzinger.com\\\/wp-content\\\/uploads\\\/2023\\\/08\\\/captain-planet-action-figures-06.jpg\",\"datePublished\":\"2023-08-14T17:28:45+00:00\",\"dateModified\":\"2026-01-24T11:44:37+00:00\",\"breadcrumb\":{\"@id\":\"https:\\\/\\\/toyzinger.com\\\/es\\\/captain-planet\\\/#breadcrumb\"},\"inLanguage\":\"es\",\"potentialAction\":[{\"@type\":\"ReadAction\",\"target\":[\"https:\\\/\\\/toyzinger.com\\\/es\\\/captain-planet\\\/\"]}]},{\"@type\":\"ImageObject\",\"inLanguage\":\"es\",\"@id\":\"https:\\\/\\\/toyzinger.com\\\/es\\\/captain-planet\\\/#primaryimage\",\"url\":\"https:\\\/\\\/toyzinger.com\\\/wp-content\\\/uploads\\\/2023\\\/08\\\/captain-planet-action-figures-06.jpg\",\"contentUrl\":\"https:\\\/\\\/toyzinger.com\\\/wp-content\\\/uploads\\\/2023\\\/08\\\/captain-planet-action-figures-06.jpg\",\"width\":1200,\"height\":300,\"caption\":\"Captain Planet figure checklist\"},{\"@type\":\"BreadcrumbList\",\"@id\":\"https:\\\/\\\/toyzinger.com\\\/es\\\/captain-planet\\\/#breadcrumb\",\"itemListElement\":[{\"@type\":\"ListItem\",\"position\":1,\"name\":\"Toyzinger\",\"item\":\"https:\\\/\\\/toyzinger.com\\\/es\\\/\"},{\"@type\":\"ListItem\",\"position\":2,\"name\":\"Captain Planet\"}]},{\"@type\":\"WebSite\",\"@id\":\"https:\\\/\\\/toyzinger.com\\\/es\\\/#website\",\"url\":\"https:\\\/\\\/toyzinger.com\\\/es\\\/\",\"name\":\"Toyzinger\",\"description\":\"Coleccionismo de figuras y juguetes\",\"publisher\":{\"@id\":\"https:\\\/\\\/toyzinger.com\\\/es\\\/#organization\"},\"potentialAction\":[{\"@type\":\"SearchAction\",\"target\":{\"@type\":\"EntryPoint\",\"urlTemplate\":\"https:\\\/\\\/toyzinger.com\\\/es\\\/?s={search_term_string}\"},\"query-input\":{\"@type\":\"PropertyValueSpecification\",\"valueRequired\":true,\"valueName\":\"search_term_string\"}}],\"inLanguage\":\"es\"},{\"@type\":\"Organization\",\"@id\":\"https:\\\/\\\/toyzinger.com\\\/es\\\/#organization\",\"name\":\"Toyzinger\",\"url\":\"https:\\\/\\\/toyzinger.com\\\/es\\\/\",\"logo\":{\"@type\":\"ImageObject\",\"inLanguage\":\"es\",\"@id\":\"https:\\\/\\\/toyzinger.com\\\/es\\\/#\\\/schema\\\/logo\\\/image\\\/\",\"url\":\"https:\\\/\\\/toyzinger.com\\\/wp-content\\\/uploads\\\/2022\\\/10\\\/toyzinger_logo.png\",\"contentUrl\":\"https:\\\/\\\/toyzinger.com\\\/wp-content\\\/uploads\\\/2022\\\/10\\\/toyzinger_logo.png\",\"width\":561,\"height\":568,\"caption\":\"Toyzinger\"},\"image\":{\"@id\":\"https:\\\/\\\/toyzinger.com\\\/es\\\/#\\\/schema\\\/logo\\\/image\\\/\"},\"sameAs\":[\"https:\\\/\\\/www.facebook.com\\\/toyzinger\",\"https:\\\/\\\/www.instagram.com\\\/toyzinger_com\\\/\"]}]}<\/script>\n<!-- \/ Yoast SEO plugin. -->","yoast_head_json":{"title":"Captain Planet - Colecciones de figuras","robots":{"index":"index","follow":"follow","max-snippet":"max-snippet:-1","max-image-preview":"max-image-preview:large","max-video-preview":"max-video-preview:-1"},"canonical":"https:\/\/toyzinger.com\/es\/captain-planet\/","og_locale":"es_ES","og_type":"article","og_title":"Captain Planet - Colecciones de figuras","og_description":"Colecciones de figuras de Captain Planet: Sobre la Franquicia: \u00abCaptain Planet and the planeteers\u00bb conocida en espa\u00f1ol como \u00abEl Capit\u00e1n planeta y los planetarios\u00bb, es una serie de animaci\u00f3n americana producida a principio de los a\u00f1os 90&#8217;s. La serie tiene un claro mensaje medioambiental y trata de un superh\u00e9roe (El Capitan Planeta) que lucha contra [&hellip;]","og_url":"https:\/\/toyzinger.com\/es\/captain-planet\/","og_site_name":"Toyzinger","article_publisher":"https:\/\/www.facebook.com\/toyzinger","article_modified_time":"2026-01-24T11:44:37+00:00","og_image":[{"width":1200,"height":300,"url":"https:\/\/toyzinger.com\/wp-content\/uploads\/2023\/08\/captain-planet-action-figures-06.jpg","type":"image\/jpeg"}],"twitter_card":"summary_large_image","twitter_misc":{"Tiempo de lectura":"2 minutos"},"schema":{"@context":"https:\/\/schema.org","@graph":[{"@type":"WebPage","@id":"https:\/\/toyzinger.com\/es\/captain-planet\/","url":"https:\/\/toyzinger.com\/es\/captain-planet\/","name":"Captain Planet - Colecciones de figuras","isPartOf":{"@id":"https:\/\/toyzinger.com\/es\/#website"},"primaryImageOfPage":{"@id":"https:\/\/toyzinger.com\/es\/captain-planet\/#primaryimage"},"image":{"@id":"https:\/\/toyzinger.com\/es\/captain-planet\/#primaryimage"},"thumbnailUrl":"https:\/\/toyzinger.com\/wp-content\/uploads\/2023\/08\/captain-planet-action-figures-06.jpg","datePublished":"2023-08-14T17:28:45+00:00","dateModified":"2026-01-24T11:44:37+00:00","breadcrumb":{"@id":"https:\/\/toyzinger.com\/es\/captain-planet\/#breadcrumb"},"inLanguage":"es","potentialAction":[{"@type":"ReadAction","target":["https:\/\/toyzinger.com\/es\/captain-planet\/"]}]},{"@type":"ImageObject","inLanguage":"es","@id":"https:\/\/toyzinger.com\/es\/captain-planet\/#primaryimage","url":"https:\/\/toyzinger.com\/wp-content\/uploads\/2023\/08\/captain-planet-action-figures-06.jpg","contentUrl":"https:\/\/toyzinger.com\/wp-content\/uploads\/2023\/08\/captain-planet-action-figures-06.jpg","width":1200,"height":300,"caption":"Captain Planet figure checklist"},{"@type":"BreadcrumbList","@id":"https:\/\/toyzinger.com\/es\/captain-planet\/#breadcrumb","itemListElement":[{"@type":"ListItem","position":1,"name":"Toyzinger","item":"https:\/\/toyzinger.com\/es\/"},{"@type":"ListItem","position":2,"name":"Captain Planet"}]},{"@type":"WebSite","@id":"https:\/\/toyzinger.com\/es\/#website","url":"https:\/\/toyzinger.com\/es\/","name":"Toyzinger","description":"Coleccionismo de figuras y juguetes","publisher":{"@id":"https:\/\/toyzinger.com\/es\/#organization"},"potentialAction":[{"@type":"SearchAction","target":{"@type":"EntryPoint","urlTemplate":"https:\/\/toyzinger.com\/es\/?s={search_term_string}"},"query-input":{"@type":"PropertyValueSpecification","valueRequired":true,"valueName":"search_term_string"}}],"inLanguage":"es"},{"@type":"Organization","@id":"https:\/\/toyzinger.com\/es\/#organization","name":"Toyzinger","url":"https:\/\/toyzinger.com\/es\/","logo":{"@type":"ImageObject","inLanguage":"es","@id":"https:\/\/toyzinger.com\/es\/#\/schema\/logo\/image\/","url":"https:\/\/toyzinger.com\/wp-content\/uploads\/2022\/10\/toyzinger_logo.png","contentUrl":"https:\/\/toyzinger.com\/wp-content\/uploads\/2022\/10\/toyzinger_logo.png","width":561,"height":568,"caption":"Toyzinger"},"image":{"@id":"https:\/\/toyzinger.com\/es\/#\/schema\/logo\/image\/"},"sameAs":["https:\/\/www.facebook.com\/toyzinger","https:\/\/www.instagram.com\/toyzinger_com\/"]}]}},"coauthors":[],"author_meta":{"author_link":"https:\/\/toyzinger.com\/es\/blog\/author\/toyzinger\/","display_name":"toyzinger"},"relative_dates":{"created":"Publicado 3 a\u00f1os hace","modified":"Actualizado 3 meses hace"},"absolute_dates":{"created":"Publicado el 14\/08\/2023","modified":"Actualizado el 24\/01\/2026"},"absolute_dates_time":{"created":"Publicado el 14\/08\/2023 17:28","modified":"Actualizado el 24\/01\/2026 11:44"},"featured_img_caption":"","featured_img":"https:\/\/toyzinger.com\/wp-content\/uploads\/2023\/08\/captain-planet-action-figures-06.jpg","series_order":"","toy_product_id":"","_links":{"self":[{"href":"https:\/\/toyzinger.com\/es\/wp-json\/wp\/v2\/pages\/8626","targetHints":{"allow":["GET"]}}],"collection":[{"href":"https:\/\/toyzinger.com\/es\/wp-json\/wp\/v2\/pages"}],"about":[{"href":"https:\/\/toyzinger.com\/es\/wp-json\/wp\/v2\/types\/page"}],"author":[{"embeddable":true,"href":"https:\/\/toyzinger.com\/es\/wp-json\/wp\/v2\/users\/2"}],"replies":[{"embeddable":true,"href":"https:\/\/toyzinger.com\/es\/wp-json\/wp\/v2\/comments?post=8626"}],"version-history":[{"count":1,"href":"https:\/\/toyzinger.com\/es\/wp-json\/wp\/v2\/pages\/8626\/revisions"}],"predecessor-version":[{"id":32846,"href":"https:\/\/toyzinger.com\/es\/wp-json\/wp\/v2\/pages\/8626\/revisions\/32846"}],"wp:featuredmedia":[{"embeddable":true,"href":"https:\/\/toyzinger.com\/es\/wp-json\/wp\/v2\/media\/8636"}],"wp:attachment":[{"href":"https:\/\/toyzinger.com\/es\/wp-json\/wp\/v2\/media?parent=8626"}],"wp:term":[{"taxonomy":"wf_page_folders","embeddable":true,"href":"https:\/\/toyzinger.com\/es\/wp-json\/wp\/v2\/wf_page_folders?post=8626"}],"curies":[{"name":"wp","href":"https:\/\/api.w.org\/{rel}","templated":true}]}}