{"id":9219,"date":"2023-08-23T14:03:04","date_gmt":"2023-08-23T14:03:04","guid":{"rendered":"https:\/\/toyzinger.com\/?page_id=9219"},"modified":"2024-05-09T14:12:46","modified_gmt":"2024-05-09T14:12:46","slug":"star-wars","status":"publish","type":"page","link":"https:\/\/toyzinger.com\/es\/star-wars\/","title":{"rendered":"Star Wars"},"content":{"rendered":"\n<h2 class=\"wp-block-heading\">Colecciones de figuras de Star Wars:<\/h2>\n\n\n\n<p><\/p>\n\n\n\n<a class=\"toy-collection__base\" href=\"https:\/\/toyzinger.com\/star-wars\/checklist-star-wars-vintage\/\"><figure class=\"toy-collection__image\"><img decoding=\"async\" src=\"https:\/\/toyzinger.com\/wp-content\/uploads\/2023\/08\/star-wars-vintage-kenner-12-back-luke-skywalker-250x300.jpg\" alt=\"Star Wars Vintage - Luke Skywalker\"\/><\/figure><ul class=\"toy-collection__info\"><li class=\"toy-collection__name\">Vintage (Figuras)<\/li><li class=\"toy-collection__manufacturer\">Kenner &#8211; (1978-1984)<\/li><\/ul><div class=\"toy-collection__arrow\">\u27a4<\/div><\/a>\n\n\n\n<a class=\"toy-collection__base\" href=\"https:\/\/toyzinger.com\/star-wars\/vehicles-playsets-star-wars-vintage\/\"><figure class=\"toy-collection__image\"><img decoding=\"async\" src=\"https:\/\/toyzinger.com\/wp-content\/uploads\/2024\/01\/star-wars-cantina-adventure-set-box-250x300.webp\" alt=\"Star Wars vintage - Cantina Adventure set\"\/><\/figure><ul class=\"toy-collection__info\"><li class=\"toy-collection__name\">Vintage (Veh\u00edculos y Playsets)<\/li><li class=\"toy-collection__manufacturer\">Kenner &#8211; (1978-1984)<\/li><\/ul><div class=\"toy-collection__arrow\">\u27a4<\/div><\/a>\n\n\n\n<p><\/p>\n\n\n\n<h2 class=\"wp-block-heading\">Sobre la franquicia:<\/h2>\n\n\n\n<p><\/p>\n\n\n\n<p>\u00abStar Wars\u00bb es una ic\u00f3nica franquicia de ciencia ficci\u00f3n creada por George Lucas. La saga se inici\u00f3 en 1977 con el estreno de \u00abStar Wars: Episode IV &#8211; A New Hope\u00bb y ha crecido hasta convertirse en un fen\u00f3meno cultural global. La narrativa se desarrolla en una galaxia muy, muy lejana y sigue la lucha entre las fuerzas del bien, representadas por los Jedi y la Alianza Rebelde, y las fuerzas del mal, encabezadas por el mal\u00e9volo Imperio Gal\u00e1ctico y los Sith.<\/p>\n\n\n\n<p><\/p>\n\n\n\n<p>Hoy en d\u00eda, Star Wars sigue siendo una de las franquicias m\u00e1s influyentes en la cultura popular. Su legado se manifiesta no solo en la pantalla grande, sino tambi\u00e9n en parques tem\u00e1ticos, videojuegos, juguetes y una extensa variedad de productos.<\/p>\n\n\n\n<p><\/p>\n\n\n\n<p>La diversidad de personajes y la mitolog\u00eda rica de Star Wars han atra\u00eddo a generaciones de fan\u00e1ticos, convirti\u00e9ndola en una fuerza perdurable en el mundo del entretenimiento. La franquicia contin\u00faa inspirando a nuevas audiencias mientras celebra su rica historia y mira hacia el futuro con nuevas producciones y proyectos.<\/p>\n","protected":false},"excerpt":{"rendered":"<p>Colecciones de figuras de Star Wars: Sobre la franquicia: \u00abStar Wars\u00bb es una ic\u00f3nica franquicia de ciencia ficci\u00f3n creada por George Lucas. La saga se inici\u00f3 en 1977 con el estreno de \u00abStar Wars: Episode IV &#8211; A New Hope\u00bb y ha crecido hasta convertirse en un fen\u00f3meno cultural global. La narrativa se desarrolla en [&hellip;]<\/p>\n","protected":false},"author":2,"featured_media":9225,"parent":0,"menu_order":0,"comment_status":"closed","ping_status":"closed","template":"","meta":{"advgb_blocks_editor_width":"","advgb_blocks_columns_visual_guide":"","footnotes":""},"wf_page_folders":[612],"class_list":["post-9219","page","type-page","status-publish","has-post-thumbnail","hentry"],"yoast_head":"<!-- This site is optimized with the Yoast SEO plugin v27.3 - https:\/\/yoast.com\/product\/yoast-seo-wordpress\/ -->\n<title>Star Wars - Colecciones de figuras<\/title>\n<meta name=\"description\" content=\"Listado de las colecci\u00f3nes de figuras, veh\u00edculos y playsets de la franquicia Star Wars desde el a\u00f1o 1977.\" \/>\n<meta name=\"robots\" content=\"index, follow, max-snippet:-1, max-image-preview:large, max-video-preview:-1\" \/>\n<link rel=\"canonical\" href=\"https:\/\/toyzinger.com\/es\/star-wars\/\" \/>\n<meta property=\"og:locale\" content=\"es_ES\" \/>\n<meta property=\"og:type\" content=\"article\" \/>\n<meta property=\"og:title\" content=\"Star Wars - Colecciones de figuras\" \/>\n<meta property=\"og:description\" content=\"Listado de las colecci\u00f3nes de figuras, veh\u00edculos y playsets de la franquicia Star Wars desde el a\u00f1o 1977.\" \/>\n<meta property=\"og:url\" content=\"https:\/\/toyzinger.com\/es\/star-wars\/\" \/>\n<meta property=\"og:site_name\" content=\"Toyzinger\" \/>\n<meta property=\"article:publisher\" content=\"https:\/\/www.facebook.com\/toyzinger\" \/>\n<meta property=\"article:modified_time\" content=\"2024-05-09T14:12:46+00:00\" \/>\n<meta property=\"og:image\" content=\"https:\/\/toyzinger.com\/wp-content\/uploads\/2023\/08\/star-wars-jumbotron-02.jpg\" \/>\n\t<meta property=\"og:image:width\" content=\"1200\" \/>\n\t<meta property=\"og:image:height\" content=\"300\" \/>\n\t<meta property=\"og:image:type\" content=\"image\/jpeg\" \/>\n<meta name=\"twitter:card\" content=\"summary_large_image\" \/>\n<meta name=\"twitter:label1\" content=\"Tiempo de lectura\" \/>\n\t<meta name=\"twitter:data1\" content=\"2 minutos\" \/>\n<script type=\"application\/ld+json\" class=\"yoast-schema-graph\">{\"@context\":\"https:\\\/\\\/schema.org\",\"@graph\":[{\"@type\":\"WebPage\",\"@id\":\"https:\\\/\\\/toyzinger.com\\\/es\\\/star-wars\\\/\",\"url\":\"https:\\\/\\\/toyzinger.com\\\/es\\\/star-wars\\\/\",\"name\":\"Star Wars - Colecciones de figuras\",\"isPartOf\":{\"@id\":\"https:\\\/\\\/toyzinger.com\\\/es\\\/#website\"},\"primaryImageOfPage\":{\"@id\":\"https:\\\/\\\/toyzinger.com\\\/es\\\/star-wars\\\/#primaryimage\"},\"image\":{\"@id\":\"https:\\\/\\\/toyzinger.com\\\/es\\\/star-wars\\\/#primaryimage\"},\"thumbnailUrl\":\"https:\\\/\\\/toyzinger.com\\\/wp-content\\\/uploads\\\/2023\\\/08\\\/star-wars-jumbotron-02.jpg\",\"datePublished\":\"2023-08-23T14:03:04+00:00\",\"dateModified\":\"2024-05-09T14:12:46+00:00\",\"description\":\"Listado de las colecci\u00f3nes de figuras, veh\u00edculos y playsets de la franquicia Star Wars desde el a\u00f1o 1977.\",\"breadcrumb\":{\"@id\":\"https:\\\/\\\/toyzinger.com\\\/es\\\/star-wars\\\/#breadcrumb\"},\"inLanguage\":\"es\",\"potentialAction\":[{\"@type\":\"ReadAction\",\"target\":[\"https:\\\/\\\/toyzinger.com\\\/es\\\/star-wars\\\/\"]}]},{\"@type\":\"ImageObject\",\"inLanguage\":\"es\",\"@id\":\"https:\\\/\\\/toyzinger.com\\\/es\\\/star-wars\\\/#primaryimage\",\"url\":\"https:\\\/\\\/toyzinger.com\\\/wp-content\\\/uploads\\\/2023\\\/08\\\/star-wars-jumbotron-02.jpg\",\"contentUrl\":\"https:\\\/\\\/toyzinger.com\\\/wp-content\\\/uploads\\\/2023\\\/08\\\/star-wars-jumbotron-02.jpg\",\"width\":1200,\"height\":300,\"caption\":\"Star Wars\"},{\"@type\":\"BreadcrumbList\",\"@id\":\"https:\\\/\\\/toyzinger.com\\\/es\\\/star-wars\\\/#breadcrumb\",\"itemListElement\":[{\"@type\":\"ListItem\",\"position\":1,\"name\":\"Toyzinger\",\"item\":\"https:\\\/\\\/toyzinger.com\\\/es\\\/\"},{\"@type\":\"ListItem\",\"position\":2,\"name\":\"Star Wars\"}]},{\"@type\":\"WebSite\",\"@id\":\"https:\\\/\\\/toyzinger.com\\\/es\\\/#website\",\"url\":\"https:\\\/\\\/toyzinger.com\\\/es\\\/\",\"name\":\"Toyzinger\",\"description\":\"Coleccionismo de figuras y juguetes\",\"publisher\":{\"@id\":\"https:\\\/\\\/toyzinger.com\\\/es\\\/#organization\"},\"potentialAction\":[{\"@type\":\"SearchAction\",\"target\":{\"@type\":\"EntryPoint\",\"urlTemplate\":\"https:\\\/\\\/toyzinger.com\\\/es\\\/?s={search_term_string}\"},\"query-input\":{\"@type\":\"PropertyValueSpecification\",\"valueRequired\":true,\"valueName\":\"search_term_string\"}}],\"inLanguage\":\"es\"},{\"@type\":\"Organization\",\"@id\":\"https:\\\/\\\/toyzinger.com\\\/es\\\/#organization\",\"name\":\"Toyzinger\",\"url\":\"https:\\\/\\\/toyzinger.com\\\/es\\\/\",\"logo\":{\"@type\":\"ImageObject\",\"inLanguage\":\"es\",\"@id\":\"https:\\\/\\\/toyzinger.com\\\/es\\\/#\\\/schema\\\/logo\\\/image\\\/\",\"url\":\"https:\\\/\\\/toyzinger.com\\\/wp-content\\\/uploads\\\/2022\\\/10\\\/toyzinger_logo.png\",\"contentUrl\":\"https:\\\/\\\/toyzinger.com\\\/wp-content\\\/uploads\\\/2022\\\/10\\\/toyzinger_logo.png\",\"width\":561,\"height\":568,\"caption\":\"Toyzinger\"},\"image\":{\"@id\":\"https:\\\/\\\/toyzinger.com\\\/es\\\/#\\\/schema\\\/logo\\\/image\\\/\"},\"sameAs\":[\"https:\\\/\\\/www.facebook.com\\\/toyzinger\",\"https:\\\/\\\/www.instagram.com\\\/toyzinger_com\\\/\"]}]}<\/script>\n<!-- \/ Yoast SEO plugin. -->","yoast_head_json":{"title":"Star Wars - Colecciones de figuras","description":"Listado de las colecci\u00f3nes de figuras, veh\u00edculos y playsets de la franquicia Star Wars desde el a\u00f1o 1977.","robots":{"index":"index","follow":"follow","max-snippet":"max-snippet:-1","max-image-preview":"max-image-preview:large","max-video-preview":"max-video-preview:-1"},"canonical":"https:\/\/toyzinger.com\/es\/star-wars\/","og_locale":"es_ES","og_type":"article","og_title":"Star Wars - Colecciones de figuras","og_description":"Listado de las colecci\u00f3nes de figuras, veh\u00edculos y playsets de la franquicia Star Wars desde el a\u00f1o 1977.","og_url":"https:\/\/toyzinger.com\/es\/star-wars\/","og_site_name":"Toyzinger","article_publisher":"https:\/\/www.facebook.com\/toyzinger","article_modified_time":"2024-05-09T14:12:46+00:00","og_image":[{"width":1200,"height":300,"url":"https:\/\/toyzinger.com\/wp-content\/uploads\/2023\/08\/star-wars-jumbotron-02.jpg","type":"image\/jpeg"}],"twitter_card":"summary_large_image","twitter_misc":{"Tiempo de lectura":"2 minutos"},"schema":{"@context":"https:\/\/schema.org","@graph":[{"@type":"WebPage","@id":"https:\/\/toyzinger.com\/es\/star-wars\/","url":"https:\/\/toyzinger.com\/es\/star-wars\/","name":"Star Wars - Colecciones de figuras","isPartOf":{"@id":"https:\/\/toyzinger.com\/es\/#website"},"primaryImageOfPage":{"@id":"https:\/\/toyzinger.com\/es\/star-wars\/#primaryimage"},"image":{"@id":"https:\/\/toyzinger.com\/es\/star-wars\/#primaryimage"},"thumbnailUrl":"https:\/\/toyzinger.com\/wp-content\/uploads\/2023\/08\/star-wars-jumbotron-02.jpg","datePublished":"2023-08-23T14:03:04+00:00","dateModified":"2024-05-09T14:12:46+00:00","description":"Listado de las colecci\u00f3nes de figuras, veh\u00edculos y playsets de la franquicia Star Wars desde el a\u00f1o 1977.","breadcrumb":{"@id":"https:\/\/toyzinger.com\/es\/star-wars\/#breadcrumb"},"inLanguage":"es","potentialAction":[{"@type":"ReadAction","target":["https:\/\/toyzinger.com\/es\/star-wars\/"]}]},{"@type":"ImageObject","inLanguage":"es","@id":"https:\/\/toyzinger.com\/es\/star-wars\/#primaryimage","url":"https:\/\/toyzinger.com\/wp-content\/uploads\/2023\/08\/star-wars-jumbotron-02.jpg","contentUrl":"https:\/\/toyzinger.com\/wp-content\/uploads\/2023\/08\/star-wars-jumbotron-02.jpg","width":1200,"height":300,"caption":"Star Wars"},{"@type":"BreadcrumbList","@id":"https:\/\/toyzinger.com\/es\/star-wars\/#breadcrumb","itemListElement":[{"@type":"ListItem","position":1,"name":"Toyzinger","item":"https:\/\/toyzinger.com\/es\/"},{"@type":"ListItem","position":2,"name":"Star Wars"}]},{"@type":"WebSite","@id":"https:\/\/toyzinger.com\/es\/#website","url":"https:\/\/toyzinger.com\/es\/","name":"Toyzinger","description":"Coleccionismo de figuras y juguetes","publisher":{"@id":"https:\/\/toyzinger.com\/es\/#organization"},"potentialAction":[{"@type":"SearchAction","target":{"@type":"EntryPoint","urlTemplate":"https:\/\/toyzinger.com\/es\/?s={search_term_string}"},"query-input":{"@type":"PropertyValueSpecification","valueRequired":true,"valueName":"search_term_string"}}],"inLanguage":"es"},{"@type":"Organization","@id":"https:\/\/toyzinger.com\/es\/#organization","name":"Toyzinger","url":"https:\/\/toyzinger.com\/es\/","logo":{"@type":"ImageObject","inLanguage":"es","@id":"https:\/\/toyzinger.com\/es\/#\/schema\/logo\/image\/","url":"https:\/\/toyzinger.com\/wp-content\/uploads\/2022\/10\/toyzinger_logo.png","contentUrl":"https:\/\/toyzinger.com\/wp-content\/uploads\/2022\/10\/toyzinger_logo.png","width":561,"height":568,"caption":"Toyzinger"},"image":{"@id":"https:\/\/toyzinger.com\/es\/#\/schema\/logo\/image\/"},"sameAs":["https:\/\/www.facebook.com\/toyzinger","https:\/\/www.instagram.com\/toyzinger_com\/"]}]}},"coauthors":[],"author_meta":{"author_link":"https:\/\/toyzinger.com\/es\/blog\/author\/toyzinger\/","display_name":"toyzinger"},"relative_dates":{"created":"Publicado 3 a\u00f1os hace","modified":"Actualizado 2 a\u00f1os hace"},"absolute_dates":{"created":"Publicado el 23\/08\/2023","modified":"Actualizado el 09\/05\/2024"},"absolute_dates_time":{"created":"Publicado el 23\/08\/2023 14:03","modified":"Actualizado el 09\/05\/2024 14:12"},"featured_img_caption":"","featured_img":"https:\/\/toyzinger.com\/wp-content\/uploads\/2023\/08\/star-wars-jumbotron-02.jpg","series_order":"","toy_product_id":"","_links":{"self":[{"href":"https:\/\/toyzinger.com\/es\/wp-json\/wp\/v2\/pages\/9219","targetHints":{"allow":["GET"]}}],"collection":[{"href":"https:\/\/toyzinger.com\/es\/wp-json\/wp\/v2\/pages"}],"about":[{"href":"https:\/\/toyzinger.com\/es\/wp-json\/wp\/v2\/types\/page"}],"author":[{"embeddable":true,"href":"https:\/\/toyzinger.com\/es\/wp-json\/wp\/v2\/users\/2"}],"replies":[{"embeddable":true,"href":"https:\/\/toyzinger.com\/es\/wp-json\/wp\/v2\/comments?post=9219"}],"version-history":[{"count":1,"href":"https:\/\/toyzinger.com\/es\/wp-json\/wp\/v2\/pages\/9219\/revisions"}],"predecessor-version":[{"id":9566,"href":"https:\/\/toyzinger.com\/es\/wp-json\/wp\/v2\/pages\/9219\/revisions\/9566"}],"wp:featuredmedia":[{"embeddable":true,"href":"https:\/\/toyzinger.com\/es\/wp-json\/wp\/v2\/media\/9225"}],"wp:attachment":[{"href":"https:\/\/toyzinger.com\/es\/wp-json\/wp\/v2\/media?parent=9219"}],"wp:term":[{"taxonomy":"wf_page_folders","embeddable":true,"href":"https:\/\/toyzinger.com\/es\/wp-json\/wp\/v2\/wf_page_folders?post=9219"}],"curies":[{"name":"wp","href":"https:\/\/api.w.org\/{rel}","templated":true}]}}